{"id":7257,"date":"2023-10-02T17:42:57","date_gmt":"2023-10-02T17:42:57","guid":{"rendered":"https:\/\/livrariasolmar.pt\/?post_type=product&#038;p=7257"},"modified":"2024-08-15T16:24:07","modified_gmt":"2024-08-15T16:24:07","slug":"mili-a-sereia-do-lago","status":"publish","type":"product","link":"https:\/\/livrariasolmar.pt\/en\/produto\/mili-a-sereia-do-lago\/","title":{"rendered":"Mili, a Sereia do Lago"},"content":{"rendered":"","protected":false},"excerpt":{"rendered":"<p>Sabias que os lagos t\u00eam segredos? Se olhares com muita aten\u00e7\u00e3o, poder\u00e1s ter a sorte de encontrar uma sereia do lago\u2026 como a Mili! Ela amava o seu lago e todos os que a\u00ed viviam. No entanto, sabendo que os lagos eram lugares vulner\u00e1veis, ela vivia preocupada em proteger os amigos dos muitos perigos \u00e0 sua volta\u2026 uma preocupa\u00e7\u00e3o que n\u00e3o parava de crescer. Pois, um dia, uma tempestade atinge mesmo o lago. Estar\u00e1 ela \u00e0 altura? N\u00e3o seria melhor pedir ajuda?<\/p>\n","protected":false},"author":2,"featured_media":7258,"template":"","meta":[],"product_cat":[172],"product_tag":[],"cat_produtos":[],"yoast_head":"<!-- This site is optimized with the Yoast SEO plugin v16.6 - https:\/\/yoast.com\/wordpress\/plugins\/seo\/ -->\n<title>Mili, a Sereia do Lago - Livraria Solmar - Livraria online<\/title>\n<meta name=\"robots\" content=\"index, follow, max-snippet:-1, max-image-preview:large, max-video-preview:-1\" \/>\n<link rel=\"canonical\" href=\"https:\/\/livrariasolmar.pt\/en\/produto\/mili-a-sereia-do-lago\/\" \/>\n<meta property=\"og:locale\" content=\"en_US\" \/>\n<meta property=\"og:type\" content=\"article\" \/>\n<meta property=\"og:title\" content=\"Mili, a Sereia do Lago - Livraria Solmar - Livraria online\" \/>\n<meta property=\"og:description\" content=\"Sabias que os lagos t\u00eam segredos? Se olhares com muita aten\u00e7\u00e3o, poder\u00e1s ter a sorte de encontrar uma sereia do lago\u2026 como a Mili! Ela amava o seu lago e todos os que a\u00ed viviam. No entanto, sabendo que os lagos eram lugares vulner\u00e1veis, ela vivia preocupada em proteger os amigos dos muitos perigos \u00e0 sua volta\u2026 uma preocupa\u00e7\u00e3o que n\u00e3o parava de crescer. Pois, um dia, uma tempestade atinge mesmo o lago. Estar\u00e1 ela \u00e0 altura? N\u00e3o seria melhor pedir ajuda?\" \/>\n<meta property=\"og:url\" content=\"https:\/\/livrariasolmar.pt\/produto\/mili-a-sereia-do-lago\/\" \/>\n<meta property=\"og:site_name\" content=\"Livraria Solmar - Livraria online\" \/>\n<meta property=\"article:modified_time\" content=\"2024-08-15T16:24:07+00:00\" \/>\n<meta property=\"og:image\" content=\"https:\/\/livrariasolmar.pt\/wp-content\/uploads\/2023\/10\/1540-1.jpg\" \/>\n\t<meta property=\"og:image:width\" content=\"340\" \/>\n\t<meta property=\"og:image:height\" content=\"340\" \/>\n<meta name=\"twitter:card\" content=\"summary_large_image\" \/>\n<script type=\"application\/ld+json\" class=\"yoast-schema-graph\">{\"@context\":\"https:\/\/schema.org\",\"@graph\":[{\"@type\":\"WebSite\",\"@id\":\"https:\/\/livrariasolmar.pt\/#website\",\"url\":\"https:\/\/livrariasolmar.pt\/\",\"name\":\"Livraria Solmar - Livraria online\",\"description\":\"Com\\u00e9rcio Livros E Objetos De Arte, Lda - Ponta Delgada, A\\u00e7ores\",\"potentialAction\":[{\"@type\":\"SearchAction\",\"target\":{\"@type\":\"EntryPoint\",\"urlTemplate\":\"https:\/\/livrariasolmar.pt\/?s={search_term_string}\"},\"query-input\":\"required name=search_term_string\"}],\"inLanguage\":\"en-US\"},{\"@type\":\"ImageObject\",\"@id\":\"https:\/\/livrariasolmar.pt\/produto\/mili-a-sereia-do-lago\/#primaryimage\",\"inLanguage\":\"en-US\",\"url\":\"https:\/\/livrariasolmar.pt\/wp-content\/uploads\/2023\/10\/1540-1.jpg\",\"contentUrl\":\"https:\/\/livrariasolmar.pt\/wp-content\/uploads\/2023\/10\/1540-1.jpg\",\"width\":340,\"height\":340},{\"@type\":\"WebPage\",\"@id\":\"https:\/\/livrariasolmar.pt\/produto\/mili-a-sereia-do-lago\/#webpage\",\"url\":\"https:\/\/livrariasolmar.pt\/produto\/mili-a-sereia-do-lago\/\",\"name\":\"Mili, a Sereia do Lago - Livraria Solmar - Livraria online\",\"isPartOf\":{\"@id\":\"https:\/\/livrariasolmar.pt\/#website\"},\"primaryImageOfPage\":{\"@id\":\"https:\/\/livrariasolmar.pt\/produto\/mili-a-sereia-do-lago\/#primaryimage\"},\"datePublished\":\"2023-10-02T17:42:57+00:00\",\"dateModified\":\"2024-08-15T16:24:07+00:00\",\"breadcrumb\":{\"@id\":\"https:\/\/livrariasolmar.pt\/produto\/mili-a-sereia-do-lago\/#breadcrumb\"},\"inLanguage\":\"en-US\",\"potentialAction\":[{\"@type\":\"ReadAction\",\"target\":[\"https:\/\/livrariasolmar.pt\/produto\/mili-a-sereia-do-lago\/\"]}]},{\"@type\":\"BreadcrumbList\",\"@id\":\"https:\/\/livrariasolmar.pt\/produto\/mili-a-sereia-do-lago\/#breadcrumb\",\"itemListElement\":[{\"@type\":\"ListItem\",\"position\":1,\"name\":\"In\\u00edcio\",\"item\":\"https:\/\/livrariasolmar.pt\/en\/\"},{\"@type\":\"ListItem\",\"position\":2,\"name\":\"Shop\",\"item\":\"https:\/\/livrariasolmar.pt\/en\/shop\/\"},{\"@type\":\"ListItem\",\"position\":3,\"name\":\"Mili, a Sereia do Lago\"}]}]}<\/script>\n<!-- \/ Yoast SEO plugin. -->","_links":{"self":[{"href":"https:\/\/livrariasolmar.pt\/en\/wp-json\/wp\/v2\/product\/7257"}],"collection":[{"href":"https:\/\/livrariasolmar.pt\/en\/wp-json\/wp\/v2\/product"}],"about":[{"href":"https:\/\/livrariasolmar.pt\/en\/wp-json\/wp\/v2\/types\/product"}],"author":[{"embeddable":true,"href":"https:\/\/livrariasolmar.pt\/en\/wp-json\/wp\/v2\/users\/2"}],"wp:featuredmedia":[{"embeddable":true,"href":"https:\/\/livrariasolmar.pt\/en\/wp-json\/wp\/v2\/media\/7258"}],"wp:attachment":[{"href":"https:\/\/livrariasolmar.pt\/en\/wp-json\/wp\/v2\/media?parent=7257"}],"wp:term":[{"taxonomy":"product_cat","embeddable":true,"href":"https:\/\/livrariasolmar.pt\/en\/wp-json\/wp\/v2\/product_cat?post=7257"},{"taxonomy":"product_tag","embeddable":true,"href":"https:\/\/livrariasolmar.pt\/en\/wp-json\/wp\/v2\/product_tag?post=7257"},{"taxonomy":"cat_produtos","embeddable":true,"href":"https:\/\/livrariasolmar.pt\/en\/wp-json\/wp\/v2\/cat_produtos?post=7257"}],"curies":[{"name":"wp","href":"https:\/\/api.w.org\/{rel}","templated":true}]}}