{"id":7287,"date":"2023-10-07T19:13:45","date_gmt":"2023-10-07T19:13:45","guid":{"rendered":"https:\/\/livrariasolmar.pt\/?post_type=product&#038;p=7287"},"modified":"2024-01-06T19:09:24","modified_gmt":"2024-01-06T19:09:24","slug":"os-animais-e-o-rolo-perdido","status":"publish","type":"product","link":"https:\/\/livrariasolmar.pt\/en\/produto\/os-animais-e-o-rolo-perdido\/","title":{"rendered":"Os Animais e o Rolo Perdido"},"content":{"rendered":"","protected":false},"excerpt":{"rendered":"<p>Uma hist\u00f3ria fant\u00e1stica e divertida sobre a amizade, a partilha e a imagina\u00e7\u00e3o.<\/p>\n<p>Um objeto misterioso desperta a curiosidade dos animais na floresta. O que \u00e9 que ser\u00e1? Uma gravata? Uma coroa? Ou um jogo para todos se divertirem? Uma coisa \u00e9 certa, os animais v\u00e3o descobrir muito em breve&#8230;.<\/p>\n<p><i>Os Animais e o Rolo Perdido<\/i>\u00a0\u00e9 uma hist\u00f3ria em rimas, ideal para ler e reler, cujo final promete gargalhadas divertidas, mas que nos mostra, acima de tudo, que n\u00e3o precisamos de muito para sermos felizes.<\/p>\n<p>Afinal, a verdadeira divers\u00e3o est\u00e1 sempre onde menos se espera.<\/p>\n","protected":false},"author":2,"featured_media":7288,"template":"","meta":[],"product_cat":[172],"product_tag":[],"cat_produtos":[],"yoast_head":"<!-- This site is optimized with the Yoast SEO plugin v16.6 - https:\/\/yoast.com\/wordpress\/plugins\/seo\/ -->\n<title>Os Animais e o Rolo Perdido - Livraria Solmar - Livraria online<\/title>\n<meta name=\"robots\" content=\"index, follow, max-snippet:-1, max-image-preview:large, max-video-preview:-1\" \/>\n<link rel=\"canonical\" href=\"https:\/\/livrariasolmar.pt\/en\/produto\/os-animais-e-o-rolo-perdido\/\" \/>\n<meta property=\"og:locale\" content=\"en_US\" \/>\n<meta property=\"og:type\" content=\"article\" \/>\n<meta property=\"og:title\" content=\"Os Animais e o Rolo Perdido - Livraria Solmar - Livraria online\" \/>\n<meta property=\"og:description\" content=\"Uma hist\u00f3ria fant\u00e1stica e divertida sobre a amizade, a partilha e a imagina\u00e7\u00e3o.  Um objeto misterioso desperta a curiosidade dos animais na floresta. O que \u00e9 que ser\u00e1? Uma gravata? Uma coroa? Ou um jogo para todos se divertirem? Uma coisa \u00e9 certa, os animais v\u00e3o descobrir muito em breve....  Os Animais e o Rolo Perdido\u00a0\u00e9 uma hist\u00f3ria em rimas, ideal para ler e reler, cujo final promete gargalhadas divertidas, mas que nos mostra, acima de tudo, que n\u00e3o precisamos de muito para sermos felizes.  Afinal, a verdadeira divers\u00e3o est\u00e1 sempre onde menos se espera.\" \/>\n<meta property=\"og:url\" content=\"https:\/\/livrariasolmar.pt\/produto\/os-animais-e-o-rolo-perdido\/\" \/>\n<meta property=\"og:site_name\" content=\"Livraria Solmar - Livraria online\" \/>\n<meta property=\"article:modified_time\" content=\"2024-01-06T19:09:24+00:00\" \/>\n<meta property=\"og:image\" content=\"https:\/\/livrariasolmar.pt\/wp-content\/uploads\/2023\/10\/500_9789895701599_capa.jpg\" \/>\n\t<meta property=\"og:image:width\" content=\"385\" \/>\n\t<meta property=\"og:image:height\" content=\"500\" \/>\n<meta name=\"twitter:card\" content=\"summary_large_image\" \/>\n<script type=\"application\/ld+json\" class=\"yoast-schema-graph\">{\"@context\":\"https:\/\/schema.org\",\"@graph\":[{\"@type\":\"WebSite\",\"@id\":\"https:\/\/livrariasolmar.pt\/#website\",\"url\":\"https:\/\/livrariasolmar.pt\/\",\"name\":\"Livraria Solmar - Livraria online\",\"description\":\"Com\\u00e9rcio Livros E Objetos De Arte, Lda - Ponta Delgada, A\\u00e7ores\",\"potentialAction\":[{\"@type\":\"SearchAction\",\"target\":{\"@type\":\"EntryPoint\",\"urlTemplate\":\"https:\/\/livrariasolmar.pt\/?s={search_term_string}\"},\"query-input\":\"required name=search_term_string\"}],\"inLanguage\":\"en-US\"},{\"@type\":\"ImageObject\",\"@id\":\"https:\/\/livrariasolmar.pt\/produto\/os-animais-e-o-rolo-perdido\/#primaryimage\",\"inLanguage\":\"en-US\",\"url\":\"https:\/\/livrariasolmar.pt\/wp-content\/uploads\/2023\/10\/500_9789895701599_capa.jpg\",\"contentUrl\":\"https:\/\/livrariasolmar.pt\/wp-content\/uploads\/2023\/10\/500_9789895701599_capa.jpg\",\"width\":385,\"height\":500},{\"@type\":\"WebPage\",\"@id\":\"https:\/\/livrariasolmar.pt\/produto\/os-animais-e-o-rolo-perdido\/#webpage\",\"url\":\"https:\/\/livrariasolmar.pt\/produto\/os-animais-e-o-rolo-perdido\/\",\"name\":\"Os Animais e o Rolo Perdido - Livraria Solmar - Livraria online\",\"isPartOf\":{\"@id\":\"https:\/\/livrariasolmar.pt\/#website\"},\"primaryImageOfPage\":{\"@id\":\"https:\/\/livrariasolmar.pt\/produto\/os-animais-e-o-rolo-perdido\/#primaryimage\"},\"datePublished\":\"2023-10-07T19:13:45+00:00\",\"dateModified\":\"2024-01-06T19:09:24+00:00\",\"breadcrumb\":{\"@id\":\"https:\/\/livrariasolmar.pt\/produto\/os-animais-e-o-rolo-perdido\/#breadcrumb\"},\"inLanguage\":\"en-US\",\"potentialAction\":[{\"@type\":\"ReadAction\",\"target\":[\"https:\/\/livrariasolmar.pt\/produto\/os-animais-e-o-rolo-perdido\/\"]}]},{\"@type\":\"BreadcrumbList\",\"@id\":\"https:\/\/livrariasolmar.pt\/produto\/os-animais-e-o-rolo-perdido\/#breadcrumb\",\"itemListElement\":[{\"@type\":\"ListItem\",\"position\":1,\"name\":\"In\\u00edcio\",\"item\":\"https:\/\/livrariasolmar.pt\/en\/\"},{\"@type\":\"ListItem\",\"position\":2,\"name\":\"Shop\",\"item\":\"https:\/\/livrariasolmar.pt\/en\/shop\/\"},{\"@type\":\"ListItem\",\"position\":3,\"name\":\"Os Animais e o Rolo Perdido\"}]}]}<\/script>\n<!-- \/ Yoast SEO plugin. -->","_links":{"self":[{"href":"https:\/\/livrariasolmar.pt\/en\/wp-json\/wp\/v2\/product\/7287"}],"collection":[{"href":"https:\/\/livrariasolmar.pt\/en\/wp-json\/wp\/v2\/product"}],"about":[{"href":"https:\/\/livrariasolmar.pt\/en\/wp-json\/wp\/v2\/types\/product"}],"author":[{"embeddable":true,"href":"https:\/\/livrariasolmar.pt\/en\/wp-json\/wp\/v2\/users\/2"}],"wp:featuredmedia":[{"embeddable":true,"href":"https:\/\/livrariasolmar.pt\/en\/wp-json\/wp\/v2\/media\/7288"}],"wp:attachment":[{"href":"https:\/\/livrariasolmar.pt\/en\/wp-json\/wp\/v2\/media?parent=7287"}],"wp:term":[{"taxonomy":"product_cat","embeddable":true,"href":"https:\/\/livrariasolmar.pt\/en\/wp-json\/wp\/v2\/product_cat?post=7287"},{"taxonomy":"product_tag","embeddable":true,"href":"https:\/\/livrariasolmar.pt\/en\/wp-json\/wp\/v2\/product_tag?post=7287"},{"taxonomy":"cat_produtos","embeddable":true,"href":"https:\/\/livrariasolmar.pt\/en\/wp-json\/wp\/v2\/cat_produtos?post=7287"}],"curies":[{"name":"wp","href":"https:\/\/api.w.org\/{rel}","templated":true}]}}