{"id":7337,"date":"2023-10-17T14:47:45","date_gmt":"2023-10-17T14:47:45","guid":{"rendered":"https:\/\/livrariasolmar.pt\/?post_type=product&#038;p=7337"},"modified":"2023-12-26T18:03:51","modified_gmt":"2023-12-26T18:03:51","slug":"uma-historia-partilhada","status":"publish","type":"product","link":"https:\/\/livrariasolmar.pt\/en\/produto\/uma-historia-partilhada\/","title":{"rendered":"Uma Hist\u00f3ria Partilhada"},"content":{"rendered":"","protected":false},"excerpt":{"rendered":"<p>Uma homenagem \u00e0 leitura e um olhar pessoal sobre o papel da mulher ao longo da hist\u00f3ria. Com o encanto habitual, a voz de Julia Navarro consegue surpreender-nos uma vez mais.<\/p>\n<p>At\u00e9 ao s\u00e9culo XX, a Hist\u00f3ria foi escrita por homens. Isso explica porque \u00e9 que as mulheres mal aparecem como sujeitos nas hist\u00f3rias da Hist\u00f3ria. No entanto, a lista daquelas que a protagonizaram \u00e9 extensa: desde deusas a rainhas, desde cortes\u00e3s a cientistas, desde atrizes a santas, desde escritoras a pol\u00edticas\u2026 Estiveram em toda a parte, mesmo que um manto de sil\u00eancio se esfor\u00e7asse por as cobrir e ignorar.<\/p>\n<p>Mas n\u00e3o se pode contar as hist\u00f3rias destas mulheres sem levar tamb\u00e9m em conta as hist\u00f3rias dos homens, pois, desde o princ\u00edpio dos tempos, as vidas de ambos se t\u00eam feito entrela\u00e7adas. N\u00e3o se explicam umas sem os outros, ou seja: com eles, sem eles, por eles, contra eles ou com a ignor\u00e2ncia deles. Por isso este livro \u00e9 n\u00e3o s\u00f3 a hist\u00f3ria delas, como a de todos, mas contada n\u00e3o atrav\u00e9s da supremacia patriarcal e antes partindo de um terreno comum.<\/p>\n<p>N\u00e3o podemos compreender Cle\u00f3patra sem C\u00e9sar ou Marco Ant\u00f3nio, nem Helena de Troia sem P\u00e1ris, nem Frida Kahlo sem Diego Rivera, nem Simone de Beauvoir sem Jean-Paul Sartre ou Virginia Woolf sem Leonard Woolf\u2026<\/p>\n<p>Este livro \u00e9 um relato pessoal, uma viagem atrav\u00e9s das inquieta\u00e7\u00f5es e leituras da autora, o seu encontro com hist\u00f3rias protagonizadas por mulheres, sejam elas reais ou criaturas liter\u00e1rias, sem esquecer o papel dos homens que lhes eram mais pr\u00f3ximos, para o bem e para o mal. E aqui tem in\u00edcio esta hist\u00f3ria. Uma hist\u00f3ria partilhada.<\/p>\n","protected":false},"author":2,"featured_media":7338,"template":"","meta":[],"product_cat":[153],"product_tag":[],"cat_produtos":[],"yoast_head":"<!-- This site is optimized with the Yoast SEO plugin v16.6 - https:\/\/yoast.com\/wordpress\/plugins\/seo\/ -->\n<title>Uma Hist\u00f3ria Partilhada - Livraria Solmar - Livraria online<\/title>\n<meta name=\"robots\" content=\"index, follow, max-snippet:-1, max-image-preview:large, max-video-preview:-1\" \/>\n<link rel=\"canonical\" href=\"https:\/\/livrariasolmar.pt\/en\/produto\/uma-historia-partilhada\/\" \/>\n<meta property=\"og:locale\" content=\"en_US\" \/>\n<meta property=\"og:type\" content=\"article\" \/>\n<meta property=\"og:title\" content=\"Uma Hist\u00f3ria Partilhada - Livraria Solmar - Livraria online\" \/>\n<meta property=\"og:description\" content=\"Uma homenagem \u00e0 leitura e um olhar pessoal sobre o papel da mulher ao longo da hist\u00f3ria. Com o encanto habitual, a voz de Julia Navarro consegue surpreender-nos uma vez mais.  At\u00e9 ao s\u00e9culo XX, a Hist\u00f3ria foi escrita por homens. Isso explica porque \u00e9 que as mulheres mal aparecem como sujeitos nas hist\u00f3rias da Hist\u00f3ria. No entanto, a lista daquelas que a protagonizaram \u00e9 extensa: desde deusas a rainhas, desde cortes\u00e3s a cientistas, desde atrizes a santas, desde escritoras a pol\u00edticas\u2026 Estiveram em toda a parte, mesmo que um manto de sil\u00eancio se esfor\u00e7asse por as cobrir e ignorar.  Mas n\u00e3o se pode contar as hist\u00f3rias destas mulheres sem levar tamb\u00e9m em conta as hist\u00f3rias dos homens, pois, desde o princ\u00edpio dos tempos, as vidas de ambos se t\u00eam feito entrela\u00e7adas. N\u00e3o se explicam umas sem os outros, ou seja: com eles, sem eles, por eles, contra eles ou com a ignor\u00e2ncia deles. Por isso este livro \u00e9 n\u00e3o s\u00f3 a hist\u00f3ria delas, como a de todos, mas contada n\u00e3o atrav\u00e9s da supremacia patriarcal e antes partindo de um terreno comum.  N\u00e3o podemos compreender Cle\u00f3patra sem C\u00e9sar ou Marco Ant\u00f3nio, nem Helena de Troia sem P\u00e1ris, nem Frida Kahlo sem Diego Rivera, nem Simone de Beauvoir sem Jean-Paul Sartre ou Virginia Woolf sem Leonard Woolf\u2026  Este livro \u00e9 um relato pessoal, uma viagem atrav\u00e9s das inquieta\u00e7\u00f5es e leituras da autora, o seu encontro com hist\u00f3rias protagonizadas por mulheres, sejam elas reais ou criaturas liter\u00e1rias, sem esquecer o papel dos homens que lhes eram mais pr\u00f3ximos, para o bem e para o mal. E aqui tem in\u00edcio esta hist\u00f3ria. Uma hist\u00f3ria partilhada.\" \/>\n<meta property=\"og:url\" content=\"https:\/\/livrariasolmar.pt\/produto\/uma-historia-partilhada\/\" \/>\n<meta property=\"og:site_name\" content=\"Livraria Solmar - Livraria online\" \/>\n<meta property=\"article:modified_time\" content=\"2023-12-26T18:03:51+00:00\" \/>\n<meta property=\"og:image\" content=\"https:\/\/livrariasolmar.pt\/wp-content\/uploads\/2023\/10\/500_9789722545747_capa.jpg\" \/>\n\t<meta property=\"og:image:width\" content=\"326\" \/>\n\t<meta property=\"og:image:height\" content=\"500\" \/>\n<meta name=\"twitter:card\" content=\"summary_large_image\" \/>\n<script type=\"application\/ld+json\" class=\"yoast-schema-graph\">{\"@context\":\"https:\/\/schema.org\",\"@graph\":[{\"@type\":\"WebSite\",\"@id\":\"https:\/\/livrariasolmar.pt\/#website\",\"url\":\"https:\/\/livrariasolmar.pt\/\",\"name\":\"Livraria Solmar - Livraria online\",\"description\":\"Com\\u00e9rcio Livros E Objetos De Arte, Lda - Ponta Delgada, A\\u00e7ores\",\"potentialAction\":[{\"@type\":\"SearchAction\",\"target\":{\"@type\":\"EntryPoint\",\"urlTemplate\":\"https:\/\/livrariasolmar.pt\/?s={search_term_string}\"},\"query-input\":\"required name=search_term_string\"}],\"inLanguage\":\"en-US\"},{\"@type\":\"ImageObject\",\"@id\":\"https:\/\/livrariasolmar.pt\/produto\/uma-historia-partilhada\/#primaryimage\",\"inLanguage\":\"en-US\",\"url\":\"https:\/\/livrariasolmar.pt\/wp-content\/uploads\/2023\/10\/500_9789722545747_capa.jpg\",\"contentUrl\":\"https:\/\/livrariasolmar.pt\/wp-content\/uploads\/2023\/10\/500_9789722545747_capa.jpg\",\"width\":326,\"height\":500},{\"@type\":\"WebPage\",\"@id\":\"https:\/\/livrariasolmar.pt\/produto\/uma-historia-partilhada\/#webpage\",\"url\":\"https:\/\/livrariasolmar.pt\/produto\/uma-historia-partilhada\/\",\"name\":\"Uma Hist\\u00f3ria Partilhada - Livraria Solmar - Livraria online\",\"isPartOf\":{\"@id\":\"https:\/\/livrariasolmar.pt\/#website\"},\"primaryImageOfPage\":{\"@id\":\"https:\/\/livrariasolmar.pt\/produto\/uma-historia-partilhada\/#primaryimage\"},\"datePublished\":\"2023-10-17T14:47:45+00:00\",\"dateModified\":\"2023-12-26T18:03:51+00:00\",\"breadcrumb\":{\"@id\":\"https:\/\/livrariasolmar.pt\/produto\/uma-historia-partilhada\/#breadcrumb\"},\"inLanguage\":\"en-US\",\"potentialAction\":[{\"@type\":\"ReadAction\",\"target\":[\"https:\/\/livrariasolmar.pt\/produto\/uma-historia-partilhada\/\"]}]},{\"@type\":\"BreadcrumbList\",\"@id\":\"https:\/\/livrariasolmar.pt\/produto\/uma-historia-partilhada\/#breadcrumb\",\"itemListElement\":[{\"@type\":\"ListItem\",\"position\":1,\"name\":\"In\\u00edcio\",\"item\":\"https:\/\/livrariasolmar.pt\/en\/\"},{\"@type\":\"ListItem\",\"position\":2,\"name\":\"Shop\",\"item\":\"https:\/\/livrariasolmar.pt\/en\/shop\/\"},{\"@type\":\"ListItem\",\"position\":3,\"name\":\"Uma Hist\\u00f3ria Partilhada\"}]}]}<\/script>\n<!-- \/ Yoast SEO plugin. -->","_links":{"self":[{"href":"https:\/\/livrariasolmar.pt\/en\/wp-json\/wp\/v2\/product\/7337"}],"collection":[{"href":"https:\/\/livrariasolmar.pt\/en\/wp-json\/wp\/v2\/product"}],"about":[{"href":"https:\/\/livrariasolmar.pt\/en\/wp-json\/wp\/v2\/types\/product"}],"author":[{"embeddable":true,"href":"https:\/\/livrariasolmar.pt\/en\/wp-json\/wp\/v2\/users\/2"}],"wp:featuredmedia":[{"embeddable":true,"href":"https:\/\/livrariasolmar.pt\/en\/wp-json\/wp\/v2\/media\/7338"}],"wp:attachment":[{"href":"https:\/\/livrariasolmar.pt\/en\/wp-json\/wp\/v2\/media?parent=7337"}],"wp:term":[{"taxonomy":"product_cat","embeddable":true,"href":"https:\/\/livrariasolmar.pt\/en\/wp-json\/wp\/v2\/product_cat?post=7337"},{"taxonomy":"product_tag","embeddable":true,"href":"https:\/\/livrariasolmar.pt\/en\/wp-json\/wp\/v2\/product_tag?post=7337"},{"taxonomy":"cat_produtos","embeddable":true,"href":"https:\/\/livrariasolmar.pt\/en\/wp-json\/wp\/v2\/cat_produtos?post=7337"}],"curies":[{"name":"wp","href":"https:\/\/api.w.org\/{rel}","templated":true}]}}