{"id":7340,"date":"2023-10-17T15:02:04","date_gmt":"2023-10-17T15:02:04","guid":{"rendered":"https:\/\/livrariasolmar.pt\/?post_type=product&#038;p=7340"},"modified":"2023-12-26T18:34:17","modified_gmt":"2023-12-26T18:34:17","slug":"o-memorial-dos-livros-naufragados","status":"publish","type":"product","link":"https:\/\/livrariasolmar.pt\/en\/produto\/o-memorial-dos-livros-naufragados\/","title":{"rendered":"O Memorial dos Livros Naufragados"},"content":{"rendered":"","protected":false},"excerpt":{"rendered":"<p>A extraordin\u00e1ria hist\u00f3ria do filho ileg\u00edtimo de Crist\u00f3v\u00e3o Colombo, Hernando Col\u00f3n, um vision\u00e1rio singular da era da difus\u00e3o da imprensa.<\/p>\n<p>No auge da era da explora\u00e7\u00e3o mar\u00edtima, Hernando viajou com Colombo na sua \u00faltima viagem ao Novo Mundo, uma viagem que terminou em desastre, motim sangrento e naufr\u00e1gio. Ap\u00f3s a morte de Colombo em 1506, Hernando, de 18 anos, procurou continuar &#8211; e superar &#8211; a campanha do seu pai para explorar as fronteiras do mundo conhecido, construindo uma biblioteca que recolheria tudo o que fora impresso at\u00e9 ent\u00e3o: uma vasta explora\u00e7\u00e3o organizada por resumos e cat\u00e1logos, o primeiro motor de busca para a diversidade explosiva de mat\u00e9ria escrita \u00e0 medida que a imprensa proliferava por toda a Europa.<\/p>\n<p>Hernando acumulou inquieta e obsessivamente a sua cole\u00e7\u00e3o com base na convic\u00e7\u00e3o inovadora de que uma biblioteca de conhecimento universal deve incluir \u00abtodos os livros, em todas as l\u00ednguas e sobre todos os assuntos\u00bb. A perda de parte da sua cole\u00e7\u00e3o para outro desastre mar\u00edtimo, em 1522, desencadeou a luta final para completar este projeto sublime, uma corrida contra o tempo para realizar uma vis\u00e3o da perfei\u00e7\u00e3o quase imposs\u00edvel.<\/p>\n<p>O relato de Edward Wilson-Lee sobre a vida de Hernando \u00e9 um testemunho da bela loucura dos amantes de livros, um mergulho na revolu\u00e7\u00e3o da informa\u00e7\u00e3o da Europa do s\u00e9culo XVI, e um reflexo da paix\u00e3o e das intrigas que est\u00e3o por tr\u00e1s das nossas pr\u00f3prias tentativas de trazer ordem ao mundo de hoje.<\/p>\n","protected":false},"author":2,"featured_media":7341,"template":"","meta":[],"product_cat":[153],"product_tag":[],"cat_produtos":[],"yoast_head":"<!-- This site is optimized with the Yoast SEO plugin v16.6 - https:\/\/yoast.com\/wordpress\/plugins\/seo\/ -->\n<title>O Memorial dos Livros Naufragados - Livraria Solmar - Livraria online<\/title>\n<meta name=\"robots\" content=\"index, follow, max-snippet:-1, max-image-preview:large, max-video-preview:-1\" \/>\n<link rel=\"canonical\" href=\"https:\/\/livrariasolmar.pt\/en\/produto\/o-memorial-dos-livros-naufragados\/\" \/>\n<meta property=\"og:locale\" content=\"en_US\" \/>\n<meta property=\"og:type\" content=\"article\" \/>\n<meta property=\"og:title\" content=\"O Memorial dos Livros Naufragados - Livraria Solmar - Livraria online\" \/>\n<meta property=\"og:description\" content=\"A extraordin\u00e1ria hist\u00f3ria do filho ileg\u00edtimo de Crist\u00f3v\u00e3o Colombo, Hernando Col\u00f3n, um vision\u00e1rio singular da era da difus\u00e3o da imprensa.  No auge da era da explora\u00e7\u00e3o mar\u00edtima, Hernando viajou com Colombo na sua \u00faltima viagem ao Novo Mundo, uma viagem que terminou em desastre, motim sangrento e naufr\u00e1gio. Ap\u00f3s a morte de Colombo em 1506, Hernando, de 18 anos, procurou continuar - e superar - a campanha do seu pai para explorar as fronteiras do mundo conhecido, construindo uma biblioteca que recolheria tudo o que fora impresso at\u00e9 ent\u00e3o: uma vasta explora\u00e7\u00e3o organizada por resumos e cat\u00e1logos, o primeiro motor de busca para a diversidade explosiva de mat\u00e9ria escrita \u00e0 medida que a imprensa proliferava por toda a Europa.  Hernando acumulou inquieta e obsessivamente a sua cole\u00e7\u00e3o com base na convic\u00e7\u00e3o inovadora de que uma biblioteca de conhecimento universal deve incluir \u00abtodos os livros, em todas as l\u00ednguas e sobre todos os assuntos\u00bb. A perda de parte da sua cole\u00e7\u00e3o para outro desastre mar\u00edtimo, em 1522, desencadeou a luta final para completar este projeto sublime, uma corrida contra o tempo para realizar uma vis\u00e3o da perfei\u00e7\u00e3o quase imposs\u00edvel.  O relato de Edward Wilson-Lee sobre a vida de Hernando \u00e9 um testemunho da bela loucura dos amantes de livros, um mergulho na revolu\u00e7\u00e3o da informa\u00e7\u00e3o da Europa do s\u00e9culo XVI, e um reflexo da paix\u00e3o e das intrigas que est\u00e3o por tr\u00e1s das nossas pr\u00f3prias tentativas de trazer ordem ao mundo de hoje.\" \/>\n<meta property=\"og:url\" content=\"https:\/\/livrariasolmar.pt\/produto\/o-memorial-dos-livros-naufragados\/\" \/>\n<meta property=\"og:site_name\" content=\"Livraria Solmar - Livraria online\" \/>\n<meta property=\"article:modified_time\" content=\"2023-12-26T18:34:17+00:00\" \/>\n<meta property=\"og:image\" content=\"https:\/\/livrariasolmar.pt\/wp-content\/uploads\/2023\/10\/500_9789722545860_capa.jpg\" \/>\n\t<meta property=\"og:image:width\" content=\"319\" \/>\n\t<meta property=\"og:image:height\" content=\"500\" \/>\n<meta name=\"twitter:card\" content=\"summary_large_image\" \/>\n<script type=\"application\/ld+json\" class=\"yoast-schema-graph\">{\"@context\":\"https:\/\/schema.org\",\"@graph\":[{\"@type\":\"WebSite\",\"@id\":\"https:\/\/livrariasolmar.pt\/#website\",\"url\":\"https:\/\/livrariasolmar.pt\/\",\"name\":\"Livraria Solmar - Livraria online\",\"description\":\"Com\\u00e9rcio Livros E Objetos De Arte, Lda - Ponta Delgada, A\\u00e7ores\",\"potentialAction\":[{\"@type\":\"SearchAction\",\"target\":{\"@type\":\"EntryPoint\",\"urlTemplate\":\"https:\/\/livrariasolmar.pt\/?s={search_term_string}\"},\"query-input\":\"required name=search_term_string\"}],\"inLanguage\":\"en-US\"},{\"@type\":\"ImageObject\",\"@id\":\"https:\/\/livrariasolmar.pt\/produto\/o-memorial-dos-livros-naufragados\/#primaryimage\",\"inLanguage\":\"en-US\",\"url\":\"https:\/\/livrariasolmar.pt\/wp-content\/uploads\/2023\/10\/500_9789722545860_capa.jpg\",\"contentUrl\":\"https:\/\/livrariasolmar.pt\/wp-content\/uploads\/2023\/10\/500_9789722545860_capa.jpg\",\"width\":319,\"height\":500},{\"@type\":\"WebPage\",\"@id\":\"https:\/\/livrariasolmar.pt\/produto\/o-memorial-dos-livros-naufragados\/#webpage\",\"url\":\"https:\/\/livrariasolmar.pt\/produto\/o-memorial-dos-livros-naufragados\/\",\"name\":\"O Memorial dos Livros Naufragados - Livraria Solmar - Livraria online\",\"isPartOf\":{\"@id\":\"https:\/\/livrariasolmar.pt\/#website\"},\"primaryImageOfPage\":{\"@id\":\"https:\/\/livrariasolmar.pt\/produto\/o-memorial-dos-livros-naufragados\/#primaryimage\"},\"datePublished\":\"2023-10-17T15:02:04+00:00\",\"dateModified\":\"2023-12-26T18:34:17+00:00\",\"breadcrumb\":{\"@id\":\"https:\/\/livrariasolmar.pt\/produto\/o-memorial-dos-livros-naufragados\/#breadcrumb\"},\"inLanguage\":\"en-US\",\"potentialAction\":[{\"@type\":\"ReadAction\",\"target\":[\"https:\/\/livrariasolmar.pt\/produto\/o-memorial-dos-livros-naufragados\/\"]}]},{\"@type\":\"BreadcrumbList\",\"@id\":\"https:\/\/livrariasolmar.pt\/produto\/o-memorial-dos-livros-naufragados\/#breadcrumb\",\"itemListElement\":[{\"@type\":\"ListItem\",\"position\":1,\"name\":\"In\\u00edcio\",\"item\":\"https:\/\/livrariasolmar.pt\/en\/\"},{\"@type\":\"ListItem\",\"position\":2,\"name\":\"Shop\",\"item\":\"https:\/\/livrariasolmar.pt\/en\/shop\/\"},{\"@type\":\"ListItem\",\"position\":3,\"name\":\"O Memorial dos Livros Naufragados\"}]}]}<\/script>\n<!-- \/ Yoast SEO plugin. -->","_links":{"self":[{"href":"https:\/\/livrariasolmar.pt\/en\/wp-json\/wp\/v2\/product\/7340"}],"collection":[{"href":"https:\/\/livrariasolmar.pt\/en\/wp-json\/wp\/v2\/product"}],"about":[{"href":"https:\/\/livrariasolmar.pt\/en\/wp-json\/wp\/v2\/types\/product"}],"author":[{"embeddable":true,"href":"https:\/\/livrariasolmar.pt\/en\/wp-json\/wp\/v2\/users\/2"}],"wp:featuredmedia":[{"embeddable":true,"href":"https:\/\/livrariasolmar.pt\/en\/wp-json\/wp\/v2\/media\/7341"}],"wp:attachment":[{"href":"https:\/\/livrariasolmar.pt\/en\/wp-json\/wp\/v2\/media?parent=7340"}],"wp:term":[{"taxonomy":"product_cat","embeddable":true,"href":"https:\/\/livrariasolmar.pt\/en\/wp-json\/wp\/v2\/product_cat?post=7340"},{"taxonomy":"product_tag","embeddable":true,"href":"https:\/\/livrariasolmar.pt\/en\/wp-json\/wp\/v2\/product_tag?post=7340"},{"taxonomy":"cat_produtos","embeddable":true,"href":"https:\/\/livrariasolmar.pt\/en\/wp-json\/wp\/v2\/cat_produtos?post=7340"}],"curies":[{"name":"wp","href":"https:\/\/api.w.org\/{rel}","templated":true}]}}