{"id":7409,"date":"2023-10-20T18:02:13","date_gmt":"2023-10-20T18:02:13","guid":{"rendered":"https:\/\/livrariasolmar.pt\/?post_type=product&#038;p=7409"},"modified":"2025-02-18T18:47:54","modified_gmt":"2025-02-18T18:47:54","slug":"antes-que-o-mar-se-retire","status":"publish","type":"product","link":"https:\/\/livrariasolmar.pt\/en\/produto\/antes-que-o-mar-se-retire\/","title":{"rendered":"Antes que o Mar Se Retire"},"content":{"rendered":"","protected":false},"excerpt":{"rendered":"<p>Poesia reunida (1972-2022).<\/p>\n<p>\u00abFalamos de uma voz po\u00e9tica que se autonomizou por conjugar de modo muito pessoal uma s\u00e9rie de for\u00e7as condutoras \u00e0s vezes tidas por contr\u00e1rias e que dificilmente se articulariam sen\u00e3o por vigor de um engenho oficinal \u00e1rduo e lapidado. Se atentarmos \u00e0 sua diversidade formal, capaz de oscilar do compasso popular e repentista e estender-se ao narrativo, entretecido e quase ensimesmado, absorto no seu labirinto de refer\u00eancias, a unidade dessa voz \u00e9 equ\u00edvoca \u2013 tal como o tempo, ela faz-se com\u00a0<i>m\u00e1scaras m\u00faltiplas<\/i>\u00a0e a sua integridade reside no conflito consigo pr\u00f3pria. (\u2026) Avessa ao dogma e \u00e0 verdade insofism\u00e1vel, s\u00f3 consegue revelar-se na cont\u00ednua morfose que sobre si mesma exerce.\u00bb<\/p>\n<p>Leonardo Sousa, do Posf\u00e1cio<\/p>\n","protected":false},"author":2,"featured_media":7410,"template":"","meta":[],"product_cat":[146,162],"product_tag":[],"cat_produtos":[386],"yoast_head":"<!-- This site is optimized with the Yoast SEO plugin v16.6 - https:\/\/yoast.com\/wordpress\/plugins\/seo\/ -->\n<title>Antes que o Mar Se Retire - Livraria Solmar - Livraria online<\/title>\n<meta name=\"robots\" content=\"index, follow, max-snippet:-1, max-image-preview:large, max-video-preview:-1\" \/>\n<link rel=\"canonical\" href=\"https:\/\/livrariasolmar.pt\/en\/produto\/antes-que-o-mar-se-retire\/\" \/>\n<meta property=\"og:locale\" content=\"en_US\" \/>\n<meta property=\"og:type\" content=\"article\" \/>\n<meta property=\"og:title\" content=\"Antes que o Mar Se Retire - Livraria Solmar - Livraria online\" \/>\n<meta property=\"og:description\" content=\"Poesia reunida (1972-2022).  \u00abFalamos de uma voz po\u00e9tica que se autonomizou por conjugar de modo muito pessoal uma s\u00e9rie de for\u00e7as condutoras \u00e0s vezes tidas por contr\u00e1rias e que dificilmente se articulariam sen\u00e3o por vigor de um engenho oficinal \u00e1rduo e lapidado. Se atentarmos \u00e0 sua diversidade formal, capaz de oscilar do compasso popular e repentista e estender-se ao narrativo, entretecido e quase ensimesmado, absorto no seu labirinto de refer\u00eancias, a unidade dessa voz \u00e9 equ\u00edvoca \u2013 tal como o tempo, ela faz-se com\u00a0m\u00e1scaras m\u00faltiplas\u00a0e a sua integridade reside no conflito consigo pr\u00f3pria. (\u2026) Avessa ao dogma e \u00e0 verdade insofism\u00e1vel, s\u00f3 consegue revelar-se na cont\u00ednua morfose que sobre si mesma exerce.\u00bb  Leonardo Sousa, do Posf\u00e1cio\" \/>\n<meta property=\"og:url\" content=\"https:\/\/livrariasolmar.pt\/produto\/antes-que-o-mar-se-retire\/\" \/>\n<meta property=\"og:site_name\" content=\"Livraria Solmar - Livraria online\" \/>\n<meta property=\"article:modified_time\" content=\"2025-02-18T18:47:54+00:00\" \/>\n<meta property=\"og:image\" content=\"https:\/\/livrariasolmar.pt\/wp-content\/uploads\/2023\/10\/IMG_20231020_171028-scaled.jpg\" \/>\n\t<meta property=\"og:image:width\" content=\"1553\" \/>\n\t<meta property=\"og:image:height\" content=\"2560\" \/>\n<meta name=\"twitter:card\" content=\"summary_large_image\" \/>\n<script type=\"application\/ld+json\" class=\"yoast-schema-graph\">{\"@context\":\"https:\/\/schema.org\",\"@graph\":[{\"@type\":\"WebSite\",\"@id\":\"https:\/\/livrariasolmar.pt\/#website\",\"url\":\"https:\/\/livrariasolmar.pt\/\",\"name\":\"Livraria Solmar - Livraria online\",\"description\":\"Com\\u00e9rcio Livros E Objetos De Arte, Lda - Ponta Delgada, A\\u00e7ores\",\"potentialAction\":[{\"@type\":\"SearchAction\",\"target\":{\"@type\":\"EntryPoint\",\"urlTemplate\":\"https:\/\/livrariasolmar.pt\/?s={search_term_string}\"},\"query-input\":\"required name=search_term_string\"}],\"inLanguage\":\"en-US\"},{\"@type\":\"ImageObject\",\"@id\":\"https:\/\/livrariasolmar.pt\/produto\/antes-que-o-mar-se-retire\/#primaryimage\",\"inLanguage\":\"en-US\",\"url\":\"https:\/\/livrariasolmar.pt\/wp-content\/uploads\/2023\/10\/IMG_20231020_171028-scaled.jpg\",\"contentUrl\":\"https:\/\/livrariasolmar.pt\/wp-content\/uploads\/2023\/10\/IMG_20231020_171028-scaled.jpg\",\"width\":1553,\"height\":2560,\"caption\":\"smart\"},{\"@type\":\"WebPage\",\"@id\":\"https:\/\/livrariasolmar.pt\/produto\/antes-que-o-mar-se-retire\/#webpage\",\"url\":\"https:\/\/livrariasolmar.pt\/produto\/antes-que-o-mar-se-retire\/\",\"name\":\"Antes que o Mar Se Retire - Livraria Solmar - Livraria online\",\"isPartOf\":{\"@id\":\"https:\/\/livrariasolmar.pt\/#website\"},\"primaryImageOfPage\":{\"@id\":\"https:\/\/livrariasolmar.pt\/produto\/antes-que-o-mar-se-retire\/#primaryimage\"},\"datePublished\":\"2023-10-20T18:02:13+00:00\",\"dateModified\":\"2025-02-18T18:47:54+00:00\",\"breadcrumb\":{\"@id\":\"https:\/\/livrariasolmar.pt\/produto\/antes-que-o-mar-se-retire\/#breadcrumb\"},\"inLanguage\":\"en-US\",\"potentialAction\":[{\"@type\":\"ReadAction\",\"target\":[\"https:\/\/livrariasolmar.pt\/produto\/antes-que-o-mar-se-retire\/\"]}]},{\"@type\":\"BreadcrumbList\",\"@id\":\"https:\/\/livrariasolmar.pt\/produto\/antes-que-o-mar-se-retire\/#breadcrumb\",\"itemListElement\":[{\"@type\":\"ListItem\",\"position\":1,\"name\":\"In\\u00edcio\",\"item\":\"https:\/\/livrariasolmar.pt\/en\/\"},{\"@type\":\"ListItem\",\"position\":2,\"name\":\"Shop\",\"item\":\"https:\/\/livrariasolmar.pt\/en\/shop\/\"},{\"@type\":\"ListItem\",\"position\":3,\"name\":\"Antes que o Mar Se Retire\"}]}]}<\/script>\n<!-- \/ Yoast SEO plugin. -->","_links":{"self":[{"href":"https:\/\/livrariasolmar.pt\/en\/wp-json\/wp\/v2\/product\/7409"}],"collection":[{"href":"https:\/\/livrariasolmar.pt\/en\/wp-json\/wp\/v2\/product"}],"about":[{"href":"https:\/\/livrariasolmar.pt\/en\/wp-json\/wp\/v2\/types\/product"}],"author":[{"embeddable":true,"href":"https:\/\/livrariasolmar.pt\/en\/wp-json\/wp\/v2\/users\/2"}],"wp:featuredmedia":[{"embeddable":true,"href":"https:\/\/livrariasolmar.pt\/en\/wp-json\/wp\/v2\/media\/7410"}],"wp:attachment":[{"href":"https:\/\/livrariasolmar.pt\/en\/wp-json\/wp\/v2\/media?parent=7409"}],"wp:term":[{"taxonomy":"product_cat","embeddable":true,"href":"https:\/\/livrariasolmar.pt\/en\/wp-json\/wp\/v2\/product_cat?post=7409"},{"taxonomy":"product_tag","embeddable":true,"href":"https:\/\/livrariasolmar.pt\/en\/wp-json\/wp\/v2\/product_tag?post=7409"},{"taxonomy":"cat_produtos","embeddable":true,"href":"https:\/\/livrariasolmar.pt\/en\/wp-json\/wp\/v2\/cat_produtos?post=7409"}],"curies":[{"name":"wp","href":"https:\/\/api.w.org\/{rel}","templated":true}]}}