{"id":7476,"date":"2023-10-30T15:22:06","date_gmt":"2023-10-30T15:22:06","guid":{"rendered":"https:\/\/livrariasolmar.pt\/?post_type=product&#038;p=7476"},"modified":"2024-02-03T19:43:30","modified_gmt":"2024-02-03T19:43:30","slug":"vidas-e-mortes-de-abel-chivukuvuku-uma-biografia-de-angola","status":"publish","type":"product","link":"https:\/\/livrariasolmar.pt\/en\/produto\/vidas-e-mortes-de-abel-chivukuvuku-uma-biografia-de-angola\/","title":{"rendered":"Vidas e Mortes de Abel Chivukuvuku. Uma Biografia de Angola"},"content":{"rendered":"","protected":false},"excerpt":{"rendered":"<p>Esta \u00e9 a hist\u00f3ria de um homem cujo nome, Chivukuvuku, significa bravura. Um homem casado com uma mulher chamada Vict\u00f3ria, e com tr\u00eas filhos: Pedro, M\u00e1rio e Celma. Um homem nascido a 11 de novembro (data da independ\u00eancia de Angola), e que dedicou toda a sua vida ao combate pela democratiza\u00e7\u00e3o do seu pa\u00eds. Abel Epalanga Chivukuvuku sobreviveu a duas quedas de avi\u00e3o durante a guerra civil, a um atentado e a uma terr\u00edvel tentativa de linchamento, sem jamais perder a alegria pela vida e a capacidade de perdoar, de escutar o outro, de dialogar. A sua hist\u00f3ria \u00e9 tamb\u00e9m a hist\u00f3ria de Angola, olhada a partir do Bailundo, no cora\u00e7\u00e3o da na\u00e7\u00e3o ovimbundo.<\/p>\n","protected":false},"author":2,"featured_media":7477,"template":"","meta":[],"product_cat":[153],"product_tag":[],"cat_produtos":[],"yoast_head":"<!-- This site is optimized with the Yoast SEO plugin v16.6 - https:\/\/yoast.com\/wordpress\/plugins\/seo\/ -->\n<title>Vidas e Mortes de Abel Chivukuvuku. Uma Biografia de Angola - Livraria Solmar - Livraria online<\/title>\n<meta name=\"robots\" content=\"index, follow, max-snippet:-1, max-image-preview:large, max-video-preview:-1\" \/>\n<link rel=\"canonical\" href=\"https:\/\/livrariasolmar.pt\/en\/produto\/vidas-e-mortes-de-abel-chivukuvuku-uma-biografia-de-angola\/\" \/>\n<meta property=\"og:locale\" content=\"en_US\" \/>\n<meta property=\"og:type\" content=\"article\" \/>\n<meta property=\"og:title\" content=\"Vidas e Mortes de Abel Chivukuvuku. Uma Biografia de Angola - Livraria Solmar - Livraria online\" \/>\n<meta property=\"og:description\" content=\"Esta \u00e9 a hist\u00f3ria de um homem cujo nome, Chivukuvuku, significa bravura. Um homem casado com uma mulher chamada Vict\u00f3ria, e com tr\u00eas filhos: Pedro, M\u00e1rio e Celma. Um homem nascido a 11 de novembro (data da independ\u00eancia de Angola), e que dedicou toda a sua vida ao combate pela democratiza\u00e7\u00e3o do seu pa\u00eds. Abel Epalanga Chivukuvuku sobreviveu a duas quedas de avi\u00e3o durante a guerra civil, a um atentado e a uma terr\u00edvel tentativa de linchamento, sem jamais perder a alegria pela vida e a capacidade de perdoar, de escutar o outro, de dialogar. A sua hist\u00f3ria \u00e9 tamb\u00e9m a hist\u00f3ria de Angola, olhada a partir do Bailundo, no cora\u00e7\u00e3o da na\u00e7\u00e3o ovimbundo.\" \/>\n<meta property=\"og:url\" content=\"https:\/\/livrariasolmar.pt\/produto\/vidas-e-mortes-de-abel-chivukuvuku-uma-biografia-de-angola\/\" \/>\n<meta property=\"og:site_name\" content=\"Livraria Solmar - Livraria online\" \/>\n<meta property=\"article:modified_time\" content=\"2024-02-03T19:43:30+00:00\" \/>\n<meta property=\"og:image\" content=\"https:\/\/livrariasolmar.pt\/wp-content\/uploads\/2023\/10\/500_9789897224997_capa.jpg\" \/>\n\t<meta property=\"og:image:width\" content=\"313\" \/>\n\t<meta property=\"og:image:height\" content=\"500\" \/>\n<meta name=\"twitter:card\" content=\"summary_large_image\" \/>\n<script type=\"application\/ld+json\" class=\"yoast-schema-graph\">{\"@context\":\"https:\/\/schema.org\",\"@graph\":[{\"@type\":\"WebSite\",\"@id\":\"https:\/\/livrariasolmar.pt\/#website\",\"url\":\"https:\/\/livrariasolmar.pt\/\",\"name\":\"Livraria Solmar - Livraria online\",\"description\":\"Com\\u00e9rcio Livros E Objetos De Arte, Lda - Ponta Delgada, A\\u00e7ores\",\"potentialAction\":[{\"@type\":\"SearchAction\",\"target\":{\"@type\":\"EntryPoint\",\"urlTemplate\":\"https:\/\/livrariasolmar.pt\/?s={search_term_string}\"},\"query-input\":\"required name=search_term_string\"}],\"inLanguage\":\"en-US\"},{\"@type\":\"ImageObject\",\"@id\":\"https:\/\/livrariasolmar.pt\/produto\/vidas-e-mortes-de-abel-chivukuvuku-uma-biografia-de-angola\/#primaryimage\",\"inLanguage\":\"en-US\",\"url\":\"https:\/\/livrariasolmar.pt\/wp-content\/uploads\/2023\/10\/500_9789897224997_capa.jpg\",\"contentUrl\":\"https:\/\/livrariasolmar.pt\/wp-content\/uploads\/2023\/10\/500_9789897224997_capa.jpg\",\"width\":313,\"height\":500},{\"@type\":\"WebPage\",\"@id\":\"https:\/\/livrariasolmar.pt\/produto\/vidas-e-mortes-de-abel-chivukuvuku-uma-biografia-de-angola\/#webpage\",\"url\":\"https:\/\/livrariasolmar.pt\/produto\/vidas-e-mortes-de-abel-chivukuvuku-uma-biografia-de-angola\/\",\"name\":\"Vidas e Mortes de Abel Chivukuvuku. Uma Biografia de Angola - Livraria Solmar - Livraria online\",\"isPartOf\":{\"@id\":\"https:\/\/livrariasolmar.pt\/#website\"},\"primaryImageOfPage\":{\"@id\":\"https:\/\/livrariasolmar.pt\/produto\/vidas-e-mortes-de-abel-chivukuvuku-uma-biografia-de-angola\/#primaryimage\"},\"datePublished\":\"2023-10-30T15:22:06+00:00\",\"dateModified\":\"2024-02-03T19:43:30+00:00\",\"breadcrumb\":{\"@id\":\"https:\/\/livrariasolmar.pt\/produto\/vidas-e-mortes-de-abel-chivukuvuku-uma-biografia-de-angola\/#breadcrumb\"},\"inLanguage\":\"en-US\",\"potentialAction\":[{\"@type\":\"ReadAction\",\"target\":[\"https:\/\/livrariasolmar.pt\/produto\/vidas-e-mortes-de-abel-chivukuvuku-uma-biografia-de-angola\/\"]}]},{\"@type\":\"BreadcrumbList\",\"@id\":\"https:\/\/livrariasolmar.pt\/produto\/vidas-e-mortes-de-abel-chivukuvuku-uma-biografia-de-angola\/#breadcrumb\",\"itemListElement\":[{\"@type\":\"ListItem\",\"position\":1,\"name\":\"In\\u00edcio\",\"item\":\"https:\/\/livrariasolmar.pt\/en\/\"},{\"@type\":\"ListItem\",\"position\":2,\"name\":\"Shop\",\"item\":\"https:\/\/livrariasolmar.pt\/en\/shop\/\"},{\"@type\":\"ListItem\",\"position\":3,\"name\":\"Vidas e Mortes de Abel Chivukuvuku. Uma Biografia de Angola\"}]}]}<\/script>\n<!-- \/ Yoast SEO plugin. -->","_links":{"self":[{"href":"https:\/\/livrariasolmar.pt\/en\/wp-json\/wp\/v2\/product\/7476"}],"collection":[{"href":"https:\/\/livrariasolmar.pt\/en\/wp-json\/wp\/v2\/product"}],"about":[{"href":"https:\/\/livrariasolmar.pt\/en\/wp-json\/wp\/v2\/types\/product"}],"author":[{"embeddable":true,"href":"https:\/\/livrariasolmar.pt\/en\/wp-json\/wp\/v2\/users\/2"}],"wp:featuredmedia":[{"embeddable":true,"href":"https:\/\/livrariasolmar.pt\/en\/wp-json\/wp\/v2\/media\/7477"}],"wp:attachment":[{"href":"https:\/\/livrariasolmar.pt\/en\/wp-json\/wp\/v2\/media?parent=7476"}],"wp:term":[{"taxonomy":"product_cat","embeddable":true,"href":"https:\/\/livrariasolmar.pt\/en\/wp-json\/wp\/v2\/product_cat?post=7476"},{"taxonomy":"product_tag","embeddable":true,"href":"https:\/\/livrariasolmar.pt\/en\/wp-json\/wp\/v2\/product_tag?post=7476"},{"taxonomy":"cat_produtos","embeddable":true,"href":"https:\/\/livrariasolmar.pt\/en\/wp-json\/wp\/v2\/cat_produtos?post=7476"}],"curies":[{"name":"wp","href":"https:\/\/api.w.org\/{rel}","templated":true}]}}