{"id":7493,"date":"2023-10-30T18:03:09","date_gmt":"2023-10-30T18:03:09","guid":{"rendered":"https:\/\/livrariasolmar.pt\/?post_type=product&#038;p=7493"},"modified":"2025-09-25T19:38:21","modified_gmt":"2025-09-25T19:38:21","slug":"como-e-que-os-nossos-amigos-ficam-nossos-amigos","status":"publish","type":"product","link":"https:\/\/livrariasolmar.pt\/en\/produto\/como-e-que-os-nossos-amigos-ficam-nossos-amigos\/","title":{"rendered":"Como \u00e9 que os Nossos Amigos Ficam Nossos Amigos?"},"content":{"rendered":"","protected":false},"excerpt":{"rendered":"<p>Este livro responde a perguntas que as crian\u00e7as nos fazem ou que nunca chegaram a sair da suas (e at\u00e9 das nossas) cabe\u00e7as: \u00abComo \u00e9 que os nossos amigos ficam nossos amigos? O que nos faz aproximar ou afastar uns dos outros?\u00bb<\/p>\n<p>Uma hist\u00f3ria sobre como nascem os amigos e os v\u00e1rios n\u00edveis de amizade; como se explica que haja amigos mais pr\u00f3ximos, amigos mais distantes, amigos que s\u00f3 est\u00e3o alguns dias na nossa vida e amigos que estar\u00e3o durante toda a vida, e que n\u00e3o o adivinhamos. Um texto sobre porque \u00e9 que a nossa vida \u00e9 bem melhor com eles do que sem eles.<\/p>\n<p>Como fio condutor da hist\u00f3ria, o narrador compara o universo f\u00edsico (planetas, lua, estrelas) com o universo da amizade e d\u00e1 pistas sobre como reconhecer os grandes amigos.<br \/>\n&#8220;O universo \u00e9 feito de muitos<br \/>\n(muitos mesmo, tipo infinitos)<br \/>\nplanetas, estrelas, gal\u00e1xias, eu sei l\u00e1&#8230;<br \/>\n(muitos eu sei l\u00e1s&#8230;)<\/p>\n<p>A for\u00e7a que os atrai uns para os outros chama-se gravidade.<br \/>\nSe se aproximam muito,\u00a0chocam uns com os outros;<br \/>\nse se afastam muito, separam-se para sempre.<\/p>\n<p>E as pessoas?<br \/>\nQual \u00e9 a for\u00e7a que as faz aproximar e afastar?<br \/>\nN\u00e3o h\u00e1 nenhuma teoria?<\/p>\n<p>Uma Lei da Gravita\u00e7\u00e3o Universal das Pessoas?<br \/>\nQue leis da F\u00edsica ou da Qu\u00edmica<br \/>\n&#8211; ou da M\u00fasica &#8211; nos regulam?<\/p>\n","protected":false},"author":2,"featured_media":7494,"template":"","meta":[],"product_cat":[172],"product_tag":[],"cat_produtos":[],"yoast_head":"<!-- This site is optimized with the Yoast SEO plugin v16.6 - https:\/\/yoast.com\/wordpress\/plugins\/seo\/ -->\n<title>Como \u00e9 que os Nossos Amigos Ficam Nossos Amigos? - Livraria Solmar - Livraria online<\/title>\n<meta name=\"robots\" content=\"index, follow, max-snippet:-1, max-image-preview:large, max-video-preview:-1\" \/>\n<link rel=\"canonical\" href=\"https:\/\/livrariasolmar.pt\/en\/produto\/como-e-que-os-nossos-amigos-ficam-nossos-amigos\/\" \/>\n<meta property=\"og:locale\" content=\"en_US\" \/>\n<meta property=\"og:type\" content=\"article\" \/>\n<meta property=\"og:title\" content=\"Como \u00e9 que os Nossos Amigos Ficam Nossos Amigos? - Livraria Solmar - Livraria online\" \/>\n<meta property=\"og:description\" content=\"Este livro responde a perguntas que as crian\u00e7as nos fazem ou que nunca chegaram a sair da suas (e at\u00e9 das nossas) cabe\u00e7as: \u00abComo \u00e9 que os nossos amigos ficam nossos amigos? O que nos faz aproximar ou afastar uns dos outros?\u00bb  Uma hist\u00f3ria sobre como nascem os amigos e os v\u00e1rios n\u00edveis de amizade; como se explica que haja amigos mais pr\u00f3ximos, amigos mais distantes, amigos que s\u00f3 est\u00e3o alguns dias na nossa vida e amigos que estar\u00e3o durante toda a vida, e que n\u00e3o o adivinhamos. Um texto sobre porque \u00e9 que a nossa vida \u00e9 bem melhor com eles do que sem eles.  Como fio condutor da hist\u00f3ria, o narrador compara o universo f\u00edsico (planetas, lua, estrelas) com o universo da amizade e d\u00e1 pistas sobre como reconhecer os grandes amigos. &quot;O universo \u00e9 feito de muitos (muitos mesmo, tipo infinitos) planetas, estrelas, gal\u00e1xias, eu sei l\u00e1... (muitos eu sei l\u00e1s...)  A for\u00e7a que os atrai uns para os outros chama-se gravidade. Se se aproximam muito,\u00a0chocam uns com os outros; se se afastam muito, separam-se para sempre.  E as pessoas? Qual \u00e9 a for\u00e7a que as faz aproximar e afastar? N\u00e3o h\u00e1 nenhuma teoria?  Uma Lei da Gravita\u00e7\u00e3o Universal das Pessoas? Que leis da F\u00edsica ou da Qu\u00edmica - ou da M\u00fasica - nos regulam?\" \/>\n<meta property=\"og:url\" content=\"https:\/\/livrariasolmar.pt\/produto\/como-e-que-os-nossos-amigos-ficam-nossos-amigos\/\" \/>\n<meta property=\"og:site_name\" content=\"Livraria Solmar - Livraria online\" \/>\n<meta property=\"article:modified_time\" content=\"2025-09-25T19:38:21+00:00\" \/>\n<meta property=\"og:image\" content=\"https:\/\/livrariasolmar.pt\/wp-content\/uploads\/2023\/10\/500_9789722545846_capa.jpg\" \/>\n\t<meta property=\"og:image:width\" content=\"375\" \/>\n\t<meta property=\"og:image:height\" content=\"500\" \/>\n<meta name=\"twitter:card\" content=\"summary_large_image\" \/>\n<script type=\"application\/ld+json\" class=\"yoast-schema-graph\">{\"@context\":\"https:\/\/schema.org\",\"@graph\":[{\"@type\":\"WebSite\",\"@id\":\"https:\/\/livrariasolmar.pt\/#website\",\"url\":\"https:\/\/livrariasolmar.pt\/\",\"name\":\"Livraria Solmar - Livraria online\",\"description\":\"Com\\u00e9rcio Livros E Objetos De Arte, Lda - Ponta Delgada, A\\u00e7ores\",\"potentialAction\":[{\"@type\":\"SearchAction\",\"target\":{\"@type\":\"EntryPoint\",\"urlTemplate\":\"https:\/\/livrariasolmar.pt\/?s={search_term_string}\"},\"query-input\":\"required name=search_term_string\"}],\"inLanguage\":\"en-US\"},{\"@type\":\"ImageObject\",\"@id\":\"https:\/\/livrariasolmar.pt\/produto\/como-e-que-os-nossos-amigos-ficam-nossos-amigos\/#primaryimage\",\"inLanguage\":\"en-US\",\"url\":\"https:\/\/livrariasolmar.pt\/wp-content\/uploads\/2023\/10\/500_9789722545846_capa.jpg\",\"contentUrl\":\"https:\/\/livrariasolmar.pt\/wp-content\/uploads\/2023\/10\/500_9789722545846_capa.jpg\",\"width\":375,\"height\":500},{\"@type\":\"WebPage\",\"@id\":\"https:\/\/livrariasolmar.pt\/produto\/como-e-que-os-nossos-amigos-ficam-nossos-amigos\/#webpage\",\"url\":\"https:\/\/livrariasolmar.pt\/produto\/como-e-que-os-nossos-amigos-ficam-nossos-amigos\/\",\"name\":\"Como \\u00e9 que os Nossos Amigos Ficam Nossos Amigos? - Livraria Solmar - Livraria online\",\"isPartOf\":{\"@id\":\"https:\/\/livrariasolmar.pt\/#website\"},\"primaryImageOfPage\":{\"@id\":\"https:\/\/livrariasolmar.pt\/produto\/como-e-que-os-nossos-amigos-ficam-nossos-amigos\/#primaryimage\"},\"datePublished\":\"2023-10-30T18:03:09+00:00\",\"dateModified\":\"2025-09-25T19:38:21+00:00\",\"breadcrumb\":{\"@id\":\"https:\/\/livrariasolmar.pt\/produto\/como-e-que-os-nossos-amigos-ficam-nossos-amigos\/#breadcrumb\"},\"inLanguage\":\"en-US\",\"potentialAction\":[{\"@type\":\"ReadAction\",\"target\":[\"https:\/\/livrariasolmar.pt\/produto\/como-e-que-os-nossos-amigos-ficam-nossos-amigos\/\"]}]},{\"@type\":\"BreadcrumbList\",\"@id\":\"https:\/\/livrariasolmar.pt\/produto\/como-e-que-os-nossos-amigos-ficam-nossos-amigos\/#breadcrumb\",\"itemListElement\":[{\"@type\":\"ListItem\",\"position\":1,\"name\":\"In\\u00edcio\",\"item\":\"https:\/\/livrariasolmar.pt\/en\/\"},{\"@type\":\"ListItem\",\"position\":2,\"name\":\"Shop\",\"item\":\"https:\/\/livrariasolmar.pt\/en\/shop\/\"},{\"@type\":\"ListItem\",\"position\":3,\"name\":\"Como \\u00e9 que os Nossos Amigos Ficam Nossos Amigos?\"}]}]}<\/script>\n<!-- \/ Yoast SEO plugin. -->","_links":{"self":[{"href":"https:\/\/livrariasolmar.pt\/en\/wp-json\/wp\/v2\/product\/7493"}],"collection":[{"href":"https:\/\/livrariasolmar.pt\/en\/wp-json\/wp\/v2\/product"}],"about":[{"href":"https:\/\/livrariasolmar.pt\/en\/wp-json\/wp\/v2\/types\/product"}],"author":[{"embeddable":true,"href":"https:\/\/livrariasolmar.pt\/en\/wp-json\/wp\/v2\/users\/2"}],"wp:featuredmedia":[{"embeddable":true,"href":"https:\/\/livrariasolmar.pt\/en\/wp-json\/wp\/v2\/media\/7494"}],"wp:attachment":[{"href":"https:\/\/livrariasolmar.pt\/en\/wp-json\/wp\/v2\/media?parent=7493"}],"wp:term":[{"taxonomy":"product_cat","embeddable":true,"href":"https:\/\/livrariasolmar.pt\/en\/wp-json\/wp\/v2\/product_cat?post=7493"},{"taxonomy":"product_tag","embeddable":true,"href":"https:\/\/livrariasolmar.pt\/en\/wp-json\/wp\/v2\/product_tag?post=7493"},{"taxonomy":"cat_produtos","embeddable":true,"href":"https:\/\/livrariasolmar.pt\/en\/wp-json\/wp\/v2\/cat_produtos?post=7493"}],"curies":[{"name":"wp","href":"https:\/\/api.w.org\/{rel}","templated":true}]}}