{"id":7677,"date":"2023-11-16T17:18:18","date_gmt":"2023-11-16T17:18:18","guid":{"rendered":"https:\/\/livrariasolmar.pt\/?post_type=product&#038;p=7677"},"modified":"2024-01-29T17:29:32","modified_gmt":"2024-01-29T17:29:32","slug":"a-porta-trancada","status":"publish","type":"product","link":"https:\/\/livrariasolmar.pt\/en\/produto\/a-porta-trancada\/","title":{"rendered":"A Porta Trancada"},"content":{"rendered":"","protected":false},"excerpt":{"rendered":"<p>Nora tinha onze anos. N\u00e3o fazia a m\u00ednima ideia de que, enquanto fazia os trabalhos de casa no quarto, o seu pai passava o tempo a matar mulheres na cave&#8230; At\u00e9 ao dia em que a pol\u00edcia lhes bateu \u00e0 porta.<\/p>\n<p>D\u00e9cadas depois, o pai est\u00e1 a cumprir pena de pris\u00e3o num estabelecimento de seguran\u00e7a m\u00e1xima e Nora \u00e9 uma cirurgi\u00e3 de sucesso com uma exist\u00eancia tranquila e solit\u00e1ria. Ningu\u00e9m sabe que o pai \u00e9 um conhecido assassino em s\u00e9rie e Nora deseja que assim continue.<\/p>\n<p>Um dia, uma das pacientes de Nora \u00e9 assassinada da mesma maneira \u00fanica e cruel usada pelo pai para matar as suas v\u00edtimas.<\/p>\n<p>Algu\u00e9m conhece o passado de Nora e quer imputar-lhe a culpa deste crime. No entanto, Nora n\u00e3o \u00e9 uma assassina como o pai. A pol\u00edcia n\u00e3o a pode acusar. A n\u00e3o ser que procurem na sua cave\u2026<\/p>\n","protected":false},"author":2,"featured_media":7678,"template":"","meta":[],"product_cat":[588],"product_tag":[],"cat_produtos":[],"yoast_head":"<!-- This site is optimized with the Yoast SEO plugin v16.6 - https:\/\/yoast.com\/wordpress\/plugins\/seo\/ -->\n<title>A Porta Trancada - Livraria Solmar - Livraria online<\/title>\n<meta name=\"robots\" content=\"index, follow, max-snippet:-1, max-image-preview:large, max-video-preview:-1\" \/>\n<link rel=\"canonical\" href=\"https:\/\/livrariasolmar.pt\/en\/produto\/a-porta-trancada\/\" \/>\n<meta property=\"og:locale\" content=\"en_US\" \/>\n<meta property=\"og:type\" content=\"article\" \/>\n<meta property=\"og:title\" content=\"A Porta Trancada - Livraria Solmar - Livraria online\" \/>\n<meta property=\"og:description\" content=\"Nora tinha onze anos. N\u00e3o fazia a m\u00ednima ideia de que, enquanto fazia os trabalhos de casa no quarto, o seu pai passava o tempo a matar mulheres na cave... At\u00e9 ao dia em que a pol\u00edcia lhes bateu \u00e0 porta.  D\u00e9cadas depois, o pai est\u00e1 a cumprir pena de pris\u00e3o num estabelecimento de seguran\u00e7a m\u00e1xima e Nora \u00e9 uma cirurgi\u00e3 de sucesso com uma exist\u00eancia tranquila e solit\u00e1ria. Ningu\u00e9m sabe que o pai \u00e9 um conhecido assassino em s\u00e9rie e Nora deseja que assim continue.  Um dia, uma das pacientes de Nora \u00e9 assassinada da mesma maneira \u00fanica e cruel usada pelo pai para matar as suas v\u00edtimas.  Algu\u00e9m conhece o passado de Nora e quer imputar-lhe a culpa deste crime. No entanto, Nora n\u00e3o \u00e9 uma assassina como o pai. A pol\u00edcia n\u00e3o a pode acusar. A n\u00e3o ser que procurem na sua cave\u2026\" \/>\n<meta property=\"og:url\" content=\"https:\/\/livrariasolmar.pt\/produto\/a-porta-trancada\/\" \/>\n<meta property=\"og:site_name\" content=\"Livraria Solmar - Livraria online\" \/>\n<meta property=\"article:modified_time\" content=\"2024-01-29T17:29:32+00:00\" \/>\n<meta property=\"og:image\" content=\"https:\/\/livrariasolmar.pt\/wp-content\/uploads\/2023\/11\/500_9789895701759_capa.jpg\" \/>\n\t<meta property=\"og:image:width\" content=\"329\" \/>\n\t<meta property=\"og:image:height\" content=\"500\" \/>\n<meta name=\"twitter:card\" content=\"summary_large_image\" \/>\n<script type=\"application\/ld+json\" class=\"yoast-schema-graph\">{\"@context\":\"https:\/\/schema.org\",\"@graph\":[{\"@type\":\"WebSite\",\"@id\":\"https:\/\/livrariasolmar.pt\/#website\",\"url\":\"https:\/\/livrariasolmar.pt\/\",\"name\":\"Livraria Solmar - Livraria online\",\"description\":\"Com\\u00e9rcio Livros E Objetos De Arte, Lda - Ponta Delgada, A\\u00e7ores\",\"potentialAction\":[{\"@type\":\"SearchAction\",\"target\":{\"@type\":\"EntryPoint\",\"urlTemplate\":\"https:\/\/livrariasolmar.pt\/?s={search_term_string}\"},\"query-input\":\"required name=search_term_string\"}],\"inLanguage\":\"en-US\"},{\"@type\":\"ImageObject\",\"@id\":\"https:\/\/livrariasolmar.pt\/produto\/a-porta-trancada\/#primaryimage\",\"inLanguage\":\"en-US\",\"url\":\"https:\/\/livrariasolmar.pt\/wp-content\/uploads\/2023\/11\/500_9789895701759_capa.jpg\",\"contentUrl\":\"https:\/\/livrariasolmar.pt\/wp-content\/uploads\/2023\/11\/500_9789895701759_capa.jpg\",\"width\":329,\"height\":500},{\"@type\":\"WebPage\",\"@id\":\"https:\/\/livrariasolmar.pt\/produto\/a-porta-trancada\/#webpage\",\"url\":\"https:\/\/livrariasolmar.pt\/produto\/a-porta-trancada\/\",\"name\":\"A Porta Trancada - Livraria Solmar - Livraria online\",\"isPartOf\":{\"@id\":\"https:\/\/livrariasolmar.pt\/#website\"},\"primaryImageOfPage\":{\"@id\":\"https:\/\/livrariasolmar.pt\/produto\/a-porta-trancada\/#primaryimage\"},\"datePublished\":\"2023-11-16T17:18:18+00:00\",\"dateModified\":\"2024-01-29T17:29:32+00:00\",\"breadcrumb\":{\"@id\":\"https:\/\/livrariasolmar.pt\/produto\/a-porta-trancada\/#breadcrumb\"},\"inLanguage\":\"en-US\",\"potentialAction\":[{\"@type\":\"ReadAction\",\"target\":[\"https:\/\/livrariasolmar.pt\/produto\/a-porta-trancada\/\"]}]},{\"@type\":\"BreadcrumbList\",\"@id\":\"https:\/\/livrariasolmar.pt\/produto\/a-porta-trancada\/#breadcrumb\",\"itemListElement\":[{\"@type\":\"ListItem\",\"position\":1,\"name\":\"In\\u00edcio\",\"item\":\"https:\/\/livrariasolmar.pt\/en\/\"},{\"@type\":\"ListItem\",\"position\":2,\"name\":\"Shop\",\"item\":\"https:\/\/livrariasolmar.pt\/en\/shop\/\"},{\"@type\":\"ListItem\",\"position\":3,\"name\":\"A Porta Trancada\"}]}]}<\/script>\n<!-- \/ Yoast SEO plugin. -->","_links":{"self":[{"href":"https:\/\/livrariasolmar.pt\/en\/wp-json\/wp\/v2\/product\/7677"}],"collection":[{"href":"https:\/\/livrariasolmar.pt\/en\/wp-json\/wp\/v2\/product"}],"about":[{"href":"https:\/\/livrariasolmar.pt\/en\/wp-json\/wp\/v2\/types\/product"}],"author":[{"embeddable":true,"href":"https:\/\/livrariasolmar.pt\/en\/wp-json\/wp\/v2\/users\/2"}],"wp:featuredmedia":[{"embeddable":true,"href":"https:\/\/livrariasolmar.pt\/en\/wp-json\/wp\/v2\/media\/7678"}],"wp:attachment":[{"href":"https:\/\/livrariasolmar.pt\/en\/wp-json\/wp\/v2\/media?parent=7677"}],"wp:term":[{"taxonomy":"product_cat","embeddable":true,"href":"https:\/\/livrariasolmar.pt\/en\/wp-json\/wp\/v2\/product_cat?post=7677"},{"taxonomy":"product_tag","embeddable":true,"href":"https:\/\/livrariasolmar.pt\/en\/wp-json\/wp\/v2\/product_tag?post=7677"},{"taxonomy":"cat_produtos","embeddable":true,"href":"https:\/\/livrariasolmar.pt\/en\/wp-json\/wp\/v2\/cat_produtos?post=7677"}],"curies":[{"name":"wp","href":"https:\/\/api.w.org\/{rel}","templated":true}]}}