{"id":7699,"date":"2023-11-18T19:53:05","date_gmt":"2023-11-18T19:53:05","guid":{"rendered":"https:\/\/livrariasolmar.pt\/?post_type=product&#038;p=7699"},"modified":"2024-01-27T19:53:29","modified_gmt":"2024-01-27T19:53:29","slug":"depois-da-chuva","status":"publish","type":"product","link":"https:\/\/livrariasolmar.pt\/en\/produto\/depois-da-chuva\/","title":{"rendered":"Depois da Chuva"},"content":{"rendered":"","protected":false},"excerpt":{"rendered":"<p><i>Depois da chuva<\/i>\u00a0de Miguel Cerro foi a obra galardoada com o VIII Pr\u00e9mio de Compostela para \u00c1lbuns Ilustrados. Trata-se uma f\u00e1bula moderna sobre a supera\u00e7\u00e3o das adversidades, a adapta\u00e7\u00e3o ao meio envolvente e a colabora\u00e7\u00e3o de uns e de outros para a sobreviv\u00eancia do coletivo. Uma chuva diluvial inunda o bosque e os seus habitantes s\u00e3o obrigados a abrigarem-se num ref\u00fagio improvisado. Uma raposa oferece-se para ir buscar comida e \u00e1gua, mas os seus companheiros n\u00e3o acreditam nas suas capacidades &#8211; nem nas suas inten\u00e7\u00f5es &#8211; e distribuem essas tarefas pelos outros animais&#8230;<\/p>\n","protected":false},"author":2,"featured_media":7700,"template":"","meta":[],"product_cat":[172],"product_tag":[],"cat_produtos":[],"yoast_head":"<!-- This site is optimized with the Yoast SEO plugin v16.6 - https:\/\/yoast.com\/wordpress\/plugins\/seo\/ -->\n<title>Depois da Chuva - Livraria Solmar - Livraria online<\/title>\n<meta name=\"robots\" content=\"index, follow, max-snippet:-1, max-image-preview:large, max-video-preview:-1\" \/>\n<link rel=\"canonical\" href=\"https:\/\/livrariasolmar.pt\/en\/produto\/depois-da-chuva\/\" \/>\n<meta property=\"og:locale\" content=\"en_US\" \/>\n<meta property=\"og:type\" content=\"article\" \/>\n<meta property=\"og:title\" content=\"Depois da Chuva - Livraria Solmar - Livraria online\" \/>\n<meta property=\"og:description\" content=\"Depois da chuva\u00a0de Miguel Cerro foi a obra galardoada com o VIII Pr\u00e9mio de Compostela para \u00c1lbuns Ilustrados. Trata-se uma f\u00e1bula moderna sobre a supera\u00e7\u00e3o das adversidades, a adapta\u00e7\u00e3o ao meio envolvente e a colabora\u00e7\u00e3o de uns e de outros para a sobreviv\u00eancia do coletivo. Uma chuva diluvial inunda o bosque e os seus habitantes s\u00e3o obrigados a abrigarem-se num ref\u00fagio improvisado. Uma raposa oferece-se para ir buscar comida e \u00e1gua, mas os seus companheiros n\u00e3o acreditam nas suas capacidades - nem nas suas inten\u00e7\u00f5es - e distribuem essas tarefas pelos outros animais...\" \/>\n<meta property=\"og:url\" content=\"https:\/\/livrariasolmar.pt\/produto\/depois-da-chuva\/\" \/>\n<meta property=\"og:site_name\" content=\"Livraria Solmar - Livraria online\" \/>\n<meta property=\"article:modified_time\" content=\"2024-01-27T19:53:29+00:00\" \/>\n<meta property=\"og:image\" content=\"https:\/\/livrariasolmar.pt\/wp-content\/uploads\/2023\/11\/9789897490552_1696989853.jpg\" \/>\n\t<meta property=\"og:image:width\" content=\"530\" \/>\n\t<meta property=\"og:image:height\" content=\"800\" \/>\n<meta name=\"twitter:card\" content=\"summary_large_image\" \/>\n<script type=\"application\/ld+json\" class=\"yoast-schema-graph\">{\"@context\":\"https:\/\/schema.org\",\"@graph\":[{\"@type\":\"WebSite\",\"@id\":\"https:\/\/livrariasolmar.pt\/#website\",\"url\":\"https:\/\/livrariasolmar.pt\/\",\"name\":\"Livraria Solmar - Livraria online\",\"description\":\"Com\\u00e9rcio Livros E Objetos De Arte, Lda - Ponta Delgada, A\\u00e7ores\",\"potentialAction\":[{\"@type\":\"SearchAction\",\"target\":{\"@type\":\"EntryPoint\",\"urlTemplate\":\"https:\/\/livrariasolmar.pt\/?s={search_term_string}\"},\"query-input\":\"required name=search_term_string\"}],\"inLanguage\":\"en-US\"},{\"@type\":\"ImageObject\",\"@id\":\"https:\/\/livrariasolmar.pt\/produto\/depois-da-chuva\/#primaryimage\",\"inLanguage\":\"en-US\",\"url\":\"https:\/\/livrariasolmar.pt\/wp-content\/uploads\/2023\/11\/9789897490552_1696989853.jpg\",\"contentUrl\":\"https:\/\/livrariasolmar.pt\/wp-content\/uploads\/2023\/11\/9789897490552_1696989853.jpg\",\"width\":530,\"height\":800},{\"@type\":\"WebPage\",\"@id\":\"https:\/\/livrariasolmar.pt\/produto\/depois-da-chuva\/#webpage\",\"url\":\"https:\/\/livrariasolmar.pt\/produto\/depois-da-chuva\/\",\"name\":\"Depois da Chuva - Livraria Solmar - Livraria online\",\"isPartOf\":{\"@id\":\"https:\/\/livrariasolmar.pt\/#website\"},\"primaryImageOfPage\":{\"@id\":\"https:\/\/livrariasolmar.pt\/produto\/depois-da-chuva\/#primaryimage\"},\"datePublished\":\"2023-11-18T19:53:05+00:00\",\"dateModified\":\"2024-01-27T19:53:29+00:00\",\"breadcrumb\":{\"@id\":\"https:\/\/livrariasolmar.pt\/produto\/depois-da-chuva\/#breadcrumb\"},\"inLanguage\":\"en-US\",\"potentialAction\":[{\"@type\":\"ReadAction\",\"target\":[\"https:\/\/livrariasolmar.pt\/produto\/depois-da-chuva\/\"]}]},{\"@type\":\"BreadcrumbList\",\"@id\":\"https:\/\/livrariasolmar.pt\/produto\/depois-da-chuva\/#breadcrumb\",\"itemListElement\":[{\"@type\":\"ListItem\",\"position\":1,\"name\":\"In\\u00edcio\",\"item\":\"https:\/\/livrariasolmar.pt\/en\/\"},{\"@type\":\"ListItem\",\"position\":2,\"name\":\"Shop\",\"item\":\"https:\/\/livrariasolmar.pt\/en\/shop\/\"},{\"@type\":\"ListItem\",\"position\":3,\"name\":\"Depois da Chuva\"}]}]}<\/script>\n<!-- \/ Yoast SEO plugin. -->","_links":{"self":[{"href":"https:\/\/livrariasolmar.pt\/en\/wp-json\/wp\/v2\/product\/7699"}],"collection":[{"href":"https:\/\/livrariasolmar.pt\/en\/wp-json\/wp\/v2\/product"}],"about":[{"href":"https:\/\/livrariasolmar.pt\/en\/wp-json\/wp\/v2\/types\/product"}],"author":[{"embeddable":true,"href":"https:\/\/livrariasolmar.pt\/en\/wp-json\/wp\/v2\/users\/2"}],"wp:featuredmedia":[{"embeddable":true,"href":"https:\/\/livrariasolmar.pt\/en\/wp-json\/wp\/v2\/media\/7700"}],"wp:attachment":[{"href":"https:\/\/livrariasolmar.pt\/en\/wp-json\/wp\/v2\/media?parent=7699"}],"wp:term":[{"taxonomy":"product_cat","embeddable":true,"href":"https:\/\/livrariasolmar.pt\/en\/wp-json\/wp\/v2\/product_cat?post=7699"},{"taxonomy":"product_tag","embeddable":true,"href":"https:\/\/livrariasolmar.pt\/en\/wp-json\/wp\/v2\/product_tag?post=7699"},{"taxonomy":"cat_produtos","embeddable":true,"href":"https:\/\/livrariasolmar.pt\/en\/wp-json\/wp\/v2\/cat_produtos?post=7699"}],"curies":[{"name":"wp","href":"https:\/\/api.w.org\/{rel}","templated":true}]}}