{"id":7756,"date":"2023-11-29T14:50:53","date_gmt":"2023-11-29T14:50:53","guid":{"rendered":"https:\/\/livrariasolmar.pt\/?post_type=product&#038;p=7756"},"modified":"2024-01-18T19:04:11","modified_gmt":"2024-01-18T19:04:11","slug":"nomadas","status":"publish","type":"product","link":"https:\/\/livrariasolmar.pt\/en\/produto\/nomadas\/","title":{"rendered":"N\u00f3madas"},"content":{"rendered":"","protected":false},"excerpt":{"rendered":"<p>Reconstituindo as andan\u00e7as \u00e9picas dos povos n\u00f3madas ao longo de doze mil anos, o reputado jornalista e autor de livros de viagens Anthony Sattin entretece as hist\u00f3rias das tribos que viveram fora das fronteiras imperiais e criaram reinos e imp\u00e9rios pr\u00f3prios: citas, xiongnu, persas, hunos, \u00e1rabes, mong\u00f3is, mog\u00f3is, otomanos e outros.<\/p>\n<p>Com a sua multiculturalidade, o seu respeito pelos ciclos naturais e a sua necessidade de se movimentarem livremente, os povos n\u00f3madas trouxeram um espl\u00eandido florescimento cultural \u00e0 Eur\u00e1sia, que desembocaria no Renascimento e numa mudan\u00e7a radical da hist\u00f3ria humana.<\/p>\n<p>Esta narrativa abrangente religa-nos com os mitos mais profundos, com uma antiguidade partilhada e com o mundo natural.\u00a0<i>N\u00f3madas<\/i>\u00a0revela-nos a hist\u00f3ria da civiliza\u00e7\u00e3o, narrada pelos que vivem \u00e0 margem dela.<\/p>\n","protected":false},"author":2,"featured_media":7757,"template":"","meta":[],"product_cat":[366],"product_tag":[],"cat_produtos":[],"yoast_head":"<!-- This site is optimized with the Yoast SEO plugin v16.6 - https:\/\/yoast.com\/wordpress\/plugins\/seo\/ -->\n<title>N\u00f3madas - Livraria Solmar - Livraria online<\/title>\n<meta name=\"robots\" content=\"index, follow, max-snippet:-1, max-image-preview:large, max-video-preview:-1\" \/>\n<link rel=\"canonical\" href=\"https:\/\/livrariasolmar.pt\/en\/produto\/nomadas\/\" \/>\n<meta property=\"og:locale\" content=\"en_US\" \/>\n<meta property=\"og:type\" content=\"article\" \/>\n<meta property=\"og:title\" content=\"N\u00f3madas - Livraria Solmar - Livraria online\" \/>\n<meta property=\"og:description\" content=\"Reconstituindo as andan\u00e7as \u00e9picas dos povos n\u00f3madas ao longo de doze mil anos, o reputado jornalista e autor de livros de viagens Anthony Sattin entretece as hist\u00f3rias das tribos que viveram fora das fronteiras imperiais e criaram reinos e imp\u00e9rios pr\u00f3prios: citas, xiongnu, persas, hunos, \u00e1rabes, mong\u00f3is, mog\u00f3is, otomanos e outros.  Com a sua multiculturalidade, o seu respeito pelos ciclos naturais e a sua necessidade de se movimentarem livremente, os povos n\u00f3madas trouxeram um espl\u00eandido florescimento cultural \u00e0 Eur\u00e1sia, que desembocaria no Renascimento e numa mudan\u00e7a radical da hist\u00f3ria humana.  Esta narrativa abrangente religa-nos com os mitos mais profundos, com uma antiguidade partilhada e com o mundo natural.\u00a0N\u00f3madas\u00a0revela-nos a hist\u00f3ria da civiliza\u00e7\u00e3o, narrada pelos que vivem \u00e0 margem dela.\" \/>\n<meta property=\"og:url\" content=\"https:\/\/livrariasolmar.pt\/produto\/nomadas\/\" \/>\n<meta property=\"og:site_name\" content=\"Livraria Solmar - Livraria online\" \/>\n<meta property=\"article:modified_time\" content=\"2024-01-18T19:04:11+00:00\" \/>\n<meta property=\"og:image\" content=\"https:\/\/livrariasolmar.pt\/wp-content\/uploads\/2023\/11\/500_9789896447908_capa.jpg\" \/>\n\t<meta property=\"og:image:width\" content=\"323\" \/>\n\t<meta property=\"og:image:height\" content=\"500\" \/>\n<meta name=\"twitter:card\" content=\"summary_large_image\" \/>\n<script type=\"application\/ld+json\" class=\"yoast-schema-graph\">{\"@context\":\"https:\/\/schema.org\",\"@graph\":[{\"@type\":\"WebSite\",\"@id\":\"https:\/\/livrariasolmar.pt\/#website\",\"url\":\"https:\/\/livrariasolmar.pt\/\",\"name\":\"Livraria Solmar - Livraria online\",\"description\":\"Com\\u00e9rcio Livros E Objetos De Arte, Lda - Ponta Delgada, A\\u00e7ores\",\"potentialAction\":[{\"@type\":\"SearchAction\",\"target\":{\"@type\":\"EntryPoint\",\"urlTemplate\":\"https:\/\/livrariasolmar.pt\/?s={search_term_string}\"},\"query-input\":\"required name=search_term_string\"}],\"inLanguage\":\"en-US\"},{\"@type\":\"ImageObject\",\"@id\":\"https:\/\/livrariasolmar.pt\/produto\/nomadas\/#primaryimage\",\"inLanguage\":\"en-US\",\"url\":\"https:\/\/livrariasolmar.pt\/wp-content\/uploads\/2023\/11\/500_9789896447908_capa.jpg\",\"contentUrl\":\"https:\/\/livrariasolmar.pt\/wp-content\/uploads\/2023\/11\/500_9789896447908_capa.jpg\",\"width\":323,\"height\":500},{\"@type\":\"WebPage\",\"@id\":\"https:\/\/livrariasolmar.pt\/produto\/nomadas\/#webpage\",\"url\":\"https:\/\/livrariasolmar.pt\/produto\/nomadas\/\",\"name\":\"N\\u00f3madas - Livraria Solmar - Livraria online\",\"isPartOf\":{\"@id\":\"https:\/\/livrariasolmar.pt\/#website\"},\"primaryImageOfPage\":{\"@id\":\"https:\/\/livrariasolmar.pt\/produto\/nomadas\/#primaryimage\"},\"datePublished\":\"2023-11-29T14:50:53+00:00\",\"dateModified\":\"2024-01-18T19:04:11+00:00\",\"breadcrumb\":{\"@id\":\"https:\/\/livrariasolmar.pt\/produto\/nomadas\/#breadcrumb\"},\"inLanguage\":\"en-US\",\"potentialAction\":[{\"@type\":\"ReadAction\",\"target\":[\"https:\/\/livrariasolmar.pt\/produto\/nomadas\/\"]}]},{\"@type\":\"BreadcrumbList\",\"@id\":\"https:\/\/livrariasolmar.pt\/produto\/nomadas\/#breadcrumb\",\"itemListElement\":[{\"@type\":\"ListItem\",\"position\":1,\"name\":\"In\\u00edcio\",\"item\":\"https:\/\/livrariasolmar.pt\/en\/\"},{\"@type\":\"ListItem\",\"position\":2,\"name\":\"Shop\",\"item\":\"https:\/\/livrariasolmar.pt\/en\/shop\/\"},{\"@type\":\"ListItem\",\"position\":3,\"name\":\"N\\u00f3madas\"}]}]}<\/script>\n<!-- \/ Yoast SEO plugin. -->","_links":{"self":[{"href":"https:\/\/livrariasolmar.pt\/en\/wp-json\/wp\/v2\/product\/7756"}],"collection":[{"href":"https:\/\/livrariasolmar.pt\/en\/wp-json\/wp\/v2\/product"}],"about":[{"href":"https:\/\/livrariasolmar.pt\/en\/wp-json\/wp\/v2\/types\/product"}],"author":[{"embeddable":true,"href":"https:\/\/livrariasolmar.pt\/en\/wp-json\/wp\/v2\/users\/2"}],"wp:featuredmedia":[{"embeddable":true,"href":"https:\/\/livrariasolmar.pt\/en\/wp-json\/wp\/v2\/media\/7757"}],"wp:attachment":[{"href":"https:\/\/livrariasolmar.pt\/en\/wp-json\/wp\/v2\/media?parent=7756"}],"wp:term":[{"taxonomy":"product_cat","embeddable":true,"href":"https:\/\/livrariasolmar.pt\/en\/wp-json\/wp\/v2\/product_cat?post=7756"},{"taxonomy":"product_tag","embeddable":true,"href":"https:\/\/livrariasolmar.pt\/en\/wp-json\/wp\/v2\/product_tag?post=7756"},{"taxonomy":"cat_produtos","embeddable":true,"href":"https:\/\/livrariasolmar.pt\/en\/wp-json\/wp\/v2\/cat_produtos?post=7756"}],"curies":[{"name":"wp","href":"https:\/\/api.w.org\/{rel}","templated":true}]}}