{"id":7793,"date":"2023-12-02T19:52:59","date_gmt":"2023-12-02T19:52:59","guid":{"rendered":"https:\/\/livrariasolmar.pt\/?post_type=product&#038;p=7793"},"modified":"2023-12-26T17:30:41","modified_gmt":"2023-12-26T17:30:41","slug":"rebeldes-magnificos","status":"publish","type":"product","link":"https:\/\/livrariasolmar.pt\/en\/produto\/rebeldes-magnificos\/","title":{"rendered":"Rebeldes Magn\u00edficos"},"content":{"rendered":"","protected":false},"excerpt":{"rendered":"<p>Da autora do\u00a0<i>bestseller A Inven\u00e7\u00e3o da Natureza<\/i>, a hist\u00f3ria inspiradora de um grupo not\u00e1vel de intelectuais rebeldes que mudou a maneira como pensamos sobre n\u00f3s pr\u00f3prios e sobre o mundo.<\/p>\n<p>Esque\u00e7amos Paris&#8230; a verdadeira Revolu\u00e7\u00e3o na d\u00e9cada de 1790 aconteceu em Jena, uma tranquila cidade universit\u00e1ria alem\u00e3, onde os improv\u00e1veis revolucion\u00e1rios n\u00e3o eram soldados ou pol\u00edticos, mas poetas e dramaturgos (Goethe, Schiller e Novalis), fil\u00f3sofos (Fichte, Schelling e Hegel),\u00a0cr\u00edticos liter\u00e1rios (os quezilentos irm\u00e3os Schlegel) e cientistas (Alexander von Humboldt). E, no centro deles, estava a carism\u00e1tica Caroline B\u00f6hmer.<\/p>\n<p>No Grupo de Jena nasceram os primeiros rom\u00e2nticos. As suas vidas n\u00e3o convencionais foram laborat\u00f3rios para ideias radicais sobre o poder criativo do eu, as aspira\u00e7\u00f5es da arte e da ci\u00eancia, a natureza e o verdadeiro significado de liberdade.<\/p>\n<p>Neste livro, Andrea Wulf transporta-nos numa viagem intensa pelas suas aventuras e desventuras, paix\u00f5es e rixas \u00e9picas, \u00eaxitos e desgostos, dando vida, em cada uma das p\u00e1ginas, a estes her\u00f3is da hist\u00f3ria cient\u00edfica e liter\u00e1ria.<\/p>\n","protected":false},"author":2,"featured_media":7794,"template":"","meta":[],"product_cat":[153],"product_tag":[],"cat_produtos":[],"yoast_head":"<!-- This site is optimized with the Yoast SEO plugin v16.6 - https:\/\/yoast.com\/wordpress\/plugins\/seo\/ -->\n<title>Rebeldes Magn\u00edficos - Livraria Solmar - Livraria online<\/title>\n<meta name=\"robots\" content=\"index, follow, max-snippet:-1, max-image-preview:large, max-video-preview:-1\" \/>\n<link rel=\"canonical\" href=\"https:\/\/livrariasolmar.pt\/en\/produto\/rebeldes-magnificos\/\" \/>\n<meta property=\"og:locale\" content=\"en_US\" \/>\n<meta property=\"og:type\" content=\"article\" \/>\n<meta property=\"og:title\" content=\"Rebeldes Magn\u00edficos - Livraria Solmar - Livraria online\" \/>\n<meta property=\"og:description\" content=\"Da autora do\u00a0bestseller A Inven\u00e7\u00e3o da Natureza, a hist\u00f3ria inspiradora de um grupo not\u00e1vel de intelectuais rebeldes que mudou a maneira como pensamos sobre n\u00f3s pr\u00f3prios e sobre o mundo.  Esque\u00e7amos Paris... a verdadeira Revolu\u00e7\u00e3o na d\u00e9cada de 1790 aconteceu em Jena, uma tranquila cidade universit\u00e1ria alem\u00e3, onde os improv\u00e1veis revolucion\u00e1rios n\u00e3o eram soldados ou pol\u00edticos, mas poetas e dramaturgos (Goethe, Schiller e Novalis), fil\u00f3sofos (Fichte, Schelling e Hegel),\u00a0cr\u00edticos liter\u00e1rios (os quezilentos irm\u00e3os Schlegel) e cientistas (Alexander von Humboldt). E, no centro deles, estava a carism\u00e1tica Caroline B\u00f6hmer.  No Grupo de Jena nasceram os primeiros rom\u00e2nticos. As suas vidas n\u00e3o convencionais foram laborat\u00f3rios para ideias radicais sobre o poder criativo do eu, as aspira\u00e7\u00f5es da arte e da ci\u00eancia, a natureza e o verdadeiro significado de liberdade.  Neste livro, Andrea Wulf transporta-nos numa viagem intensa pelas suas aventuras e desventuras, paix\u00f5es e rixas \u00e9picas, \u00eaxitos e desgostos, dando vida, em cada uma das p\u00e1ginas, a estes her\u00f3is da hist\u00f3ria cient\u00edfica e liter\u00e1ria.\" \/>\n<meta property=\"og:url\" content=\"https:\/\/livrariasolmar.pt\/produto\/rebeldes-magnificos\/\" \/>\n<meta property=\"og:site_name\" content=\"Livraria Solmar - Livraria online\" \/>\n<meta property=\"article:modified_time\" content=\"2023-12-26T17:30:41+00:00\" \/>\n<meta property=\"og:image\" content=\"https:\/\/livrariasolmar.pt\/wp-content\/uploads\/2023\/12\/500_9789896447762_capa.jpg\" \/>\n\t<meta property=\"og:image:width\" content=\"321\" \/>\n\t<meta property=\"og:image:height\" content=\"500\" \/>\n<meta name=\"twitter:card\" content=\"summary_large_image\" \/>\n<script type=\"application\/ld+json\" class=\"yoast-schema-graph\">{\"@context\":\"https:\/\/schema.org\",\"@graph\":[{\"@type\":\"WebSite\",\"@id\":\"https:\/\/livrariasolmar.pt\/#website\",\"url\":\"https:\/\/livrariasolmar.pt\/\",\"name\":\"Livraria Solmar - Livraria online\",\"description\":\"Com\\u00e9rcio Livros E Objetos De Arte, Lda - Ponta Delgada, A\\u00e7ores\",\"potentialAction\":[{\"@type\":\"SearchAction\",\"target\":{\"@type\":\"EntryPoint\",\"urlTemplate\":\"https:\/\/livrariasolmar.pt\/?s={search_term_string}\"},\"query-input\":\"required name=search_term_string\"}],\"inLanguage\":\"en-US\"},{\"@type\":\"ImageObject\",\"@id\":\"https:\/\/livrariasolmar.pt\/produto\/rebeldes-magnificos\/#primaryimage\",\"inLanguage\":\"en-US\",\"url\":\"https:\/\/livrariasolmar.pt\/wp-content\/uploads\/2023\/12\/500_9789896447762_capa.jpg\",\"contentUrl\":\"https:\/\/livrariasolmar.pt\/wp-content\/uploads\/2023\/12\/500_9789896447762_capa.jpg\",\"width\":321,\"height\":500},{\"@type\":\"WebPage\",\"@id\":\"https:\/\/livrariasolmar.pt\/produto\/rebeldes-magnificos\/#webpage\",\"url\":\"https:\/\/livrariasolmar.pt\/produto\/rebeldes-magnificos\/\",\"name\":\"Rebeldes Magn\\u00edficos - Livraria Solmar - Livraria online\",\"isPartOf\":{\"@id\":\"https:\/\/livrariasolmar.pt\/#website\"},\"primaryImageOfPage\":{\"@id\":\"https:\/\/livrariasolmar.pt\/produto\/rebeldes-magnificos\/#primaryimage\"},\"datePublished\":\"2023-12-02T19:52:59+00:00\",\"dateModified\":\"2023-12-26T17:30:41+00:00\",\"breadcrumb\":{\"@id\":\"https:\/\/livrariasolmar.pt\/produto\/rebeldes-magnificos\/#breadcrumb\"},\"inLanguage\":\"en-US\",\"potentialAction\":[{\"@type\":\"ReadAction\",\"target\":[\"https:\/\/livrariasolmar.pt\/produto\/rebeldes-magnificos\/\"]}]},{\"@type\":\"BreadcrumbList\",\"@id\":\"https:\/\/livrariasolmar.pt\/produto\/rebeldes-magnificos\/#breadcrumb\",\"itemListElement\":[{\"@type\":\"ListItem\",\"position\":1,\"name\":\"In\\u00edcio\",\"item\":\"https:\/\/livrariasolmar.pt\/en\/\"},{\"@type\":\"ListItem\",\"position\":2,\"name\":\"Shop\",\"item\":\"https:\/\/livrariasolmar.pt\/en\/shop\/\"},{\"@type\":\"ListItem\",\"position\":3,\"name\":\"Rebeldes Magn\\u00edficos\"}]}]}<\/script>\n<!-- \/ Yoast SEO plugin. -->","_links":{"self":[{"href":"https:\/\/livrariasolmar.pt\/en\/wp-json\/wp\/v2\/product\/7793"}],"collection":[{"href":"https:\/\/livrariasolmar.pt\/en\/wp-json\/wp\/v2\/product"}],"about":[{"href":"https:\/\/livrariasolmar.pt\/en\/wp-json\/wp\/v2\/types\/product"}],"author":[{"embeddable":true,"href":"https:\/\/livrariasolmar.pt\/en\/wp-json\/wp\/v2\/users\/2"}],"wp:featuredmedia":[{"embeddable":true,"href":"https:\/\/livrariasolmar.pt\/en\/wp-json\/wp\/v2\/media\/7794"}],"wp:attachment":[{"href":"https:\/\/livrariasolmar.pt\/en\/wp-json\/wp\/v2\/media?parent=7793"}],"wp:term":[{"taxonomy":"product_cat","embeddable":true,"href":"https:\/\/livrariasolmar.pt\/en\/wp-json\/wp\/v2\/product_cat?post=7793"},{"taxonomy":"product_tag","embeddable":true,"href":"https:\/\/livrariasolmar.pt\/en\/wp-json\/wp\/v2\/product_tag?post=7793"},{"taxonomy":"cat_produtos","embeddable":true,"href":"https:\/\/livrariasolmar.pt\/en\/wp-json\/wp\/v2\/cat_produtos?post=7793"}],"curies":[{"name":"wp","href":"https:\/\/api.w.org\/{rel}","templated":true}]}}