{"id":7821,"date":"2023-12-13T18:52:38","date_gmt":"2023-12-13T18:52:38","guid":{"rendered":"https:\/\/livrariasolmar.pt\/?post_type=product&#038;p=7821"},"modified":"2024-06-03T19:00:30","modified_gmt":"2024-06-03T19:00:30","slug":"coisa-que-nao-edifica-nem-destroi","status":"publish","type":"product","link":"https:\/\/livrariasolmar.pt\/en\/produto\/coisa-que-nao-edifica-nem-destroi\/","title":{"rendered":"Coisa que N\u00e3o Edifica Nem Destr\u00f3i"},"content":{"rendered":"","protected":false},"excerpt":{"rendered":"<p>Coisa Que n\u00e3o Edifica nem Destr\u00f3i \u00e9 uma experi\u00eancia social em que Ricardo Ara\u00fajo Pereira divaga sozinho durante bastante tempo sobre assuntos que o entusiasmam muito mas talvez n\u00e3o interessem a mais ningu\u00e9m. \u00c0s vezes, aborrece as pessoas.<\/p>\n<p>O objectivo come\u00e7ou por ser obter o maior n\u00famero poss\u00edvel de ouvintes, como \u00abquando aquele ovo era a fotografia com mais likes do Instagram, e agora \u00e9 obter tamb\u00e9m o maior n\u00famero poss\u00edvel de leitores. Partindo de temas espec\u00edficos \u2014 como o medo, a precis\u00e3o de uma piada, excrementos, moscas, irrita\u00e7\u00f5es e, sempre, o humor \u2014, RAP ilustra os seus argumentos recorrendo a textos, desde a antiguidade cl\u00e1ssica at\u00e9 aos nossos dias, que usam a linguagem como motor da efic\u00e1cia nos mecanismos humor\u00edsticos.<\/p>\n<p>O podcast hom\u00f3nimo est\u00e1 dispon\u00edvel nas plataformas do Expresso e da SIC.<\/p>\n<p>\u00abVai falar-se desavergonhadamente de humor. \u00c9 melhor dizer esavergonhadamente, porque isto de um humorista falar do seu of\u00edcio \u00e9 um passatempo que \u00e0s vezes \u00e9 n\u00e3o s\u00f3 escarnecido, como at\u00e9 desaconselhado. A primeira frase da Hist\u00f3ria do Riso e do Esc\u00e1rnio, de Georges Minois, \u00e9: \u2018O riso \u00e9 assunto demasiadamente s\u00e9rio para ser deixado aos c\u00f3micos.\u2019 Ora, eu estou-me borrifando para as advertenciazinhas do Georges e falo do que eu quiser. Mas de facto n\u00e3o falta quem ache esquisito que um humorista se entretenha a falar de humor, e eu tenho impress\u00e3o que isso se deve a algumas expectativas que n\u00f3s costumamos ter n\u00e3o s\u00f3 em rela\u00e7\u00e3o ao humor, mas tamb\u00e9m, por extens\u00e3o, aos humoristas.<\/p>\n<p>Por exemplo, isto n\u00e3o acontece em outras \u00e1rea de actividade, muito pelo contr\u00e1rio. O que causaria estranheza seria que um m\u00fasico, um pintor ou um realizador n\u00e3o tivessem uma ideia sobre o que o seu trabalho deveria ser. E um escritor que n\u00e3o saiba nada de literatura \u00e9, ali\u00e1s, muito justamente, reputado de idiota. Quando se trata de humor, parece que se considera que falar do assunto estraga uma esp\u00e9cie de magia, ou destr\u00f3i aquela espontaneidade que est\u00e1 normalmente associada ao discurso humor\u00edstico. Mas conv\u00e9m n\u00e3o perder de vista que essa espontaneidade \u00e9 quase sempre apenas aparente e que \u00e9 tanto mais persuasiva e eficaz quanto melhor for fingida. No fundo, o que eu quero dizer \u00e9 que isto do humor tem tanto de m\u00edstico como qualquer outra forma de escrita ou de trabalho, ou seja, nada.\u00bb \u2014RICARDO ARA\u00daJO PEREIRA<\/p>\n","protected":false},"author":2,"featured_media":7822,"template":"","meta":[],"product_cat":[153],"product_tag":[],"cat_produtos":[],"yoast_head":"<!-- This site is optimized with the Yoast SEO plugin v16.6 - https:\/\/yoast.com\/wordpress\/plugins\/seo\/ -->\n<title>Coisa que N\u00e3o Edifica Nem Destr\u00f3i - Livraria Solmar - Livraria online<\/title>\n<meta name=\"robots\" content=\"index, follow, max-snippet:-1, max-image-preview:large, max-video-preview:-1\" \/>\n<link rel=\"canonical\" href=\"https:\/\/livrariasolmar.pt\/en\/produto\/coisa-que-nao-edifica-nem-destroi\/\" \/>\n<meta property=\"og:locale\" content=\"en_US\" \/>\n<meta property=\"og:type\" content=\"article\" \/>\n<meta property=\"og:title\" content=\"Coisa que N\u00e3o Edifica Nem Destr\u00f3i - Livraria Solmar - Livraria online\" \/>\n<meta property=\"og:description\" content=\"Coisa Que n\u00e3o Edifica nem Destr\u00f3i \u00e9 uma experi\u00eancia social em que Ricardo Ara\u00fajo Pereira divaga sozinho durante bastante tempo sobre assuntos que o entusiasmam muito mas talvez n\u00e3o interessem a mais ningu\u00e9m. \u00c0s vezes, aborrece as pessoas.  O objectivo come\u00e7ou por ser obter o maior n\u00famero poss\u00edvel de ouvintes, como \u00abquando aquele ovo era a fotografia com mais likes do Instagram, e agora \u00e9 obter tamb\u00e9m o maior n\u00famero poss\u00edvel de leitores. Partindo de temas espec\u00edficos \u2014 como o medo, a precis\u00e3o de uma piada, excrementos, moscas, irrita\u00e7\u00f5es e, sempre, o humor \u2014, RAP ilustra os seus argumentos recorrendo a textos, desde a antiguidade cl\u00e1ssica at\u00e9 aos nossos dias, que usam a linguagem como motor da efic\u00e1cia nos mecanismos humor\u00edsticos.  O podcast hom\u00f3nimo est\u00e1 dispon\u00edvel nas plataformas do Expresso e da SIC.  \u00abVai falar-se desavergonhadamente de humor. \u00c9 melhor dizer esavergonhadamente, porque isto de um humorista falar do seu of\u00edcio \u00e9 um passatempo que \u00e0s vezes \u00e9 n\u00e3o s\u00f3 escarnecido, como at\u00e9 desaconselhado. A primeira frase da Hist\u00f3ria do Riso e do Esc\u00e1rnio, de Georges Minois, \u00e9: \u2018O riso \u00e9 assunto demasiadamente s\u00e9rio para ser deixado aos c\u00f3micos.\u2019 Ora, eu estou-me borrifando para as advertenciazinhas do Georges e falo do que eu quiser. Mas de facto n\u00e3o falta quem ache esquisito que um humorista se entretenha a falar de humor, e eu tenho impress\u00e3o que isso se deve a algumas expectativas que n\u00f3s costumamos ter n\u00e3o s\u00f3 em rela\u00e7\u00e3o ao humor, mas tamb\u00e9m, por extens\u00e3o, aos humoristas.  Por exemplo, isto n\u00e3o acontece em outras \u00e1rea de actividade, muito pelo contr\u00e1rio. O que causaria estranheza seria que um m\u00fasico, um pintor ou um realizador n\u00e3o tivessem uma ideia sobre o que o seu trabalho deveria ser. E um escritor que n\u00e3o saiba nada de literatura \u00e9, ali\u00e1s, muito justamente, reputado de idiota. Quando se trata de humor, parece que se considera que falar do assunto estraga uma esp\u00e9cie de magia, ou destr\u00f3i aquela espontaneidade que est\u00e1 normalmente associada ao discurso humor\u00edstico. Mas conv\u00e9m n\u00e3o perder de vista que essa espontaneidade \u00e9 quase sempre apenas aparente e que \u00e9 tanto mais persuasiva e eficaz quanto melhor for fingida. No fundo, o que eu quero dizer \u00e9 que isto do humor tem tanto de m\u00edstico como qualquer outra forma de escrita ou de trabalho, ou seja, nada.\u00bb \u2014RICARDO ARA\u00daJO PEREIRA\" \/>\n<meta property=\"og:url\" content=\"https:\/\/livrariasolmar.pt\/produto\/coisa-que-nao-edifica-nem-destroi\/\" \/>\n<meta property=\"og:site_name\" content=\"Livraria Solmar - Livraria online\" \/>\n<meta property=\"article:modified_time\" content=\"2024-06-03T19:00:30+00:00\" \/>\n<meta property=\"og:image\" content=\"https:\/\/livrariasolmar.pt\/wp-content\/uploads\/2023\/12\/500_9789896717995_capa.jpg\" \/>\n\t<meta property=\"og:image:width\" content=\"336\" \/>\n\t<meta property=\"og:image:height\" content=\"500\" \/>\n<meta name=\"twitter:card\" content=\"summary_large_image\" \/>\n<script type=\"application\/ld+json\" class=\"yoast-schema-graph\">{\"@context\":\"https:\/\/schema.org\",\"@graph\":[{\"@type\":\"WebSite\",\"@id\":\"https:\/\/livrariasolmar.pt\/#website\",\"url\":\"https:\/\/livrariasolmar.pt\/\",\"name\":\"Livraria Solmar - Livraria online\",\"description\":\"Com\\u00e9rcio Livros E Objetos De Arte, Lda - Ponta Delgada, A\\u00e7ores\",\"potentialAction\":[{\"@type\":\"SearchAction\",\"target\":{\"@type\":\"EntryPoint\",\"urlTemplate\":\"https:\/\/livrariasolmar.pt\/?s={search_term_string}\"},\"query-input\":\"required name=search_term_string\"}],\"inLanguage\":\"en-US\"},{\"@type\":\"ImageObject\",\"@id\":\"https:\/\/livrariasolmar.pt\/produto\/coisa-que-nao-edifica-nem-destroi\/#primaryimage\",\"inLanguage\":\"en-US\",\"url\":\"https:\/\/livrariasolmar.pt\/wp-content\/uploads\/2023\/12\/500_9789896717995_capa.jpg\",\"contentUrl\":\"https:\/\/livrariasolmar.pt\/wp-content\/uploads\/2023\/12\/500_9789896717995_capa.jpg\",\"width\":336,\"height\":500},{\"@type\":\"WebPage\",\"@id\":\"https:\/\/livrariasolmar.pt\/produto\/coisa-que-nao-edifica-nem-destroi\/#webpage\",\"url\":\"https:\/\/livrariasolmar.pt\/produto\/coisa-que-nao-edifica-nem-destroi\/\",\"name\":\"Coisa que N\\u00e3o Edifica Nem Destr\\u00f3i - Livraria Solmar - Livraria online\",\"isPartOf\":{\"@id\":\"https:\/\/livrariasolmar.pt\/#website\"},\"primaryImageOfPage\":{\"@id\":\"https:\/\/livrariasolmar.pt\/produto\/coisa-que-nao-edifica-nem-destroi\/#primaryimage\"},\"datePublished\":\"2023-12-13T18:52:38+00:00\",\"dateModified\":\"2024-06-03T19:00:30+00:00\",\"breadcrumb\":{\"@id\":\"https:\/\/livrariasolmar.pt\/produto\/coisa-que-nao-edifica-nem-destroi\/#breadcrumb\"},\"inLanguage\":\"en-US\",\"potentialAction\":[{\"@type\":\"ReadAction\",\"target\":[\"https:\/\/livrariasolmar.pt\/produto\/coisa-que-nao-edifica-nem-destroi\/\"]}]},{\"@type\":\"BreadcrumbList\",\"@id\":\"https:\/\/livrariasolmar.pt\/produto\/coisa-que-nao-edifica-nem-destroi\/#breadcrumb\",\"itemListElement\":[{\"@type\":\"ListItem\",\"position\":1,\"name\":\"In\\u00edcio\",\"item\":\"https:\/\/livrariasolmar.pt\/en\/\"},{\"@type\":\"ListItem\",\"position\":2,\"name\":\"Shop\",\"item\":\"https:\/\/livrariasolmar.pt\/en\/shop\/\"},{\"@type\":\"ListItem\",\"position\":3,\"name\":\"Coisa que N\\u00e3o Edifica Nem Destr\\u00f3i\"}]}]}<\/script>\n<!-- \/ Yoast SEO plugin. -->","_links":{"self":[{"href":"https:\/\/livrariasolmar.pt\/en\/wp-json\/wp\/v2\/product\/7821"}],"collection":[{"href":"https:\/\/livrariasolmar.pt\/en\/wp-json\/wp\/v2\/product"}],"about":[{"href":"https:\/\/livrariasolmar.pt\/en\/wp-json\/wp\/v2\/types\/product"}],"author":[{"embeddable":true,"href":"https:\/\/livrariasolmar.pt\/en\/wp-json\/wp\/v2\/users\/2"}],"wp:featuredmedia":[{"embeddable":true,"href":"https:\/\/livrariasolmar.pt\/en\/wp-json\/wp\/v2\/media\/7822"}],"wp:attachment":[{"href":"https:\/\/livrariasolmar.pt\/en\/wp-json\/wp\/v2\/media?parent=7821"}],"wp:term":[{"taxonomy":"product_cat","embeddable":true,"href":"https:\/\/livrariasolmar.pt\/en\/wp-json\/wp\/v2\/product_cat?post=7821"},{"taxonomy":"product_tag","embeddable":true,"href":"https:\/\/livrariasolmar.pt\/en\/wp-json\/wp\/v2\/product_tag?post=7821"},{"taxonomy":"cat_produtos","embeddable":true,"href":"https:\/\/livrariasolmar.pt\/en\/wp-json\/wp\/v2\/cat_produtos?post=7821"}],"curies":[{"name":"wp","href":"https:\/\/api.w.org\/{rel}","templated":true}]}}