{"id":7834,"date":"2023-12-15T14:58:30","date_gmt":"2023-12-15T14:58:30","guid":{"rendered":"https:\/\/livrariasolmar.pt\/?post_type=product&#038;p=7834"},"modified":"2026-04-15T14:40:28","modified_gmt":"2026-04-15T14:40:28","slug":"roteiro-de-arquitetura-dos-acores","status":"publish","type":"product","link":"https:\/\/livrariasolmar.pt\/en\/produto\/roteiro-de-arquitetura-dos-acores\/","title":{"rendered":"Roteiro De Arquitetura Dos A\u00e7ores: Um itiner\u00e1rio cr\u00edtico"},"content":{"rendered":"","protected":false},"excerpt":{"rendered":"<p>\u00abDa leitura da presente obra, que resulta da compila\u00e7\u00e3o do conjunto de<br \/>\nartigos de opini\u00e3o publicados semanalmente no A\u00e7oriano Oriental durante<br \/>\no ano de 2022, escritos por um grupo din\u00e2mico e alargado de arquitetos,<br \/>\ne por uma historiadora doutorada em arquitetura, projeto que foi<br \/>\ncoordenado pela arquiteta Fl\u00e1via Almeida, sobressai claramente a<br \/>\nqualidade e a diversidade de 31 obras com reconhecido valor hist\u00f3rico,<br \/>\nidentit\u00e1rio, patrimonial, arquitet\u00f3nico e cultural, que proliferam pelo<br \/>\narquip\u00e9lago dos A\u00e7ores.\u00bb (do pref\u00e1cio, Nuno Costa)<\/p>\n<p>Ao longo de 144 p\u00e1ginas, ilustradas com fotografias, a escrita destes<br \/>\ntextos possibilita, de forma clara e subtil, o pensamento e as escolhas<br \/>\nindividuais destes grupo din\u00e2mico, algumas das reflex\u00f5es inerentes ao<br \/>\ncampo da arquitetura e do patrim\u00f3nio dos A\u00e7ores.<\/p>\n<div class=\"yj6qo\"><\/div>\n","protected":false},"author":2,"featured_media":7835,"template":"","meta":[],"product_cat":[200],"product_tag":[],"cat_produtos":[],"yoast_head":"<!-- This site is optimized with the Yoast SEO plugin v16.6 - https:\/\/yoast.com\/wordpress\/plugins\/seo\/ -->\n<title>Roteiro De Arquitetura Dos A\u00e7ores: Um itiner\u00e1rio cr\u00edtico - Livraria Solmar - Livraria online<\/title>\n<meta name=\"robots\" content=\"index, follow, max-snippet:-1, max-image-preview:large, max-video-preview:-1\" \/>\n<link rel=\"canonical\" href=\"https:\/\/livrariasolmar.pt\/en\/produto\/roteiro-de-arquitetura-dos-acores\/\" \/>\n<meta property=\"og:locale\" content=\"en_US\" \/>\n<meta property=\"og:type\" content=\"article\" \/>\n<meta property=\"og:title\" content=\"Roteiro De Arquitetura Dos A\u00e7ores: Um itiner\u00e1rio cr\u00edtico - Livraria Solmar - Livraria online\" \/>\n<meta property=\"og:description\" content=\"\u00abDa leitura da presente obra, que resulta da compila\u00e7\u00e3o do conjunto de artigos de opini\u00e3o publicados semanalmente no A\u00e7oriano Oriental durante o ano de 2022, escritos por um grupo din\u00e2mico e alargado de arquitetos, e por uma historiadora doutorada em arquitetura, projeto que foi coordenado pela arquiteta Fl\u00e1via Almeida, sobressai claramente a qualidade e a diversidade de 31 obras com reconhecido valor hist\u00f3rico, identit\u00e1rio, patrimonial, arquitet\u00f3nico e cultural, que proliferam pelo arquip\u00e9lago dos A\u00e7ores.\u00bb (do pref\u00e1cio, Nuno Costa)  Ao longo de 144 p\u00e1ginas, ilustradas com fotografias, a escrita destes textos possibilita, de forma clara e subtil, o pensamento e as escolhas individuais destes grupo din\u00e2mico, algumas das reflex\u00f5es inerentes ao campo da arquitetura e do patrim\u00f3nio dos A\u00e7ores.\" \/>\n<meta property=\"og:url\" content=\"https:\/\/livrariasolmar.pt\/produto\/roteiro-de-arquitetura-dos-acores\/\" \/>\n<meta property=\"og:site_name\" content=\"Livraria Solmar - Livraria online\" \/>\n<meta property=\"article:modified_time\" content=\"2026-04-15T14:40:28+00:00\" \/>\n<meta property=\"og:image\" content=\"https:\/\/livrariasolmar.pt\/wp-content\/uploads\/2023\/12\/Capa-1-1-1-scaled.jpg\" \/>\n\t<meta property=\"og:image:width\" content=\"1789\" \/>\n\t<meta property=\"og:image:height\" content=\"2560\" \/>\n<meta name=\"twitter:card\" content=\"summary_large_image\" \/>\n<script type=\"application\/ld+json\" class=\"yoast-schema-graph\">{\"@context\":\"https:\/\/schema.org\",\"@graph\":[{\"@type\":\"WebSite\",\"@id\":\"https:\/\/livrariasolmar.pt\/#website\",\"url\":\"https:\/\/livrariasolmar.pt\/\",\"name\":\"Livraria Solmar - Livraria online\",\"description\":\"Com\\u00e9rcio Livros E Objetos De Arte, Lda - Ponta Delgada, A\\u00e7ores\",\"potentialAction\":[{\"@type\":\"SearchAction\",\"target\":{\"@type\":\"EntryPoint\",\"urlTemplate\":\"https:\/\/livrariasolmar.pt\/?s={search_term_string}\"},\"query-input\":\"required name=search_term_string\"}],\"inLanguage\":\"en-US\"},{\"@type\":\"ImageObject\",\"@id\":\"https:\/\/livrariasolmar.pt\/produto\/roteiro-de-arquitetura-dos-acores\/#primaryimage\",\"inLanguage\":\"en-US\",\"url\":\"https:\/\/livrariasolmar.pt\/wp-content\/uploads\/2023\/12\/Capa-1-1-1-scaled.jpg\",\"contentUrl\":\"https:\/\/livrariasolmar.pt\/wp-content\/uploads\/2023\/12\/Capa-1-1-1-scaled.jpg\",\"width\":1789,\"height\":2560},{\"@type\":\"WebPage\",\"@id\":\"https:\/\/livrariasolmar.pt\/produto\/roteiro-de-arquitetura-dos-acores\/#webpage\",\"url\":\"https:\/\/livrariasolmar.pt\/produto\/roteiro-de-arquitetura-dos-acores\/\",\"name\":\"Roteiro De Arquitetura Dos A\\u00e7ores: Um itiner\\u00e1rio cr\\u00edtico - Livraria Solmar - Livraria online\",\"isPartOf\":{\"@id\":\"https:\/\/livrariasolmar.pt\/#website\"},\"primaryImageOfPage\":{\"@id\":\"https:\/\/livrariasolmar.pt\/produto\/roteiro-de-arquitetura-dos-acores\/#primaryimage\"},\"datePublished\":\"2023-12-15T14:58:30+00:00\",\"dateModified\":\"2026-04-15T14:40:28+00:00\",\"breadcrumb\":{\"@id\":\"https:\/\/livrariasolmar.pt\/produto\/roteiro-de-arquitetura-dos-acores\/#breadcrumb\"},\"inLanguage\":\"en-US\",\"potentialAction\":[{\"@type\":\"ReadAction\",\"target\":[\"https:\/\/livrariasolmar.pt\/produto\/roteiro-de-arquitetura-dos-acores\/\"]}]},{\"@type\":\"BreadcrumbList\",\"@id\":\"https:\/\/livrariasolmar.pt\/produto\/roteiro-de-arquitetura-dos-acores\/#breadcrumb\",\"itemListElement\":[{\"@type\":\"ListItem\",\"position\":1,\"name\":\"In\\u00edcio\",\"item\":\"https:\/\/livrariasolmar.pt\/en\/\"},{\"@type\":\"ListItem\",\"position\":2,\"name\":\"Shop\",\"item\":\"https:\/\/livrariasolmar.pt\/en\/shop\/\"},{\"@type\":\"ListItem\",\"position\":3,\"name\":\"Roteiro De Arquitetura Dos A\\u00e7ores: Um itiner\\u00e1rio cr\\u00edtico\"}]}]}<\/script>\n<!-- \/ Yoast SEO plugin. -->","_links":{"self":[{"href":"https:\/\/livrariasolmar.pt\/en\/wp-json\/wp\/v2\/product\/7834"}],"collection":[{"href":"https:\/\/livrariasolmar.pt\/en\/wp-json\/wp\/v2\/product"}],"about":[{"href":"https:\/\/livrariasolmar.pt\/en\/wp-json\/wp\/v2\/types\/product"}],"author":[{"embeddable":true,"href":"https:\/\/livrariasolmar.pt\/en\/wp-json\/wp\/v2\/users\/2"}],"wp:featuredmedia":[{"embeddable":true,"href":"https:\/\/livrariasolmar.pt\/en\/wp-json\/wp\/v2\/media\/7835"}],"wp:attachment":[{"href":"https:\/\/livrariasolmar.pt\/en\/wp-json\/wp\/v2\/media?parent=7834"}],"wp:term":[{"taxonomy":"product_cat","embeddable":true,"href":"https:\/\/livrariasolmar.pt\/en\/wp-json\/wp\/v2\/product_cat?post=7834"},{"taxonomy":"product_tag","embeddable":true,"href":"https:\/\/livrariasolmar.pt\/en\/wp-json\/wp\/v2\/product_tag?post=7834"},{"taxonomy":"cat_produtos","embeddable":true,"href":"https:\/\/livrariasolmar.pt\/en\/wp-json\/wp\/v2\/cat_produtos?post=7834"}],"curies":[{"name":"wp","href":"https:\/\/api.w.org\/{rel}","templated":true}]}}