{"id":7916,"date":"2024-01-16T18:46:16","date_gmt":"2024-01-16T18:46:16","guid":{"rendered":"https:\/\/livrariasolmar.pt\/?post_type=product&#038;p=7916"},"modified":"2026-03-01T11:29:25","modified_gmt":"2026-03-01T11:29:25","slug":"cantico-das-ilhas","status":"publish","type":"product","link":"https:\/\/livrariasolmar.pt\/en\/produto\/cantico-das-ilhas\/","title":{"rendered":"C\u00e2ntico Das Ilhas"},"content":{"rendered":"","protected":false},"excerpt":{"rendered":"<p>\u201cUm ensaio em forma de poema. Uma grande ode, em cinco cantos,<br \/>\nsobre o mist\u00e9rio da a\u00e7orianidade. Uma declara\u00e7\u00e3o de amor aos A\u00e7ores<br \/>\nescrita por um ap\u00e1trida em busca da sua identidade. Um h\u00edbrido de poesia<br \/>\ne de reflex\u00e3o e cat\u00e1logo de curiosidades sobre as ilhas, a sua hist\u00f3ria<br \/>\ne a possibilidade de uma insularidade para o s\u00e9culo XXI. Um livro que<br \/>\nprocura o lugar dos A\u00e7ores no mundo e procura o mundo, o meu mundo,<br \/>\nentre ondas e florestas, piratas e poetas, tempestades e dist\u00e2ncias,<br \/>\nmist\u00e9rios e paix\u00f5es, neste lugar a que se usou chamar de A\u00e7ores\u2026\u201d<\/p>\n","protected":false},"author":2,"featured_media":7919,"template":"","meta":[],"product_cat":[146,162],"product_tag":[],"cat_produtos":[],"yoast_head":"<!-- This site is optimized with the Yoast SEO plugin v16.6 - https:\/\/yoast.com\/wordpress\/plugins\/seo\/ -->\n<title>C\u00e2ntico Das Ilhas - Livraria Solmar - Livraria online<\/title>\n<meta name=\"robots\" content=\"index, follow, max-snippet:-1, max-image-preview:large, max-video-preview:-1\" \/>\n<link rel=\"canonical\" href=\"https:\/\/livrariasolmar.pt\/en\/produto\/cantico-das-ilhas\/\" \/>\n<meta property=\"og:locale\" content=\"en_US\" \/>\n<meta property=\"og:type\" content=\"article\" \/>\n<meta property=\"og:title\" content=\"C\u00e2ntico Das Ilhas - Livraria Solmar - Livraria online\" \/>\n<meta property=\"og:description\" content=\"\u201cUm ensaio em forma de poema. Uma grande ode, em cinco cantos, sobre o mist\u00e9rio da a\u00e7orianidade. Uma declara\u00e7\u00e3o de amor aos A\u00e7ores escrita por um ap\u00e1trida em busca da sua identidade. Um h\u00edbrido de poesia e de reflex\u00e3o e cat\u00e1logo de curiosidades sobre as ilhas, a sua hist\u00f3ria e a possibilidade de uma insularidade para o s\u00e9culo XXI. Um livro que procura o lugar dos A\u00e7ores no mundo e procura o mundo, o meu mundo, entre ondas e florestas, piratas e poetas, tempestades e dist\u00e2ncias, mist\u00e9rios e paix\u00f5es, neste lugar a que se usou chamar de A\u00e7ores\u2026\u201d\" \/>\n<meta property=\"og:url\" content=\"https:\/\/livrariasolmar.pt\/produto\/cantico-das-ilhas\/\" \/>\n<meta property=\"og:site_name\" content=\"Livraria Solmar - Livraria online\" \/>\n<meta property=\"article:modified_time\" content=\"2026-03-01T11:29:25+00:00\" \/>\n<meta property=\"og:image\" content=\"https:\/\/livrariasolmar.pt\/wp-content\/uploads\/2024\/01\/Pedro-Arruda-1.jpg\" \/>\n\t<meta property=\"og:image:width\" content=\"620\" \/>\n\t<meta property=\"og:image:height\" content=\"959\" \/>\n<meta name=\"twitter:card\" content=\"summary_large_image\" \/>\n<script type=\"application\/ld+json\" class=\"yoast-schema-graph\">{\"@context\":\"https:\/\/schema.org\",\"@graph\":[{\"@type\":\"WebSite\",\"@id\":\"https:\/\/livrariasolmar.pt\/#website\",\"url\":\"https:\/\/livrariasolmar.pt\/\",\"name\":\"Livraria Solmar - Livraria online\",\"description\":\"Com\\u00e9rcio Livros E Objetos De Arte, Lda - Ponta Delgada, A\\u00e7ores\",\"potentialAction\":[{\"@type\":\"SearchAction\",\"target\":{\"@type\":\"EntryPoint\",\"urlTemplate\":\"https:\/\/livrariasolmar.pt\/?s={search_term_string}\"},\"query-input\":\"required name=search_term_string\"}],\"inLanguage\":\"en-US\"},{\"@type\":\"ImageObject\",\"@id\":\"https:\/\/livrariasolmar.pt\/produto\/cantico-das-ilhas\/#primaryimage\",\"inLanguage\":\"en-US\",\"url\":\"https:\/\/livrariasolmar.pt\/wp-content\/uploads\/2024\/01\/Pedro-Arruda-1.jpg\",\"contentUrl\":\"https:\/\/livrariasolmar.pt\/wp-content\/uploads\/2024\/01\/Pedro-Arruda-1.jpg\",\"width\":620,\"height\":959},{\"@type\":\"WebPage\",\"@id\":\"https:\/\/livrariasolmar.pt\/produto\/cantico-das-ilhas\/#webpage\",\"url\":\"https:\/\/livrariasolmar.pt\/produto\/cantico-das-ilhas\/\",\"name\":\"C\\u00e2ntico Das Ilhas - Livraria Solmar - Livraria online\",\"isPartOf\":{\"@id\":\"https:\/\/livrariasolmar.pt\/#website\"},\"primaryImageOfPage\":{\"@id\":\"https:\/\/livrariasolmar.pt\/produto\/cantico-das-ilhas\/#primaryimage\"},\"datePublished\":\"2024-01-16T18:46:16+00:00\",\"dateModified\":\"2026-03-01T11:29:25+00:00\",\"breadcrumb\":{\"@id\":\"https:\/\/livrariasolmar.pt\/produto\/cantico-das-ilhas\/#breadcrumb\"},\"inLanguage\":\"en-US\",\"potentialAction\":[{\"@type\":\"ReadAction\",\"target\":[\"https:\/\/livrariasolmar.pt\/produto\/cantico-das-ilhas\/\"]}]},{\"@type\":\"BreadcrumbList\",\"@id\":\"https:\/\/livrariasolmar.pt\/produto\/cantico-das-ilhas\/#breadcrumb\",\"itemListElement\":[{\"@type\":\"ListItem\",\"position\":1,\"name\":\"In\\u00edcio\",\"item\":\"https:\/\/livrariasolmar.pt\/en\/\"},{\"@type\":\"ListItem\",\"position\":2,\"name\":\"Shop\",\"item\":\"https:\/\/livrariasolmar.pt\/en\/shop\/\"},{\"@type\":\"ListItem\",\"position\":3,\"name\":\"C\\u00e2ntico Das Ilhas\"}]}]}<\/script>\n<!-- \/ Yoast SEO plugin. -->","_links":{"self":[{"href":"https:\/\/livrariasolmar.pt\/en\/wp-json\/wp\/v2\/product\/7916"}],"collection":[{"href":"https:\/\/livrariasolmar.pt\/en\/wp-json\/wp\/v2\/product"}],"about":[{"href":"https:\/\/livrariasolmar.pt\/en\/wp-json\/wp\/v2\/types\/product"}],"author":[{"embeddable":true,"href":"https:\/\/livrariasolmar.pt\/en\/wp-json\/wp\/v2\/users\/2"}],"wp:featuredmedia":[{"embeddable":true,"href":"https:\/\/livrariasolmar.pt\/en\/wp-json\/wp\/v2\/media\/7919"}],"wp:attachment":[{"href":"https:\/\/livrariasolmar.pt\/en\/wp-json\/wp\/v2\/media?parent=7916"}],"wp:term":[{"taxonomy":"product_cat","embeddable":true,"href":"https:\/\/livrariasolmar.pt\/en\/wp-json\/wp\/v2\/product_cat?post=7916"},{"taxonomy":"product_tag","embeddable":true,"href":"https:\/\/livrariasolmar.pt\/en\/wp-json\/wp\/v2\/product_tag?post=7916"},{"taxonomy":"cat_produtos","embeddable":true,"href":"https:\/\/livrariasolmar.pt\/en\/wp-json\/wp\/v2\/cat_produtos?post=7916"}],"curies":[{"name":"wp","href":"https:\/\/api.w.org\/{rel}","templated":true}]}}