{"id":7970,"date":"2024-01-29T15:59:39","date_gmt":"2024-01-29T15:59:39","guid":{"rendered":"https:\/\/livrariasolmar.pt\/?post_type=product&#038;p=7970"},"modified":"2024-11-11T15:40:23","modified_gmt":"2024-11-11T15:40:23","slug":"o-que-e-amar-um-pais","status":"publish","type":"product","link":"https:\/\/livrariasolmar.pt\/en\/produto\/o-que-e-amar-um-pais\/","title":{"rendered":"O que \u00e9 Amar um Pa\u00eds"},"content":{"rendered":"","protected":false},"excerpt":{"rendered":"<p>Jos\u00e9 Tolentino Mendon\u00e7a, poeta e sacerdote, explica que o tempo atual representa tamb\u00e9m uma oportunidade para nos reencontrarmos. Confinados a um isolamento, compreendemos talvez melhor o que significa ser &#8211; e ser de forma radical &#8211; uma comunidade.<\/p>\n<p>Neste pequeno volume re\u00fanem-se tr\u00eas temas essenciais para a atualidade portuguesa: 1) o que \u00e9 amar um pa\u00eds; 2) qual o sentido da palavra \u00abesperan\u00e7a\u00bb em tempos de pandemia; e 3) de que forma a beleza, a gra\u00e7a e a f\u00e9 podem combater a solid\u00e3o e a calamidade do nosso tempo. O primeiro tema \u00e9 abordado no discurso de Jos\u00e9 Tolentino Mendon\u00e7a (que mereceu v\u00e1rios elogios p\u00fablicos) nas cerim\u00f3nias do Dia de Portugal a 10 de junho de 2020, aqui publicado na \u00edntegra.<\/p>\n<p>O segundo tema est\u00e1 na origem de um texto intitulado \u00abO Poder da Esperan\u00e7a\u00bb, publicado originalmente no in\u00edcio da pandemia, e onde se viaja pelo meio dos cl\u00e1ssicos, da filosofia, da teologia e da poesia &#8211; como experi\u00eancias da cat\u00e1strofe e da terapia de resposta.<\/p>\n<p>Finalmente, o livro encerra com onze textos dispersos que prolongam a leitura dos livros anteriores de Jos\u00e9 Tolentino Mendon\u00e7a em torno da necessidade da beleza e contempla\u00e7\u00e3o em tempos de solid\u00e3o, imprevisibilidade e dor extrema. Trata-se de um livro de grande urg\u00eancia &#8211; que diz respeito a todos, crentes e n\u00e3o crentes. Sobretudo, a todos os portugueses.<\/p>\n<p>\u00abE bem precis\u00e1vamos de um homem do humanismo e, portanto, da cultura, de um pensador, de um escritor, de um poeta para nos falar da import\u00e2ncia dos outros e da sua redescoberta, a come\u00e7ar nas fam\u00edlias, nas vizinhan\u00e7as, nas amizades, da aten\u00e7\u00e3o aos mais pobres, vulner\u00e1veis e dependentes, do pacto entre gera\u00e7\u00f5es, tentando ultrapassar o abismo j\u00e1 cavado entre os mais e os menos jovens.\u00bb<br \/>\nMarcelo Rebelo de Sousa, Presidente da Rep\u00fablica, sobre o discurso do Cardeal Tolentino Mendon\u00e7a.<\/p>\n","protected":false},"author":2,"featured_media":7976,"template":"","meta":[],"product_cat":[180],"product_tag":[],"cat_produtos":[],"yoast_head":"<!-- This site is optimized with the Yoast SEO plugin v16.6 - https:\/\/yoast.com\/wordpress\/plugins\/seo\/ -->\n<title>O que \u00e9 Amar um Pa\u00eds - Livraria Solmar - Livraria online<\/title>\n<meta name=\"robots\" content=\"index, follow, max-snippet:-1, max-image-preview:large, max-video-preview:-1\" \/>\n<link rel=\"canonical\" href=\"https:\/\/livrariasolmar.pt\/en\/produto\/o-que-e-amar-um-pais\/\" \/>\n<meta property=\"og:locale\" content=\"en_US\" \/>\n<meta property=\"og:type\" content=\"article\" \/>\n<meta property=\"og:title\" content=\"O que \u00e9 Amar um Pa\u00eds - Livraria Solmar - Livraria online\" \/>\n<meta property=\"og:description\" content=\"Jos\u00e9 Tolentino Mendon\u00e7a, poeta e sacerdote, explica que o tempo atual representa tamb\u00e9m uma oportunidade para nos reencontrarmos. Confinados a um isolamento, compreendemos talvez melhor o que significa ser - e ser de forma radical - uma comunidade.  Neste pequeno volume re\u00fanem-se tr\u00eas temas essenciais para a atualidade portuguesa: 1) o que \u00e9 amar um pa\u00eds; 2) qual o sentido da palavra \u00abesperan\u00e7a\u00bb em tempos de pandemia; e 3) de que forma a beleza, a gra\u00e7a e a f\u00e9 podem combater a solid\u00e3o e a calamidade do nosso tempo. O primeiro tema \u00e9 abordado no discurso de Jos\u00e9 Tolentino Mendon\u00e7a (que mereceu v\u00e1rios elogios p\u00fablicos) nas cerim\u00f3nias do Dia de Portugal a 10 de junho de 2020, aqui publicado na \u00edntegra.  O segundo tema est\u00e1 na origem de um texto intitulado \u00abO Poder da Esperan\u00e7a\u00bb, publicado originalmente no in\u00edcio da pandemia, e onde se viaja pelo meio dos cl\u00e1ssicos, da filosofia, da teologia e da poesia - como experi\u00eancias da cat\u00e1strofe e da terapia de resposta.  Finalmente, o livro encerra com onze textos dispersos que prolongam a leitura dos livros anteriores de Jos\u00e9 Tolentino Mendon\u00e7a em torno da necessidade da beleza e contempla\u00e7\u00e3o em tempos de solid\u00e3o, imprevisibilidade e dor extrema. Trata-se de um livro de grande urg\u00eancia - que diz respeito a todos, crentes e n\u00e3o crentes. Sobretudo, a todos os portugueses.  \u00abE bem precis\u00e1vamos de um homem do humanismo e, portanto, da cultura, de um pensador, de um escritor, de um poeta para nos falar da import\u00e2ncia dos outros e da sua redescoberta, a come\u00e7ar nas fam\u00edlias, nas vizinhan\u00e7as, nas amizades, da aten\u00e7\u00e3o aos mais pobres, vulner\u00e1veis e dependentes, do pacto entre gera\u00e7\u00f5es, tentando ultrapassar o abismo j\u00e1 cavado entre os mais e os menos jovens.\u00bb Marcelo Rebelo de Sousa, Presidente da Rep\u00fablica, sobre o discurso do Cardeal Tolentino Mendon\u00e7a.\" \/>\n<meta property=\"og:url\" content=\"https:\/\/livrariasolmar.pt\/produto\/o-que-e-amar-um-pais\/\" \/>\n<meta property=\"og:site_name\" content=\"Livraria Solmar - Livraria online\" \/>\n<meta property=\"article:modified_time\" content=\"2024-11-11T15:40:23+00:00\" \/>\n<meta property=\"og:image\" content=\"https:\/\/livrariasolmar.pt\/wp-content\/uploads\/2024\/01\/300x-1.jpg\" \/>\n\t<meta property=\"og:image:width\" content=\"300\" \/>\n\t<meta property=\"og:image:height\" content=\"463\" \/>\n<meta name=\"twitter:card\" content=\"summary_large_image\" \/>\n<script type=\"application\/ld+json\" class=\"yoast-schema-graph\">{\"@context\":\"https:\/\/schema.org\",\"@graph\":[{\"@type\":\"WebSite\",\"@id\":\"https:\/\/livrariasolmar.pt\/#website\",\"url\":\"https:\/\/livrariasolmar.pt\/\",\"name\":\"Livraria Solmar - Livraria online\",\"description\":\"Com\\u00e9rcio Livros E Objetos De Arte, Lda - Ponta Delgada, A\\u00e7ores\",\"potentialAction\":[{\"@type\":\"SearchAction\",\"target\":{\"@type\":\"EntryPoint\",\"urlTemplate\":\"https:\/\/livrariasolmar.pt\/?s={search_term_string}\"},\"query-input\":\"required name=search_term_string\"}],\"inLanguage\":\"en-US\"},{\"@type\":\"ImageObject\",\"@id\":\"https:\/\/livrariasolmar.pt\/produto\/o-que-e-amar-um-pais\/#primaryimage\",\"inLanguage\":\"en-US\",\"url\":\"https:\/\/livrariasolmar.pt\/wp-content\/uploads\/2024\/01\/300x-1.jpg\",\"contentUrl\":\"https:\/\/livrariasolmar.pt\/wp-content\/uploads\/2024\/01\/300x-1.jpg\",\"width\":300,\"height\":463},{\"@type\":\"WebPage\",\"@id\":\"https:\/\/livrariasolmar.pt\/produto\/o-que-e-amar-um-pais\/#webpage\",\"url\":\"https:\/\/livrariasolmar.pt\/produto\/o-que-e-amar-um-pais\/\",\"name\":\"O que \\u00e9 Amar um Pa\\u00eds - Livraria Solmar - Livraria online\",\"isPartOf\":{\"@id\":\"https:\/\/livrariasolmar.pt\/#website\"},\"primaryImageOfPage\":{\"@id\":\"https:\/\/livrariasolmar.pt\/produto\/o-que-e-amar-um-pais\/#primaryimage\"},\"datePublished\":\"2024-01-29T15:59:39+00:00\",\"dateModified\":\"2024-11-11T15:40:23+00:00\",\"breadcrumb\":{\"@id\":\"https:\/\/livrariasolmar.pt\/produto\/o-que-e-amar-um-pais\/#breadcrumb\"},\"inLanguage\":\"en-US\",\"potentialAction\":[{\"@type\":\"ReadAction\",\"target\":[\"https:\/\/livrariasolmar.pt\/produto\/o-que-e-amar-um-pais\/\"]}]},{\"@type\":\"BreadcrumbList\",\"@id\":\"https:\/\/livrariasolmar.pt\/produto\/o-que-e-amar-um-pais\/#breadcrumb\",\"itemListElement\":[{\"@type\":\"ListItem\",\"position\":1,\"name\":\"In\\u00edcio\",\"item\":\"https:\/\/livrariasolmar.pt\/en\/\"},{\"@type\":\"ListItem\",\"position\":2,\"name\":\"Shop\",\"item\":\"https:\/\/livrariasolmar.pt\/en\/shop\/\"},{\"@type\":\"ListItem\",\"position\":3,\"name\":\"O que \\u00e9 Amar um Pa\\u00eds\"}]}]}<\/script>\n<!-- \/ Yoast SEO plugin. -->","_links":{"self":[{"href":"https:\/\/livrariasolmar.pt\/en\/wp-json\/wp\/v2\/product\/7970"}],"collection":[{"href":"https:\/\/livrariasolmar.pt\/en\/wp-json\/wp\/v2\/product"}],"about":[{"href":"https:\/\/livrariasolmar.pt\/en\/wp-json\/wp\/v2\/types\/product"}],"author":[{"embeddable":true,"href":"https:\/\/livrariasolmar.pt\/en\/wp-json\/wp\/v2\/users\/2"}],"wp:featuredmedia":[{"embeddable":true,"href":"https:\/\/livrariasolmar.pt\/en\/wp-json\/wp\/v2\/media\/7976"}],"wp:attachment":[{"href":"https:\/\/livrariasolmar.pt\/en\/wp-json\/wp\/v2\/media?parent=7970"}],"wp:term":[{"taxonomy":"product_cat","embeddable":true,"href":"https:\/\/livrariasolmar.pt\/en\/wp-json\/wp\/v2\/product_cat?post=7970"},{"taxonomy":"product_tag","embeddable":true,"href":"https:\/\/livrariasolmar.pt\/en\/wp-json\/wp\/v2\/product_tag?post=7970"},{"taxonomy":"cat_produtos","embeddable":true,"href":"https:\/\/livrariasolmar.pt\/en\/wp-json\/wp\/v2\/cat_produtos?post=7970"}],"curies":[{"name":"wp","href":"https:\/\/api.w.org\/{rel}","templated":true}]}}