{"id":7973,"date":"2024-01-29T17:00:36","date_gmt":"2024-01-29T17:00:36","guid":{"rendered":"https:\/\/livrariasolmar.pt\/?post_type=product&#038;p=7973"},"modified":"2026-04-09T16:49:33","modified_gmt":"2026-04-09T16:49:33","slug":"o-pequeno-caminho-das-grandes-perguntas","status":"publish","type":"product","link":"https:\/\/livrariasolmar.pt\/en\/produto\/o-pequeno-caminho-das-grandes-perguntas\/","title":{"rendered":"O Pequeno Caminho das Grandes Perguntas"},"content":{"rendered":"","protected":false},"excerpt":{"rendered":"<p>H\u00e1 um momento em que percebemos que s\u00e3o as perguntas (e n\u00e3o as respostas) que nos deixam mais perto do sentido. Sabemos que as respostas s\u00e3o \u00fateis, sim, e que precisamos delas para continuar a viver &#8211; mas a vida transforma as pr\u00f3prias respostas em perguntas ainda maiores.<br \/>\nA espiritualidade tem de ser uma oportunidade para o reencontro com interroga\u00e7\u00f5es fundamentais, mesmo se desacreditadas num quotidiano que nos dispersa de forma cada vez mais absorvente: \u00abQuem sou eu? De onde venho? Para onde vou? A quem perten\u00e7o? Por quem ou por que coisa posso ser salvo?\u00bb<br \/>\nTalvez tenhamos arrumado demasiado depressa a religi\u00e3o no lado das respostas &#8211; e esquecido as grandes perguntas que ela nunca deixou de nos dirigir.<br \/>\nGuiados por um dos mais importantes ensa\u00edstas portugueses de hoje &#8211; um pensador com grande experi\u00eancia de escuta dos outros -, em O Pequeno Caminho das Grandes Perguntas entramos, mais do que numa viagem de regresso, num itiner\u00e1rio de reinven\u00e7\u00e3o de n\u00f3s mesmos.<br \/>\nNa senda daquilo a que j\u00e1 nos habituou em obras anteriores, tanto de reflex\u00e3o teol\u00f3gica e filos\u00f3fica como de poesia, Jos\u00e9 Tolentino Mendon\u00e7a abre aqui as p\u00e1ginas de um livro singular e corajoso: o das perguntas sobre a nossa vida.<\/p>\n","protected":false},"author":2,"featured_media":7974,"template":"","meta":[],"product_cat":[180],"product_tag":[],"cat_produtos":[],"yoast_head":"<!-- This site is optimized with the Yoast SEO plugin v16.6 - https:\/\/yoast.com\/wordpress\/plugins\/seo\/ -->\n<title>O Pequeno Caminho das Grandes Perguntas - Livraria Solmar - Livraria online<\/title>\n<meta name=\"robots\" content=\"index, follow, max-snippet:-1, max-image-preview:large, max-video-preview:-1\" \/>\n<link rel=\"canonical\" href=\"https:\/\/livrariasolmar.pt\/en\/produto\/o-pequeno-caminho-das-grandes-perguntas\/\" \/>\n<meta property=\"og:locale\" content=\"en_US\" \/>\n<meta property=\"og:type\" content=\"article\" \/>\n<meta property=\"og:title\" content=\"O Pequeno Caminho das Grandes Perguntas - Livraria Solmar - Livraria online\" \/>\n<meta property=\"og:description\" content=\"H\u00e1 um momento em que percebemos que s\u00e3o as perguntas (e n\u00e3o as respostas) que nos deixam mais perto do sentido. Sabemos que as respostas s\u00e3o \u00fateis, sim, e que precisamos delas para continuar a viver - mas a vida transforma as pr\u00f3prias respostas em perguntas ainda maiores. A espiritualidade tem de ser uma oportunidade para o reencontro com interroga\u00e7\u00f5es fundamentais, mesmo se desacreditadas num quotidiano que nos dispersa de forma cada vez mais absorvente: \u00abQuem sou eu? De onde venho? Para onde vou? A quem perten\u00e7o? Por quem ou por que coisa posso ser salvo?\u00bb Talvez tenhamos arrumado demasiado depressa a religi\u00e3o no lado das respostas - e esquecido as grandes perguntas que ela nunca deixou de nos dirigir. Guiados por um dos mais importantes ensa\u00edstas portugueses de hoje - um pensador com grande experi\u00eancia de escuta dos outros -, em O Pequeno Caminho das Grandes Perguntas entramos, mais do que numa viagem de regresso, num itiner\u00e1rio de reinven\u00e7\u00e3o de n\u00f3s mesmos. Na senda daquilo a que j\u00e1 nos habituou em obras anteriores, tanto de reflex\u00e3o teol\u00f3gica e filos\u00f3fica como de poesia, Jos\u00e9 Tolentino Mendon\u00e7a abre aqui as p\u00e1ginas de um livro singular e corajoso: o das perguntas sobre a nossa vida.\" \/>\n<meta property=\"og:url\" content=\"https:\/\/livrariasolmar.pt\/produto\/o-pequeno-caminho-das-grandes-perguntas\/\" \/>\n<meta property=\"og:site_name\" content=\"Livraria Solmar - Livraria online\" \/>\n<meta property=\"article:modified_time\" content=\"2026-04-09T16:49:33+00:00\" \/>\n<meta property=\"og:image\" content=\"https:\/\/livrariasolmar.pt\/wp-content\/uploads\/2024\/01\/300x.jpg\" \/>\n\t<meta property=\"og:image:width\" content=\"300\" \/>\n\t<meta property=\"og:image:height\" content=\"461\" \/>\n<meta name=\"twitter:card\" content=\"summary_large_image\" \/>\n<script type=\"application\/ld+json\" class=\"yoast-schema-graph\">{\"@context\":\"https:\/\/schema.org\",\"@graph\":[{\"@type\":\"WebSite\",\"@id\":\"https:\/\/livrariasolmar.pt\/#website\",\"url\":\"https:\/\/livrariasolmar.pt\/\",\"name\":\"Livraria Solmar - Livraria online\",\"description\":\"Com\\u00e9rcio Livros E Objetos De Arte, Lda - Ponta Delgada, A\\u00e7ores\",\"potentialAction\":[{\"@type\":\"SearchAction\",\"target\":{\"@type\":\"EntryPoint\",\"urlTemplate\":\"https:\/\/livrariasolmar.pt\/?s={search_term_string}\"},\"query-input\":\"required name=search_term_string\"}],\"inLanguage\":\"en-US\"},{\"@type\":\"ImageObject\",\"@id\":\"https:\/\/livrariasolmar.pt\/produto\/o-pequeno-caminho-das-grandes-perguntas\/#primaryimage\",\"inLanguage\":\"en-US\",\"url\":\"https:\/\/livrariasolmar.pt\/wp-content\/uploads\/2024\/01\/300x.jpg\",\"contentUrl\":\"https:\/\/livrariasolmar.pt\/wp-content\/uploads\/2024\/01\/300x.jpg\",\"width\":300,\"height\":461},{\"@type\":\"WebPage\",\"@id\":\"https:\/\/livrariasolmar.pt\/produto\/o-pequeno-caminho-das-grandes-perguntas\/#webpage\",\"url\":\"https:\/\/livrariasolmar.pt\/produto\/o-pequeno-caminho-das-grandes-perguntas\/\",\"name\":\"O Pequeno Caminho das Grandes Perguntas - Livraria Solmar - Livraria online\",\"isPartOf\":{\"@id\":\"https:\/\/livrariasolmar.pt\/#website\"},\"primaryImageOfPage\":{\"@id\":\"https:\/\/livrariasolmar.pt\/produto\/o-pequeno-caminho-das-grandes-perguntas\/#primaryimage\"},\"datePublished\":\"2024-01-29T17:00:36+00:00\",\"dateModified\":\"2026-04-09T16:49:33+00:00\",\"breadcrumb\":{\"@id\":\"https:\/\/livrariasolmar.pt\/produto\/o-pequeno-caminho-das-grandes-perguntas\/#breadcrumb\"},\"inLanguage\":\"en-US\",\"potentialAction\":[{\"@type\":\"ReadAction\",\"target\":[\"https:\/\/livrariasolmar.pt\/produto\/o-pequeno-caminho-das-grandes-perguntas\/\"]}]},{\"@type\":\"BreadcrumbList\",\"@id\":\"https:\/\/livrariasolmar.pt\/produto\/o-pequeno-caminho-das-grandes-perguntas\/#breadcrumb\",\"itemListElement\":[{\"@type\":\"ListItem\",\"position\":1,\"name\":\"In\\u00edcio\",\"item\":\"https:\/\/livrariasolmar.pt\/en\/\"},{\"@type\":\"ListItem\",\"position\":2,\"name\":\"Shop\",\"item\":\"https:\/\/livrariasolmar.pt\/en\/shop\/\"},{\"@type\":\"ListItem\",\"position\":3,\"name\":\"O Pequeno Caminho das Grandes Perguntas\"}]}]}<\/script>\n<!-- \/ Yoast SEO plugin. -->","_links":{"self":[{"href":"https:\/\/livrariasolmar.pt\/en\/wp-json\/wp\/v2\/product\/7973"}],"collection":[{"href":"https:\/\/livrariasolmar.pt\/en\/wp-json\/wp\/v2\/product"}],"about":[{"href":"https:\/\/livrariasolmar.pt\/en\/wp-json\/wp\/v2\/types\/product"}],"author":[{"embeddable":true,"href":"https:\/\/livrariasolmar.pt\/en\/wp-json\/wp\/v2\/users\/2"}],"wp:featuredmedia":[{"embeddable":true,"href":"https:\/\/livrariasolmar.pt\/en\/wp-json\/wp\/v2\/media\/7974"}],"wp:attachment":[{"href":"https:\/\/livrariasolmar.pt\/en\/wp-json\/wp\/v2\/media?parent=7973"}],"wp:term":[{"taxonomy":"product_cat","embeddable":true,"href":"https:\/\/livrariasolmar.pt\/en\/wp-json\/wp\/v2\/product_cat?post=7973"},{"taxonomy":"product_tag","embeddable":true,"href":"https:\/\/livrariasolmar.pt\/en\/wp-json\/wp\/v2\/product_tag?post=7973"},{"taxonomy":"cat_produtos","embeddable":true,"href":"https:\/\/livrariasolmar.pt\/en\/wp-json\/wp\/v2\/cat_produtos?post=7973"}],"curies":[{"name":"wp","href":"https:\/\/api.w.org\/{rel}","templated":true}]}}