{"id":7979,"date":"2024-01-29T17:10:19","date_gmt":"2024-01-29T17:10:19","guid":{"rendered":"https:\/\/livrariasolmar.pt\/?post_type=product&#038;p=7979"},"modified":"2024-06-03T19:15:55","modified_gmt":"2024-06-03T19:15:55","slug":"rezar-de-olhos-abertos","status":"publish","type":"product","link":"https:\/\/livrariasolmar.pt\/en\/produto\/rezar-de-olhos-abertos\/","title":{"rendered":"Rezar de Olhos Abertos"},"content":{"rendered":"","protected":false},"excerpt":{"rendered":"<p>H\u00e1 pessoas que rezam baixando os olhos, escondendo nas m\u00e3os o rosto, voltando-se para dentro. H\u00e1 outras, por\u00e9m, que abrem esfor\u00e7adamente os olhos ao rezar, numa tentativa de observar a vida no seu espanto. Quer umas, quer outras &#8211; est\u00e3o certas.<\/p>\n<p>Todas as formas de rezar s\u00e3o insuficientes, mas todas s\u00e3o eficazes. A arte de rezar \u00e9 a arte de ser, apenas isso, porque o que conta verdadeiramente n\u00e3o depende das palavras.<br \/>\nEsta obra foi pensada n\u00e3o como um livro sobre a ora\u00e7\u00e3o, mas como um caderno de pr\u00e1ticas da ora\u00e7\u00e3o, reunindo um conjunto de textos que Jos\u00e9 Tolentino Mendon\u00e7a foi escrevendo ao longo do tempo, muitos deles no contexto da atividade pastoral, para serem utilizadas por comunidades ou, simplesmente, para serem lidas e escutadas em sil\u00eancio. De olhos abertos, enfrentando a solid\u00e3o e a tempestade.<\/p>\n<p>\u00abEnganam-se os que pensam que s\u00f3 nascemos uma vez. Para quem quiser ver, a vida est\u00e1 cheia de nascimentos. Nascemos muitas vezes ao longo da inf\u00e2ncia, quando os olhos se abrem em espanto e alegria. Nascemos nas viagens sem mapa que a juventude arrisca. Nascemos na sementeira da vida adulta, entre invernos e primaveras maturando a misteriosa transforma\u00e7\u00e3o que coloca na haste a flor e dentro da flor o perfume do fruto. Nascemos muitas vezes naquela idade avan\u00e7ada onde os trabalhos n\u00e3o cessam, mas se reconciliam com la\u00e7os interiores e caminhos adiados. Nascemos quando nos descobrimos amados e capazes de amar. Nascemos no entusiasmo do riso e na noite de certas l\u00e1grimas. Nascemos na prece e no dom. Nascemos no perd\u00e3o e no confronto. Nascemos em sil\u00eancio ou iluminados por uma palavra. Nascemos na tarefa e na partilha. Nascemos nos gestos ou para l\u00e1 dos gestos. Nascemos dentro de n\u00f3s e no cora\u00e7\u00e3o de Deus.\u00bb<\/p>\n","protected":false},"author":2,"featured_media":7980,"template":"","meta":[],"product_cat":[180],"product_tag":[],"cat_produtos":[],"yoast_head":"<!-- This site is optimized with the Yoast SEO plugin v16.6 - https:\/\/yoast.com\/wordpress\/plugins\/seo\/ -->\n<title>Rezar de Olhos Abertos - Livraria Solmar - Livraria online<\/title>\n<meta name=\"robots\" content=\"index, follow, max-snippet:-1, max-image-preview:large, max-video-preview:-1\" \/>\n<link rel=\"canonical\" href=\"https:\/\/livrariasolmar.pt\/en\/produto\/rezar-de-olhos-abertos\/\" \/>\n<meta property=\"og:locale\" content=\"en_US\" \/>\n<meta property=\"og:type\" content=\"article\" \/>\n<meta property=\"og:title\" content=\"Rezar de Olhos Abertos - Livraria Solmar - Livraria online\" \/>\n<meta property=\"og:description\" content=\"H\u00e1 pessoas que rezam baixando os olhos, escondendo nas m\u00e3os o rosto, voltando-se para dentro. H\u00e1 outras, por\u00e9m, que abrem esfor\u00e7adamente os olhos ao rezar, numa tentativa de observar a vida no seu espanto. Quer umas, quer outras - est\u00e3o certas.  Todas as formas de rezar s\u00e3o insuficientes, mas todas s\u00e3o eficazes. A arte de rezar \u00e9 a arte de ser, apenas isso, porque o que conta verdadeiramente n\u00e3o depende das palavras. Esta obra foi pensada n\u00e3o como um livro sobre a ora\u00e7\u00e3o, mas como um caderno de pr\u00e1ticas da ora\u00e7\u00e3o, reunindo um conjunto de textos que Jos\u00e9 Tolentino Mendon\u00e7a foi escrevendo ao longo do tempo, muitos deles no contexto da atividade pastoral, para serem utilizadas por comunidades ou, simplesmente, para serem lidas e escutadas em sil\u00eancio. De olhos abertos, enfrentando a solid\u00e3o e a tempestade.  \u00abEnganam-se os que pensam que s\u00f3 nascemos uma vez. Para quem quiser ver, a vida est\u00e1 cheia de nascimentos. Nascemos muitas vezes ao longo da inf\u00e2ncia, quando os olhos se abrem em espanto e alegria. Nascemos nas viagens sem mapa que a juventude arrisca. Nascemos na sementeira da vida adulta, entre invernos e primaveras maturando a misteriosa transforma\u00e7\u00e3o que coloca na haste a flor e dentro da flor o perfume do fruto. Nascemos muitas vezes naquela idade avan\u00e7ada onde os trabalhos n\u00e3o cessam, mas se reconciliam com la\u00e7os interiores e caminhos adiados. Nascemos quando nos descobrimos amados e capazes de amar. Nascemos no entusiasmo do riso e na noite de certas l\u00e1grimas. Nascemos na prece e no dom. Nascemos no perd\u00e3o e no confronto. Nascemos em sil\u00eancio ou iluminados por uma palavra. Nascemos na tarefa e na partilha. Nascemos nos gestos ou para l\u00e1 dos gestos. Nascemos dentro de n\u00f3s e no cora\u00e7\u00e3o de Deus.\u00bb\" \/>\n<meta property=\"og:url\" content=\"https:\/\/livrariasolmar.pt\/produto\/rezar-de-olhos-abertos\/\" \/>\n<meta property=\"og:site_name\" content=\"Livraria Solmar - Livraria online\" \/>\n<meta property=\"article:modified_time\" content=\"2024-06-03T19:15:55+00:00\" \/>\n<meta property=\"og:image\" content=\"https:\/\/livrariasolmar.pt\/wp-content\/uploads\/2024\/01\/300x-2.jpg\" \/>\n\t<meta property=\"og:image:width\" content=\"300\" \/>\n\t<meta property=\"og:image:height\" content=\"450\" \/>\n<meta name=\"twitter:card\" content=\"summary_large_image\" \/>\n<script type=\"application\/ld+json\" class=\"yoast-schema-graph\">{\"@context\":\"https:\/\/schema.org\",\"@graph\":[{\"@type\":\"WebSite\",\"@id\":\"https:\/\/livrariasolmar.pt\/#website\",\"url\":\"https:\/\/livrariasolmar.pt\/\",\"name\":\"Livraria Solmar - Livraria online\",\"description\":\"Com\\u00e9rcio Livros E Objetos De Arte, Lda - Ponta Delgada, A\\u00e7ores\",\"potentialAction\":[{\"@type\":\"SearchAction\",\"target\":{\"@type\":\"EntryPoint\",\"urlTemplate\":\"https:\/\/livrariasolmar.pt\/?s={search_term_string}\"},\"query-input\":\"required name=search_term_string\"}],\"inLanguage\":\"en-US\"},{\"@type\":\"ImageObject\",\"@id\":\"https:\/\/livrariasolmar.pt\/produto\/rezar-de-olhos-abertos\/#primaryimage\",\"inLanguage\":\"en-US\",\"url\":\"https:\/\/livrariasolmar.pt\/wp-content\/uploads\/2024\/01\/300x-2.jpg\",\"contentUrl\":\"https:\/\/livrariasolmar.pt\/wp-content\/uploads\/2024\/01\/300x-2.jpg\",\"width\":300,\"height\":450},{\"@type\":\"WebPage\",\"@id\":\"https:\/\/livrariasolmar.pt\/produto\/rezar-de-olhos-abertos\/#webpage\",\"url\":\"https:\/\/livrariasolmar.pt\/produto\/rezar-de-olhos-abertos\/\",\"name\":\"Rezar de Olhos Abertos - Livraria Solmar - Livraria online\",\"isPartOf\":{\"@id\":\"https:\/\/livrariasolmar.pt\/#website\"},\"primaryImageOfPage\":{\"@id\":\"https:\/\/livrariasolmar.pt\/produto\/rezar-de-olhos-abertos\/#primaryimage\"},\"datePublished\":\"2024-01-29T17:10:19+00:00\",\"dateModified\":\"2024-06-03T19:15:55+00:00\",\"breadcrumb\":{\"@id\":\"https:\/\/livrariasolmar.pt\/produto\/rezar-de-olhos-abertos\/#breadcrumb\"},\"inLanguage\":\"en-US\",\"potentialAction\":[{\"@type\":\"ReadAction\",\"target\":[\"https:\/\/livrariasolmar.pt\/produto\/rezar-de-olhos-abertos\/\"]}]},{\"@type\":\"BreadcrumbList\",\"@id\":\"https:\/\/livrariasolmar.pt\/produto\/rezar-de-olhos-abertos\/#breadcrumb\",\"itemListElement\":[{\"@type\":\"ListItem\",\"position\":1,\"name\":\"In\\u00edcio\",\"item\":\"https:\/\/livrariasolmar.pt\/en\/\"},{\"@type\":\"ListItem\",\"position\":2,\"name\":\"Shop\",\"item\":\"https:\/\/livrariasolmar.pt\/en\/shop\/\"},{\"@type\":\"ListItem\",\"position\":3,\"name\":\"Rezar de Olhos Abertos\"}]}]}<\/script>\n<!-- \/ Yoast SEO plugin. -->","_links":{"self":[{"href":"https:\/\/livrariasolmar.pt\/en\/wp-json\/wp\/v2\/product\/7979"}],"collection":[{"href":"https:\/\/livrariasolmar.pt\/en\/wp-json\/wp\/v2\/product"}],"about":[{"href":"https:\/\/livrariasolmar.pt\/en\/wp-json\/wp\/v2\/types\/product"}],"author":[{"embeddable":true,"href":"https:\/\/livrariasolmar.pt\/en\/wp-json\/wp\/v2\/users\/2"}],"wp:featuredmedia":[{"embeddable":true,"href":"https:\/\/livrariasolmar.pt\/en\/wp-json\/wp\/v2\/media\/7980"}],"wp:attachment":[{"href":"https:\/\/livrariasolmar.pt\/en\/wp-json\/wp\/v2\/media?parent=7979"}],"wp:term":[{"taxonomy":"product_cat","embeddable":true,"href":"https:\/\/livrariasolmar.pt\/en\/wp-json\/wp\/v2\/product_cat?post=7979"},{"taxonomy":"product_tag","embeddable":true,"href":"https:\/\/livrariasolmar.pt\/en\/wp-json\/wp\/v2\/product_tag?post=7979"},{"taxonomy":"cat_produtos","embeddable":true,"href":"https:\/\/livrariasolmar.pt\/en\/wp-json\/wp\/v2\/cat_produtos?post=7979"}],"curies":[{"name":"wp","href":"https:\/\/api.w.org\/{rel}","templated":true}]}}