{"id":7982,"date":"2024-01-29T17:28:04","date_gmt":"2024-01-29T17:28:04","guid":{"rendered":"https:\/\/livrariasolmar.pt\/?post_type=product&#038;p=7982"},"modified":"2024-06-03T19:12:03","modified_gmt":"2024-06-03T19:12:03","slug":"o-recluso","status":"publish","type":"product","link":"https:\/\/livrariasolmar.pt\/en\/produto\/o-recluso\/","title":{"rendered":"O Recluso"},"content":{"rendered":"","protected":false},"excerpt":{"rendered":"<p>H\u00e1 tr\u00eas regras capitais que Brooke deve seguir quando \u00e9 contratada como t\u00e9cnica de enfermagem de um estabelecimento prisional masculino de seguran\u00e7a m\u00e1xima:<\/p>\n<p>1.\u00aa Tratar todos os prisioneiros com respeito.<br \/>\n2.\u00aa N\u00e3o partilhar quaisquer informa\u00e7\u00f5es pessoais.<br \/>\n3.\u00aa Nunca desenvolver intimidade com nenhum dos reclusos.<\/p>\n<p>O que ningu\u00e9m na pris\u00e3o sabe \u00e9 que Brooke j\u00e1 quebrou as regras. Um dos reclusos mais perigosos \u00e9 um ex-namorado seu: Shane Nelson, a estrela de futebol americano do tempo da escola e o autor de uma s\u00e9rie de assass\u00ednios horr\u00edveis. Ele foi condenado a passar a vida atr\u00e1s das grades. Ela foi quem testemunhou para que isso acontecesse. Shane sabe disso. E nunca se ir\u00e1 esquecer.<\/p>\n","protected":false},"author":2,"featured_media":7983,"template":"","meta":[],"product_cat":[588],"product_tag":[],"cat_produtos":[],"yoast_head":"<!-- This site is optimized with the Yoast SEO plugin v16.6 - https:\/\/yoast.com\/wordpress\/plugins\/seo\/ -->\n<title>O Recluso - Livraria Solmar - Livraria online<\/title>\n<meta name=\"robots\" content=\"index, follow, max-snippet:-1, max-image-preview:large, max-video-preview:-1\" \/>\n<link rel=\"canonical\" href=\"https:\/\/livrariasolmar.pt\/en\/produto\/o-recluso\/\" \/>\n<meta property=\"og:locale\" content=\"en_US\" \/>\n<meta property=\"og:type\" content=\"article\" \/>\n<meta property=\"og:title\" content=\"O Recluso - Livraria Solmar - Livraria online\" \/>\n<meta property=\"og:description\" content=\"H\u00e1 tr\u00eas regras capitais que Brooke deve seguir quando \u00e9 contratada como t\u00e9cnica de enfermagem de um estabelecimento prisional masculino de seguran\u00e7a m\u00e1xima:  1.\u00aa Tratar todos os prisioneiros com respeito. 2.\u00aa N\u00e3o partilhar quaisquer informa\u00e7\u00f5es pessoais. 3.\u00aa Nunca desenvolver intimidade com nenhum dos reclusos.  O que ningu\u00e9m na pris\u00e3o sabe \u00e9 que Brooke j\u00e1 quebrou as regras. Um dos reclusos mais perigosos \u00e9 um ex-namorado seu: Shane Nelson, a estrela de futebol americano do tempo da escola e o autor de uma s\u00e9rie de assass\u00ednios horr\u00edveis. Ele foi condenado a passar a vida atr\u00e1s das grades. Ela foi quem testemunhou para que isso acontecesse. Shane sabe disso. E nunca se ir\u00e1 esquecer.\" \/>\n<meta property=\"og:url\" content=\"https:\/\/livrariasolmar.pt\/produto\/o-recluso\/\" \/>\n<meta property=\"og:site_name\" content=\"Livraria Solmar - Livraria online\" \/>\n<meta property=\"article:modified_time\" content=\"2024-06-03T19:12:03+00:00\" \/>\n<meta property=\"og:image\" content=\"https:\/\/livrariasolmar.pt\/wp-content\/uploads\/2024\/01\/500_9789895701964_capa.jpg\" \/>\n\t<meta property=\"og:image:width\" content=\"334\" \/>\n\t<meta property=\"og:image:height\" content=\"500\" \/>\n<meta name=\"twitter:card\" content=\"summary_large_image\" \/>\n<script type=\"application\/ld+json\" class=\"yoast-schema-graph\">{\"@context\":\"https:\/\/schema.org\",\"@graph\":[{\"@type\":\"WebSite\",\"@id\":\"https:\/\/livrariasolmar.pt\/#website\",\"url\":\"https:\/\/livrariasolmar.pt\/\",\"name\":\"Livraria Solmar - Livraria online\",\"description\":\"Com\\u00e9rcio Livros E Objetos De Arte, Lda - Ponta Delgada, A\\u00e7ores\",\"potentialAction\":[{\"@type\":\"SearchAction\",\"target\":{\"@type\":\"EntryPoint\",\"urlTemplate\":\"https:\/\/livrariasolmar.pt\/?s={search_term_string}\"},\"query-input\":\"required name=search_term_string\"}],\"inLanguage\":\"en-US\"},{\"@type\":\"ImageObject\",\"@id\":\"https:\/\/livrariasolmar.pt\/produto\/o-recluso\/#primaryimage\",\"inLanguage\":\"en-US\",\"url\":\"https:\/\/livrariasolmar.pt\/wp-content\/uploads\/2024\/01\/500_9789895701964_capa.jpg\",\"contentUrl\":\"https:\/\/livrariasolmar.pt\/wp-content\/uploads\/2024\/01\/500_9789895701964_capa.jpg\",\"width\":334,\"height\":500},{\"@type\":\"WebPage\",\"@id\":\"https:\/\/livrariasolmar.pt\/produto\/o-recluso\/#webpage\",\"url\":\"https:\/\/livrariasolmar.pt\/produto\/o-recluso\/\",\"name\":\"O Recluso - Livraria Solmar - Livraria online\",\"isPartOf\":{\"@id\":\"https:\/\/livrariasolmar.pt\/#website\"},\"primaryImageOfPage\":{\"@id\":\"https:\/\/livrariasolmar.pt\/produto\/o-recluso\/#primaryimage\"},\"datePublished\":\"2024-01-29T17:28:04+00:00\",\"dateModified\":\"2024-06-03T19:12:03+00:00\",\"breadcrumb\":{\"@id\":\"https:\/\/livrariasolmar.pt\/produto\/o-recluso\/#breadcrumb\"},\"inLanguage\":\"en-US\",\"potentialAction\":[{\"@type\":\"ReadAction\",\"target\":[\"https:\/\/livrariasolmar.pt\/produto\/o-recluso\/\"]}]},{\"@type\":\"BreadcrumbList\",\"@id\":\"https:\/\/livrariasolmar.pt\/produto\/o-recluso\/#breadcrumb\",\"itemListElement\":[{\"@type\":\"ListItem\",\"position\":1,\"name\":\"In\\u00edcio\",\"item\":\"https:\/\/livrariasolmar.pt\/en\/\"},{\"@type\":\"ListItem\",\"position\":2,\"name\":\"Shop\",\"item\":\"https:\/\/livrariasolmar.pt\/en\/shop\/\"},{\"@type\":\"ListItem\",\"position\":3,\"name\":\"O Recluso\"}]}]}<\/script>\n<!-- \/ Yoast SEO plugin. -->","_links":{"self":[{"href":"https:\/\/livrariasolmar.pt\/en\/wp-json\/wp\/v2\/product\/7982"}],"collection":[{"href":"https:\/\/livrariasolmar.pt\/en\/wp-json\/wp\/v2\/product"}],"about":[{"href":"https:\/\/livrariasolmar.pt\/en\/wp-json\/wp\/v2\/types\/product"}],"author":[{"embeddable":true,"href":"https:\/\/livrariasolmar.pt\/en\/wp-json\/wp\/v2\/users\/2"}],"wp:featuredmedia":[{"embeddable":true,"href":"https:\/\/livrariasolmar.pt\/en\/wp-json\/wp\/v2\/media\/7983"}],"wp:attachment":[{"href":"https:\/\/livrariasolmar.pt\/en\/wp-json\/wp\/v2\/media?parent=7982"}],"wp:term":[{"taxonomy":"product_cat","embeddable":true,"href":"https:\/\/livrariasolmar.pt\/en\/wp-json\/wp\/v2\/product_cat?post=7982"},{"taxonomy":"product_tag","embeddable":true,"href":"https:\/\/livrariasolmar.pt\/en\/wp-json\/wp\/v2\/product_tag?post=7982"},{"taxonomy":"cat_produtos","embeddable":true,"href":"https:\/\/livrariasolmar.pt\/en\/wp-json\/wp\/v2\/cat_produtos?post=7982"}],"curies":[{"name":"wp","href":"https:\/\/api.w.org\/{rel}","templated":true}]}}