{"id":7997,"date":"2024-01-29T19:22:01","date_gmt":"2024-01-29T19:22:01","guid":{"rendered":"https:\/\/livrariasolmar.pt\/?post_type=product&#038;p=7997"},"modified":"2024-02-28T19:25:19","modified_gmt":"2024-02-28T19:25:19","slug":"deus-na-escuridao","status":"publish","type":"product","link":"https:\/\/livrariasolmar.pt\/en\/produto\/deus-na-escuridao\/","title":{"rendered":"Deus na escurid\u00e3o"},"content":{"rendered":"","protected":false},"excerpt":{"rendered":"<p>\u00abDeus \u00e9 exactamente como as m\u00e3es. Liberta Seus filhos e haver\u00e1 de busc\u00e1-los eternamente. Passar\u00e1 todo o tempo de cora\u00e7\u00e3o pequeno \u00e0 espera, espiando todos os sinais que Lhe anunciem a presen\u00e7a, o regresso dos filhos.\u00bb<\/p>\n<p>Este livro explora a ideia de que amar \u00e9 sempre um sentimento que se exerce na escurid\u00e3o. Uma aposta sem garantia que se pode tornar absoluta. A d\u00favida est\u00e1 em saber se os irm\u00e3os podem amar como as m\u00e3es que, por sua vez, amam como Deus.<br \/>\nPassada na ilha da Madeira, esta \u00e9 a hist\u00f3ria de dois irm\u00e3os e da necessidade de cuidar de algu\u00e9m.<br \/>\nDelicado e profundo, Deus na escurid\u00e3o \u00e9 um manifesto de lealdade e resili\u00eancia.<\/p>\n<p>&#8220;Um dos aspetos em que VHM se distingue, para l\u00e1 do multiforme talento constituindo uma das raz\u00f5es da diferen\u00e7a e do impacto de muitos textos seus, \u00e9 na capacidade de compreens\u00e3o da diversidade, mais, de admira\u00e7\u00e3o pelos outros e pelo que fazem. E, mais ainda, o seu gosto de amar, proclamar, abertamente, sem submiss\u00e3o a quaisquer c\u00e1lculos ou conveni\u00eancias. O que, ao contr\u00e1rio do que muitos poder\u00e3o pensar, n\u00e3o \u00e9 t\u00e3o frequente como isso&#8230;&#8221;<br \/>\nJos\u00e9 Carlos de Vasconcelos,\u00a0<em>Jornal de Letras<\/em><\/p>\n","protected":false},"author":2,"featured_media":7998,"template":"","meta":[],"product_cat":[153],"product_tag":[],"cat_produtos":[],"yoast_head":"<!-- This site is optimized with the Yoast SEO plugin v16.6 - https:\/\/yoast.com\/wordpress\/plugins\/seo\/ -->\n<title>Deus na escurid\u00e3o - Livraria Solmar - Livraria online<\/title>\n<meta name=\"robots\" content=\"index, follow, max-snippet:-1, max-image-preview:large, max-video-preview:-1\" \/>\n<link rel=\"canonical\" href=\"https:\/\/livrariasolmar.pt\/en\/produto\/deus-na-escuridao\/\" \/>\n<meta property=\"og:locale\" content=\"en_US\" \/>\n<meta property=\"og:type\" content=\"article\" \/>\n<meta property=\"og:title\" content=\"Deus na escurid\u00e3o - Livraria Solmar - Livraria online\" \/>\n<meta property=\"og:description\" content=\"\u00abDeus \u00e9 exactamente como as m\u00e3es. Liberta Seus filhos e haver\u00e1 de busc\u00e1-los eternamente. Passar\u00e1 todo o tempo de cora\u00e7\u00e3o pequeno \u00e0 espera, espiando todos os sinais que Lhe anunciem a presen\u00e7a, o regresso dos filhos.\u00bb  Este livro explora a ideia de que amar \u00e9 sempre um sentimento que se exerce na escurid\u00e3o. Uma aposta sem garantia que se pode tornar absoluta. A d\u00favida est\u00e1 em saber se os irm\u00e3os podem amar como as m\u00e3es que, por sua vez, amam como Deus. Passada na ilha da Madeira, esta \u00e9 a hist\u00f3ria de dois irm\u00e3os e da necessidade de cuidar de algu\u00e9m. Delicado e profundo, Deus na escurid\u00e3o \u00e9 um manifesto de lealdade e resili\u00eancia.  &quot;Um dos aspetos em que VHM se distingue, para l\u00e1 do multiforme talento constituindo uma das raz\u00f5es da diferen\u00e7a e do impacto de muitos textos seus, \u00e9 na capacidade de compreens\u00e3o da diversidade, mais, de admira\u00e7\u00e3o pelos outros e pelo que fazem. E, mais ainda, o seu gosto de amar, proclamar, abertamente, sem submiss\u00e3o a quaisquer c\u00e1lculos ou conveni\u00eancias. O que, ao contr\u00e1rio do que muitos poder\u00e3o pensar, n\u00e3o \u00e9 t\u00e3o frequente como isso...&quot; Jos\u00e9 Carlos de Vasconcelos,\u00a0Jornal de Letras\" \/>\n<meta property=\"og:url\" content=\"https:\/\/livrariasolmar.pt\/produto\/deus-na-escuridao\/\" \/>\n<meta property=\"og:site_name\" content=\"Livraria Solmar - Livraria online\" \/>\n<meta property=\"article:modified_time\" content=\"2024-02-28T19:25:19+00:00\" \/>\n<meta property=\"og:image\" content=\"https:\/\/livrariasolmar.pt\/wp-content\/uploads\/2024\/01\/500_9789720030993_capa.jpg\" \/>\n\t<meta property=\"og:image:width\" content=\"319\" \/>\n\t<meta property=\"og:image:height\" content=\"500\" \/>\n<meta name=\"twitter:card\" content=\"summary_large_image\" \/>\n<script type=\"application\/ld+json\" class=\"yoast-schema-graph\">{\"@context\":\"https:\/\/schema.org\",\"@graph\":[{\"@type\":\"WebSite\",\"@id\":\"https:\/\/livrariasolmar.pt\/#website\",\"url\":\"https:\/\/livrariasolmar.pt\/\",\"name\":\"Livraria Solmar - Livraria online\",\"description\":\"Com\\u00e9rcio Livros E Objetos De Arte, Lda - Ponta Delgada, A\\u00e7ores\",\"potentialAction\":[{\"@type\":\"SearchAction\",\"target\":{\"@type\":\"EntryPoint\",\"urlTemplate\":\"https:\/\/livrariasolmar.pt\/?s={search_term_string}\"},\"query-input\":\"required name=search_term_string\"}],\"inLanguage\":\"en-US\"},{\"@type\":\"ImageObject\",\"@id\":\"https:\/\/livrariasolmar.pt\/produto\/deus-na-escuridao\/#primaryimage\",\"inLanguage\":\"en-US\",\"url\":\"https:\/\/livrariasolmar.pt\/wp-content\/uploads\/2024\/01\/500_9789720030993_capa.jpg\",\"contentUrl\":\"https:\/\/livrariasolmar.pt\/wp-content\/uploads\/2024\/01\/500_9789720030993_capa.jpg\",\"width\":319,\"height\":500},{\"@type\":\"WebPage\",\"@id\":\"https:\/\/livrariasolmar.pt\/produto\/deus-na-escuridao\/#webpage\",\"url\":\"https:\/\/livrariasolmar.pt\/produto\/deus-na-escuridao\/\",\"name\":\"Deus na escurid\\u00e3o - Livraria Solmar - Livraria online\",\"isPartOf\":{\"@id\":\"https:\/\/livrariasolmar.pt\/#website\"},\"primaryImageOfPage\":{\"@id\":\"https:\/\/livrariasolmar.pt\/produto\/deus-na-escuridao\/#primaryimage\"},\"datePublished\":\"2024-01-29T19:22:01+00:00\",\"dateModified\":\"2024-02-28T19:25:19+00:00\",\"breadcrumb\":{\"@id\":\"https:\/\/livrariasolmar.pt\/produto\/deus-na-escuridao\/#breadcrumb\"},\"inLanguage\":\"en-US\",\"potentialAction\":[{\"@type\":\"ReadAction\",\"target\":[\"https:\/\/livrariasolmar.pt\/produto\/deus-na-escuridao\/\"]}]},{\"@type\":\"BreadcrumbList\",\"@id\":\"https:\/\/livrariasolmar.pt\/produto\/deus-na-escuridao\/#breadcrumb\",\"itemListElement\":[{\"@type\":\"ListItem\",\"position\":1,\"name\":\"In\\u00edcio\",\"item\":\"https:\/\/livrariasolmar.pt\/en\/\"},{\"@type\":\"ListItem\",\"position\":2,\"name\":\"Shop\",\"item\":\"https:\/\/livrariasolmar.pt\/en\/shop\/\"},{\"@type\":\"ListItem\",\"position\":3,\"name\":\"Deus na escurid\\u00e3o\"}]}]}<\/script>\n<!-- \/ Yoast SEO plugin. -->","_links":{"self":[{"href":"https:\/\/livrariasolmar.pt\/en\/wp-json\/wp\/v2\/product\/7997"}],"collection":[{"href":"https:\/\/livrariasolmar.pt\/en\/wp-json\/wp\/v2\/product"}],"about":[{"href":"https:\/\/livrariasolmar.pt\/en\/wp-json\/wp\/v2\/types\/product"}],"author":[{"embeddable":true,"href":"https:\/\/livrariasolmar.pt\/en\/wp-json\/wp\/v2\/users\/2"}],"wp:featuredmedia":[{"embeddable":true,"href":"https:\/\/livrariasolmar.pt\/en\/wp-json\/wp\/v2\/media\/7998"}],"wp:attachment":[{"href":"https:\/\/livrariasolmar.pt\/en\/wp-json\/wp\/v2\/media?parent=7997"}],"wp:term":[{"taxonomy":"product_cat","embeddable":true,"href":"https:\/\/livrariasolmar.pt\/en\/wp-json\/wp\/v2\/product_cat?post=7997"},{"taxonomy":"product_tag","embeddable":true,"href":"https:\/\/livrariasolmar.pt\/en\/wp-json\/wp\/v2\/product_tag?post=7997"},{"taxonomy":"cat_produtos","embeddable":true,"href":"https:\/\/livrariasolmar.pt\/en\/wp-json\/wp\/v2\/cat_produtos?post=7997"}],"curies":[{"name":"wp","href":"https:\/\/api.w.org\/{rel}","templated":true}]}}