{"id":8000,"date":"2024-01-29T19:34:01","date_gmt":"2024-01-29T19:34:01","guid":{"rendered":"https:\/\/livrariasolmar.pt\/?post_type=product&#038;p=8000"},"modified":"2024-05-13T17:48:01","modified_gmt":"2024-05-13T17:48:01","slug":"as-tres-mortes-de-lucas-andrade","status":"publish","type":"product","link":"https:\/\/livrariasolmar.pt\/en\/produto\/as-tres-mortes-de-lucas-andrade\/","title":{"rendered":"As Tr\u00eas Mortes de Lucas Andrade"},"content":{"rendered":"","protected":false},"excerpt":{"rendered":"<div id=\"_65b7fd34c8bf1\" class=\"show-more show-more-open\">Visto de um lugar onde pode estar Deus, este romance \u00e9 a saga de um suicida. Sabemos, desde o in\u00edcio, que ele vai matar-se &#8211; \u00e9 a aut\u00f3psia de um suic\u00eddio. Os leitores dividir-se-\u00e3o no julgamento moral deste anti- her\u00f3i. Uns consider\u00e1-lo-\u00e3o um vil\u00e3o, outros um her\u00f3i. Para terminar, talvez uma minoria mantenha a esperan\u00e7a de que ele permanece vivo e que voltar\u00e1 numa outra encarna\u00e7\u00e3o. Por outro lado, trata-se da saga de um jovem pobre que vive em conflito com os c\u00f3digos masculinos da pobreza, da rua, da f\u00e1brica. Visto atrav\u00e9s das personagens que rodeiam o anti-her\u00f3i, sobretudo mulheres, o livro de Henrique Raposo \u00e9 um retrato novo e revolucion\u00e1rio da pobreza, fixando- se na nossa segunda metade do s\u00e9culo XX, retratando as migra\u00e7\u00f5es do campo para a cidade, os choques entre a cidade e a periferia &#8211; e o nascimento dos sub\u00farbios dos anos 60 e 70. Para isso, convoca o elemento invis\u00edvel na fic\u00e7\u00e3o portuguesa de agora: a pobreza, o choque entre classes e, sobretudo, os conflitos dentro de cada classe &#8211; sempre refletindo sobre a viol\u00eancia e o mal e colocando uma pergunta recorrente: como se mant\u00e9m a dec\u00eancia no meio do caos, da pobreza e do mal?<\/div>\n","protected":false},"author":2,"featured_media":8001,"template":"","meta":[],"product_cat":[153],"product_tag":[],"cat_produtos":[],"yoast_head":"<!-- This site is optimized with the Yoast SEO plugin v16.6 - https:\/\/yoast.com\/wordpress\/plugins\/seo\/ -->\n<title>As Tr\u00eas Mortes de Lucas Andrade - Livraria Solmar - Livraria online<\/title>\n<meta name=\"robots\" content=\"index, follow, max-snippet:-1, max-image-preview:large, max-video-preview:-1\" \/>\n<link rel=\"canonical\" href=\"https:\/\/livrariasolmar.pt\/en\/produto\/as-tres-mortes-de-lucas-andrade\/\" \/>\n<meta property=\"og:locale\" content=\"en_US\" \/>\n<meta property=\"og:type\" content=\"article\" \/>\n<meta property=\"og:title\" content=\"As Tr\u00eas Mortes de Lucas Andrade - Livraria Solmar - Livraria online\" \/>\n<meta property=\"og:description\" content=\"Visto de um lugar onde pode estar Deus, este romance \u00e9 a saga de um suicida. Sabemos, desde o in\u00edcio, que ele vai matar-se - \u00e9 a aut\u00f3psia de um suic\u00eddio. Os leitores dividir-se-\u00e3o no julgamento moral deste anti- her\u00f3i. Uns consider\u00e1-lo-\u00e3o um vil\u00e3o, outros um her\u00f3i. Para terminar, talvez uma minoria mantenha a esperan\u00e7a de que ele permanece vivo e que voltar\u00e1 numa outra encarna\u00e7\u00e3o. Por outro lado, trata-se da saga de um jovem pobre que vive em conflito com os c\u00f3digos masculinos da pobreza, da rua, da f\u00e1brica. Visto atrav\u00e9s das personagens que rodeiam o anti-her\u00f3i, sobretudo mulheres, o livro de Henrique Raposo \u00e9 um retrato novo e revolucion\u00e1rio da pobreza, fixando- se na nossa segunda metade do s\u00e9culo XX, retratando as migra\u00e7\u00f5es do campo para a cidade, os choques entre a cidade e a periferia - e o nascimento dos sub\u00farbios dos anos 60 e 70. Para isso, convoca o elemento invis\u00edvel na fic\u00e7\u00e3o portuguesa de agora: a pobreza, o choque entre classes e, sobretudo, os conflitos dentro de cada classe - sempre refletindo sobre a viol\u00eancia e o mal e colocando uma pergunta recorrente: como se mant\u00e9m a dec\u00eancia no meio do caos, da pobreza e do mal?\" \/>\n<meta property=\"og:url\" content=\"https:\/\/livrariasolmar.pt\/produto\/as-tres-mortes-de-lucas-andrade\/\" \/>\n<meta property=\"og:site_name\" content=\"Livraria Solmar - Livraria online\" \/>\n<meta property=\"article:modified_time\" content=\"2024-05-13T17:48:01+00:00\" \/>\n<meta property=\"og:image\" content=\"https:\/\/livrariasolmar.pt\/wp-content\/uploads\/2024\/01\/500_9789897229442_capa.jpg\" \/>\n\t<meta property=\"og:image:width\" content=\"317\" \/>\n\t<meta property=\"og:image:height\" content=\"500\" \/>\n<meta name=\"twitter:card\" content=\"summary_large_image\" \/>\n<script type=\"application\/ld+json\" class=\"yoast-schema-graph\">{\"@context\":\"https:\/\/schema.org\",\"@graph\":[{\"@type\":\"WebSite\",\"@id\":\"https:\/\/livrariasolmar.pt\/#website\",\"url\":\"https:\/\/livrariasolmar.pt\/\",\"name\":\"Livraria Solmar - Livraria online\",\"description\":\"Com\\u00e9rcio Livros E Objetos De Arte, Lda - Ponta Delgada, A\\u00e7ores\",\"potentialAction\":[{\"@type\":\"SearchAction\",\"target\":{\"@type\":\"EntryPoint\",\"urlTemplate\":\"https:\/\/livrariasolmar.pt\/?s={search_term_string}\"},\"query-input\":\"required name=search_term_string\"}],\"inLanguage\":\"en-US\"},{\"@type\":\"ImageObject\",\"@id\":\"https:\/\/livrariasolmar.pt\/produto\/as-tres-mortes-de-lucas-andrade\/#primaryimage\",\"inLanguage\":\"en-US\",\"url\":\"https:\/\/livrariasolmar.pt\/wp-content\/uploads\/2024\/01\/500_9789897229442_capa.jpg\",\"contentUrl\":\"https:\/\/livrariasolmar.pt\/wp-content\/uploads\/2024\/01\/500_9789897229442_capa.jpg\",\"width\":317,\"height\":500},{\"@type\":\"WebPage\",\"@id\":\"https:\/\/livrariasolmar.pt\/produto\/as-tres-mortes-de-lucas-andrade\/#webpage\",\"url\":\"https:\/\/livrariasolmar.pt\/produto\/as-tres-mortes-de-lucas-andrade\/\",\"name\":\"As Tr\\u00eas Mortes de Lucas Andrade - Livraria Solmar - Livraria online\",\"isPartOf\":{\"@id\":\"https:\/\/livrariasolmar.pt\/#website\"},\"primaryImageOfPage\":{\"@id\":\"https:\/\/livrariasolmar.pt\/produto\/as-tres-mortes-de-lucas-andrade\/#primaryimage\"},\"datePublished\":\"2024-01-29T19:34:01+00:00\",\"dateModified\":\"2024-05-13T17:48:01+00:00\",\"breadcrumb\":{\"@id\":\"https:\/\/livrariasolmar.pt\/produto\/as-tres-mortes-de-lucas-andrade\/#breadcrumb\"},\"inLanguage\":\"en-US\",\"potentialAction\":[{\"@type\":\"ReadAction\",\"target\":[\"https:\/\/livrariasolmar.pt\/produto\/as-tres-mortes-de-lucas-andrade\/\"]}]},{\"@type\":\"BreadcrumbList\",\"@id\":\"https:\/\/livrariasolmar.pt\/produto\/as-tres-mortes-de-lucas-andrade\/#breadcrumb\",\"itemListElement\":[{\"@type\":\"ListItem\",\"position\":1,\"name\":\"In\\u00edcio\",\"item\":\"https:\/\/livrariasolmar.pt\/en\/\"},{\"@type\":\"ListItem\",\"position\":2,\"name\":\"Shop\",\"item\":\"https:\/\/livrariasolmar.pt\/en\/shop\/\"},{\"@type\":\"ListItem\",\"position\":3,\"name\":\"As Tr\\u00eas Mortes de Lucas Andrade\"}]}]}<\/script>\n<!-- \/ Yoast SEO plugin. -->","_links":{"self":[{"href":"https:\/\/livrariasolmar.pt\/en\/wp-json\/wp\/v2\/product\/8000"}],"collection":[{"href":"https:\/\/livrariasolmar.pt\/en\/wp-json\/wp\/v2\/product"}],"about":[{"href":"https:\/\/livrariasolmar.pt\/en\/wp-json\/wp\/v2\/types\/product"}],"author":[{"embeddable":true,"href":"https:\/\/livrariasolmar.pt\/en\/wp-json\/wp\/v2\/users\/2"}],"wp:featuredmedia":[{"embeddable":true,"href":"https:\/\/livrariasolmar.pt\/en\/wp-json\/wp\/v2\/media\/8001"}],"wp:attachment":[{"href":"https:\/\/livrariasolmar.pt\/en\/wp-json\/wp\/v2\/media?parent=8000"}],"wp:term":[{"taxonomy":"product_cat","embeddable":true,"href":"https:\/\/livrariasolmar.pt\/en\/wp-json\/wp\/v2\/product_cat?post=8000"},{"taxonomy":"product_tag","embeddable":true,"href":"https:\/\/livrariasolmar.pt\/en\/wp-json\/wp\/v2\/product_tag?post=8000"},{"taxonomy":"cat_produtos","embeddable":true,"href":"https:\/\/livrariasolmar.pt\/en\/wp-json\/wp\/v2\/cat_produtos?post=8000"}],"curies":[{"name":"wp","href":"https:\/\/api.w.org\/{rel}","templated":true}]}}