{"id":8270,"date":"2024-03-09T15:24:07","date_gmt":"2024-03-09T15:24:07","guid":{"rendered":"https:\/\/livrariasolmar.pt\/?post_type=product&#038;p=8270"},"modified":"2024-08-15T15:37:20","modified_gmt":"2024-08-15T15:37:20","slug":"vasco-da-gama","status":"publish","type":"product","link":"https:\/\/livrariasolmar.pt\/en\/produto\/vasco-da-gama\/","title":{"rendered":"Vasco da Gama"},"content":{"rendered":"","protected":false},"excerpt":{"rendered":"<p>Nem Colombo nem Fern\u00e3o de Magalh\u00e3es se lhe comparam.<br \/>\nVasco da Gama foi o homem que fez o mundo passar da Idade M\u00e9dia para a Idade Moderna.<\/p>\n<p>Depois de muitas d\u00e9cadas a tentar chegar \u00e0 \u00cdndia, ap\u00f3s tentativas em que morreram milhares de portugueses e se perderam dezenas de navios, Vasco da Gama foi o navegador que fez o imposs\u00edvel: uniu, pela primeira vez na Hist\u00f3ria, a Europa e a \u00c1sia pelo mar.<\/p>\n<p>Circum-navegar \u00c1frica e o desconhecido foi heroico. Enfrentar as tempestades do Oceano \u00cdndico foi lend\u00e1rio. Liderar a mais longa viagem mar\u00edtima de sempre foi incompar\u00e1vel. Mas descobrir a rota mar\u00edtima para as \u00cdndias e, com isso, aceder \u00e0s fabulosas riquezas do Oriente foi o que verdadeiramente mudou a Hist\u00f3ria do mundo para sempre.<\/p>\n<p>A viagem de Vasco da Gama foi um choque comercial, uma revolu\u00e7\u00e3o religiosa, um terramoto cultural. Sem o saber, ele foi o primeiro homem a sair da Idade M\u00e9dia e a entrar na Idade Moderna. E, no entanto, o que se sabe verdadeiramente sobre o maior navegador de sempre?<\/p>\n<p>Baseando-se em documentos cl\u00e1ssicos e em fontes in\u00e9ditas, Sanjay Subrahmanyam apresenta-nos, pela primeira vez, a verdadeira vida e contexto social de Vasco da Gama, focando-se no equil\u00edbrio fr\u00e1gil entre a sua\u00a0<i>carreira<\/i>\u00a0e a sua\u00a0<i>lenda<\/i>, tocando temas como a constru\u00e7\u00e3o de mitos e o nacionalismo, sem nunca se esquecer da verdadeira grandeza do maior navegador de sempre.<\/p>\n","protected":false},"author":2,"featured_media":8271,"template":"","meta":[],"product_cat":[176],"product_tag":[],"cat_produtos":[],"yoast_head":"<!-- This site is optimized with the Yoast SEO plugin v16.6 - https:\/\/yoast.com\/wordpress\/plugins\/seo\/ -->\n<title>Vasco da Gama - Livraria Solmar - Livraria online<\/title>\n<meta name=\"robots\" content=\"index, follow, max-snippet:-1, max-image-preview:large, max-video-preview:-1\" \/>\n<link rel=\"canonical\" href=\"https:\/\/livrariasolmar.pt\/en\/produto\/vasco-da-gama\/\" \/>\n<meta property=\"og:locale\" content=\"en_US\" \/>\n<meta property=\"og:type\" content=\"article\" \/>\n<meta property=\"og:title\" content=\"Vasco da Gama - Livraria Solmar - Livraria online\" \/>\n<meta property=\"og:description\" content=\"Nem Colombo nem Fern\u00e3o de Magalh\u00e3es se lhe comparam. Vasco da Gama foi o homem que fez o mundo passar da Idade M\u00e9dia para a Idade Moderna.  Depois de muitas d\u00e9cadas a tentar chegar \u00e0 \u00cdndia, ap\u00f3s tentativas em que morreram milhares de portugueses e se perderam dezenas de navios, Vasco da Gama foi o navegador que fez o imposs\u00edvel: uniu, pela primeira vez na Hist\u00f3ria, a Europa e a \u00c1sia pelo mar.  Circum-navegar \u00c1frica e o desconhecido foi heroico. Enfrentar as tempestades do Oceano \u00cdndico foi lend\u00e1rio. Liderar a mais longa viagem mar\u00edtima de sempre foi incompar\u00e1vel. Mas descobrir a rota mar\u00edtima para as \u00cdndias e, com isso, aceder \u00e0s fabulosas riquezas do Oriente foi o que verdadeiramente mudou a Hist\u00f3ria do mundo para sempre.  A viagem de Vasco da Gama foi um choque comercial, uma revolu\u00e7\u00e3o religiosa, um terramoto cultural. Sem o saber, ele foi o primeiro homem a sair da Idade M\u00e9dia e a entrar na Idade Moderna. E, no entanto, o que se sabe verdadeiramente sobre o maior navegador de sempre?  Baseando-se em documentos cl\u00e1ssicos e em fontes in\u00e9ditas, Sanjay Subrahmanyam apresenta-nos, pela primeira vez, a verdadeira vida e contexto social de Vasco da Gama, focando-se no equil\u00edbrio fr\u00e1gil entre a sua\u00a0carreira\u00a0e a sua\u00a0lenda, tocando temas como a constru\u00e7\u00e3o de mitos e o nacionalismo, sem nunca se esquecer da verdadeira grandeza do maior navegador de sempre.\" \/>\n<meta property=\"og:url\" content=\"https:\/\/livrariasolmar.pt\/produto\/vasco-da-gama\/\" \/>\n<meta property=\"og:site_name\" content=\"Livraria Solmar - Livraria online\" \/>\n<meta property=\"article:modified_time\" content=\"2024-08-15T15:37:20+00:00\" \/>\n<meta property=\"og:image\" content=\"https:\/\/livrariasolmar.pt\/wp-content\/uploads\/2024\/03\/500_9789899138575_capa.jpg\" \/>\n\t<meta property=\"og:image:width\" content=\"344\" \/>\n\t<meta property=\"og:image:height\" content=\"500\" \/>\n<meta name=\"twitter:card\" content=\"summary_large_image\" \/>\n<script type=\"application\/ld+json\" class=\"yoast-schema-graph\">{\"@context\":\"https:\/\/schema.org\",\"@graph\":[{\"@type\":\"WebSite\",\"@id\":\"https:\/\/livrariasolmar.pt\/#website\",\"url\":\"https:\/\/livrariasolmar.pt\/\",\"name\":\"Livraria Solmar - Livraria online\",\"description\":\"Com\\u00e9rcio Livros E Objetos De Arte, Lda - Ponta Delgada, A\\u00e7ores\",\"potentialAction\":[{\"@type\":\"SearchAction\",\"target\":{\"@type\":\"EntryPoint\",\"urlTemplate\":\"https:\/\/livrariasolmar.pt\/?s={search_term_string}\"},\"query-input\":\"required name=search_term_string\"}],\"inLanguage\":\"en-US\"},{\"@type\":\"ImageObject\",\"@id\":\"https:\/\/livrariasolmar.pt\/produto\/vasco-da-gama\/#primaryimage\",\"inLanguage\":\"en-US\",\"url\":\"https:\/\/livrariasolmar.pt\/wp-content\/uploads\/2024\/03\/500_9789899138575_capa.jpg\",\"contentUrl\":\"https:\/\/livrariasolmar.pt\/wp-content\/uploads\/2024\/03\/500_9789899138575_capa.jpg\",\"width\":344,\"height\":500},{\"@type\":\"WebPage\",\"@id\":\"https:\/\/livrariasolmar.pt\/produto\/vasco-da-gama\/#webpage\",\"url\":\"https:\/\/livrariasolmar.pt\/produto\/vasco-da-gama\/\",\"name\":\"Vasco da Gama - Livraria Solmar - Livraria online\",\"isPartOf\":{\"@id\":\"https:\/\/livrariasolmar.pt\/#website\"},\"primaryImageOfPage\":{\"@id\":\"https:\/\/livrariasolmar.pt\/produto\/vasco-da-gama\/#primaryimage\"},\"datePublished\":\"2024-03-09T15:24:07+00:00\",\"dateModified\":\"2024-08-15T15:37:20+00:00\",\"breadcrumb\":{\"@id\":\"https:\/\/livrariasolmar.pt\/produto\/vasco-da-gama\/#breadcrumb\"},\"inLanguage\":\"en-US\",\"potentialAction\":[{\"@type\":\"ReadAction\",\"target\":[\"https:\/\/livrariasolmar.pt\/produto\/vasco-da-gama\/\"]}]},{\"@type\":\"BreadcrumbList\",\"@id\":\"https:\/\/livrariasolmar.pt\/produto\/vasco-da-gama\/#breadcrumb\",\"itemListElement\":[{\"@type\":\"ListItem\",\"position\":1,\"name\":\"In\\u00edcio\",\"item\":\"https:\/\/livrariasolmar.pt\/en\/\"},{\"@type\":\"ListItem\",\"position\":2,\"name\":\"Shop\",\"item\":\"https:\/\/livrariasolmar.pt\/en\/shop\/\"},{\"@type\":\"ListItem\",\"position\":3,\"name\":\"Vasco da Gama\"}]}]}<\/script>\n<!-- \/ Yoast SEO plugin. -->","_links":{"self":[{"href":"https:\/\/livrariasolmar.pt\/en\/wp-json\/wp\/v2\/product\/8270"}],"collection":[{"href":"https:\/\/livrariasolmar.pt\/en\/wp-json\/wp\/v2\/product"}],"about":[{"href":"https:\/\/livrariasolmar.pt\/en\/wp-json\/wp\/v2\/types\/product"}],"author":[{"embeddable":true,"href":"https:\/\/livrariasolmar.pt\/en\/wp-json\/wp\/v2\/users\/2"}],"wp:featuredmedia":[{"embeddable":true,"href":"https:\/\/livrariasolmar.pt\/en\/wp-json\/wp\/v2\/media\/8271"}],"wp:attachment":[{"href":"https:\/\/livrariasolmar.pt\/en\/wp-json\/wp\/v2\/media?parent=8270"}],"wp:term":[{"taxonomy":"product_cat","embeddable":true,"href":"https:\/\/livrariasolmar.pt\/en\/wp-json\/wp\/v2\/product_cat?post=8270"},{"taxonomy":"product_tag","embeddable":true,"href":"https:\/\/livrariasolmar.pt\/en\/wp-json\/wp\/v2\/product_tag?post=8270"},{"taxonomy":"cat_produtos","embeddable":true,"href":"https:\/\/livrariasolmar.pt\/en\/wp-json\/wp\/v2\/cat_produtos?post=8270"}],"curies":[{"name":"wp","href":"https:\/\/api.w.org\/{rel}","templated":true}]}}