{"id":8312,"date":"2024-03-12T17:12:06","date_gmt":"2024-03-12T17:12:06","guid":{"rendered":"https:\/\/livrariasolmar.pt\/?post_type=product&#038;p=8312"},"modified":"2024-03-30T19:47:57","modified_gmt":"2024-03-30T19:47:57","slug":"a-ditadura-adaptada-ao-seculo-xxi","status":"publish","type":"product","link":"https:\/\/livrariasolmar.pt\/en\/produto\/a-ditadura-adaptada-ao-seculo-xxi\/","title":{"rendered":"A Ditadura Adaptada ao S\u00e9culo XXI"},"content":{"rendered":"","protected":false},"excerpt":{"rendered":"<p>Como sobrevivem as ditaduras na atualidade?<\/p>\n<p>Os principais ditadores do s\u00e9culo xx &#8211; como Hitler, Estaline e Mao &#8211; governavam atrav\u00e9s do medo. Contudo, nas \u00faltimas d\u00e9cadas, a face da ditadura transformou-se. Uma nova gera\u00e7\u00e3o de pol\u00edticos trocou as fardas militares pelos fatos de marca e, dominando os media, conseguiram redesenhar o conceito de autoritarismo. Em vez de julgamentos que eram aut\u00eanticos espet\u00e1culos ou brutais campos de deten\u00e7\u00e3o, estes novos ditadores controlam os cidad\u00e3os atrav\u00e9s da manipula\u00e7\u00e3o e de a\u00e7\u00f5es aparentemente democr\u00e1ticas, para construir a sua base de apoio.<\/p>\n<p>Considerado o melhor livro de pol\u00edtica de 2022 pelo Financial Times, esta obra admir\u00e1vel apresenta a ascens\u00e3o desses grandes manipuladores &#8211; como Hugo Ch\u00e1vez, Vladimir Putin ou Viktor Orb\u00e1n -, comparando-os com os \u00abditadores do medo\u00bb que ainda resistem, como Kim Jong-un, Bashar al-Assad ou Xi Jinping. Fundamentado em investiga\u00e7\u00e3o rigorosa, este livro explica um dos maiores enigmas do nosso tempo: como sobrevivem as ditaduras em pleno s\u00e9culo xxi, como funcionam, que amea\u00e7as representam e como o Ocidente as pode enfrentar.<\/p>\n","protected":false},"author":2,"featured_media":8313,"template":"","meta":[],"product_cat":[166],"product_tag":[],"cat_produtos":[],"yoast_head":"<!-- This site is optimized with the Yoast SEO plugin v16.6 - https:\/\/yoast.com\/wordpress\/plugins\/seo\/ -->\n<title>A Ditadura Adaptada ao S\u00e9culo XXI - Livraria Solmar - Livraria online<\/title>\n<meta name=\"robots\" content=\"index, follow, max-snippet:-1, max-image-preview:large, max-video-preview:-1\" \/>\n<link rel=\"canonical\" href=\"https:\/\/livrariasolmar.pt\/en\/produto\/a-ditadura-adaptada-ao-seculo-xxi\/\" \/>\n<meta property=\"og:locale\" content=\"en_US\" \/>\n<meta property=\"og:type\" content=\"article\" \/>\n<meta property=\"og:title\" content=\"A Ditadura Adaptada ao S\u00e9culo XXI - Livraria Solmar - Livraria online\" \/>\n<meta property=\"og:description\" content=\"Como sobrevivem as ditaduras na atualidade?  Os principais ditadores do s\u00e9culo xx - como Hitler, Estaline e Mao - governavam atrav\u00e9s do medo. Contudo, nas \u00faltimas d\u00e9cadas, a face da ditadura transformou-se. Uma nova gera\u00e7\u00e3o de pol\u00edticos trocou as fardas militares pelos fatos de marca e, dominando os media, conseguiram redesenhar o conceito de autoritarismo. Em vez de julgamentos que eram aut\u00eanticos espet\u00e1culos ou brutais campos de deten\u00e7\u00e3o, estes novos ditadores controlam os cidad\u00e3os atrav\u00e9s da manipula\u00e7\u00e3o e de a\u00e7\u00f5es aparentemente democr\u00e1ticas, para construir a sua base de apoio.  Considerado o melhor livro de pol\u00edtica de 2022 pelo Financial Times, esta obra admir\u00e1vel apresenta a ascens\u00e3o desses grandes manipuladores - como Hugo Ch\u00e1vez, Vladimir Putin ou Viktor Orb\u00e1n -, comparando-os com os \u00abditadores do medo\u00bb que ainda resistem, como Kim Jong-un, Bashar al-Assad ou Xi Jinping. Fundamentado em investiga\u00e7\u00e3o rigorosa, este livro explica um dos maiores enigmas do nosso tempo: como sobrevivem as ditaduras em pleno s\u00e9culo xxi, como funcionam, que amea\u00e7as representam e como o Ocidente as pode enfrentar.\" \/>\n<meta property=\"og:url\" content=\"https:\/\/livrariasolmar.pt\/produto\/a-ditadura-adaptada-ao-seculo-xxi\/\" \/>\n<meta property=\"og:site_name\" content=\"Livraria Solmar - Livraria online\" \/>\n<meta property=\"article:modified_time\" content=\"2024-03-30T19:47:57+00:00\" \/>\n<meta property=\"og:image\" content=\"https:\/\/livrariasolmar.pt\/wp-content\/uploads\/2024\/03\/500_9789899138582_capa.jpg\" \/>\n\t<meta property=\"og:image:width\" content=\"342\" \/>\n\t<meta property=\"og:image:height\" content=\"500\" \/>\n<meta name=\"twitter:card\" content=\"summary_large_image\" \/>\n<script type=\"application\/ld+json\" class=\"yoast-schema-graph\">{\"@context\":\"https:\/\/schema.org\",\"@graph\":[{\"@type\":\"WebSite\",\"@id\":\"https:\/\/livrariasolmar.pt\/#website\",\"url\":\"https:\/\/livrariasolmar.pt\/\",\"name\":\"Livraria Solmar - Livraria online\",\"description\":\"Com\\u00e9rcio Livros E Objetos De Arte, Lda - Ponta Delgada, A\\u00e7ores\",\"potentialAction\":[{\"@type\":\"SearchAction\",\"target\":{\"@type\":\"EntryPoint\",\"urlTemplate\":\"https:\/\/livrariasolmar.pt\/?s={search_term_string}\"},\"query-input\":\"required name=search_term_string\"}],\"inLanguage\":\"en-US\"},{\"@type\":\"ImageObject\",\"@id\":\"https:\/\/livrariasolmar.pt\/produto\/a-ditadura-adaptada-ao-seculo-xxi\/#primaryimage\",\"inLanguage\":\"en-US\",\"url\":\"https:\/\/livrariasolmar.pt\/wp-content\/uploads\/2024\/03\/500_9789899138582_capa.jpg\",\"contentUrl\":\"https:\/\/livrariasolmar.pt\/wp-content\/uploads\/2024\/03\/500_9789899138582_capa.jpg\",\"width\":342,\"height\":500},{\"@type\":\"WebPage\",\"@id\":\"https:\/\/livrariasolmar.pt\/produto\/a-ditadura-adaptada-ao-seculo-xxi\/#webpage\",\"url\":\"https:\/\/livrariasolmar.pt\/produto\/a-ditadura-adaptada-ao-seculo-xxi\/\",\"name\":\"A Ditadura Adaptada ao S\\u00e9culo XXI - Livraria Solmar - Livraria online\",\"isPartOf\":{\"@id\":\"https:\/\/livrariasolmar.pt\/#website\"},\"primaryImageOfPage\":{\"@id\":\"https:\/\/livrariasolmar.pt\/produto\/a-ditadura-adaptada-ao-seculo-xxi\/#primaryimage\"},\"datePublished\":\"2024-03-12T17:12:06+00:00\",\"dateModified\":\"2024-03-30T19:47:57+00:00\",\"breadcrumb\":{\"@id\":\"https:\/\/livrariasolmar.pt\/produto\/a-ditadura-adaptada-ao-seculo-xxi\/#breadcrumb\"},\"inLanguage\":\"en-US\",\"potentialAction\":[{\"@type\":\"ReadAction\",\"target\":[\"https:\/\/livrariasolmar.pt\/produto\/a-ditadura-adaptada-ao-seculo-xxi\/\"]}]},{\"@type\":\"BreadcrumbList\",\"@id\":\"https:\/\/livrariasolmar.pt\/produto\/a-ditadura-adaptada-ao-seculo-xxi\/#breadcrumb\",\"itemListElement\":[{\"@type\":\"ListItem\",\"position\":1,\"name\":\"In\\u00edcio\",\"item\":\"https:\/\/livrariasolmar.pt\/en\/\"},{\"@type\":\"ListItem\",\"position\":2,\"name\":\"Shop\",\"item\":\"https:\/\/livrariasolmar.pt\/en\/shop\/\"},{\"@type\":\"ListItem\",\"position\":3,\"name\":\"A Ditadura Adaptada ao S\\u00e9culo XXI\"}]}]}<\/script>\n<!-- \/ Yoast SEO plugin. -->","_links":{"self":[{"href":"https:\/\/livrariasolmar.pt\/en\/wp-json\/wp\/v2\/product\/8312"}],"collection":[{"href":"https:\/\/livrariasolmar.pt\/en\/wp-json\/wp\/v2\/product"}],"about":[{"href":"https:\/\/livrariasolmar.pt\/en\/wp-json\/wp\/v2\/types\/product"}],"author":[{"embeddable":true,"href":"https:\/\/livrariasolmar.pt\/en\/wp-json\/wp\/v2\/users\/2"}],"wp:featuredmedia":[{"embeddable":true,"href":"https:\/\/livrariasolmar.pt\/en\/wp-json\/wp\/v2\/media\/8313"}],"wp:attachment":[{"href":"https:\/\/livrariasolmar.pt\/en\/wp-json\/wp\/v2\/media?parent=8312"}],"wp:term":[{"taxonomy":"product_cat","embeddable":true,"href":"https:\/\/livrariasolmar.pt\/en\/wp-json\/wp\/v2\/product_cat?post=8312"},{"taxonomy":"product_tag","embeddable":true,"href":"https:\/\/livrariasolmar.pt\/en\/wp-json\/wp\/v2\/product_tag?post=8312"},{"taxonomy":"cat_produtos","embeddable":true,"href":"https:\/\/livrariasolmar.pt\/en\/wp-json\/wp\/v2\/cat_produtos?post=8312"}],"curies":[{"name":"wp","href":"https:\/\/api.w.org\/{rel}","templated":true}]}}