{"id":8329,"date":"2024-03-13T19:57:10","date_gmt":"2024-03-13T19:57:10","guid":{"rendered":"https:\/\/livrariasolmar.pt\/?post_type=product&#038;p=8329"},"modified":"2024-05-20T15:34:35","modified_gmt":"2024-05-20T15:34:35","slug":"25-de-abril-de-1974-quinta-feira","status":"publish","type":"product","link":"https:\/\/livrariasolmar.pt\/en\/produto\/25-de-abril-de-1974-quinta-feira\/","title":{"rendered":"25 de Abril de 1974, Quinta-feira"},"content":{"rendered":"","protected":false},"excerpt":{"rendered":"<p>O GRANDE \u00c1LBUM DE FOTOGRAFIA SOBRE O 25 DE ABRIL DE 1974, PELA LENTE DE ALFREDO CUNHA, O FOT\u00d3GRAFO QUE ESTEVE L\u00c1 EM TODOS OS MOMENTOS.<\/p>\n<p>Com textos originais de Carlos Matos Gomes, Adelino Gomes e Fernando Rosas, e interven\u00e7\u00f5es de Vhils sobre imagens ic\u00f3nicas de Cunha &#8211; para a capa e separadores. No dia 25 de Abril de 1974 (uma quinta-feira, tal como voltar\u00e1 a acontecer em 2024), Alfredo Cunha estava em Lisboa e fotografou a revolu\u00e7\u00e3o nos seus principais cen\u00e1rios, captando imagens ic\u00f3nicas que perduram at\u00e9 hoje associadas ao acontecimento que mudou a Hist\u00f3ria de Portugal.<\/p>\n<p>Para celebrar os 50 anos de democracia, Alfredo Cunha concebeu, a partir das suas imagens, um livro em tr\u00eas partes: Guerra \u2014 com texto de Carlos Matos Gomes, militar de Abril e da guerra colonial; Dia 25 de Abril \u2014 com texto de Adelino Gomes, rep\u00f3rter que acompanhou os acontecimentos em Lisboa; Depois de Abril \u2014 com texto de Fernando Rosas, historiador e protagonista destes anos quentes. \u00abEste dia 25 de Abril n\u00e3o me pertence. \u00c9 o 25 de Abril do Alfredo Cunha, ent\u00e3o com 20 anos e que logo no in\u00edcio da carreira tem inesperadamente o dia mais importante da sua vida de fot\u00f3grafo. Uma d\u00e1diva e uma maldi\u00e7\u00e3o.<\/p>\n<p>H\u00e1 50 anos que incansavelmente fotografa, exp\u00f5e e publica como que para fugir e de novo voltar a esse dia. Quando me apresentou a maqueta deste livro, colocou-a em cima da mesa e disse: \u2018Acabou. Est\u00e1 resolvido.\u2019 Esta \u00e9 uma obra monumental, hist\u00f3rica e teoricamente imposs\u00edvel. Meio s\u00e9culo depois do 25 de Abril, consegue reunir o fot\u00f3grafo que esteve presente em quase todos os momentos do dia e dos meses que se seguiram; o olhar do militar no terreno, Carlos Matos Gomes, que pertenceu ao Movimento dos Capit\u00e3es; o olhar do rep\u00f3rter suspenso, Adelino Gomes, que perante o desenrolar dos acontecimentos marca o momento em que nasce a liberdade de express\u00e3o, ao conseguir um microfone emprestado para colocar a revolu\u00e7\u00e3o no ar; e o do ativista na clandestinidade, Fernando Rosas, hoje historiador jubilado.<\/p>\n<p>Pediram a Vhils para selar esta obra, como se se tratasse de uma c\u00e1psula feita para enviar para o futuro, para ser lida e vivida, dado ter sido escrita e fotografada por quem viveu apaixonadamente uma revolu\u00e7\u00e3o, mas, 50 anos depois, se prestou a depositar aqui o seu testemunho anal\u00edtico.\u00bb \u2014 LU\u00cdS PEDRO NUNES, PREF\u00c1CIO<\/p>\n","protected":false},"author":2,"featured_media":8330,"template":"","meta":[],"product_cat":[175],"product_tag":[],"cat_produtos":[],"yoast_head":"<!-- This site is optimized with the Yoast SEO plugin v16.6 - https:\/\/yoast.com\/wordpress\/plugins\/seo\/ -->\n<title>25 de Abril de 1974, Quinta-feira - Livraria Solmar - Livraria online<\/title>\n<meta name=\"robots\" content=\"index, follow, max-snippet:-1, max-image-preview:large, max-video-preview:-1\" \/>\n<link rel=\"canonical\" href=\"https:\/\/livrariasolmar.pt\/en\/produto\/25-de-abril-de-1974-quinta-feira\/\" \/>\n<meta property=\"og:locale\" content=\"en_US\" \/>\n<meta property=\"og:type\" content=\"article\" \/>\n<meta property=\"og:title\" content=\"25 de Abril de 1974, Quinta-feira - Livraria Solmar - Livraria online\" \/>\n<meta property=\"og:description\" content=\"O GRANDE \u00c1LBUM DE FOTOGRAFIA SOBRE O 25 DE ABRIL DE 1974, PELA LENTE DE ALFREDO CUNHA, O FOT\u00d3GRAFO QUE ESTEVE L\u00c1 EM TODOS OS MOMENTOS.  Com textos originais de Carlos Matos Gomes, Adelino Gomes e Fernando Rosas, e interven\u00e7\u00f5es de Vhils sobre imagens ic\u00f3nicas de Cunha - para a capa e separadores. No dia 25 de Abril de 1974 (uma quinta-feira, tal como voltar\u00e1 a acontecer em 2024), Alfredo Cunha estava em Lisboa e fotografou a revolu\u00e7\u00e3o nos seus principais cen\u00e1rios, captando imagens ic\u00f3nicas que perduram at\u00e9 hoje associadas ao acontecimento que mudou a Hist\u00f3ria de Portugal.  Para celebrar os 50 anos de democracia, Alfredo Cunha concebeu, a partir das suas imagens, um livro em tr\u00eas partes: Guerra \u2014 com texto de Carlos Matos Gomes, militar de Abril e da guerra colonial; Dia 25 de Abril \u2014 com texto de Adelino Gomes, rep\u00f3rter que acompanhou os acontecimentos em Lisboa; Depois de Abril \u2014 com texto de Fernando Rosas, historiador e protagonista destes anos quentes. \u00abEste dia 25 de Abril n\u00e3o me pertence. \u00c9 o 25 de Abril do Alfredo Cunha, ent\u00e3o com 20 anos e que logo no in\u00edcio da carreira tem inesperadamente o dia mais importante da sua vida de fot\u00f3grafo. Uma d\u00e1diva e uma maldi\u00e7\u00e3o.  H\u00e1 50 anos que incansavelmente fotografa, exp\u00f5e e publica como que para fugir e de novo voltar a esse dia. Quando me apresentou a maqueta deste livro, colocou-a em cima da mesa e disse: \u2018Acabou. Est\u00e1 resolvido.\u2019 Esta \u00e9 uma obra monumental, hist\u00f3rica e teoricamente imposs\u00edvel. Meio s\u00e9culo depois do 25 de Abril, consegue reunir o fot\u00f3grafo que esteve presente em quase todos os momentos do dia e dos meses que se seguiram; o olhar do militar no terreno, Carlos Matos Gomes, que pertenceu ao Movimento dos Capit\u00e3es; o olhar do rep\u00f3rter suspenso, Adelino Gomes, que perante o desenrolar dos acontecimentos marca o momento em que nasce a liberdade de express\u00e3o, ao conseguir um microfone emprestado para colocar a revolu\u00e7\u00e3o no ar; e o do ativista na clandestinidade, Fernando Rosas, hoje historiador jubilado.  Pediram a Vhils para selar esta obra, como se se tratasse de uma c\u00e1psula feita para enviar para o futuro, para ser lida e vivida, dado ter sido escrita e fotografada por quem viveu apaixonadamente uma revolu\u00e7\u00e3o, mas, 50 anos depois, se prestou a depositar aqui o seu testemunho anal\u00edtico.\u00bb \u2014 LU\u00cdS PEDRO NUNES, PREF\u00c1CIO\" \/>\n<meta property=\"og:url\" content=\"https:\/\/livrariasolmar.pt\/produto\/25-de-abril-de-1974-quinta-feira\/\" \/>\n<meta property=\"og:site_name\" content=\"Livraria Solmar - Livraria online\" \/>\n<meta property=\"article:modified_time\" content=\"2024-05-20T15:34:35+00:00\" \/>\n<meta property=\"og:image\" content=\"https:\/\/livrariasolmar.pt\/wp-content\/uploads\/2024\/03\/500_9789896718046_capa.jpg\" \/>\n\t<meta property=\"og:image:width\" content=\"506\" \/>\n\t<meta property=\"og:image:height\" content=\"500\" \/>\n<meta name=\"twitter:card\" content=\"summary_large_image\" \/>\n<script type=\"application\/ld+json\" class=\"yoast-schema-graph\">{\"@context\":\"https:\/\/schema.org\",\"@graph\":[{\"@type\":\"WebSite\",\"@id\":\"https:\/\/livrariasolmar.pt\/#website\",\"url\":\"https:\/\/livrariasolmar.pt\/\",\"name\":\"Livraria Solmar - Livraria online\",\"description\":\"Com\\u00e9rcio Livros E Objetos De Arte, Lda - Ponta Delgada, A\\u00e7ores\",\"potentialAction\":[{\"@type\":\"SearchAction\",\"target\":{\"@type\":\"EntryPoint\",\"urlTemplate\":\"https:\/\/livrariasolmar.pt\/?s={search_term_string}\"},\"query-input\":\"required name=search_term_string\"}],\"inLanguage\":\"en-US\"},{\"@type\":\"ImageObject\",\"@id\":\"https:\/\/livrariasolmar.pt\/produto\/25-de-abril-de-1974-quinta-feira\/#primaryimage\",\"inLanguage\":\"en-US\",\"url\":\"https:\/\/livrariasolmar.pt\/wp-content\/uploads\/2024\/03\/500_9789896718046_capa.jpg\",\"contentUrl\":\"https:\/\/livrariasolmar.pt\/wp-content\/uploads\/2024\/03\/500_9789896718046_capa.jpg\",\"width\":506,\"height\":500},{\"@type\":\"WebPage\",\"@id\":\"https:\/\/livrariasolmar.pt\/produto\/25-de-abril-de-1974-quinta-feira\/#webpage\",\"url\":\"https:\/\/livrariasolmar.pt\/produto\/25-de-abril-de-1974-quinta-feira\/\",\"name\":\"25 de Abril de 1974, Quinta-feira - Livraria Solmar - Livraria online\",\"isPartOf\":{\"@id\":\"https:\/\/livrariasolmar.pt\/#website\"},\"primaryImageOfPage\":{\"@id\":\"https:\/\/livrariasolmar.pt\/produto\/25-de-abril-de-1974-quinta-feira\/#primaryimage\"},\"datePublished\":\"2024-03-13T19:57:10+00:00\",\"dateModified\":\"2024-05-20T15:34:35+00:00\",\"breadcrumb\":{\"@id\":\"https:\/\/livrariasolmar.pt\/produto\/25-de-abril-de-1974-quinta-feira\/#breadcrumb\"},\"inLanguage\":\"en-US\",\"potentialAction\":[{\"@type\":\"ReadAction\",\"target\":[\"https:\/\/livrariasolmar.pt\/produto\/25-de-abril-de-1974-quinta-feira\/\"]}]},{\"@type\":\"BreadcrumbList\",\"@id\":\"https:\/\/livrariasolmar.pt\/produto\/25-de-abril-de-1974-quinta-feira\/#breadcrumb\",\"itemListElement\":[{\"@type\":\"ListItem\",\"position\":1,\"name\":\"In\\u00edcio\",\"item\":\"https:\/\/livrariasolmar.pt\/en\/\"},{\"@type\":\"ListItem\",\"position\":2,\"name\":\"Shop\",\"item\":\"https:\/\/livrariasolmar.pt\/en\/shop\/\"},{\"@type\":\"ListItem\",\"position\":3,\"name\":\"25 de Abril de 1974, Quinta-feira\"}]}]}<\/script>\n<!-- \/ Yoast SEO plugin. -->","_links":{"self":[{"href":"https:\/\/livrariasolmar.pt\/en\/wp-json\/wp\/v2\/product\/8329"}],"collection":[{"href":"https:\/\/livrariasolmar.pt\/en\/wp-json\/wp\/v2\/product"}],"about":[{"href":"https:\/\/livrariasolmar.pt\/en\/wp-json\/wp\/v2\/types\/product"}],"author":[{"embeddable":true,"href":"https:\/\/livrariasolmar.pt\/en\/wp-json\/wp\/v2\/users\/2"}],"wp:featuredmedia":[{"embeddable":true,"href":"https:\/\/livrariasolmar.pt\/en\/wp-json\/wp\/v2\/media\/8330"}],"wp:attachment":[{"href":"https:\/\/livrariasolmar.pt\/en\/wp-json\/wp\/v2\/media?parent=8329"}],"wp:term":[{"taxonomy":"product_cat","embeddable":true,"href":"https:\/\/livrariasolmar.pt\/en\/wp-json\/wp\/v2\/product_cat?post=8329"},{"taxonomy":"product_tag","embeddable":true,"href":"https:\/\/livrariasolmar.pt\/en\/wp-json\/wp\/v2\/product_tag?post=8329"},{"taxonomy":"cat_produtos","embeddable":true,"href":"https:\/\/livrariasolmar.pt\/en\/wp-json\/wp\/v2\/cat_produtos?post=8329"}],"curies":[{"name":"wp","href":"https:\/\/api.w.org\/{rel}","templated":true}]}}