{"id":8385,"date":"2024-03-18T19:26:20","date_gmt":"2024-03-18T19:26:20","guid":{"rendered":"https:\/\/livrariasolmar.pt\/?post_type=product&#038;p=8385"},"modified":"2024-06-22T12:42:15","modified_gmt":"2024-06-22T12:42:15","slug":"o-escritorio","status":"publish","type":"product","link":"https:\/\/livrariasolmar.pt\/en\/produto\/o-escritorio\/","title":{"rendered":"O Escrit\u00f3rio"},"content":{"rendered":"","protected":false},"excerpt":{"rendered":"<p>Dawn Schiff \u00e9 uma mulher estranha. Pelo menos, \u00e9 o que toda a gente pensa na Vixed, a empresa de suplementos nutricionais onde trabalha como contabilista. Dawn nunca diz a coisa certa. N\u00e3o tem amigos. E senta-se todos os dias \u00e0 secret\u00e1ria, para trabalhar, precisamente \u00e0s 8h45 da manh\u00e3.<\/p>\n<p>Talvez seja por isso que, certa manh\u00e3, quando Dawn n\u00e3o aparece para trabalhar, a sua colega Natalie Farrell &#8211; bonita, popular e a melhor vendedora da empresa h\u00e1 cinco anos consecutivos &#8211; se surpreenda. E mais ainda quando o telefone de Dawn toca e algu\u00e9m do outro lado da linha diz apenas \u00abSocorro\u00bb.<\/p>\n<p>Aquele telefonema alterou tudo\u2026 afinal, nada liga tanto duas pessoas como partilhar um segredo. E agora Natalie est\u00e1 irrevogavelmente ligada a Dawn e v\u00ea-se envolvida num jogo do gato e do rato. Parece que Dawn n\u00e3o era simplesmente uma pessoa estranha, antissocial e desajeitada, mas estava a ser perseguida por algu\u00e9m pr\u00f3ximo.<\/p>\n<p>\u00c0 medida que o mist\u00e9rio se adensa, Natalie n\u00e3o consegue deixar de se questionar: afinal, quem \u00e9 a verdadeira v\u00edtima? Mas uma coisa \u00e9 clara: algu\u00e9m odiava Dawn Schiff. O suficiente para a matar.<\/p>\n","protected":false},"author":2,"featured_media":8386,"template":"","meta":[],"product_cat":[477],"product_tag":[],"cat_produtos":[],"yoast_head":"<!-- This site is optimized with the Yoast SEO plugin v16.6 - https:\/\/yoast.com\/wordpress\/plugins\/seo\/ -->\n<title>O Escrit\u00f3rio - Livraria Solmar - Livraria online<\/title>\n<meta name=\"robots\" content=\"index, follow, max-snippet:-1, max-image-preview:large, max-video-preview:-1\" \/>\n<link rel=\"canonical\" href=\"https:\/\/livrariasolmar.pt\/en\/produto\/o-escritorio\/\" \/>\n<meta property=\"og:locale\" content=\"en_US\" \/>\n<meta property=\"og:type\" content=\"article\" \/>\n<meta property=\"og:title\" content=\"O Escrit\u00f3rio - Livraria Solmar - Livraria online\" \/>\n<meta property=\"og:description\" content=\"Dawn Schiff \u00e9 uma mulher estranha. Pelo menos, \u00e9 o que toda a gente pensa na Vixed, a empresa de suplementos nutricionais onde trabalha como contabilista. Dawn nunca diz a coisa certa. N\u00e3o tem amigos. E senta-se todos os dias \u00e0 secret\u00e1ria, para trabalhar, precisamente \u00e0s 8h45 da manh\u00e3.  Talvez seja por isso que, certa manh\u00e3, quando Dawn n\u00e3o aparece para trabalhar, a sua colega Natalie Farrell - bonita, popular e a melhor vendedora da empresa h\u00e1 cinco anos consecutivos - se surpreenda. E mais ainda quando o telefone de Dawn toca e algu\u00e9m do outro lado da linha diz apenas \u00abSocorro\u00bb.  Aquele telefonema alterou tudo\u2026 afinal, nada liga tanto duas pessoas como partilhar um segredo. E agora Natalie est\u00e1 irrevogavelmente ligada a Dawn e v\u00ea-se envolvida num jogo do gato e do rato. Parece que Dawn n\u00e3o era simplesmente uma pessoa estranha, antissocial e desajeitada, mas estava a ser perseguida por algu\u00e9m pr\u00f3ximo.  \u00c0 medida que o mist\u00e9rio se adensa, Natalie n\u00e3o consegue deixar de se questionar: afinal, quem \u00e9 a verdadeira v\u00edtima? Mas uma coisa \u00e9 clara: algu\u00e9m odiava Dawn Schiff. O suficiente para a matar.\" \/>\n<meta property=\"og:url\" content=\"https:\/\/livrariasolmar.pt\/produto\/o-escritorio\/\" \/>\n<meta property=\"og:site_name\" content=\"Livraria Solmar - Livraria online\" \/>\n<meta property=\"article:modified_time\" content=\"2024-06-22T12:42:15+00:00\" \/>\n<meta property=\"og:image\" content=\"https:\/\/livrariasolmar.pt\/wp-content\/uploads\/2024\/03\/500_9789895702350_capa.jpg\" \/>\n\t<meta property=\"og:image:width\" content=\"330\" \/>\n\t<meta property=\"og:image:height\" content=\"500\" \/>\n<meta name=\"twitter:card\" content=\"summary_large_image\" \/>\n<script type=\"application\/ld+json\" class=\"yoast-schema-graph\">{\"@context\":\"https:\/\/schema.org\",\"@graph\":[{\"@type\":\"WebSite\",\"@id\":\"https:\/\/livrariasolmar.pt\/#website\",\"url\":\"https:\/\/livrariasolmar.pt\/\",\"name\":\"Livraria Solmar - Livraria online\",\"description\":\"Com\\u00e9rcio Livros E Objetos De Arte, Lda - Ponta Delgada, A\\u00e7ores\",\"potentialAction\":[{\"@type\":\"SearchAction\",\"target\":{\"@type\":\"EntryPoint\",\"urlTemplate\":\"https:\/\/livrariasolmar.pt\/?s={search_term_string}\"},\"query-input\":\"required name=search_term_string\"}],\"inLanguage\":\"en-US\"},{\"@type\":\"ImageObject\",\"@id\":\"https:\/\/livrariasolmar.pt\/produto\/o-escritorio\/#primaryimage\",\"inLanguage\":\"en-US\",\"url\":\"https:\/\/livrariasolmar.pt\/wp-content\/uploads\/2024\/03\/500_9789895702350_capa.jpg\",\"contentUrl\":\"https:\/\/livrariasolmar.pt\/wp-content\/uploads\/2024\/03\/500_9789895702350_capa.jpg\",\"width\":330,\"height\":500},{\"@type\":\"WebPage\",\"@id\":\"https:\/\/livrariasolmar.pt\/produto\/o-escritorio\/#webpage\",\"url\":\"https:\/\/livrariasolmar.pt\/produto\/o-escritorio\/\",\"name\":\"O Escrit\\u00f3rio - Livraria Solmar - Livraria online\",\"isPartOf\":{\"@id\":\"https:\/\/livrariasolmar.pt\/#website\"},\"primaryImageOfPage\":{\"@id\":\"https:\/\/livrariasolmar.pt\/produto\/o-escritorio\/#primaryimage\"},\"datePublished\":\"2024-03-18T19:26:20+00:00\",\"dateModified\":\"2024-06-22T12:42:15+00:00\",\"breadcrumb\":{\"@id\":\"https:\/\/livrariasolmar.pt\/produto\/o-escritorio\/#breadcrumb\"},\"inLanguage\":\"en-US\",\"potentialAction\":[{\"@type\":\"ReadAction\",\"target\":[\"https:\/\/livrariasolmar.pt\/produto\/o-escritorio\/\"]}]},{\"@type\":\"BreadcrumbList\",\"@id\":\"https:\/\/livrariasolmar.pt\/produto\/o-escritorio\/#breadcrumb\",\"itemListElement\":[{\"@type\":\"ListItem\",\"position\":1,\"name\":\"In\\u00edcio\",\"item\":\"https:\/\/livrariasolmar.pt\/en\/\"},{\"@type\":\"ListItem\",\"position\":2,\"name\":\"Shop\",\"item\":\"https:\/\/livrariasolmar.pt\/en\/shop\/\"},{\"@type\":\"ListItem\",\"position\":3,\"name\":\"O Escrit\\u00f3rio\"}]}]}<\/script>\n<!-- \/ Yoast SEO plugin. -->","_links":{"self":[{"href":"https:\/\/livrariasolmar.pt\/en\/wp-json\/wp\/v2\/product\/8385"}],"collection":[{"href":"https:\/\/livrariasolmar.pt\/en\/wp-json\/wp\/v2\/product"}],"about":[{"href":"https:\/\/livrariasolmar.pt\/en\/wp-json\/wp\/v2\/types\/product"}],"author":[{"embeddable":true,"href":"https:\/\/livrariasolmar.pt\/en\/wp-json\/wp\/v2\/users\/2"}],"wp:featuredmedia":[{"embeddable":true,"href":"https:\/\/livrariasolmar.pt\/en\/wp-json\/wp\/v2\/media\/8386"}],"wp:attachment":[{"href":"https:\/\/livrariasolmar.pt\/en\/wp-json\/wp\/v2\/media?parent=8385"}],"wp:term":[{"taxonomy":"product_cat","embeddable":true,"href":"https:\/\/livrariasolmar.pt\/en\/wp-json\/wp\/v2\/product_cat?post=8385"},{"taxonomy":"product_tag","embeddable":true,"href":"https:\/\/livrariasolmar.pt\/en\/wp-json\/wp\/v2\/product_tag?post=8385"},{"taxonomy":"cat_produtos","embeddable":true,"href":"https:\/\/livrariasolmar.pt\/en\/wp-json\/wp\/v2\/cat_produtos?post=8385"}],"curies":[{"name":"wp","href":"https:\/\/api.w.org\/{rel}","templated":true}]}}