{"id":8410,"date":"2024-03-19T14:46:49","date_gmt":"2024-03-19T14:46:49","guid":{"rendered":"https:\/\/livrariasolmar.pt\/?post_type=product&#038;p=8410"},"modified":"2024-06-26T19:07:07","modified_gmt":"2024-06-26T19:07:07","slug":"o-grande-armazem-dos-sonhos","status":"publish","type":"product","link":"https:\/\/livrariasolmar.pt\/en\/produto\/o-grande-armazem-dos-sonhos\/","title":{"rendered":"O Grande Armaz\u00e9m dos Sonhos"},"content":{"rendered":"","protected":false},"excerpt":{"rendered":"<div id=\"_65f9a4f66cb8a\" class=\"show-more show-more-open\">Numa cidade misteriosa, escondida no subconsciente de cada um de n\u00f3s, existe um grande armaz\u00e9m que vende sonhos para todos os gostos. Dia e noite, visitantes humanos e animais cruzam estas portas para comprar a sua pr\u00f3xima aventura. Cada andar \u00e9 especializado num certo tipo de sonho: sonhos que apelam aos pequenos prazeres da vida ou a recorda\u00e7\u00f5es de momentos especiais, sonhos nost\u00e1lgicos sobre a inf\u00e2ncia, viagens maravilhosas ou comida deliciosa, sonhos que nos aquecem o cora\u00e7\u00e3o ou sonhos inexplic\u00e1veis. Os sonhos nos quais damos por n\u00f3s a voar est\u00e3o quase sempre esgotados, e alguns visitantes procuram sonhos que permitem reencontrar aqueles que j\u00e1 n\u00e3o est\u00e3o fisicamente entre n\u00f3s. Para Penny, que acaba de ser contratada para trabalhar no Grande Armaz\u00e9m dos Sonhos, esta \u00e9 a oportunidade de uma vida. E \u00e0 medida que vai descobrindo o dia a dia deste mundo extraordin\u00e1rio, vai tamb\u00e9m ligar-se a um conjunto de personagens inesquec\u00edveis, desde logo o senhor DallerGut, o peculiar, mas s\u00e1bio propriet\u00e1rio, Babynap, uma famosa criadora de sonhos, Maxim, um produtor de pesadelos, pois tamb\u00e9m os h\u00e1, e os muitos clientes que sonham para sarar uma ferida, seja ela qual for, e para florescer na melhor vers\u00e3o de si pr\u00f3prios. Com uma hist\u00f3ria inspiradora que deixar\u00e1 um sentimento reconfortante na mente dos seus leitores, O Grande Armaz\u00e9m dos Sonhos \u00e9 o livro ideal para fazer uma pausa e respirar fora da realidade da vida quotidiana. Uma li\u00e7\u00e3o de sabedoria que celebra o poder misterioso dos sonhos, capazes de influenciar as nossas escolhas, mesmo que muitas vezes n\u00e3o o saibamos.<\/div>\n","protected":false},"author":2,"featured_media":8411,"template":"","meta":[],"product_cat":[477],"product_tag":[],"cat_produtos":[],"yoast_head":"<!-- This site is optimized with the Yoast SEO plugin v16.6 - https:\/\/yoast.com\/wordpress\/plugins\/seo\/ -->\n<title>O Grande Armaz\u00e9m dos Sonhos - Livraria Solmar - Livraria online<\/title>\n<meta name=\"robots\" content=\"index, follow, max-snippet:-1, max-image-preview:large, max-video-preview:-1\" \/>\n<link rel=\"canonical\" href=\"https:\/\/livrariasolmar.pt\/en\/produto\/o-grande-armazem-dos-sonhos\/\" \/>\n<meta property=\"og:locale\" content=\"en_US\" \/>\n<meta property=\"og:type\" content=\"article\" \/>\n<meta property=\"og:title\" content=\"O Grande Armaz\u00e9m dos Sonhos - Livraria Solmar - Livraria online\" \/>\n<meta property=\"og:description\" content=\"Numa cidade misteriosa, escondida no subconsciente de cada um de n\u00f3s, existe um grande armaz\u00e9m que vende sonhos para todos os gostos. Dia e noite, visitantes humanos e animais cruzam estas portas para comprar a sua pr\u00f3xima aventura. Cada andar \u00e9 especializado num certo tipo de sonho: sonhos que apelam aos pequenos prazeres da vida ou a recorda\u00e7\u00f5es de momentos especiais, sonhos nost\u00e1lgicos sobre a inf\u00e2ncia, viagens maravilhosas ou comida deliciosa, sonhos que nos aquecem o cora\u00e7\u00e3o ou sonhos inexplic\u00e1veis. Os sonhos nos quais damos por n\u00f3s a voar est\u00e3o quase sempre esgotados, e alguns visitantes procuram sonhos que permitem reencontrar aqueles que j\u00e1 n\u00e3o est\u00e3o fisicamente entre n\u00f3s. Para Penny, que acaba de ser contratada para trabalhar no Grande Armaz\u00e9m dos Sonhos, esta \u00e9 a oportunidade de uma vida. E \u00e0 medida que vai descobrindo o dia a dia deste mundo extraordin\u00e1rio, vai tamb\u00e9m ligar-se a um conjunto de personagens inesquec\u00edveis, desde logo o senhor DallerGut, o peculiar, mas s\u00e1bio propriet\u00e1rio, Babynap, uma famosa criadora de sonhos, Maxim, um produtor de pesadelos, pois tamb\u00e9m os h\u00e1, e os muitos clientes que sonham para sarar uma ferida, seja ela qual for, e para florescer na melhor vers\u00e3o de si pr\u00f3prios. Com uma hist\u00f3ria inspiradora que deixar\u00e1 um sentimento reconfortante na mente dos seus leitores, O Grande Armaz\u00e9m dos Sonhos \u00e9 o livro ideal para fazer uma pausa e respirar fora da realidade da vida quotidiana. Uma li\u00e7\u00e3o de sabedoria que celebra o poder misterioso dos sonhos, capazes de influenciar as nossas escolhas, mesmo que muitas vezes n\u00e3o o saibamos.\" \/>\n<meta property=\"og:url\" content=\"https:\/\/livrariasolmar.pt\/produto\/o-grande-armazem-dos-sonhos\/\" \/>\n<meta property=\"og:site_name\" content=\"Livraria Solmar - Livraria online\" \/>\n<meta property=\"article:modified_time\" content=\"2024-06-26T19:07:07+00:00\" \/>\n<meta property=\"og:image\" content=\"https:\/\/livrariasolmar.pt\/wp-content\/uploads\/2024\/03\/500_9789722546614_capa.jpg\" \/>\n\t<meta property=\"og:image:width\" content=\"324\" \/>\n\t<meta property=\"og:image:height\" content=\"500\" \/>\n<meta name=\"twitter:card\" content=\"summary_large_image\" \/>\n<script type=\"application\/ld+json\" class=\"yoast-schema-graph\">{\"@context\":\"https:\/\/schema.org\",\"@graph\":[{\"@type\":\"WebSite\",\"@id\":\"https:\/\/livrariasolmar.pt\/#website\",\"url\":\"https:\/\/livrariasolmar.pt\/\",\"name\":\"Livraria Solmar - Livraria online\",\"description\":\"Com\\u00e9rcio Livros E Objetos De Arte, Lda - Ponta Delgada, A\\u00e7ores\",\"potentialAction\":[{\"@type\":\"SearchAction\",\"target\":{\"@type\":\"EntryPoint\",\"urlTemplate\":\"https:\/\/livrariasolmar.pt\/?s={search_term_string}\"},\"query-input\":\"required name=search_term_string\"}],\"inLanguage\":\"en-US\"},{\"@type\":\"ImageObject\",\"@id\":\"https:\/\/livrariasolmar.pt\/produto\/o-grande-armazem-dos-sonhos\/#primaryimage\",\"inLanguage\":\"en-US\",\"url\":\"https:\/\/livrariasolmar.pt\/wp-content\/uploads\/2024\/03\/500_9789722546614_capa.jpg\",\"contentUrl\":\"https:\/\/livrariasolmar.pt\/wp-content\/uploads\/2024\/03\/500_9789722546614_capa.jpg\",\"width\":324,\"height\":500},{\"@type\":\"WebPage\",\"@id\":\"https:\/\/livrariasolmar.pt\/produto\/o-grande-armazem-dos-sonhos\/#webpage\",\"url\":\"https:\/\/livrariasolmar.pt\/produto\/o-grande-armazem-dos-sonhos\/\",\"name\":\"O Grande Armaz\\u00e9m dos Sonhos - Livraria Solmar - Livraria online\",\"isPartOf\":{\"@id\":\"https:\/\/livrariasolmar.pt\/#website\"},\"primaryImageOfPage\":{\"@id\":\"https:\/\/livrariasolmar.pt\/produto\/o-grande-armazem-dos-sonhos\/#primaryimage\"},\"datePublished\":\"2024-03-19T14:46:49+00:00\",\"dateModified\":\"2024-06-26T19:07:07+00:00\",\"breadcrumb\":{\"@id\":\"https:\/\/livrariasolmar.pt\/produto\/o-grande-armazem-dos-sonhos\/#breadcrumb\"},\"inLanguage\":\"en-US\",\"potentialAction\":[{\"@type\":\"ReadAction\",\"target\":[\"https:\/\/livrariasolmar.pt\/produto\/o-grande-armazem-dos-sonhos\/\"]}]},{\"@type\":\"BreadcrumbList\",\"@id\":\"https:\/\/livrariasolmar.pt\/produto\/o-grande-armazem-dos-sonhos\/#breadcrumb\",\"itemListElement\":[{\"@type\":\"ListItem\",\"position\":1,\"name\":\"In\\u00edcio\",\"item\":\"https:\/\/livrariasolmar.pt\/en\/\"},{\"@type\":\"ListItem\",\"position\":2,\"name\":\"Shop\",\"item\":\"https:\/\/livrariasolmar.pt\/en\/shop\/\"},{\"@type\":\"ListItem\",\"position\":3,\"name\":\"O Grande Armaz\\u00e9m dos Sonhos\"}]}]}<\/script>\n<!-- \/ Yoast SEO plugin. -->","_links":{"self":[{"href":"https:\/\/livrariasolmar.pt\/en\/wp-json\/wp\/v2\/product\/8410"}],"collection":[{"href":"https:\/\/livrariasolmar.pt\/en\/wp-json\/wp\/v2\/product"}],"about":[{"href":"https:\/\/livrariasolmar.pt\/en\/wp-json\/wp\/v2\/types\/product"}],"author":[{"embeddable":true,"href":"https:\/\/livrariasolmar.pt\/en\/wp-json\/wp\/v2\/users\/2"}],"wp:featuredmedia":[{"embeddable":true,"href":"https:\/\/livrariasolmar.pt\/en\/wp-json\/wp\/v2\/media\/8411"}],"wp:attachment":[{"href":"https:\/\/livrariasolmar.pt\/en\/wp-json\/wp\/v2\/media?parent=8410"}],"wp:term":[{"taxonomy":"product_cat","embeddable":true,"href":"https:\/\/livrariasolmar.pt\/en\/wp-json\/wp\/v2\/product_cat?post=8410"},{"taxonomy":"product_tag","embeddable":true,"href":"https:\/\/livrariasolmar.pt\/en\/wp-json\/wp\/v2\/product_tag?post=8410"},{"taxonomy":"cat_produtos","embeddable":true,"href":"https:\/\/livrariasolmar.pt\/en\/wp-json\/wp\/v2\/cat_produtos?post=8410"}],"curies":[{"name":"wp","href":"https:\/\/api.w.org\/{rel}","templated":true}]}}