{"id":8524,"date":"2024-03-23T15:44:31","date_gmt":"2024-03-23T15:44:31","guid":{"rendered":"https:\/\/livrariasolmar.pt\/?post_type=product&#038;p=8524"},"modified":"2024-08-15T19:19:50","modified_gmt":"2024-08-15T19:19:50","slug":"portugal-esquecido","status":"publish","type":"product","link":"https:\/\/livrariasolmar.pt\/en\/produto\/portugal-esquecido\/","title":{"rendered":"Portugal Esquecido"},"content":{"rendered":"","protected":false},"excerpt":{"rendered":"<p>A evolu\u00e7\u00e3o de Portugal desde a d\u00e9cada de 70 do s\u00e9culo passado, a sua integra\u00e7\u00e3o na Uni\u00e3o Europeia e no primeiro mundo, o torvelinho tecnol\u00f3gico, pol\u00edtico, social e noticioso em que nos movimentamos diariamente parecem remeter para um plano muito afastado um conjunto de fen\u00f3menos sociais, ambientais e econ\u00f3micos do nosso pa\u00eds que este livro rep\u00f5e no nosso radar.<\/p>\n<p>Num trabalho de recolha sociol\u00f3gica e econ\u00f3mica, esta investiga\u00e7\u00e3o coordenada por Catarina Martins e Jo\u00e3o Teixeira Lopes d\u00e1 a conhecer um conjunto de realidades presentes em Portugal e de que poucas vezes se fala, talvez com exce\u00e7\u00e3o dos per\u00edodos de debates eleitorais.<\/p>\n<p>Socorrendo-se de testemunhos pessoais e de dados estat\u00edsticos, os autores salientam, assim, alguns dos mais profundos problemas da sociedade portuguesa, em \u00e1reas como a sa\u00fade, a habita\u00e7\u00e3o, o trabalho, as minorias, a desertifica\u00e7\u00e3o e o ambiente. Num balan\u00e7o no contexto das comemora\u00e7\u00f5es dos 50 anos do 25 de Abril, estas p\u00e1ginas apresentam propostas de transforma\u00e7\u00e3o social para o futuro do pa\u00eds em que \u00aba paz, o p\u00e3o, habita\u00e7\u00e3o, sa\u00fade, educa\u00e7\u00e3o\u00bb da can\u00e7\u00e3o de S\u00e9rgio Godinho ainda n\u00e3o est\u00e3o ao alcance de todos.<\/p>\n","protected":false},"author":2,"featured_media":8525,"template":"","meta":[],"product_cat":[166],"product_tag":[],"cat_produtos":[],"yoast_head":"<!-- This site is optimized with the Yoast SEO plugin v16.6 - https:\/\/yoast.com\/wordpress\/plugins\/seo\/ -->\n<title>Portugal Esquecido - Livraria Solmar - Livraria online<\/title>\n<meta name=\"robots\" content=\"index, follow, max-snippet:-1, max-image-preview:large, max-video-preview:-1\" \/>\n<link rel=\"canonical\" href=\"https:\/\/livrariasolmar.pt\/en\/produto\/portugal-esquecido\/\" \/>\n<meta property=\"og:locale\" content=\"en_US\" \/>\n<meta property=\"og:type\" content=\"article\" \/>\n<meta property=\"og:title\" content=\"Portugal Esquecido - Livraria Solmar - Livraria online\" \/>\n<meta property=\"og:description\" content=\"A evolu\u00e7\u00e3o de Portugal desde a d\u00e9cada de 70 do s\u00e9culo passado, a sua integra\u00e7\u00e3o na Uni\u00e3o Europeia e no primeiro mundo, o torvelinho tecnol\u00f3gico, pol\u00edtico, social e noticioso em que nos movimentamos diariamente parecem remeter para um plano muito afastado um conjunto de fen\u00f3menos sociais, ambientais e econ\u00f3micos do nosso pa\u00eds que este livro rep\u00f5e no nosso radar.  Num trabalho de recolha sociol\u00f3gica e econ\u00f3mica, esta investiga\u00e7\u00e3o coordenada por Catarina Martins e Jo\u00e3o Teixeira Lopes d\u00e1 a conhecer um conjunto de realidades presentes em Portugal e de que poucas vezes se fala, talvez com exce\u00e7\u00e3o dos per\u00edodos de debates eleitorais.  Socorrendo-se de testemunhos pessoais e de dados estat\u00edsticos, os autores salientam, assim, alguns dos mais profundos problemas da sociedade portuguesa, em \u00e1reas como a sa\u00fade, a habita\u00e7\u00e3o, o trabalho, as minorias, a desertifica\u00e7\u00e3o e o ambiente. Num balan\u00e7o no contexto das comemora\u00e7\u00f5es dos 50 anos do 25 de Abril, estas p\u00e1ginas apresentam propostas de transforma\u00e7\u00e3o social para o futuro do pa\u00eds em que \u00aba paz, o p\u00e3o, habita\u00e7\u00e3o, sa\u00fade, educa\u00e7\u00e3o\u00bb da can\u00e7\u00e3o de S\u00e9rgio Godinho ainda n\u00e3o est\u00e3o ao alcance de todos.\" \/>\n<meta property=\"og:url\" content=\"https:\/\/livrariasolmar.pt\/produto\/portugal-esquecido\/\" \/>\n<meta property=\"og:site_name\" content=\"Livraria Solmar - Livraria online\" \/>\n<meta property=\"article:modified_time\" content=\"2024-08-15T19:19:50+00:00\" \/>\n<meta property=\"og:image\" content=\"https:\/\/livrariasolmar.pt\/wp-content\/uploads\/2024\/03\/500_9789722546645_capa.jpg\" \/>\n\t<meta property=\"og:image:width\" content=\"321\" \/>\n\t<meta property=\"og:image:height\" content=\"500\" \/>\n<meta name=\"twitter:card\" content=\"summary_large_image\" \/>\n<script type=\"application\/ld+json\" class=\"yoast-schema-graph\">{\"@context\":\"https:\/\/schema.org\",\"@graph\":[{\"@type\":\"WebSite\",\"@id\":\"https:\/\/livrariasolmar.pt\/#website\",\"url\":\"https:\/\/livrariasolmar.pt\/\",\"name\":\"Livraria Solmar - Livraria online\",\"description\":\"Com\\u00e9rcio Livros E Objetos De Arte, Lda - Ponta Delgada, A\\u00e7ores\",\"potentialAction\":[{\"@type\":\"SearchAction\",\"target\":{\"@type\":\"EntryPoint\",\"urlTemplate\":\"https:\/\/livrariasolmar.pt\/?s={search_term_string}\"},\"query-input\":\"required name=search_term_string\"}],\"inLanguage\":\"en-US\"},{\"@type\":\"ImageObject\",\"@id\":\"https:\/\/livrariasolmar.pt\/produto\/portugal-esquecido\/#primaryimage\",\"inLanguage\":\"en-US\",\"url\":\"https:\/\/livrariasolmar.pt\/wp-content\/uploads\/2024\/03\/500_9789722546645_capa.jpg\",\"contentUrl\":\"https:\/\/livrariasolmar.pt\/wp-content\/uploads\/2024\/03\/500_9789722546645_capa.jpg\",\"width\":321,\"height\":500},{\"@type\":\"WebPage\",\"@id\":\"https:\/\/livrariasolmar.pt\/produto\/portugal-esquecido\/#webpage\",\"url\":\"https:\/\/livrariasolmar.pt\/produto\/portugal-esquecido\/\",\"name\":\"Portugal Esquecido - Livraria Solmar - Livraria online\",\"isPartOf\":{\"@id\":\"https:\/\/livrariasolmar.pt\/#website\"},\"primaryImageOfPage\":{\"@id\":\"https:\/\/livrariasolmar.pt\/produto\/portugal-esquecido\/#primaryimage\"},\"datePublished\":\"2024-03-23T15:44:31+00:00\",\"dateModified\":\"2024-08-15T19:19:50+00:00\",\"breadcrumb\":{\"@id\":\"https:\/\/livrariasolmar.pt\/produto\/portugal-esquecido\/#breadcrumb\"},\"inLanguage\":\"en-US\",\"potentialAction\":[{\"@type\":\"ReadAction\",\"target\":[\"https:\/\/livrariasolmar.pt\/produto\/portugal-esquecido\/\"]}]},{\"@type\":\"BreadcrumbList\",\"@id\":\"https:\/\/livrariasolmar.pt\/produto\/portugal-esquecido\/#breadcrumb\",\"itemListElement\":[{\"@type\":\"ListItem\",\"position\":1,\"name\":\"In\\u00edcio\",\"item\":\"https:\/\/livrariasolmar.pt\/en\/\"},{\"@type\":\"ListItem\",\"position\":2,\"name\":\"Shop\",\"item\":\"https:\/\/livrariasolmar.pt\/en\/shop\/\"},{\"@type\":\"ListItem\",\"position\":3,\"name\":\"Portugal Esquecido\"}]}]}<\/script>\n<!-- \/ Yoast SEO plugin. -->","_links":{"self":[{"href":"https:\/\/livrariasolmar.pt\/en\/wp-json\/wp\/v2\/product\/8524"}],"collection":[{"href":"https:\/\/livrariasolmar.pt\/en\/wp-json\/wp\/v2\/product"}],"about":[{"href":"https:\/\/livrariasolmar.pt\/en\/wp-json\/wp\/v2\/types\/product"}],"author":[{"embeddable":true,"href":"https:\/\/livrariasolmar.pt\/en\/wp-json\/wp\/v2\/users\/2"}],"wp:featuredmedia":[{"embeddable":true,"href":"https:\/\/livrariasolmar.pt\/en\/wp-json\/wp\/v2\/media\/8525"}],"wp:attachment":[{"href":"https:\/\/livrariasolmar.pt\/en\/wp-json\/wp\/v2\/media?parent=8524"}],"wp:term":[{"taxonomy":"product_cat","embeddable":true,"href":"https:\/\/livrariasolmar.pt\/en\/wp-json\/wp\/v2\/product_cat?post=8524"},{"taxonomy":"product_tag","embeddable":true,"href":"https:\/\/livrariasolmar.pt\/en\/wp-json\/wp\/v2\/product_tag?post=8524"},{"taxonomy":"cat_produtos","embeddable":true,"href":"https:\/\/livrariasolmar.pt\/en\/wp-json\/wp\/v2\/cat_produtos?post=8524"}],"curies":[{"name":"wp","href":"https:\/\/api.w.org\/{rel}","templated":true}]}}