{"id":8635,"date":"2024-04-01T17:31:46","date_gmt":"2024-04-01T17:31:46","guid":{"rendered":"https:\/\/livrariasolmar.pt\/?post_type=product&#038;p=8635"},"modified":"2024-06-26T18:32:30","modified_gmt":"2024-06-26T18:32:30","slug":"horacio-poesia-completa","status":"publish","type":"product","link":"https:\/\/livrariasolmar.pt\/en\/produto\/horacio-poesia-completa\/","title":{"rendered":"Hor\u00e1cio. Poesia Completa"},"content":{"rendered":"","protected":false},"excerpt":{"rendered":"<p>Hor\u00e1cio (65-8 a.C.) \u00e9, juntamente com Verg\u00edlio, o maior poeta da literatura latina. Pela variedade de vozes po\u00e9ticas que ouvimos na sua obra, estamos perante um autor com muitos rostos: o Fernando Pessoa romano. Tanto a famosa Arte Po\u00e9tica como as diferentes colet\u00e2neas que Hor\u00e1cio comp\u00f4s veiculam profundidade filos\u00f3fica, mas tamb\u00e9m ironia, desprendimento e ambival\u00eancia. Seja na sexualidade franca (censurada em muitas edi\u00e7\u00f5es anteriores) ou no lirismo requintado, este poeta l\u00facido e complexo deslumbra em todos os registos.<\/p>\n<p>A presente tradu\u00e7\u00e3o anotada de Frederico Louren\u00e7o (com texto latino) \u00e9 a primeira edi\u00e7\u00e3o completa de Hor\u00e1cio a ser publicada em Portugal desde o s\u00e9culo xvii. As anota\u00e7\u00f5es do professor da Universidade de Coimbra exploram as nuances, os intertextos e as entrelinhas da po\u00e9tica de Hor\u00e1cio, aduzindo sempre que poss\u00edvel paralelo de autores portugueses (com destaque natural para Lu\u00eds de Cam\u00f5es e Ricardo Reis).<\/p>\n","protected":false},"author":2,"featured_media":8636,"template":"","meta":[],"product_cat":[162],"product_tag":[],"cat_produtos":[],"yoast_head":"<!-- This site is optimized with the Yoast SEO plugin v16.6 - https:\/\/yoast.com\/wordpress\/plugins\/seo\/ -->\n<title>Hor\u00e1cio. Poesia Completa - Livraria Solmar - Livraria online<\/title>\n<meta name=\"robots\" content=\"index, follow, max-snippet:-1, max-image-preview:large, max-video-preview:-1\" \/>\n<link rel=\"canonical\" href=\"https:\/\/livrariasolmar.pt\/en\/produto\/horacio-poesia-completa\/\" \/>\n<meta property=\"og:locale\" content=\"en_US\" \/>\n<meta property=\"og:type\" content=\"article\" \/>\n<meta property=\"og:title\" content=\"Hor\u00e1cio. Poesia Completa - Livraria Solmar - Livraria online\" \/>\n<meta property=\"og:description\" content=\"Hor\u00e1cio (65-8 a.C.) \u00e9, juntamente com Verg\u00edlio, o maior poeta da literatura latina. Pela variedade de vozes po\u00e9ticas que ouvimos na sua obra, estamos perante um autor com muitos rostos: o Fernando Pessoa romano. Tanto a famosa Arte Po\u00e9tica como as diferentes colet\u00e2neas que Hor\u00e1cio comp\u00f4s veiculam profundidade filos\u00f3fica, mas tamb\u00e9m ironia, desprendimento e ambival\u00eancia. Seja na sexualidade franca (censurada em muitas edi\u00e7\u00f5es anteriores) ou no lirismo requintado, este poeta l\u00facido e complexo deslumbra em todos os registos.  A presente tradu\u00e7\u00e3o anotada de Frederico Louren\u00e7o (com texto latino) \u00e9 a primeira edi\u00e7\u00e3o completa de Hor\u00e1cio a ser publicada em Portugal desde o s\u00e9culo xvii. As anota\u00e7\u00f5es do professor da Universidade de Coimbra exploram as nuances, os intertextos e as entrelinhas da po\u00e9tica de Hor\u00e1cio, aduzindo sempre que poss\u00edvel paralelo de autores portugueses (com destaque natural para Lu\u00eds de Cam\u00f5es e Ricardo Reis).\" \/>\n<meta property=\"og:url\" content=\"https:\/\/livrariasolmar.pt\/produto\/horacio-poesia-completa\/\" \/>\n<meta property=\"og:site_name\" content=\"Livraria Solmar - Livraria online\" \/>\n<meta property=\"article:modified_time\" content=\"2024-06-26T18:32:30+00:00\" \/>\n<meta property=\"og:image\" content=\"https:\/\/livrariasolmar.pt\/wp-content\/uploads\/2024\/04\/300x.jpg\" \/>\n\t<meta property=\"og:image:width\" content=\"300\" \/>\n\t<meta property=\"og:image:height\" content=\"450\" \/>\n<meta name=\"twitter:card\" content=\"summary_large_image\" \/>\n<script type=\"application\/ld+json\" class=\"yoast-schema-graph\">{\"@context\":\"https:\/\/schema.org\",\"@graph\":[{\"@type\":\"WebSite\",\"@id\":\"https:\/\/livrariasolmar.pt\/#website\",\"url\":\"https:\/\/livrariasolmar.pt\/\",\"name\":\"Livraria Solmar - Livraria online\",\"description\":\"Com\\u00e9rcio Livros E Objetos De Arte, Lda - Ponta Delgada, A\\u00e7ores\",\"potentialAction\":[{\"@type\":\"SearchAction\",\"target\":{\"@type\":\"EntryPoint\",\"urlTemplate\":\"https:\/\/livrariasolmar.pt\/?s={search_term_string}\"},\"query-input\":\"required name=search_term_string\"}],\"inLanguage\":\"en-US\"},{\"@type\":\"ImageObject\",\"@id\":\"https:\/\/livrariasolmar.pt\/produto\/horacio-poesia-completa\/#primaryimage\",\"inLanguage\":\"en-US\",\"url\":\"https:\/\/livrariasolmar.pt\/wp-content\/uploads\/2024\/04\/300x.jpg\",\"contentUrl\":\"https:\/\/livrariasolmar.pt\/wp-content\/uploads\/2024\/04\/300x.jpg\",\"width\":300,\"height\":450},{\"@type\":\"WebPage\",\"@id\":\"https:\/\/livrariasolmar.pt\/produto\/horacio-poesia-completa\/#webpage\",\"url\":\"https:\/\/livrariasolmar.pt\/produto\/horacio-poesia-completa\/\",\"name\":\"Hor\\u00e1cio. Poesia Completa - Livraria Solmar - Livraria online\",\"isPartOf\":{\"@id\":\"https:\/\/livrariasolmar.pt\/#website\"},\"primaryImageOfPage\":{\"@id\":\"https:\/\/livrariasolmar.pt\/produto\/horacio-poesia-completa\/#primaryimage\"},\"datePublished\":\"2024-04-01T17:31:46+00:00\",\"dateModified\":\"2024-06-26T18:32:30+00:00\",\"breadcrumb\":{\"@id\":\"https:\/\/livrariasolmar.pt\/produto\/horacio-poesia-completa\/#breadcrumb\"},\"inLanguage\":\"en-US\",\"potentialAction\":[{\"@type\":\"ReadAction\",\"target\":[\"https:\/\/livrariasolmar.pt\/produto\/horacio-poesia-completa\/\"]}]},{\"@type\":\"BreadcrumbList\",\"@id\":\"https:\/\/livrariasolmar.pt\/produto\/horacio-poesia-completa\/#breadcrumb\",\"itemListElement\":[{\"@type\":\"ListItem\",\"position\":1,\"name\":\"In\\u00edcio\",\"item\":\"https:\/\/livrariasolmar.pt\/en\/\"},{\"@type\":\"ListItem\",\"position\":2,\"name\":\"Shop\",\"item\":\"https:\/\/livrariasolmar.pt\/en\/shop\/\"},{\"@type\":\"ListItem\",\"position\":3,\"name\":\"Hor\\u00e1cio. Poesia Completa\"}]}]}<\/script>\n<!-- \/ Yoast SEO plugin. -->","_links":{"self":[{"href":"https:\/\/livrariasolmar.pt\/en\/wp-json\/wp\/v2\/product\/8635"}],"collection":[{"href":"https:\/\/livrariasolmar.pt\/en\/wp-json\/wp\/v2\/product"}],"about":[{"href":"https:\/\/livrariasolmar.pt\/en\/wp-json\/wp\/v2\/types\/product"}],"author":[{"embeddable":true,"href":"https:\/\/livrariasolmar.pt\/en\/wp-json\/wp\/v2\/users\/2"}],"wp:featuredmedia":[{"embeddable":true,"href":"https:\/\/livrariasolmar.pt\/en\/wp-json\/wp\/v2\/media\/8636"}],"wp:attachment":[{"href":"https:\/\/livrariasolmar.pt\/en\/wp-json\/wp\/v2\/media?parent=8635"}],"wp:term":[{"taxonomy":"product_cat","embeddable":true,"href":"https:\/\/livrariasolmar.pt\/en\/wp-json\/wp\/v2\/product_cat?post=8635"},{"taxonomy":"product_tag","embeddable":true,"href":"https:\/\/livrariasolmar.pt\/en\/wp-json\/wp\/v2\/product_tag?post=8635"},{"taxonomy":"cat_produtos","embeddable":true,"href":"https:\/\/livrariasolmar.pt\/en\/wp-json\/wp\/v2\/cat_produtos?post=8635"}],"curies":[{"name":"wp","href":"https:\/\/api.w.org\/{rel}","templated":true}]}}