{"id":8638,"date":"2024-04-01T17:44:49","date_gmt":"2024-04-01T17:44:49","guid":{"rendered":"https:\/\/livrariasolmar.pt\/?post_type=product&#038;p=8638"},"modified":"2025-12-08T16:47:31","modified_gmt":"2025-12-08T16:47:31","slug":"a-odisseia-de-homero-adaptada-para-jovens","status":"publish","type":"product","link":"https:\/\/livrariasolmar.pt\/en\/produto\/a-odisseia-de-homero-adaptada-para-jovens\/","title":{"rendered":"A Odisseia de Homero Adaptada para Jovens"},"content":{"rendered":"","protected":false},"excerpt":{"rendered":"<p>\u00abMil e duzentos anos antes do nascimento de Jesus Cristo, vivia na ilha grega de \u00cdtaca um jovem pr\u00edncipe chamado Tel\u00e9maco. Seu pai tinha partido para a guerra quando ele era ainda beb\u00e9.\u00bb<br \/>\nAssim come\u00e7a a narra\u00e7\u00e3o da Odisseia de Homero Adaptada para Jovens, escrita por Frederico Louren\u00e7o a partir da sua tradu\u00e7\u00e3o do original de Homero, em grego cl\u00e1ssico. Mantendo sempre vivos o rigor hist\u00f3rico e a qualidade liter\u00e1ria, Frederico Louren\u00e7o desperta nos jovens a vontade de acompanhar as aventuras de Ulisses\/Odisseu, transformando um dos livros fundamentais da nossa civiliza\u00e7\u00e3o numa aventura para todas as idades.<\/p>\n","protected":false},"author":2,"featured_media":8639,"template":"","meta":[],"product_cat":[172],"product_tag":[],"cat_produtos":[],"yoast_head":"<!-- This site is optimized with the Yoast SEO plugin v16.6 - https:\/\/yoast.com\/wordpress\/plugins\/seo\/ -->\n<title>A Odisseia de Homero Adaptada para Jovens - Livraria Solmar - Livraria online<\/title>\n<meta name=\"robots\" content=\"index, follow, max-snippet:-1, max-image-preview:large, max-video-preview:-1\" \/>\n<link rel=\"canonical\" href=\"https:\/\/livrariasolmar.pt\/en\/produto\/a-odisseia-de-homero-adaptada-para-jovens\/\" \/>\n<meta property=\"og:locale\" content=\"en_US\" \/>\n<meta property=\"og:type\" content=\"article\" \/>\n<meta property=\"og:title\" content=\"A Odisseia de Homero Adaptada para Jovens - Livraria Solmar - Livraria online\" \/>\n<meta property=\"og:description\" content=\"\u00abMil e duzentos anos antes do nascimento de Jesus Cristo, vivia na ilha grega de \u00cdtaca um jovem pr\u00edncipe chamado Tel\u00e9maco. Seu pai tinha partido para a guerra quando ele era ainda beb\u00e9.\u00bb Assim come\u00e7a a narra\u00e7\u00e3o da Odisseia de Homero Adaptada para Jovens, escrita por Frederico Louren\u00e7o a partir da sua tradu\u00e7\u00e3o do original de Homero, em grego cl\u00e1ssico. Mantendo sempre vivos o rigor hist\u00f3rico e a qualidade liter\u00e1ria, Frederico Louren\u00e7o desperta nos jovens a vontade de acompanhar as aventuras de Ulisses\/Odisseu, transformando um dos livros fundamentais da nossa civiliza\u00e7\u00e3o numa aventura para todas as idades.\" \/>\n<meta property=\"og:url\" content=\"https:\/\/livrariasolmar.pt\/produto\/a-odisseia-de-homero-adaptada-para-jovens\/\" \/>\n<meta property=\"og:site_name\" content=\"Livraria Solmar - Livraria online\" \/>\n<meta property=\"article:modified_time\" content=\"2025-12-08T16:47:31+00:00\" \/>\n<meta property=\"og:image\" content=\"https:\/\/livrariasolmar.pt\/wp-content\/uploads\/2024\/04\/300x-1.jpg\" \/>\n\t<meta property=\"og:image:width\" content=\"300\" \/>\n\t<meta property=\"og:image:height\" content=\"450\" \/>\n<meta name=\"twitter:card\" content=\"summary_large_image\" \/>\n<script type=\"application\/ld+json\" class=\"yoast-schema-graph\">{\"@context\":\"https:\/\/schema.org\",\"@graph\":[{\"@type\":\"WebSite\",\"@id\":\"https:\/\/livrariasolmar.pt\/#website\",\"url\":\"https:\/\/livrariasolmar.pt\/\",\"name\":\"Livraria Solmar - Livraria online\",\"description\":\"Com\\u00e9rcio Livros E Objetos De Arte, Lda - Ponta Delgada, A\\u00e7ores\",\"potentialAction\":[{\"@type\":\"SearchAction\",\"target\":{\"@type\":\"EntryPoint\",\"urlTemplate\":\"https:\/\/livrariasolmar.pt\/?s={search_term_string}\"},\"query-input\":\"required name=search_term_string\"}],\"inLanguage\":\"en-US\"},{\"@type\":\"ImageObject\",\"@id\":\"https:\/\/livrariasolmar.pt\/produto\/a-odisseia-de-homero-adaptada-para-jovens\/#primaryimage\",\"inLanguage\":\"en-US\",\"url\":\"https:\/\/livrariasolmar.pt\/wp-content\/uploads\/2024\/04\/300x-1.jpg\",\"contentUrl\":\"https:\/\/livrariasolmar.pt\/wp-content\/uploads\/2024\/04\/300x-1.jpg\",\"width\":300,\"height\":450},{\"@type\":\"WebPage\",\"@id\":\"https:\/\/livrariasolmar.pt\/produto\/a-odisseia-de-homero-adaptada-para-jovens\/#webpage\",\"url\":\"https:\/\/livrariasolmar.pt\/produto\/a-odisseia-de-homero-adaptada-para-jovens\/\",\"name\":\"A Odisseia de Homero Adaptada para Jovens - Livraria Solmar - Livraria online\",\"isPartOf\":{\"@id\":\"https:\/\/livrariasolmar.pt\/#website\"},\"primaryImageOfPage\":{\"@id\":\"https:\/\/livrariasolmar.pt\/produto\/a-odisseia-de-homero-adaptada-para-jovens\/#primaryimage\"},\"datePublished\":\"2024-04-01T17:44:49+00:00\",\"dateModified\":\"2025-12-08T16:47:31+00:00\",\"breadcrumb\":{\"@id\":\"https:\/\/livrariasolmar.pt\/produto\/a-odisseia-de-homero-adaptada-para-jovens\/#breadcrumb\"},\"inLanguage\":\"en-US\",\"potentialAction\":[{\"@type\":\"ReadAction\",\"target\":[\"https:\/\/livrariasolmar.pt\/produto\/a-odisseia-de-homero-adaptada-para-jovens\/\"]}]},{\"@type\":\"BreadcrumbList\",\"@id\":\"https:\/\/livrariasolmar.pt\/produto\/a-odisseia-de-homero-adaptada-para-jovens\/#breadcrumb\",\"itemListElement\":[{\"@type\":\"ListItem\",\"position\":1,\"name\":\"In\\u00edcio\",\"item\":\"https:\/\/livrariasolmar.pt\/en\/\"},{\"@type\":\"ListItem\",\"position\":2,\"name\":\"Shop\",\"item\":\"https:\/\/livrariasolmar.pt\/en\/shop\/\"},{\"@type\":\"ListItem\",\"position\":3,\"name\":\"A Odisseia de Homero Adaptada para Jovens\"}]}]}<\/script>\n<!-- \/ Yoast SEO plugin. -->","_links":{"self":[{"href":"https:\/\/livrariasolmar.pt\/en\/wp-json\/wp\/v2\/product\/8638"}],"collection":[{"href":"https:\/\/livrariasolmar.pt\/en\/wp-json\/wp\/v2\/product"}],"about":[{"href":"https:\/\/livrariasolmar.pt\/en\/wp-json\/wp\/v2\/types\/product"}],"author":[{"embeddable":true,"href":"https:\/\/livrariasolmar.pt\/en\/wp-json\/wp\/v2\/users\/2"}],"wp:featuredmedia":[{"embeddable":true,"href":"https:\/\/livrariasolmar.pt\/en\/wp-json\/wp\/v2\/media\/8639"}],"wp:attachment":[{"href":"https:\/\/livrariasolmar.pt\/en\/wp-json\/wp\/v2\/media?parent=8638"}],"wp:term":[{"taxonomy":"product_cat","embeddable":true,"href":"https:\/\/livrariasolmar.pt\/en\/wp-json\/wp\/v2\/product_cat?post=8638"},{"taxonomy":"product_tag","embeddable":true,"href":"https:\/\/livrariasolmar.pt\/en\/wp-json\/wp\/v2\/product_tag?post=8638"},{"taxonomy":"cat_produtos","embeddable":true,"href":"https:\/\/livrariasolmar.pt\/en\/wp-json\/wp\/v2\/cat_produtos?post=8638"}],"curies":[{"name":"wp","href":"https:\/\/api.w.org\/{rel}","templated":true}]}}