{"id":8675,"date":"2024-04-04T17:13:01","date_gmt":"2024-04-04T17:13:01","guid":{"rendered":"https:\/\/livrariasolmar.pt\/?post_type=product&#038;p=8675"},"modified":"2024-06-03T18:56:59","modified_gmt":"2024-06-03T18:56:59","slug":"os-moedeiros-falsos","status":"publish","type":"product","link":"https:\/\/livrariasolmar.pt\/en\/produto\/os-moedeiros-falsos\/","title":{"rendered":"Os Moedeiros Falsos"},"content":{"rendered":"","protected":false},"excerpt":{"rendered":"<p>Um grupo de jovens com ambi\u00e7\u00f5es liter\u00e1rias aproxima-se do conde de Passavant, homem de letras vulgar e de moral duvidosa que deseja manter sob a sua influ\u00eancia talentos promissores como Bernard e Olivier. Estas e outras personagens s\u00e3o referidas no di\u00e1rio \u00edntimo de \u00c9douard, velho conhecido de Passavant e tio de Olivier, por quem este nutre uma admira\u00e7\u00e3o que se converte em liga\u00e7\u00e3o amorosa. \u00c9douard procura reunir material para um romance, Os Moedeiros Falsos, t\u00edtulo aleg\u00f3rico e moral que acaba por tornar-se estranhamente adequado quando o escritor descobre o envolvimento dos seus amigos com um bando de adolescentes encarregados de distribuir dinheiro falso.<\/p>\n<p>Exprimindo uma vis\u00e3o sem preconceitos da homossexualidade e denunciando a hipocrisia e a decad\u00eancia da alta sociedade francesa do princ\u00edpio do s\u00e9culo xx, Os Moedeiros Falsos, uma das obras capitais de Andr\u00e9 Gide e a \u00fanica a que deu o nome de romance, antecipa algumas das tend\u00eancias fundamentais da narrativa contempor\u00e2nea.<\/p>\n","protected":false},"author":2,"featured_media":8676,"template":"","meta":[],"product_cat":[153],"product_tag":[],"cat_produtos":[],"yoast_head":"<!-- This site is optimized with the Yoast SEO plugin v16.6 - https:\/\/yoast.com\/wordpress\/plugins\/seo\/ -->\n<title>Os Moedeiros Falsos - Livraria Solmar - Livraria online<\/title>\n<meta name=\"robots\" content=\"index, follow, max-snippet:-1, max-image-preview:large, max-video-preview:-1\" \/>\n<link rel=\"canonical\" href=\"https:\/\/livrariasolmar.pt\/en\/produto\/os-moedeiros-falsos\/\" \/>\n<meta property=\"og:locale\" content=\"en_US\" \/>\n<meta property=\"og:type\" content=\"article\" \/>\n<meta property=\"og:title\" content=\"Os Moedeiros Falsos - Livraria Solmar - Livraria online\" \/>\n<meta property=\"og:description\" content=\"Um grupo de jovens com ambi\u00e7\u00f5es liter\u00e1rias aproxima-se do conde de Passavant, homem de letras vulgar e de moral duvidosa que deseja manter sob a sua influ\u00eancia talentos promissores como Bernard e Olivier. Estas e outras personagens s\u00e3o referidas no di\u00e1rio \u00edntimo de \u00c9douard, velho conhecido de Passavant e tio de Olivier, por quem este nutre uma admira\u00e7\u00e3o que se converte em liga\u00e7\u00e3o amorosa. \u00c9douard procura reunir material para um romance, Os Moedeiros Falsos, t\u00edtulo aleg\u00f3rico e moral que acaba por tornar-se estranhamente adequado quando o escritor descobre o envolvimento dos seus amigos com um bando de adolescentes encarregados de distribuir dinheiro falso.  Exprimindo uma vis\u00e3o sem preconceitos da homossexualidade e denunciando a hipocrisia e a decad\u00eancia da alta sociedade francesa do princ\u00edpio do s\u00e9culo xx, Os Moedeiros Falsos, uma das obras capitais de Andr\u00e9 Gide e a \u00fanica a que deu o nome de romance, antecipa algumas das tend\u00eancias fundamentais da narrativa contempor\u00e2nea.\" \/>\n<meta property=\"og:url\" content=\"https:\/\/livrariasolmar.pt\/produto\/os-moedeiros-falsos\/\" \/>\n<meta property=\"og:site_name\" content=\"Livraria Solmar - Livraria online\" \/>\n<meta property=\"article:modified_time\" content=\"2024-06-03T18:56:59+00:00\" \/>\n<meta property=\"og:image\" content=\"https:\/\/livrariasolmar.pt\/wp-content\/uploads\/2024\/04\/500_9789722546621_capa.jpg\" \/>\n\t<meta property=\"og:image:width\" content=\"318\" \/>\n\t<meta property=\"og:image:height\" content=\"500\" \/>\n<meta name=\"twitter:card\" content=\"summary_large_image\" \/>\n<script type=\"application\/ld+json\" class=\"yoast-schema-graph\">{\"@context\":\"https:\/\/schema.org\",\"@graph\":[{\"@type\":\"WebSite\",\"@id\":\"https:\/\/livrariasolmar.pt\/#website\",\"url\":\"https:\/\/livrariasolmar.pt\/\",\"name\":\"Livraria Solmar - Livraria online\",\"description\":\"Com\\u00e9rcio Livros E Objetos De Arte, Lda - Ponta Delgada, A\\u00e7ores\",\"potentialAction\":[{\"@type\":\"SearchAction\",\"target\":{\"@type\":\"EntryPoint\",\"urlTemplate\":\"https:\/\/livrariasolmar.pt\/?s={search_term_string}\"},\"query-input\":\"required name=search_term_string\"}],\"inLanguage\":\"en-US\"},{\"@type\":\"ImageObject\",\"@id\":\"https:\/\/livrariasolmar.pt\/produto\/os-moedeiros-falsos\/#primaryimage\",\"inLanguage\":\"en-US\",\"url\":\"https:\/\/livrariasolmar.pt\/wp-content\/uploads\/2024\/04\/500_9789722546621_capa.jpg\",\"contentUrl\":\"https:\/\/livrariasolmar.pt\/wp-content\/uploads\/2024\/04\/500_9789722546621_capa.jpg\",\"width\":318,\"height\":500},{\"@type\":\"WebPage\",\"@id\":\"https:\/\/livrariasolmar.pt\/produto\/os-moedeiros-falsos\/#webpage\",\"url\":\"https:\/\/livrariasolmar.pt\/produto\/os-moedeiros-falsos\/\",\"name\":\"Os Moedeiros Falsos - Livraria Solmar - Livraria online\",\"isPartOf\":{\"@id\":\"https:\/\/livrariasolmar.pt\/#website\"},\"primaryImageOfPage\":{\"@id\":\"https:\/\/livrariasolmar.pt\/produto\/os-moedeiros-falsos\/#primaryimage\"},\"datePublished\":\"2024-04-04T17:13:01+00:00\",\"dateModified\":\"2024-06-03T18:56:59+00:00\",\"breadcrumb\":{\"@id\":\"https:\/\/livrariasolmar.pt\/produto\/os-moedeiros-falsos\/#breadcrumb\"},\"inLanguage\":\"en-US\",\"potentialAction\":[{\"@type\":\"ReadAction\",\"target\":[\"https:\/\/livrariasolmar.pt\/produto\/os-moedeiros-falsos\/\"]}]},{\"@type\":\"BreadcrumbList\",\"@id\":\"https:\/\/livrariasolmar.pt\/produto\/os-moedeiros-falsos\/#breadcrumb\",\"itemListElement\":[{\"@type\":\"ListItem\",\"position\":1,\"name\":\"In\\u00edcio\",\"item\":\"https:\/\/livrariasolmar.pt\/en\/\"},{\"@type\":\"ListItem\",\"position\":2,\"name\":\"Shop\",\"item\":\"https:\/\/livrariasolmar.pt\/en\/shop\/\"},{\"@type\":\"ListItem\",\"position\":3,\"name\":\"Os Moedeiros Falsos\"}]}]}<\/script>\n<!-- \/ Yoast SEO plugin. -->","_links":{"self":[{"href":"https:\/\/livrariasolmar.pt\/en\/wp-json\/wp\/v2\/product\/8675"}],"collection":[{"href":"https:\/\/livrariasolmar.pt\/en\/wp-json\/wp\/v2\/product"}],"about":[{"href":"https:\/\/livrariasolmar.pt\/en\/wp-json\/wp\/v2\/types\/product"}],"author":[{"embeddable":true,"href":"https:\/\/livrariasolmar.pt\/en\/wp-json\/wp\/v2\/users\/2"}],"wp:featuredmedia":[{"embeddable":true,"href":"https:\/\/livrariasolmar.pt\/en\/wp-json\/wp\/v2\/media\/8676"}],"wp:attachment":[{"href":"https:\/\/livrariasolmar.pt\/en\/wp-json\/wp\/v2\/media?parent=8675"}],"wp:term":[{"taxonomy":"product_cat","embeddable":true,"href":"https:\/\/livrariasolmar.pt\/en\/wp-json\/wp\/v2\/product_cat?post=8675"},{"taxonomy":"product_tag","embeddable":true,"href":"https:\/\/livrariasolmar.pt\/en\/wp-json\/wp\/v2\/product_tag?post=8675"},{"taxonomy":"cat_produtos","embeddable":true,"href":"https:\/\/livrariasolmar.pt\/en\/wp-json\/wp\/v2\/cat_produtos?post=8675"}],"curies":[{"name":"wp","href":"https:\/\/api.w.org\/{rel}","templated":true}]}}