{"id":8678,"date":"2024-04-04T18:31:45","date_gmt":"2024-04-04T18:31:45","guid":{"rendered":"https:\/\/livrariasolmar.pt\/?post_type=product&#038;p=8678"},"modified":"2024-05-13T17:18:08","modified_gmt":"2024-05-13T17:18:08","slug":"a-criacao-do-eu","status":"publish","type":"product","link":"https:\/\/livrariasolmar.pt\/en\/produto\/a-criacao-do-eu\/","title":{"rendered":"A Cria\u00e7\u00e3o do Eu"},"content":{"rendered":"","protected":false},"excerpt":{"rendered":"<div id=\"_660ef19ab8b5f\" class=\"show-more show-more-open\">A investiga\u00e7\u00e3o de Anil Seth para compreender a base biol\u00f3gica da experi\u00eancia consciente \u00e9 um dos contributos mais emocionantes para a ci\u00eancia do s\u00e9culo XXI. O que significa \u00abser eu\u00bb, ou seja, termos uma experi\u00eancia espec\u00edfica e consciente do mundo \u00e0 nossa volta e de n\u00f3s pr\u00f3prios? Talvez n\u00e3o haja pergunta mais esquiva ou fascinante. Historicamente, a humanidade considerou a natureza da consci\u00eancia como sendo uma investiga\u00e7\u00e3o principalmente espiritual ou filos\u00f3fica, mas a pesquisa cient\u00edfica est\u00e1 agora a mapear teorias biol\u00f3gicas e explica\u00e7\u00f5es convincentes para a consci\u00eancia e a individualidade. Neste livro, o professor de neuroci\u00eancia, investigador e autor de renome internacional Anil Seth abre uma janela para a nossa consci\u00eancia. Anil Seth \u00e9 um dos maiores especialistas na neuroci\u00eancia da consci\u00eancia e um dos mais proeminentes porta-vozes deste campo cient\u00edfico relativamente novo. O seu argumento radical defende que n\u00e3o percebemos o mundo como ele \u00e9 objetivamente. Em vez disso, Seth afirma que somos m\u00e1quinas de previs\u00e3o, em constante inven\u00e7\u00e3o do nosso mundo e em permanente corre\u00e7\u00e3o dos nossos erros ao microssegundo, e que agora podemos observar os mecanismos biol\u00f3gicos no c\u00e9rebro que realizam esse processo de consci\u00eancia.<\/div>\n","protected":false},"author":2,"featured_media":8679,"template":"","meta":[],"product_cat":[163],"product_tag":[],"cat_produtos":[],"yoast_head":"<!-- This site is optimized with the Yoast SEO plugin v16.6 - https:\/\/yoast.com\/wordpress\/plugins\/seo\/ -->\n<title>A Cria\u00e7\u00e3o do Eu - Livraria Solmar - Livraria online<\/title>\n<meta name=\"robots\" content=\"index, follow, max-snippet:-1, max-image-preview:large, max-video-preview:-1\" \/>\n<link rel=\"canonical\" href=\"https:\/\/livrariasolmar.pt\/en\/produto\/a-criacao-do-eu\/\" \/>\n<meta property=\"og:locale\" content=\"en_US\" \/>\n<meta property=\"og:type\" content=\"article\" \/>\n<meta property=\"og:title\" content=\"A Cria\u00e7\u00e3o do Eu - Livraria Solmar - Livraria online\" \/>\n<meta property=\"og:description\" content=\"A investiga\u00e7\u00e3o de Anil Seth para compreender a base biol\u00f3gica da experi\u00eancia consciente \u00e9 um dos contributos mais emocionantes para a ci\u00eancia do s\u00e9culo XXI. O que significa \u00abser eu\u00bb, ou seja, termos uma experi\u00eancia espec\u00edfica e consciente do mundo \u00e0 nossa volta e de n\u00f3s pr\u00f3prios? Talvez n\u00e3o haja pergunta mais esquiva ou fascinante. Historicamente, a humanidade considerou a natureza da consci\u00eancia como sendo uma investiga\u00e7\u00e3o principalmente espiritual ou filos\u00f3fica, mas a pesquisa cient\u00edfica est\u00e1 agora a mapear teorias biol\u00f3gicas e explica\u00e7\u00f5es convincentes para a consci\u00eancia e a individualidade. Neste livro, o professor de neuroci\u00eancia, investigador e autor de renome internacional Anil Seth abre uma janela para a nossa consci\u00eancia. Anil Seth \u00e9 um dos maiores especialistas na neuroci\u00eancia da consci\u00eancia e um dos mais proeminentes porta-vozes deste campo cient\u00edfico relativamente novo. O seu argumento radical defende que n\u00e3o percebemos o mundo como ele \u00e9 objetivamente. Em vez disso, Seth afirma que somos m\u00e1quinas de previs\u00e3o, em constante inven\u00e7\u00e3o do nosso mundo e em permanente corre\u00e7\u00e3o dos nossos erros ao microssegundo, e que agora podemos observar os mecanismos biol\u00f3gicos no c\u00e9rebro que realizam esse processo de consci\u00eancia.\" \/>\n<meta property=\"og:url\" content=\"https:\/\/livrariasolmar.pt\/produto\/a-criacao-do-eu\/\" \/>\n<meta property=\"og:site_name\" content=\"Livraria Solmar - Livraria online\" \/>\n<meta property=\"article:modified_time\" content=\"2024-05-13T17:18:08+00:00\" \/>\n<meta property=\"og:image\" content=\"https:\/\/livrariasolmar.pt\/wp-content\/uploads\/2024\/04\/500_9789722546720_capa.jpg\" \/>\n\t<meta property=\"og:image:width\" content=\"322\" \/>\n\t<meta property=\"og:image:height\" content=\"500\" \/>\n<meta name=\"twitter:card\" content=\"summary_large_image\" \/>\n<script type=\"application\/ld+json\" class=\"yoast-schema-graph\">{\"@context\":\"https:\/\/schema.org\",\"@graph\":[{\"@type\":\"WebSite\",\"@id\":\"https:\/\/livrariasolmar.pt\/#website\",\"url\":\"https:\/\/livrariasolmar.pt\/\",\"name\":\"Livraria Solmar - Livraria online\",\"description\":\"Com\\u00e9rcio Livros E Objetos De Arte, Lda - Ponta Delgada, A\\u00e7ores\",\"potentialAction\":[{\"@type\":\"SearchAction\",\"target\":{\"@type\":\"EntryPoint\",\"urlTemplate\":\"https:\/\/livrariasolmar.pt\/?s={search_term_string}\"},\"query-input\":\"required name=search_term_string\"}],\"inLanguage\":\"en-US\"},{\"@type\":\"ImageObject\",\"@id\":\"https:\/\/livrariasolmar.pt\/produto\/a-criacao-do-eu\/#primaryimage\",\"inLanguage\":\"en-US\",\"url\":\"https:\/\/livrariasolmar.pt\/wp-content\/uploads\/2024\/04\/500_9789722546720_capa.jpg\",\"contentUrl\":\"https:\/\/livrariasolmar.pt\/wp-content\/uploads\/2024\/04\/500_9789722546720_capa.jpg\",\"width\":322,\"height\":500},{\"@type\":\"WebPage\",\"@id\":\"https:\/\/livrariasolmar.pt\/produto\/a-criacao-do-eu\/#webpage\",\"url\":\"https:\/\/livrariasolmar.pt\/produto\/a-criacao-do-eu\/\",\"name\":\"A Cria\\u00e7\\u00e3o do Eu - Livraria Solmar - Livraria online\",\"isPartOf\":{\"@id\":\"https:\/\/livrariasolmar.pt\/#website\"},\"primaryImageOfPage\":{\"@id\":\"https:\/\/livrariasolmar.pt\/produto\/a-criacao-do-eu\/#primaryimage\"},\"datePublished\":\"2024-04-04T18:31:45+00:00\",\"dateModified\":\"2024-05-13T17:18:08+00:00\",\"breadcrumb\":{\"@id\":\"https:\/\/livrariasolmar.pt\/produto\/a-criacao-do-eu\/#breadcrumb\"},\"inLanguage\":\"en-US\",\"potentialAction\":[{\"@type\":\"ReadAction\",\"target\":[\"https:\/\/livrariasolmar.pt\/produto\/a-criacao-do-eu\/\"]}]},{\"@type\":\"BreadcrumbList\",\"@id\":\"https:\/\/livrariasolmar.pt\/produto\/a-criacao-do-eu\/#breadcrumb\",\"itemListElement\":[{\"@type\":\"ListItem\",\"position\":1,\"name\":\"In\\u00edcio\",\"item\":\"https:\/\/livrariasolmar.pt\/en\/\"},{\"@type\":\"ListItem\",\"position\":2,\"name\":\"Shop\",\"item\":\"https:\/\/livrariasolmar.pt\/en\/shop\/\"},{\"@type\":\"ListItem\",\"position\":3,\"name\":\"A Cria\\u00e7\\u00e3o do Eu\"}]}]}<\/script>\n<!-- \/ Yoast SEO plugin. -->","_links":{"self":[{"href":"https:\/\/livrariasolmar.pt\/en\/wp-json\/wp\/v2\/product\/8678"}],"collection":[{"href":"https:\/\/livrariasolmar.pt\/en\/wp-json\/wp\/v2\/product"}],"about":[{"href":"https:\/\/livrariasolmar.pt\/en\/wp-json\/wp\/v2\/types\/product"}],"author":[{"embeddable":true,"href":"https:\/\/livrariasolmar.pt\/en\/wp-json\/wp\/v2\/users\/2"}],"wp:featuredmedia":[{"embeddable":true,"href":"https:\/\/livrariasolmar.pt\/en\/wp-json\/wp\/v2\/media\/8679"}],"wp:attachment":[{"href":"https:\/\/livrariasolmar.pt\/en\/wp-json\/wp\/v2\/media?parent=8678"}],"wp:term":[{"taxonomy":"product_cat","embeddable":true,"href":"https:\/\/livrariasolmar.pt\/en\/wp-json\/wp\/v2\/product_cat?post=8678"},{"taxonomy":"product_tag","embeddable":true,"href":"https:\/\/livrariasolmar.pt\/en\/wp-json\/wp\/v2\/product_tag?post=8678"},{"taxonomy":"cat_produtos","embeddable":true,"href":"https:\/\/livrariasolmar.pt\/en\/wp-json\/wp\/v2\/cat_produtos?post=8678"}],"curies":[{"name":"wp","href":"https:\/\/api.w.org\/{rel}","templated":true}]}}