{"id":8687,"date":"2024-04-06T17:28:01","date_gmt":"2024-04-06T17:28:01","guid":{"rendered":"https:\/\/livrariasolmar.pt\/?post_type=product&#038;p=8687"},"modified":"2024-06-26T19:05:37","modified_gmt":"2024-06-26T19:05:37","slug":"as-mulheres","status":"publish","type":"product","link":"https:\/\/livrariasolmar.pt\/en\/produto\/as-mulheres\/","title":{"rendered":"As Mulheres"},"content":{"rendered":"","protected":false},"excerpt":{"rendered":"<div id=\"_6611855ee8f64\" class=\"show-more show-more-open\">Um retrato \u00edntimo de uma mulher num jogo de perigos e, ao mesmo tempo, o \u00e9pico de uma na\u00e7\u00e3o dividida pela guerra e fraturada pela pol\u00edtica \u00bf uma gera\u00e7\u00e3o que se fez do sonho de um mundo melhor e que se perdeu no campo de batalha. As mulheres tamb\u00e9m podem ser hero\u00ednas. Quando a estudante de Enfermagem de vinte anos Frances \u00abFrankie\u00bb McGrath ouve estas inesperadas palavras, tudo muda. Criada num cen\u00e1rio id\u00edlico da costa da Calif\u00f3rnia e protegida pelos pais conservadores, sempre se orgulhou de fazer as escolhas certas, ser uma boa rapariga. Mas em 1965 o mundo est\u00e1 a mudar, e tamb\u00e9m ela imagina escolhas diferentes para si. Quando o seu irm\u00e3o \u00e9 destacado para a Guerra do Vietname, Frankie alista-se tamb\u00e9m no Corpo de Enfermagem do Ex\u00e9rcito norte-americano. T\u00e3o inexperiente como os homens enviados para combate do outro lado do mundo, Frankie sente-se esmagada pelo caos, pelo sofrimento e pela destrui\u00e7\u00e3o provocados pela guerra, e pelos sentimentos inesperados que a invadem no regresso a uma Am\u00e9rica diferente e dividida. As Mulheres conta a hist\u00f3ria de uma mulher que viu a guerra, mas desvenda igualmente a hist\u00f3ria de todas as mulheres que enfrentam o perigo para ajudar os outros. Mulheres cujo sacrif\u00edcio e compromisso \u00e9, muitas vezes, esquecido. Este \u00e9 um romance fulgurante e bel\u00edssimo, uma narrativa profundamente emotiva com uma hero\u00edna memor\u00e1vel, cujo idealismo e coragem extraordin\u00e1rios definiram uma gera\u00e7\u00e3o.<\/div>\n","protected":false},"author":2,"featured_media":8688,"template":"","meta":[],"product_cat":[477],"product_tag":[],"cat_produtos":[],"yoast_head":"<!-- This site is optimized with the Yoast SEO plugin v16.6 - https:\/\/yoast.com\/wordpress\/plugins\/seo\/ -->\n<title>As Mulheres - Livraria Solmar - Livraria online<\/title>\n<meta name=\"robots\" content=\"index, follow, max-snippet:-1, max-image-preview:large, max-video-preview:-1\" \/>\n<link rel=\"canonical\" href=\"https:\/\/livrariasolmar.pt\/en\/produto\/as-mulheres\/\" \/>\n<meta property=\"og:locale\" content=\"en_US\" \/>\n<meta property=\"og:type\" content=\"article\" \/>\n<meta property=\"og:title\" content=\"As Mulheres - Livraria Solmar - Livraria online\" \/>\n<meta property=\"og:description\" content=\"Um retrato \u00edntimo de uma mulher num jogo de perigos e, ao mesmo tempo, o \u00e9pico de uma na\u00e7\u00e3o dividida pela guerra e fraturada pela pol\u00edtica \u00bf uma gera\u00e7\u00e3o que se fez do sonho de um mundo melhor e que se perdeu no campo de batalha. As mulheres tamb\u00e9m podem ser hero\u00ednas. Quando a estudante de Enfermagem de vinte anos Frances \u00abFrankie\u00bb McGrath ouve estas inesperadas palavras, tudo muda. Criada num cen\u00e1rio id\u00edlico da costa da Calif\u00f3rnia e protegida pelos pais conservadores, sempre se orgulhou de fazer as escolhas certas, ser uma boa rapariga. Mas em 1965 o mundo est\u00e1 a mudar, e tamb\u00e9m ela imagina escolhas diferentes para si. Quando o seu irm\u00e3o \u00e9 destacado para a Guerra do Vietname, Frankie alista-se tamb\u00e9m no Corpo de Enfermagem do Ex\u00e9rcito norte-americano. T\u00e3o inexperiente como os homens enviados para combate do outro lado do mundo, Frankie sente-se esmagada pelo caos, pelo sofrimento e pela destrui\u00e7\u00e3o provocados pela guerra, e pelos sentimentos inesperados que a invadem no regresso a uma Am\u00e9rica diferente e dividida. As Mulheres conta a hist\u00f3ria de uma mulher que viu a guerra, mas desvenda igualmente a hist\u00f3ria de todas as mulheres que enfrentam o perigo para ajudar os outros. Mulheres cujo sacrif\u00edcio e compromisso \u00e9, muitas vezes, esquecido. Este \u00e9 um romance fulgurante e bel\u00edssimo, uma narrativa profundamente emotiva com uma hero\u00edna memor\u00e1vel, cujo idealismo e coragem extraordin\u00e1rios definiram uma gera\u00e7\u00e3o.\" \/>\n<meta property=\"og:url\" content=\"https:\/\/livrariasolmar.pt\/produto\/as-mulheres\/\" \/>\n<meta property=\"og:site_name\" content=\"Livraria Solmar - Livraria online\" \/>\n<meta property=\"article:modified_time\" content=\"2024-06-26T19:05:37+00:00\" \/>\n<meta property=\"og:image\" content=\"https:\/\/livrariasolmar.pt\/wp-content\/uploads\/2024\/04\/500_9789722546676_capa.jpg\" \/>\n\t<meta property=\"og:image:width\" content=\"323\" \/>\n\t<meta property=\"og:image:height\" content=\"500\" \/>\n<meta name=\"twitter:card\" content=\"summary_large_image\" \/>\n<script type=\"application\/ld+json\" class=\"yoast-schema-graph\">{\"@context\":\"https:\/\/schema.org\",\"@graph\":[{\"@type\":\"WebSite\",\"@id\":\"https:\/\/livrariasolmar.pt\/#website\",\"url\":\"https:\/\/livrariasolmar.pt\/\",\"name\":\"Livraria Solmar - Livraria online\",\"description\":\"Com\\u00e9rcio Livros E Objetos De Arte, Lda - Ponta Delgada, A\\u00e7ores\",\"potentialAction\":[{\"@type\":\"SearchAction\",\"target\":{\"@type\":\"EntryPoint\",\"urlTemplate\":\"https:\/\/livrariasolmar.pt\/?s={search_term_string}\"},\"query-input\":\"required name=search_term_string\"}],\"inLanguage\":\"en-US\"},{\"@type\":\"ImageObject\",\"@id\":\"https:\/\/livrariasolmar.pt\/produto\/as-mulheres\/#primaryimage\",\"inLanguage\":\"en-US\",\"url\":\"https:\/\/livrariasolmar.pt\/wp-content\/uploads\/2024\/04\/500_9789722546676_capa.jpg\",\"contentUrl\":\"https:\/\/livrariasolmar.pt\/wp-content\/uploads\/2024\/04\/500_9789722546676_capa.jpg\",\"width\":323,\"height\":500},{\"@type\":\"WebPage\",\"@id\":\"https:\/\/livrariasolmar.pt\/produto\/as-mulheres\/#webpage\",\"url\":\"https:\/\/livrariasolmar.pt\/produto\/as-mulheres\/\",\"name\":\"As Mulheres - Livraria Solmar - Livraria online\",\"isPartOf\":{\"@id\":\"https:\/\/livrariasolmar.pt\/#website\"},\"primaryImageOfPage\":{\"@id\":\"https:\/\/livrariasolmar.pt\/produto\/as-mulheres\/#primaryimage\"},\"datePublished\":\"2024-04-06T17:28:01+00:00\",\"dateModified\":\"2024-06-26T19:05:37+00:00\",\"breadcrumb\":{\"@id\":\"https:\/\/livrariasolmar.pt\/produto\/as-mulheres\/#breadcrumb\"},\"inLanguage\":\"en-US\",\"potentialAction\":[{\"@type\":\"ReadAction\",\"target\":[\"https:\/\/livrariasolmar.pt\/produto\/as-mulheres\/\"]}]},{\"@type\":\"BreadcrumbList\",\"@id\":\"https:\/\/livrariasolmar.pt\/produto\/as-mulheres\/#breadcrumb\",\"itemListElement\":[{\"@type\":\"ListItem\",\"position\":1,\"name\":\"In\\u00edcio\",\"item\":\"https:\/\/livrariasolmar.pt\/en\/\"},{\"@type\":\"ListItem\",\"position\":2,\"name\":\"Shop\",\"item\":\"https:\/\/livrariasolmar.pt\/en\/shop\/\"},{\"@type\":\"ListItem\",\"position\":3,\"name\":\"As Mulheres\"}]}]}<\/script>\n<!-- \/ Yoast SEO plugin. -->","_links":{"self":[{"href":"https:\/\/livrariasolmar.pt\/en\/wp-json\/wp\/v2\/product\/8687"}],"collection":[{"href":"https:\/\/livrariasolmar.pt\/en\/wp-json\/wp\/v2\/product"}],"about":[{"href":"https:\/\/livrariasolmar.pt\/en\/wp-json\/wp\/v2\/types\/product"}],"author":[{"embeddable":true,"href":"https:\/\/livrariasolmar.pt\/en\/wp-json\/wp\/v2\/users\/2"}],"wp:featuredmedia":[{"embeddable":true,"href":"https:\/\/livrariasolmar.pt\/en\/wp-json\/wp\/v2\/media\/8688"}],"wp:attachment":[{"href":"https:\/\/livrariasolmar.pt\/en\/wp-json\/wp\/v2\/media?parent=8687"}],"wp:term":[{"taxonomy":"product_cat","embeddable":true,"href":"https:\/\/livrariasolmar.pt\/en\/wp-json\/wp\/v2\/product_cat?post=8687"},{"taxonomy":"product_tag","embeddable":true,"href":"https:\/\/livrariasolmar.pt\/en\/wp-json\/wp\/v2\/product_tag?post=8687"},{"taxonomy":"cat_produtos","embeddable":true,"href":"https:\/\/livrariasolmar.pt\/en\/wp-json\/wp\/v2\/cat_produtos?post=8687"}],"curies":[{"name":"wp","href":"https:\/\/api.w.org\/{rel}","templated":true}]}}