{"id":8690,"date":"2024-04-06T17:36:05","date_gmt":"2024-04-06T17:36:05","guid":{"rendered":"https:\/\/livrariasolmar.pt\/?post_type=product&#038;p=8690"},"modified":"2024-06-26T19:05:14","modified_gmt":"2024-06-26T19:05:14","slug":"quando-as-montanhas-cantam","status":"publish","type":"product","link":"https:\/\/livrariasolmar.pt\/en\/produto\/quando-as-montanhas-cantam\/","title":{"rendered":"Quando as Montanhas Cantam"},"content":{"rendered":"","protected":false},"excerpt":{"rendered":"<p>Um pa\u00eds em guerra. Uma fam\u00edlia dividida. Uma hist\u00f3ria de coragem e esperan\u00e7a. Vietname, 1972. Do seu ref\u00fagio nas montanhas, a pequena Huong, e a sua av\u00f3 observam Han\u00f3i a arder sob o fogo dos bombardeiros americanos. At\u00e9 \u00e0quele momento a guerra tinha sido apenas uma sombra que afastara a fam\u00edlia e dilacerava o pa\u00eds. Agora, entrava de forma brutal nas suas vidas. Quando regressam \u00e0 cidade, descobrem a sua casa completamente destru\u00edda e decidem reergu\u00ea-la, tijolo a tijolo. Para animar a neta, Di\u00bfu Lan come\u00e7a a contar a hist\u00f3ria da sua vida: desde os anos nas terras da fam\u00edlia durante a ocupa\u00e7\u00e3o francesa, as invas\u00f5es japonesas e a chegada dos comunistas; da sua fuga desesperada para Han\u00f3i, sem comida nem dinheiro, e a dura decis\u00e3o de deixar os filhos pelo caminho, na esperan\u00e7a de que, mais tarde ou mais cedo, se reencontrassem. O tempo passa e quando finalmente terminam a reconstru\u00e7\u00e3o da casa, a guerra j\u00e1 terminou. Os veteranos est\u00e3o a regressar da linha da frente e Huong pode finalmente voltar a abra\u00e7ar a m\u00e3e, que est\u00e1 uma mulher muito diferente daquilo que ela se lembrava. A guerra roubou-lhe a esperan\u00e7a e as palavras; e caber\u00e1 a Huong dar-lhe voz e ajud\u00e1-la na dura tarefa de se libertar do fardo amargo de todos os segredos&#8230;<\/p>\n","protected":false},"author":2,"featured_media":8691,"template":"","meta":[],"product_cat":[477],"product_tag":[],"cat_produtos":[],"yoast_head":"<!-- This site is optimized with the Yoast SEO plugin v16.6 - https:\/\/yoast.com\/wordpress\/plugins\/seo\/ -->\n<title>Quando as Montanhas Cantam - Livraria Solmar - Livraria online<\/title>\n<meta name=\"robots\" content=\"index, follow, max-snippet:-1, max-image-preview:large, max-video-preview:-1\" \/>\n<link rel=\"canonical\" href=\"https:\/\/livrariasolmar.pt\/en\/produto\/quando-as-montanhas-cantam\/\" \/>\n<meta property=\"og:locale\" content=\"en_US\" \/>\n<meta property=\"og:type\" content=\"article\" \/>\n<meta property=\"og:title\" content=\"Quando as Montanhas Cantam - Livraria Solmar - Livraria online\" \/>\n<meta property=\"og:description\" content=\"Um pa\u00eds em guerra. Uma fam\u00edlia dividida. Uma hist\u00f3ria de coragem e esperan\u00e7a. Vietname, 1972. Do seu ref\u00fagio nas montanhas, a pequena Huong, e a sua av\u00f3 observam Han\u00f3i a arder sob o fogo dos bombardeiros americanos. At\u00e9 \u00e0quele momento a guerra tinha sido apenas uma sombra que afastara a fam\u00edlia e dilacerava o pa\u00eds. Agora, entrava de forma brutal nas suas vidas. Quando regressam \u00e0 cidade, descobrem a sua casa completamente destru\u00edda e decidem reergu\u00ea-la, tijolo a tijolo. Para animar a neta, Di\u00bfu Lan come\u00e7a a contar a hist\u00f3ria da sua vida: desde os anos nas terras da fam\u00edlia durante a ocupa\u00e7\u00e3o francesa, as invas\u00f5es japonesas e a chegada dos comunistas; da sua fuga desesperada para Han\u00f3i, sem comida nem dinheiro, e a dura decis\u00e3o de deixar os filhos pelo caminho, na esperan\u00e7a de que, mais tarde ou mais cedo, se reencontrassem. O tempo passa e quando finalmente terminam a reconstru\u00e7\u00e3o da casa, a guerra j\u00e1 terminou. Os veteranos est\u00e3o a regressar da linha da frente e Huong pode finalmente voltar a abra\u00e7ar a m\u00e3e, que est\u00e1 uma mulher muito diferente daquilo que ela se lembrava. A guerra roubou-lhe a esperan\u00e7a e as palavras; e caber\u00e1 a Huong dar-lhe voz e ajud\u00e1-la na dura tarefa de se libertar do fardo amargo de todos os segredos...\" \/>\n<meta property=\"og:url\" content=\"https:\/\/livrariasolmar.pt\/produto\/quando-as-montanhas-cantam\/\" \/>\n<meta property=\"og:site_name\" content=\"Livraria Solmar - Livraria online\" \/>\n<meta property=\"article:modified_time\" content=\"2024-06-26T19:05:14+00:00\" \/>\n<meta property=\"og:image\" content=\"https:\/\/livrariasolmar.pt\/wp-content\/uploads\/2024\/04\/500_9789895702176_capa.jpg\" \/>\n\t<meta property=\"og:image:width\" content=\"322\" \/>\n\t<meta property=\"og:image:height\" content=\"500\" \/>\n<meta name=\"twitter:card\" content=\"summary_large_image\" \/>\n<script type=\"application\/ld+json\" class=\"yoast-schema-graph\">{\"@context\":\"https:\/\/schema.org\",\"@graph\":[{\"@type\":\"WebSite\",\"@id\":\"https:\/\/livrariasolmar.pt\/#website\",\"url\":\"https:\/\/livrariasolmar.pt\/\",\"name\":\"Livraria Solmar - Livraria online\",\"description\":\"Com\\u00e9rcio Livros E Objetos De Arte, Lda - Ponta Delgada, A\\u00e7ores\",\"potentialAction\":[{\"@type\":\"SearchAction\",\"target\":{\"@type\":\"EntryPoint\",\"urlTemplate\":\"https:\/\/livrariasolmar.pt\/?s={search_term_string}\"},\"query-input\":\"required name=search_term_string\"}],\"inLanguage\":\"en-US\"},{\"@type\":\"ImageObject\",\"@id\":\"https:\/\/livrariasolmar.pt\/produto\/quando-as-montanhas-cantam\/#primaryimage\",\"inLanguage\":\"en-US\",\"url\":\"https:\/\/livrariasolmar.pt\/wp-content\/uploads\/2024\/04\/500_9789895702176_capa.jpg\",\"contentUrl\":\"https:\/\/livrariasolmar.pt\/wp-content\/uploads\/2024\/04\/500_9789895702176_capa.jpg\",\"width\":322,\"height\":500},{\"@type\":\"WebPage\",\"@id\":\"https:\/\/livrariasolmar.pt\/produto\/quando-as-montanhas-cantam\/#webpage\",\"url\":\"https:\/\/livrariasolmar.pt\/produto\/quando-as-montanhas-cantam\/\",\"name\":\"Quando as Montanhas Cantam - Livraria Solmar - Livraria online\",\"isPartOf\":{\"@id\":\"https:\/\/livrariasolmar.pt\/#website\"},\"primaryImageOfPage\":{\"@id\":\"https:\/\/livrariasolmar.pt\/produto\/quando-as-montanhas-cantam\/#primaryimage\"},\"datePublished\":\"2024-04-06T17:36:05+00:00\",\"dateModified\":\"2024-06-26T19:05:14+00:00\",\"breadcrumb\":{\"@id\":\"https:\/\/livrariasolmar.pt\/produto\/quando-as-montanhas-cantam\/#breadcrumb\"},\"inLanguage\":\"en-US\",\"potentialAction\":[{\"@type\":\"ReadAction\",\"target\":[\"https:\/\/livrariasolmar.pt\/produto\/quando-as-montanhas-cantam\/\"]}]},{\"@type\":\"BreadcrumbList\",\"@id\":\"https:\/\/livrariasolmar.pt\/produto\/quando-as-montanhas-cantam\/#breadcrumb\",\"itemListElement\":[{\"@type\":\"ListItem\",\"position\":1,\"name\":\"In\\u00edcio\",\"item\":\"https:\/\/livrariasolmar.pt\/en\/\"},{\"@type\":\"ListItem\",\"position\":2,\"name\":\"Shop\",\"item\":\"https:\/\/livrariasolmar.pt\/en\/shop\/\"},{\"@type\":\"ListItem\",\"position\":3,\"name\":\"Quando as Montanhas Cantam\"}]}]}<\/script>\n<!-- \/ Yoast SEO plugin. -->","_links":{"self":[{"href":"https:\/\/livrariasolmar.pt\/en\/wp-json\/wp\/v2\/product\/8690"}],"collection":[{"href":"https:\/\/livrariasolmar.pt\/en\/wp-json\/wp\/v2\/product"}],"about":[{"href":"https:\/\/livrariasolmar.pt\/en\/wp-json\/wp\/v2\/types\/product"}],"author":[{"embeddable":true,"href":"https:\/\/livrariasolmar.pt\/en\/wp-json\/wp\/v2\/users\/2"}],"wp:featuredmedia":[{"embeddable":true,"href":"https:\/\/livrariasolmar.pt\/en\/wp-json\/wp\/v2\/media\/8691"}],"wp:attachment":[{"href":"https:\/\/livrariasolmar.pt\/en\/wp-json\/wp\/v2\/media?parent=8690"}],"wp:term":[{"taxonomy":"product_cat","embeddable":true,"href":"https:\/\/livrariasolmar.pt\/en\/wp-json\/wp\/v2\/product_cat?post=8690"},{"taxonomy":"product_tag","embeddable":true,"href":"https:\/\/livrariasolmar.pt\/en\/wp-json\/wp\/v2\/product_tag?post=8690"},{"taxonomy":"cat_produtos","embeddable":true,"href":"https:\/\/livrariasolmar.pt\/en\/wp-json\/wp\/v2\/cat_produtos?post=8690"}],"curies":[{"name":"wp","href":"https:\/\/api.w.org\/{rel}","templated":true}]}}