{"id":8698,"date":"2024-04-09T17:28:40","date_gmt":"2024-04-09T17:28:40","guid":{"rendered":"https:\/\/livrariasolmar.pt\/?post_type=product&#038;p=8698"},"modified":"2024-06-26T19:05:26","modified_gmt":"2024-06-26T19:05:26","slug":"proposta-irrecusavel","status":"publish","type":"product","link":"https:\/\/livrariasolmar.pt\/en\/produto\/proposta-irrecusavel\/","title":{"rendered":"Proposta Irrecus\u00e1vel"},"content":{"rendered":"","protected":false},"excerpt":{"rendered":"<p>Proposta Irrecus\u00e1vel \u00e9 o segundo livro da s\u00e9rie Miles High Club, de T L Swan. Uma hist\u00f3ria que vai do amor ao \u00f3dio em segundos e vice-versa. Mais um bestseller instant\u00e2neo que est\u00e1 a dar que falar.<\/p>\n<p>Conheci o Tristan Miles numa reuni\u00e3o em que me fez uma proposta para comprar a empresa do meu falecido marido. Ele \u00e9 poderoso, arrogante e irritantemente lindo. Representa tudo o que odeio no mundo dos neg\u00f3cios. E detestei-o com todas as c\u00e9lulas do meu corpo. Recusei firmemente a sua proposta.<\/p>\n<p>Para grande surpresa minha, ligou novamente dias depois e convidou-me para jantar. Preferia morrer a aceitar sair com um homem como o Tristan &#8211; embora tenha de admitir que o convite foi \u00f3timo para o meu ego. Recus\u00e1-lo acabou por ser o \u00fanico ponto alto de um ano que estava a ser terr\u00edvel.<\/p>\n<p>***<\/p>\n<p>Seis meses depois, encontrei-o numa confer\u00eancia, em Fran\u00e7a. O Tristan era um dos oradores. Continuava arrogante e irritante &#8211; mas, desta vez, surpreendentemente encantador e espirituoso. Quando os nossos olhares se cruzaram, senti borboletas no meu interior. Mas, definitivamente, n\u00e3o vou por a\u00ed.<\/p>\n<p>J\u00e1 passei por muito, e n\u00e3o vou admitir que um sacana rico e mimado brinque comigo. O Tristan n\u00e3o passa de um jogador charmoso e arrogante, e eu n\u00e3o passo de uma vi\u00fava, com uma empresa em crise e tr\u00eas filhos rebeldes.<\/p>\n<p>S\u00f3 desejo que o raio desta confer\u00eancia acabe. Sempre ouvi dizer que o Tristan Miles \u00e9 persistente e consegue sempre aquilo que quer&#8230; e, agora, sou eu quem ele quer.<\/p>\n","protected":false},"author":2,"featured_media":8699,"template":"","meta":[],"product_cat":[477],"product_tag":[],"cat_produtos":[],"yoast_head":"<!-- This site is optimized with the Yoast SEO plugin v16.6 - https:\/\/yoast.com\/wordpress\/plugins\/seo\/ -->\n<title>Proposta Irrecus\u00e1vel - Livraria Solmar - Livraria online<\/title>\n<meta name=\"robots\" content=\"index, follow, max-snippet:-1, max-image-preview:large, max-video-preview:-1\" \/>\n<link rel=\"canonical\" href=\"https:\/\/livrariasolmar.pt\/en\/produto\/proposta-irrecusavel\/\" \/>\n<meta property=\"og:locale\" content=\"en_US\" \/>\n<meta property=\"og:type\" content=\"article\" \/>\n<meta property=\"og:title\" content=\"Proposta Irrecus\u00e1vel - Livraria Solmar - Livraria online\" \/>\n<meta property=\"og:description\" content=\"Proposta Irrecus\u00e1vel \u00e9 o segundo livro da s\u00e9rie Miles High Club, de T L Swan. Uma hist\u00f3ria que vai do amor ao \u00f3dio em segundos e vice-versa. Mais um bestseller instant\u00e2neo que est\u00e1 a dar que falar.  Conheci o Tristan Miles numa reuni\u00e3o em que me fez uma proposta para comprar a empresa do meu falecido marido. Ele \u00e9 poderoso, arrogante e irritantemente lindo. Representa tudo o que odeio no mundo dos neg\u00f3cios. E detestei-o com todas as c\u00e9lulas do meu corpo. Recusei firmemente a sua proposta.  Para grande surpresa minha, ligou novamente dias depois e convidou-me para jantar. Preferia morrer a aceitar sair com um homem como o Tristan - embora tenha de admitir que o convite foi \u00f3timo para o meu ego. Recus\u00e1-lo acabou por ser o \u00fanico ponto alto de um ano que estava a ser terr\u00edvel.  ***  Seis meses depois, encontrei-o numa confer\u00eancia, em Fran\u00e7a. O Tristan era um dos oradores. Continuava arrogante e irritante - mas, desta vez, surpreendentemente encantador e espirituoso. Quando os nossos olhares se cruzaram, senti borboletas no meu interior. Mas, definitivamente, n\u00e3o vou por a\u00ed.  J\u00e1 passei por muito, e n\u00e3o vou admitir que um sacana rico e mimado brinque comigo. O Tristan n\u00e3o passa de um jogador charmoso e arrogante, e eu n\u00e3o passo de uma vi\u00fava, com uma empresa em crise e tr\u00eas filhos rebeldes.  S\u00f3 desejo que o raio desta confer\u00eancia acabe. Sempre ouvi dizer que o Tristan Miles \u00e9 persistente e consegue sempre aquilo que quer... e, agora, sou eu quem ele quer.\" \/>\n<meta property=\"og:url\" content=\"https:\/\/livrariasolmar.pt\/produto\/proposta-irrecusavel\/\" \/>\n<meta property=\"og:site_name\" content=\"Livraria Solmar - Livraria online\" \/>\n<meta property=\"article:modified_time\" content=\"2024-06-26T19:05:26+00:00\" \/>\n<meta property=\"og:image\" content=\"https:\/\/livrariasolmar.pt\/wp-content\/uploads\/2024\/04\/500_9789895702374_capa.jpg\" \/>\n\t<meta property=\"og:image:width\" content=\"329\" \/>\n\t<meta property=\"og:image:height\" content=\"500\" \/>\n<meta name=\"twitter:card\" content=\"summary_large_image\" \/>\n<script type=\"application\/ld+json\" class=\"yoast-schema-graph\">{\"@context\":\"https:\/\/schema.org\",\"@graph\":[{\"@type\":\"WebSite\",\"@id\":\"https:\/\/livrariasolmar.pt\/#website\",\"url\":\"https:\/\/livrariasolmar.pt\/\",\"name\":\"Livraria Solmar - Livraria online\",\"description\":\"Com\\u00e9rcio Livros E Objetos De Arte, Lda - Ponta Delgada, A\\u00e7ores\",\"potentialAction\":[{\"@type\":\"SearchAction\",\"target\":{\"@type\":\"EntryPoint\",\"urlTemplate\":\"https:\/\/livrariasolmar.pt\/?s={search_term_string}\"},\"query-input\":\"required name=search_term_string\"}],\"inLanguage\":\"en-US\"},{\"@type\":\"ImageObject\",\"@id\":\"https:\/\/livrariasolmar.pt\/produto\/proposta-irrecusavel\/#primaryimage\",\"inLanguage\":\"en-US\",\"url\":\"https:\/\/livrariasolmar.pt\/wp-content\/uploads\/2024\/04\/500_9789895702374_capa.jpg\",\"contentUrl\":\"https:\/\/livrariasolmar.pt\/wp-content\/uploads\/2024\/04\/500_9789895702374_capa.jpg\",\"width\":329,\"height\":500},{\"@type\":\"WebPage\",\"@id\":\"https:\/\/livrariasolmar.pt\/produto\/proposta-irrecusavel\/#webpage\",\"url\":\"https:\/\/livrariasolmar.pt\/produto\/proposta-irrecusavel\/\",\"name\":\"Proposta Irrecus\\u00e1vel - Livraria Solmar - Livraria online\",\"isPartOf\":{\"@id\":\"https:\/\/livrariasolmar.pt\/#website\"},\"primaryImageOfPage\":{\"@id\":\"https:\/\/livrariasolmar.pt\/produto\/proposta-irrecusavel\/#primaryimage\"},\"datePublished\":\"2024-04-09T17:28:40+00:00\",\"dateModified\":\"2024-06-26T19:05:26+00:00\",\"breadcrumb\":{\"@id\":\"https:\/\/livrariasolmar.pt\/produto\/proposta-irrecusavel\/#breadcrumb\"},\"inLanguage\":\"en-US\",\"potentialAction\":[{\"@type\":\"ReadAction\",\"target\":[\"https:\/\/livrariasolmar.pt\/produto\/proposta-irrecusavel\/\"]}]},{\"@type\":\"BreadcrumbList\",\"@id\":\"https:\/\/livrariasolmar.pt\/produto\/proposta-irrecusavel\/#breadcrumb\",\"itemListElement\":[{\"@type\":\"ListItem\",\"position\":1,\"name\":\"In\\u00edcio\",\"item\":\"https:\/\/livrariasolmar.pt\/en\/\"},{\"@type\":\"ListItem\",\"position\":2,\"name\":\"Shop\",\"item\":\"https:\/\/livrariasolmar.pt\/en\/shop\/\"},{\"@type\":\"ListItem\",\"position\":3,\"name\":\"Proposta Irrecus\\u00e1vel\"}]}]}<\/script>\n<!-- \/ Yoast SEO plugin. -->","_links":{"self":[{"href":"https:\/\/livrariasolmar.pt\/en\/wp-json\/wp\/v2\/product\/8698"}],"collection":[{"href":"https:\/\/livrariasolmar.pt\/en\/wp-json\/wp\/v2\/product"}],"about":[{"href":"https:\/\/livrariasolmar.pt\/en\/wp-json\/wp\/v2\/types\/product"}],"author":[{"embeddable":true,"href":"https:\/\/livrariasolmar.pt\/en\/wp-json\/wp\/v2\/users\/2"}],"wp:featuredmedia":[{"embeddable":true,"href":"https:\/\/livrariasolmar.pt\/en\/wp-json\/wp\/v2\/media\/8699"}],"wp:attachment":[{"href":"https:\/\/livrariasolmar.pt\/en\/wp-json\/wp\/v2\/media?parent=8698"}],"wp:term":[{"taxonomy":"product_cat","embeddable":true,"href":"https:\/\/livrariasolmar.pt\/en\/wp-json\/wp\/v2\/product_cat?post=8698"},{"taxonomy":"product_tag","embeddable":true,"href":"https:\/\/livrariasolmar.pt\/en\/wp-json\/wp\/v2\/product_tag?post=8698"},{"taxonomy":"cat_produtos","embeddable":true,"href":"https:\/\/livrariasolmar.pt\/en\/wp-json\/wp\/v2\/cat_produtos?post=8698"}],"curies":[{"name":"wp","href":"https:\/\/api.w.org\/{rel}","templated":true}]}}