{"id":8724,"date":"2024-04-15T15:55:52","date_gmt":"2024-04-15T15:55:52","guid":{"rendered":"https:\/\/livrariasolmar.pt\/?post_type=product&#038;p=8724"},"modified":"2024-10-04T18:49:13","modified_gmt":"2024-10-04T18:49:13","slug":"problemas-de-gato","status":"publish","type":"product","link":"https:\/\/livrariasolmar.pt\/en\/produto\/problemas-de-gato\/","title":{"rendered":"Problemas de Gato"},"content":{"rendered":"","protected":false},"excerpt":{"rendered":"<div id=\"_661d4d4fb3d40\" class=\"show-more show-more-open\">PR\u00c9MIO \u00abMELHOR LIVRO INFANTIL DO M\u00caS\u00bb DA AMAZON Os animais tamb\u00e9m t\u00eam problemas! Descobre quais, neste livro bem- disposto e divertido da autoria de Jory John e ilustrado por Lane Smith &#8211; uma das duplas liter\u00e1rias preferidas das crian\u00e7as e dos pais. O GATO EST\u00c1 SEMPRE MALDISPOSTO, A QUEIXAR-SE, RABUGENTO E IRRITANTE, MAS CONSEGUIR\u00c1 ELE PERCEBER QUE, AFINAL, \u00c9 MAIS SORTUDO E FELIZ DO QUE AQUILO QUE PENSA? O gato vive uma vida extremamente confort\u00e1vel. Mas&#8230; aquela bola de luz chamada Sol est\u00e1 sempre a mexer-se&#8230; e os donos d\u00e3o-lhe uma aborrecida ra\u00e7\u00e3o seca em vez de uma deliciosa ra\u00e7\u00e3o h\u00famida! E do aspirador que anda pela casa ent\u00e3o, nem se fala &#8211; \u00e9 uma amea\u00e7a absoluta. Esteja ele a olhar fixamente para uma parede, a zangar-se com o seu companheiro felino, ou a investigar caixas de cart\u00e3o, parece nunca estar satisfeito com a vida. Nem mesmo quando um Esquilo, que vive ao relento, \u00e0 chuva e ao frio, lhe tenta explicar a sorte que ele tem e qu\u00e3o grato devia estar pela sua vida. Ser\u00e1 que algum dia vai encontrar o lado bom daquela \u00abvida aborrecida\u00bb? UMA HIST\u00d3RIA MEMOR\u00c1VEL PARA LEITORES DE TODAS AS IDADES, SOBRE UM FELINO SARC\u00c1STICO E MAL-HUMORADO, QUE SE CHATEIA COM TUDO E A QUEM NADA SATISFAZ.<\/div>\n","protected":false},"author":2,"featured_media":8725,"template":"","meta":[],"product_cat":[172],"product_tag":[],"cat_produtos":[],"yoast_head":"<!-- This site is optimized with the Yoast SEO plugin v16.6 - https:\/\/yoast.com\/wordpress\/plugins\/seo\/ -->\n<title>Problemas de Gato - Livraria Solmar - Livraria online<\/title>\n<meta name=\"robots\" content=\"index, follow, max-snippet:-1, max-image-preview:large, max-video-preview:-1\" \/>\n<link rel=\"canonical\" href=\"https:\/\/livrariasolmar.pt\/en\/produto\/problemas-de-gato\/\" \/>\n<meta property=\"og:locale\" content=\"en_US\" \/>\n<meta property=\"og:type\" content=\"article\" \/>\n<meta property=\"og:title\" content=\"Problemas de Gato - Livraria Solmar - Livraria online\" \/>\n<meta property=\"og:description\" content=\"PR\u00c9MIO \u00abMELHOR LIVRO INFANTIL DO M\u00caS\u00bb DA AMAZON Os animais tamb\u00e9m t\u00eam problemas! Descobre quais, neste livro bem- disposto e divertido da autoria de Jory John e ilustrado por Lane Smith - uma das duplas liter\u00e1rias preferidas das crian\u00e7as e dos pais. O GATO EST\u00c1 SEMPRE MALDISPOSTO, A QUEIXAR-SE, RABUGENTO E IRRITANTE, MAS CONSEGUIR\u00c1 ELE PERCEBER QUE, AFINAL, \u00c9 MAIS SORTUDO E FELIZ DO QUE AQUILO QUE PENSA? O gato vive uma vida extremamente confort\u00e1vel. Mas... aquela bola de luz chamada Sol est\u00e1 sempre a mexer-se... e os donos d\u00e3o-lhe uma aborrecida ra\u00e7\u00e3o seca em vez de uma deliciosa ra\u00e7\u00e3o h\u00famida! E do aspirador que anda pela casa ent\u00e3o, nem se fala - \u00e9 uma amea\u00e7a absoluta. Esteja ele a olhar fixamente para uma parede, a zangar-se com o seu companheiro felino, ou a investigar caixas de cart\u00e3o, parece nunca estar satisfeito com a vida. Nem mesmo quando um Esquilo, que vive ao relento, \u00e0 chuva e ao frio, lhe tenta explicar a sorte que ele tem e qu\u00e3o grato devia estar pela sua vida. Ser\u00e1 que algum dia vai encontrar o lado bom daquela \u00abvida aborrecida\u00bb? UMA HIST\u00d3RIA MEMOR\u00c1VEL PARA LEITORES DE TODAS AS IDADES, SOBRE UM FELINO SARC\u00c1STICO E MAL-HUMORADO, QUE SE CHATEIA COM TUDO E A QUEM NADA SATISFAZ.\" \/>\n<meta property=\"og:url\" content=\"https:\/\/livrariasolmar.pt\/produto\/problemas-de-gato\/\" \/>\n<meta property=\"og:site_name\" content=\"Livraria Solmar - Livraria online\" \/>\n<meta property=\"article:modified_time\" content=\"2024-10-04T18:49:13+00:00\" \/>\n<meta property=\"og:image\" content=\"https:\/\/livrariasolmar.pt\/wp-content\/uploads\/2024\/04\/500_9789895701940_capa.jpg\" \/>\n\t<meta property=\"og:image:width\" content=\"397\" \/>\n\t<meta property=\"og:image:height\" content=\"500\" \/>\n<meta name=\"twitter:card\" content=\"summary_large_image\" \/>\n<script type=\"application\/ld+json\" class=\"yoast-schema-graph\">{\"@context\":\"https:\/\/schema.org\",\"@graph\":[{\"@type\":\"WebSite\",\"@id\":\"https:\/\/livrariasolmar.pt\/#website\",\"url\":\"https:\/\/livrariasolmar.pt\/\",\"name\":\"Livraria Solmar - Livraria online\",\"description\":\"Com\\u00e9rcio Livros E Objetos De Arte, Lda - Ponta Delgada, A\\u00e7ores\",\"potentialAction\":[{\"@type\":\"SearchAction\",\"target\":{\"@type\":\"EntryPoint\",\"urlTemplate\":\"https:\/\/livrariasolmar.pt\/?s={search_term_string}\"},\"query-input\":\"required name=search_term_string\"}],\"inLanguage\":\"en-US\"},{\"@type\":\"ImageObject\",\"@id\":\"https:\/\/livrariasolmar.pt\/produto\/problemas-de-gato\/#primaryimage\",\"inLanguage\":\"en-US\",\"url\":\"https:\/\/livrariasolmar.pt\/wp-content\/uploads\/2024\/04\/500_9789895701940_capa.jpg\",\"contentUrl\":\"https:\/\/livrariasolmar.pt\/wp-content\/uploads\/2024\/04\/500_9789895701940_capa.jpg\",\"width\":397,\"height\":500},{\"@type\":\"WebPage\",\"@id\":\"https:\/\/livrariasolmar.pt\/produto\/problemas-de-gato\/#webpage\",\"url\":\"https:\/\/livrariasolmar.pt\/produto\/problemas-de-gato\/\",\"name\":\"Problemas de Gato - Livraria Solmar - Livraria online\",\"isPartOf\":{\"@id\":\"https:\/\/livrariasolmar.pt\/#website\"},\"primaryImageOfPage\":{\"@id\":\"https:\/\/livrariasolmar.pt\/produto\/problemas-de-gato\/#primaryimage\"},\"datePublished\":\"2024-04-15T15:55:52+00:00\",\"dateModified\":\"2024-10-04T18:49:13+00:00\",\"breadcrumb\":{\"@id\":\"https:\/\/livrariasolmar.pt\/produto\/problemas-de-gato\/#breadcrumb\"},\"inLanguage\":\"en-US\",\"potentialAction\":[{\"@type\":\"ReadAction\",\"target\":[\"https:\/\/livrariasolmar.pt\/produto\/problemas-de-gato\/\"]}]},{\"@type\":\"BreadcrumbList\",\"@id\":\"https:\/\/livrariasolmar.pt\/produto\/problemas-de-gato\/#breadcrumb\",\"itemListElement\":[{\"@type\":\"ListItem\",\"position\":1,\"name\":\"In\\u00edcio\",\"item\":\"https:\/\/livrariasolmar.pt\/en\/\"},{\"@type\":\"ListItem\",\"position\":2,\"name\":\"Shop\",\"item\":\"https:\/\/livrariasolmar.pt\/en\/shop\/\"},{\"@type\":\"ListItem\",\"position\":3,\"name\":\"Problemas de Gato\"}]}]}<\/script>\n<!-- \/ Yoast SEO plugin. -->","_links":{"self":[{"href":"https:\/\/livrariasolmar.pt\/en\/wp-json\/wp\/v2\/product\/8724"}],"collection":[{"href":"https:\/\/livrariasolmar.pt\/en\/wp-json\/wp\/v2\/product"}],"about":[{"href":"https:\/\/livrariasolmar.pt\/en\/wp-json\/wp\/v2\/types\/product"}],"author":[{"embeddable":true,"href":"https:\/\/livrariasolmar.pt\/en\/wp-json\/wp\/v2\/users\/2"}],"wp:featuredmedia":[{"embeddable":true,"href":"https:\/\/livrariasolmar.pt\/en\/wp-json\/wp\/v2\/media\/8725"}],"wp:attachment":[{"href":"https:\/\/livrariasolmar.pt\/en\/wp-json\/wp\/v2\/media?parent=8724"}],"wp:term":[{"taxonomy":"product_cat","embeddable":true,"href":"https:\/\/livrariasolmar.pt\/en\/wp-json\/wp\/v2\/product_cat?post=8724"},{"taxonomy":"product_tag","embeddable":true,"href":"https:\/\/livrariasolmar.pt\/en\/wp-json\/wp\/v2\/product_tag?post=8724"},{"taxonomy":"cat_produtos","embeddable":true,"href":"https:\/\/livrariasolmar.pt\/en\/wp-json\/wp\/v2\/cat_produtos?post=8724"}],"curies":[{"name":"wp","href":"https:\/\/api.w.org\/{rel}","templated":true}]}}