{"id":8778,"date":"2024-04-25T15:56:39","date_gmt":"2024-04-25T15:56:39","guid":{"rendered":"https:\/\/livrariasolmar.pt\/?post_type=product&#038;p=8778"},"modified":"2024-05-04T19:37:45","modified_gmt":"2024-05-04T19:37:45","slug":"uma-brancura-luminosa","status":"publish","type":"product","link":"https:\/\/livrariasolmar.pt\/en\/produto\/uma-brancura-luminosa\/","title":{"rendered":"Uma Brancura Luminosa"},"content":{"rendered":"","protected":false},"excerpt":{"rendered":"<p>Um homem conduz sem destino. ao acaso, vira \u00e0 direita e \u00e0 esquerda at\u00e9 que chega ao final da estrada na orla da floresta e o seu carro fica atolado. Pouco depois come\u00e7a a escurecer e a nevar. O homem sai do carro e, em vez de ir \u00e0 procura de algu\u00e9m que o ajude, aventura-se insensatamente na floresta escura, debaixo de um c\u00e9u negro e sem estrelas. Perde-se, quase morre de frio e de cansa\u00e7o, envolto numa impenetr\u00e1vel escurid\u00e3o. \u00c9 ent\u00e3o que surge, de repente, uma luz.<\/p>\n<p><i>Uma Brancura Luminosa<\/i>\u00a0\u00e9 a mais recente obra de fic\u00e7\u00e3o de Jon Fosse, Pr\u00e9mio Nobel de Literatura de 2023. Uma hist\u00f3ria breve, estranhamente sublime e bela, sobre a exist\u00eancia, a mem\u00f3ria e o divino, escrita numa forma liter\u00e1ria \u00fanica capaz de assombrar e comover.<\/p>\n","protected":false},"author":2,"featured_media":8779,"template":"","meta":[],"product_cat":[153],"product_tag":[],"cat_produtos":[],"yoast_head":"<!-- This site is optimized with the Yoast SEO plugin v16.6 - https:\/\/yoast.com\/wordpress\/plugins\/seo\/ -->\n<title>Uma Brancura Luminosa - Livraria Solmar - Livraria online<\/title>\n<meta name=\"robots\" content=\"index, follow, max-snippet:-1, max-image-preview:large, max-video-preview:-1\" \/>\n<link rel=\"canonical\" href=\"https:\/\/livrariasolmar.pt\/en\/produto\/uma-brancura-luminosa\/\" \/>\n<meta property=\"og:locale\" content=\"en_US\" \/>\n<meta property=\"og:type\" content=\"article\" \/>\n<meta property=\"og:title\" content=\"Uma Brancura Luminosa - Livraria Solmar - Livraria online\" \/>\n<meta property=\"og:description\" content=\"Um homem conduz sem destino. ao acaso, vira \u00e0 direita e \u00e0 esquerda at\u00e9 que chega ao final da estrada na orla da floresta e o seu carro fica atolado. Pouco depois come\u00e7a a escurecer e a nevar. O homem sai do carro e, em vez de ir \u00e0 procura de algu\u00e9m que o ajude, aventura-se insensatamente na floresta escura, debaixo de um c\u00e9u negro e sem estrelas. Perde-se, quase morre de frio e de cansa\u00e7o, envolto numa impenetr\u00e1vel escurid\u00e3o. \u00c9 ent\u00e3o que surge, de repente, uma luz.  Uma Brancura Luminosa\u00a0\u00e9 a mais recente obra de fic\u00e7\u00e3o de Jon Fosse, Pr\u00e9mio Nobel de Literatura de 2023. Uma hist\u00f3ria breve, estranhamente sublime e bela, sobre a exist\u00eancia, a mem\u00f3ria e o divino, escrita numa forma liter\u00e1ria \u00fanica capaz de assombrar e comover.\" \/>\n<meta property=\"og:url\" content=\"https:\/\/livrariasolmar.pt\/produto\/uma-brancura-luminosa\/\" \/>\n<meta property=\"og:site_name\" content=\"Livraria Solmar - Livraria online\" \/>\n<meta property=\"article:modified_time\" content=\"2024-05-04T19:37:45+00:00\" \/>\n<meta property=\"og:image\" content=\"https:\/\/livrariasolmar.pt\/wp-content\/uploads\/2024\/04\/61SRtYZgkbL._SY466_.jpg\" \/>\n\t<meta property=\"og:image:width\" content=\"315\" \/>\n\t<meta property=\"og:image:height\" content=\"466\" \/>\n<meta name=\"twitter:card\" content=\"summary_large_image\" \/>\n<script type=\"application\/ld+json\" class=\"yoast-schema-graph\">{\"@context\":\"https:\/\/schema.org\",\"@graph\":[{\"@type\":\"WebSite\",\"@id\":\"https:\/\/livrariasolmar.pt\/#website\",\"url\":\"https:\/\/livrariasolmar.pt\/\",\"name\":\"Livraria Solmar - Livraria online\",\"description\":\"Com\\u00e9rcio Livros E Objetos De Arte, Lda - Ponta Delgada, A\\u00e7ores\",\"potentialAction\":[{\"@type\":\"SearchAction\",\"target\":{\"@type\":\"EntryPoint\",\"urlTemplate\":\"https:\/\/livrariasolmar.pt\/?s={search_term_string}\"},\"query-input\":\"required name=search_term_string\"}],\"inLanguage\":\"en-US\"},{\"@type\":\"ImageObject\",\"@id\":\"https:\/\/livrariasolmar.pt\/produto\/uma-brancura-luminosa\/#primaryimage\",\"inLanguage\":\"en-US\",\"url\":\"https:\/\/livrariasolmar.pt\/wp-content\/uploads\/2024\/04\/61SRtYZgkbL._SY466_.jpg\",\"contentUrl\":\"https:\/\/livrariasolmar.pt\/wp-content\/uploads\/2024\/04\/61SRtYZgkbL._SY466_.jpg\",\"width\":315,\"height\":466},{\"@type\":\"WebPage\",\"@id\":\"https:\/\/livrariasolmar.pt\/produto\/uma-brancura-luminosa\/#webpage\",\"url\":\"https:\/\/livrariasolmar.pt\/produto\/uma-brancura-luminosa\/\",\"name\":\"Uma Brancura Luminosa - Livraria Solmar - Livraria online\",\"isPartOf\":{\"@id\":\"https:\/\/livrariasolmar.pt\/#website\"},\"primaryImageOfPage\":{\"@id\":\"https:\/\/livrariasolmar.pt\/produto\/uma-brancura-luminosa\/#primaryimage\"},\"datePublished\":\"2024-04-25T15:56:39+00:00\",\"dateModified\":\"2024-05-04T19:37:45+00:00\",\"breadcrumb\":{\"@id\":\"https:\/\/livrariasolmar.pt\/produto\/uma-brancura-luminosa\/#breadcrumb\"},\"inLanguage\":\"en-US\",\"potentialAction\":[{\"@type\":\"ReadAction\",\"target\":[\"https:\/\/livrariasolmar.pt\/produto\/uma-brancura-luminosa\/\"]}]},{\"@type\":\"BreadcrumbList\",\"@id\":\"https:\/\/livrariasolmar.pt\/produto\/uma-brancura-luminosa\/#breadcrumb\",\"itemListElement\":[{\"@type\":\"ListItem\",\"position\":1,\"name\":\"In\\u00edcio\",\"item\":\"https:\/\/livrariasolmar.pt\/en\/\"},{\"@type\":\"ListItem\",\"position\":2,\"name\":\"Shop\",\"item\":\"https:\/\/livrariasolmar.pt\/en\/shop\/\"},{\"@type\":\"ListItem\",\"position\":3,\"name\":\"Uma Brancura Luminosa\"}]}]}<\/script>\n<!-- \/ Yoast SEO plugin. -->","_links":{"self":[{"href":"https:\/\/livrariasolmar.pt\/en\/wp-json\/wp\/v2\/product\/8778"}],"collection":[{"href":"https:\/\/livrariasolmar.pt\/en\/wp-json\/wp\/v2\/product"}],"about":[{"href":"https:\/\/livrariasolmar.pt\/en\/wp-json\/wp\/v2\/types\/product"}],"author":[{"embeddable":true,"href":"https:\/\/livrariasolmar.pt\/en\/wp-json\/wp\/v2\/users\/2"}],"wp:featuredmedia":[{"embeddable":true,"href":"https:\/\/livrariasolmar.pt\/en\/wp-json\/wp\/v2\/media\/8779"}],"wp:attachment":[{"href":"https:\/\/livrariasolmar.pt\/en\/wp-json\/wp\/v2\/media?parent=8778"}],"wp:term":[{"taxonomy":"product_cat","embeddable":true,"href":"https:\/\/livrariasolmar.pt\/en\/wp-json\/wp\/v2\/product_cat?post=8778"},{"taxonomy":"product_tag","embeddable":true,"href":"https:\/\/livrariasolmar.pt\/en\/wp-json\/wp\/v2\/product_tag?post=8778"},{"taxonomy":"cat_produtos","embeddable":true,"href":"https:\/\/livrariasolmar.pt\/en\/wp-json\/wp\/v2\/cat_produtos?post=8778"}],"curies":[{"name":"wp","href":"https:\/\/api.w.org\/{rel}","templated":true}]}}