{"id":8804,"date":"2024-04-30T19:03:44","date_gmt":"2024-04-30T19:03:44","guid":{"rendered":"https:\/\/livrariasolmar.pt\/?post_type=product&#038;p=8804"},"modified":"2026-01-17T19:38:52","modified_gmt":"2026-01-17T19:38:52","slug":"avenida-marginal-ficcoes-n-o-5","status":"publish","type":"product","link":"https:\/\/livrariasolmar.pt\/en\/produto\/avenida-marginal-ficcoes-n-o-5\/","title":{"rendered":"Avenida Marginal, Fic\u00e7\u00f5es n.\u00ba 5"},"content":{"rendered":"","protected":false},"excerpt":{"rendered":"<div dir=\"auto\">Este n\u00famero conta com a escrita de:<\/div>\n<div dir=\"auto\">Alexandre Borges<\/div>\n<div dir=\"auto\">Carlos Bessa<\/div>\n<div dir=\"auto\">Carolina Bettencourt<\/div>\n<div dir=\"auto\">Catarina Ferreira de Almeida<\/div>\n<div dir=\"auto\">Herberto Gomes<\/div>\n<div dir=\"auto\">Judite Canha Fernandes<\/div>\n<div dir=\"auto\">Leonardo Sousa<\/div>\n<div dir=\"auto\">Luiz Ant\u00f3nio Assis Brasil<\/div>\n<div dir=\"auto\">Maria Brand\u00e3o<\/div>\n<div dir=\"auto\">Maria das Merc\u00eas Pacheco<\/div>\n<div dir=\"auto\">Marta \u00c1vila<\/div>\n<div dir=\"auto\">Teresa Canto Noronha<\/div>\n<div dir=\"auto\"><\/div>\n","protected":false},"author":2,"featured_media":8807,"template":"","meta":[],"product_cat":[146],"product_tag":[],"cat_produtos":[],"yoast_head":"<!-- This site is optimized with the Yoast SEO plugin v16.6 - https:\/\/yoast.com\/wordpress\/plugins\/seo\/ -->\n<title>Avenida Marginal, Fic\u00e7\u00f5es n.\u00ba 5 - Livraria Solmar - Livraria online<\/title>\n<meta name=\"robots\" content=\"index, follow, max-snippet:-1, max-image-preview:large, max-video-preview:-1\" \/>\n<link rel=\"canonical\" href=\"https:\/\/livrariasolmar.pt\/en\/produto\/avenida-marginal-ficcoes-n-o-5\/\" \/>\n<meta property=\"og:locale\" content=\"en_US\" \/>\n<meta property=\"og:type\" content=\"article\" \/>\n<meta property=\"og:title\" content=\"Avenida Marginal, Fic\u00e7\u00f5es n.\u00ba 5 - Livraria Solmar - Livraria online\" \/>\n<meta property=\"og:description\" content=\"Este n\u00famero conta com a escrita de: Alexandre Borges Carlos Bessa Carolina Bettencourt Catarina Ferreira de Almeida Herberto Gomes Judite Canha Fernandes Leonardo Sousa Luiz Ant\u00f3nio Assis Brasil Maria Brand\u00e3o Maria das Merc\u00eas Pacheco Marta \u00c1vila Teresa Canto Noronha\" \/>\n<meta property=\"og:url\" content=\"https:\/\/livrariasolmar.pt\/produto\/avenida-marginal-ficcoes-n-o-5\/\" \/>\n<meta property=\"og:site_name\" content=\"Livraria Solmar - Livraria online\" \/>\n<meta property=\"article:modified_time\" content=\"2026-01-17T19:38:52+00:00\" \/>\n<meta property=\"og:image\" content=\"https:\/\/livrariasolmar.pt\/wp-content\/uploads\/2024\/04\/Capa-Revista.jpg\" \/>\n\t<meta property=\"og:image:width\" content=\"1336\" \/>\n\t<meta property=\"og:image:height\" content=\"2048\" \/>\n<meta name=\"twitter:card\" content=\"summary_large_image\" \/>\n<script type=\"application\/ld+json\" class=\"yoast-schema-graph\">{\"@context\":\"https:\/\/schema.org\",\"@graph\":[{\"@type\":\"WebSite\",\"@id\":\"https:\/\/livrariasolmar.pt\/#website\",\"url\":\"https:\/\/livrariasolmar.pt\/\",\"name\":\"Livraria Solmar - Livraria online\",\"description\":\"Com\\u00e9rcio Livros E Objetos De Arte, Lda - Ponta Delgada, A\\u00e7ores\",\"potentialAction\":[{\"@type\":\"SearchAction\",\"target\":{\"@type\":\"EntryPoint\",\"urlTemplate\":\"https:\/\/livrariasolmar.pt\/?s={search_term_string}\"},\"query-input\":\"required name=search_term_string\"}],\"inLanguage\":\"en-US\"},{\"@type\":\"ImageObject\",\"@id\":\"https:\/\/livrariasolmar.pt\/produto\/avenida-marginal-ficcoes-n-o-5\/#primaryimage\",\"inLanguage\":\"en-US\",\"url\":\"https:\/\/livrariasolmar.pt\/wp-content\/uploads\/2024\/04\/Capa-Revista.jpg\",\"contentUrl\":\"https:\/\/livrariasolmar.pt\/wp-content\/uploads\/2024\/04\/Capa-Revista.jpg\",\"width\":1336,\"height\":2048},{\"@type\":\"WebPage\",\"@id\":\"https:\/\/livrariasolmar.pt\/produto\/avenida-marginal-ficcoes-n-o-5\/#webpage\",\"url\":\"https:\/\/livrariasolmar.pt\/produto\/avenida-marginal-ficcoes-n-o-5\/\",\"name\":\"Avenida Marginal, Fic\\u00e7\\u00f5es n.\\u00ba 5 - Livraria Solmar - Livraria online\",\"isPartOf\":{\"@id\":\"https:\/\/livrariasolmar.pt\/#website\"},\"primaryImageOfPage\":{\"@id\":\"https:\/\/livrariasolmar.pt\/produto\/avenida-marginal-ficcoes-n-o-5\/#primaryimage\"},\"datePublished\":\"2024-04-30T19:03:44+00:00\",\"dateModified\":\"2026-01-17T19:38:52+00:00\",\"breadcrumb\":{\"@id\":\"https:\/\/livrariasolmar.pt\/produto\/avenida-marginal-ficcoes-n-o-5\/#breadcrumb\"},\"inLanguage\":\"en-US\",\"potentialAction\":[{\"@type\":\"ReadAction\",\"target\":[\"https:\/\/livrariasolmar.pt\/produto\/avenida-marginal-ficcoes-n-o-5\/\"]}]},{\"@type\":\"BreadcrumbList\",\"@id\":\"https:\/\/livrariasolmar.pt\/produto\/avenida-marginal-ficcoes-n-o-5\/#breadcrumb\",\"itemListElement\":[{\"@type\":\"ListItem\",\"position\":1,\"name\":\"In\\u00edcio\",\"item\":\"https:\/\/livrariasolmar.pt\/en\/\"},{\"@type\":\"ListItem\",\"position\":2,\"name\":\"Shop\",\"item\":\"https:\/\/livrariasolmar.pt\/en\/shop\/\"},{\"@type\":\"ListItem\",\"position\":3,\"name\":\"Avenida Marginal, Fic\\u00e7\\u00f5es n.\\u00ba 5\"}]}]}<\/script>\n<!-- \/ Yoast SEO plugin. -->","_links":{"self":[{"href":"https:\/\/livrariasolmar.pt\/en\/wp-json\/wp\/v2\/product\/8804"}],"collection":[{"href":"https:\/\/livrariasolmar.pt\/en\/wp-json\/wp\/v2\/product"}],"about":[{"href":"https:\/\/livrariasolmar.pt\/en\/wp-json\/wp\/v2\/types\/product"}],"author":[{"embeddable":true,"href":"https:\/\/livrariasolmar.pt\/en\/wp-json\/wp\/v2\/users\/2"}],"wp:featuredmedia":[{"embeddable":true,"href":"https:\/\/livrariasolmar.pt\/en\/wp-json\/wp\/v2\/media\/8807"}],"wp:attachment":[{"href":"https:\/\/livrariasolmar.pt\/en\/wp-json\/wp\/v2\/media?parent=8804"}],"wp:term":[{"taxonomy":"product_cat","embeddable":true,"href":"https:\/\/livrariasolmar.pt\/en\/wp-json\/wp\/v2\/product_cat?post=8804"},{"taxonomy":"product_tag","embeddable":true,"href":"https:\/\/livrariasolmar.pt\/en\/wp-json\/wp\/v2\/product_tag?post=8804"},{"taxonomy":"cat_produtos","embeddable":true,"href":"https:\/\/livrariasolmar.pt\/en\/wp-json\/wp\/v2\/cat_produtos?post=8804"}],"curies":[{"name":"wp","href":"https:\/\/api.w.org\/{rel}","templated":true}]}}