{"id":8811,"date":"2024-05-04T19:34:37","date_gmt":"2024-05-04T19:34:37","guid":{"rendered":"https:\/\/livrariasolmar.pt\/?post_type=product&#038;p=8811"},"modified":"2024-06-26T18:58:26","modified_gmt":"2024-06-26T18:58:26","slug":"nunca-mintas","status":"publish","type":"product","link":"https:\/\/livrariasolmar.pt\/en\/produto\/nunca-mintas\/","title":{"rendered":"Nunca Mintas"},"content":{"rendered":"","protected":false},"excerpt":{"rendered":"<p>Tricia e Ethan, rec\u00e9m-casados, est\u00e3o \u00e0 procura da casa dos seus sonhos.<br \/>\nQuando visitam a remota mans\u00e3o que pertenceu \u00e0 Dra. Adrienne Hale, uma psiquiatra de renome que desapareceu misteriosamente sem deixar rasto quatro anos antes, uma violenta tempestade de inverno prende-os na propriedade\u2026 sem qualquer hip\u00f3tese de sair de l\u00e1 at\u00e9 que o nev\u00e3o termine.<\/p>\n<p>\u00c0 procura de um livro que a mantenha entretida enquanto ali est\u00e1, Tricia depara com uma sala secreta &#8211; um lugar repleto de cassetes com as transcri\u00e7\u00f5es das consultas de todos os pacientes da Dra. Hale. Decide escut\u00e1-las e, \u00e0 medida que avan\u00e7a nas cassetes, come\u00e7a a desvendar a aterradora cadeia de acontecimentos que levou ao desaparecimento da Dra. Hale.<\/p>\n<p>Tricia ouve as cassetes at\u00e9 altas horas da noite e vai encaixando as pe\u00e7as naquele que se revela um puzzle chocante, desenvencilhando lentamente o emaranhado de mentiras da Dra. Hale.<\/p>\n<p>E \u00e9 ent\u00e3o que chega \u00e0 \u00faltima transcri\u00e7\u00e3o. \u00c0 cassete que revela toda a horr\u00edvel verdade.<\/p>\n","protected":false},"author":2,"featured_media":8812,"template":"","meta":[],"product_cat":[588],"product_tag":[],"cat_produtos":[],"yoast_head":"<!-- This site is optimized with the Yoast SEO plugin v16.6 - https:\/\/yoast.com\/wordpress\/plugins\/seo\/ -->\n<title>Nunca Mintas - Livraria Solmar - Livraria online<\/title>\n<meta name=\"robots\" content=\"index, follow, max-snippet:-1, max-image-preview:large, max-video-preview:-1\" \/>\n<link rel=\"canonical\" href=\"https:\/\/livrariasolmar.pt\/en\/produto\/nunca-mintas\/\" \/>\n<meta property=\"og:locale\" content=\"en_US\" \/>\n<meta property=\"og:type\" content=\"article\" \/>\n<meta property=\"og:title\" content=\"Nunca Mintas - Livraria Solmar - Livraria online\" \/>\n<meta property=\"og:description\" content=\"Tricia e Ethan, rec\u00e9m-casados, est\u00e3o \u00e0 procura da casa dos seus sonhos. Quando visitam a remota mans\u00e3o que pertenceu \u00e0 Dra. Adrienne Hale, uma psiquiatra de renome que desapareceu misteriosamente sem deixar rasto quatro anos antes, uma violenta tempestade de inverno prende-os na propriedade\u2026 sem qualquer hip\u00f3tese de sair de l\u00e1 at\u00e9 que o nev\u00e3o termine.  \u00c0 procura de um livro que a mantenha entretida enquanto ali est\u00e1, Tricia depara com uma sala secreta - um lugar repleto de cassetes com as transcri\u00e7\u00f5es das consultas de todos os pacientes da Dra. Hale. Decide escut\u00e1-las e, \u00e0 medida que avan\u00e7a nas cassetes, come\u00e7a a desvendar a aterradora cadeia de acontecimentos que levou ao desaparecimento da Dra. Hale.  Tricia ouve as cassetes at\u00e9 altas horas da noite e vai encaixando as pe\u00e7as naquele que se revela um puzzle chocante, desenvencilhando lentamente o emaranhado de mentiras da Dra. Hale.  E \u00e9 ent\u00e3o que chega \u00e0 \u00faltima transcri\u00e7\u00e3o. \u00c0 cassete que revela toda a horr\u00edvel verdade.\" \/>\n<meta property=\"og:url\" content=\"https:\/\/livrariasolmar.pt\/produto\/nunca-mintas\/\" \/>\n<meta property=\"og:site_name\" content=\"Livraria Solmar - Livraria online\" \/>\n<meta property=\"article:modified_time\" content=\"2024-06-26T18:58:26+00:00\" \/>\n<meta property=\"og:image\" content=\"https:\/\/livrariasolmar.pt\/wp-content\/uploads\/2024\/05\/500_9789895702503_capa.jpg\" \/>\n\t<meta property=\"og:image:width\" content=\"331\" \/>\n\t<meta property=\"og:image:height\" content=\"500\" \/>\n<meta name=\"twitter:card\" content=\"summary_large_image\" \/>\n<script type=\"application\/ld+json\" class=\"yoast-schema-graph\">{\"@context\":\"https:\/\/schema.org\",\"@graph\":[{\"@type\":\"WebSite\",\"@id\":\"https:\/\/livrariasolmar.pt\/#website\",\"url\":\"https:\/\/livrariasolmar.pt\/\",\"name\":\"Livraria Solmar - Livraria online\",\"description\":\"Com\\u00e9rcio Livros E Objetos De Arte, Lda - Ponta Delgada, A\\u00e7ores\",\"potentialAction\":[{\"@type\":\"SearchAction\",\"target\":{\"@type\":\"EntryPoint\",\"urlTemplate\":\"https:\/\/livrariasolmar.pt\/?s={search_term_string}\"},\"query-input\":\"required name=search_term_string\"}],\"inLanguage\":\"en-US\"},{\"@type\":\"ImageObject\",\"@id\":\"https:\/\/livrariasolmar.pt\/produto\/nunca-mintas\/#primaryimage\",\"inLanguage\":\"en-US\",\"url\":\"https:\/\/livrariasolmar.pt\/wp-content\/uploads\/2024\/05\/500_9789895702503_capa.jpg\",\"contentUrl\":\"https:\/\/livrariasolmar.pt\/wp-content\/uploads\/2024\/05\/500_9789895702503_capa.jpg\",\"width\":331,\"height\":500},{\"@type\":\"WebPage\",\"@id\":\"https:\/\/livrariasolmar.pt\/produto\/nunca-mintas\/#webpage\",\"url\":\"https:\/\/livrariasolmar.pt\/produto\/nunca-mintas\/\",\"name\":\"Nunca Mintas - Livraria Solmar - Livraria online\",\"isPartOf\":{\"@id\":\"https:\/\/livrariasolmar.pt\/#website\"},\"primaryImageOfPage\":{\"@id\":\"https:\/\/livrariasolmar.pt\/produto\/nunca-mintas\/#primaryimage\"},\"datePublished\":\"2024-05-04T19:34:37+00:00\",\"dateModified\":\"2024-06-26T18:58:26+00:00\",\"breadcrumb\":{\"@id\":\"https:\/\/livrariasolmar.pt\/produto\/nunca-mintas\/#breadcrumb\"},\"inLanguage\":\"en-US\",\"potentialAction\":[{\"@type\":\"ReadAction\",\"target\":[\"https:\/\/livrariasolmar.pt\/produto\/nunca-mintas\/\"]}]},{\"@type\":\"BreadcrumbList\",\"@id\":\"https:\/\/livrariasolmar.pt\/produto\/nunca-mintas\/#breadcrumb\",\"itemListElement\":[{\"@type\":\"ListItem\",\"position\":1,\"name\":\"In\\u00edcio\",\"item\":\"https:\/\/livrariasolmar.pt\/en\/\"},{\"@type\":\"ListItem\",\"position\":2,\"name\":\"Shop\",\"item\":\"https:\/\/livrariasolmar.pt\/en\/shop\/\"},{\"@type\":\"ListItem\",\"position\":3,\"name\":\"Nunca Mintas\"}]}]}<\/script>\n<!-- \/ Yoast SEO plugin. -->","_links":{"self":[{"href":"https:\/\/livrariasolmar.pt\/en\/wp-json\/wp\/v2\/product\/8811"}],"collection":[{"href":"https:\/\/livrariasolmar.pt\/en\/wp-json\/wp\/v2\/product"}],"about":[{"href":"https:\/\/livrariasolmar.pt\/en\/wp-json\/wp\/v2\/types\/product"}],"author":[{"embeddable":true,"href":"https:\/\/livrariasolmar.pt\/en\/wp-json\/wp\/v2\/users\/2"}],"wp:featuredmedia":[{"embeddable":true,"href":"https:\/\/livrariasolmar.pt\/en\/wp-json\/wp\/v2\/media\/8812"}],"wp:attachment":[{"href":"https:\/\/livrariasolmar.pt\/en\/wp-json\/wp\/v2\/media?parent=8811"}],"wp:term":[{"taxonomy":"product_cat","embeddable":true,"href":"https:\/\/livrariasolmar.pt\/en\/wp-json\/wp\/v2\/product_cat?post=8811"},{"taxonomy":"product_tag","embeddable":true,"href":"https:\/\/livrariasolmar.pt\/en\/wp-json\/wp\/v2\/product_tag?post=8811"},{"taxonomy":"cat_produtos","embeddable":true,"href":"https:\/\/livrariasolmar.pt\/en\/wp-json\/wp\/v2\/cat_produtos?post=8811"}],"curies":[{"name":"wp","href":"https:\/\/api.w.org\/{rel}","templated":true}]}}