{"id":8843,"date":"2024-05-13T16:46:46","date_gmt":"2024-05-13T16:46:46","guid":{"rendered":"https:\/\/livrariasolmar.pt\/?post_type=product&#038;p=8843"},"modified":"2024-08-16T19:41:56","modified_gmt":"2024-08-16T19:41:56","slug":"como-funciona-realmente-a-migracao","status":"publish","type":"product","link":"https:\/\/livrariasolmar.pt\/en\/produto\/como-funciona-realmente-a-migracao\/","title":{"rendered":"Como Funciona Realmente a Migra\u00e7\u00e3o"},"content":{"rendered":"","protected":false},"excerpt":{"rendered":"<p>A migra\u00e7\u00e3o global n\u00e3o atingiu o ponto mais alto de sempre.<br \/>\nAs altera\u00e7\u00f5es clim\u00e1ticas n\u00e3o ir\u00e3o conduzir \u00e0 migra\u00e7\u00e3o maci\u00e7a.<br \/>\nA imigra\u00e7\u00e3o beneficia sobretudo os ricos, e n\u00e3o os trabalhadores.<br \/>\nAs restri\u00e7\u00f5es fronteiri\u00e7as produziram paradoxalmente mais migra\u00e7\u00e3o.<br \/>\nEstas afirma\u00e7\u00f5es podem parecer contraintuitivas ou mesmo completamente erradas &#8211; mas os factos detr\u00e1s das parangonas contam uma hist\u00f3ria muito diferente daquelas que ouvimos sobre a migra\u00e7\u00e3o.<\/p>\n<p>Num livro pioneiro e revelador, baseado em mais de tr\u00eas d\u00e9cadas de investiga\u00e7\u00e3o, o professor Hein de Haas, especialista de renome nestes temas, desmonta os mitos que os pol\u00edticos de esquerda e de direita, os grupos de interesse e os m\u00e9dia difundem regularmente sobre a migra\u00e7\u00e3o.<\/p>\n<p>Comparando tend\u00eancias e perspetivas de \u00abpa\u00edses de destino\u00bb ocidentais (Reino Unido, Estados Unidos e Europa), bem como dos \u00abpa\u00edses de origem\u00bb na \u00c1sia, na \u00c1frica e na Am\u00e9rica Latina, Hein de Haas proporciona aos leitores conhecimentos essenciais sobre a migra\u00e7\u00e3o, baseados em factos e n\u00fameros fidedignos, que mostram a migra\u00e7\u00e3o n\u00e3o como um problema a resolver ou como uma solu\u00e7\u00e3o para um problema, mas tal como realmente \u00e9.<\/p>\n","protected":false},"author":2,"featured_media":8844,"template":"","meta":[],"product_cat":[166],"product_tag":[],"cat_produtos":[],"yoast_head":"<!-- This site is optimized with the Yoast SEO plugin v16.6 - https:\/\/yoast.com\/wordpress\/plugins\/seo\/ -->\n<title>Como Funciona Realmente a Migra\u00e7\u00e3o - Livraria Solmar - Livraria online<\/title>\n<meta name=\"robots\" content=\"index, follow, max-snippet:-1, max-image-preview:large, max-video-preview:-1\" \/>\n<link rel=\"canonical\" href=\"https:\/\/livrariasolmar.pt\/en\/produto\/como-funciona-realmente-a-migracao\/\" \/>\n<meta property=\"og:locale\" content=\"en_US\" \/>\n<meta property=\"og:type\" content=\"article\" \/>\n<meta property=\"og:title\" content=\"Como Funciona Realmente a Migra\u00e7\u00e3o - Livraria Solmar - Livraria online\" \/>\n<meta property=\"og:description\" content=\"A migra\u00e7\u00e3o global n\u00e3o atingiu o ponto mais alto de sempre. As altera\u00e7\u00f5es clim\u00e1ticas n\u00e3o ir\u00e3o conduzir \u00e0 migra\u00e7\u00e3o maci\u00e7a. A imigra\u00e7\u00e3o beneficia sobretudo os ricos, e n\u00e3o os trabalhadores. As restri\u00e7\u00f5es fronteiri\u00e7as produziram paradoxalmente mais migra\u00e7\u00e3o. Estas afirma\u00e7\u00f5es podem parecer contraintuitivas ou mesmo completamente erradas - mas os factos detr\u00e1s das parangonas contam uma hist\u00f3ria muito diferente daquelas que ouvimos sobre a migra\u00e7\u00e3o.  Num livro pioneiro e revelador, baseado em mais de tr\u00eas d\u00e9cadas de investiga\u00e7\u00e3o, o professor Hein de Haas, especialista de renome nestes temas, desmonta os mitos que os pol\u00edticos de esquerda e de direita, os grupos de interesse e os m\u00e9dia difundem regularmente sobre a migra\u00e7\u00e3o.  Comparando tend\u00eancias e perspetivas de \u00abpa\u00edses de destino\u00bb ocidentais (Reino Unido, Estados Unidos e Europa), bem como dos \u00abpa\u00edses de origem\u00bb na \u00c1sia, na \u00c1frica e na Am\u00e9rica Latina, Hein de Haas proporciona aos leitores conhecimentos essenciais sobre a migra\u00e7\u00e3o, baseados em factos e n\u00fameros fidedignos, que mostram a migra\u00e7\u00e3o n\u00e3o como um problema a resolver ou como uma solu\u00e7\u00e3o para um problema, mas tal como realmente \u00e9.\" \/>\n<meta property=\"og:url\" content=\"https:\/\/livrariasolmar.pt\/produto\/como-funciona-realmente-a-migracao\/\" \/>\n<meta property=\"og:site_name\" content=\"Livraria Solmar - Livraria online\" \/>\n<meta property=\"article:modified_time\" content=\"2024-08-16T19:41:56+00:00\" \/>\n<meta property=\"og:image\" content=\"https:\/\/livrariasolmar.pt\/wp-content\/uploads\/2024\/05\/500_9789896447922_capa.jpg\" \/>\n\t<meta property=\"og:image:width\" content=\"318\" \/>\n\t<meta property=\"og:image:height\" content=\"500\" \/>\n<meta name=\"twitter:card\" content=\"summary_large_image\" \/>\n<script type=\"application\/ld+json\" class=\"yoast-schema-graph\">{\"@context\":\"https:\/\/schema.org\",\"@graph\":[{\"@type\":\"WebSite\",\"@id\":\"https:\/\/livrariasolmar.pt\/#website\",\"url\":\"https:\/\/livrariasolmar.pt\/\",\"name\":\"Livraria Solmar - Livraria online\",\"description\":\"Com\\u00e9rcio Livros E Objetos De Arte, Lda - Ponta Delgada, A\\u00e7ores\",\"potentialAction\":[{\"@type\":\"SearchAction\",\"target\":{\"@type\":\"EntryPoint\",\"urlTemplate\":\"https:\/\/livrariasolmar.pt\/?s={search_term_string}\"},\"query-input\":\"required name=search_term_string\"}],\"inLanguage\":\"en-US\"},{\"@type\":\"ImageObject\",\"@id\":\"https:\/\/livrariasolmar.pt\/produto\/como-funciona-realmente-a-migracao\/#primaryimage\",\"inLanguage\":\"en-US\",\"url\":\"https:\/\/livrariasolmar.pt\/wp-content\/uploads\/2024\/05\/500_9789896447922_capa.jpg\",\"contentUrl\":\"https:\/\/livrariasolmar.pt\/wp-content\/uploads\/2024\/05\/500_9789896447922_capa.jpg\",\"width\":318,\"height\":500},{\"@type\":\"WebPage\",\"@id\":\"https:\/\/livrariasolmar.pt\/produto\/como-funciona-realmente-a-migracao\/#webpage\",\"url\":\"https:\/\/livrariasolmar.pt\/produto\/como-funciona-realmente-a-migracao\/\",\"name\":\"Como Funciona Realmente a Migra\\u00e7\\u00e3o - Livraria Solmar - Livraria online\",\"isPartOf\":{\"@id\":\"https:\/\/livrariasolmar.pt\/#website\"},\"primaryImageOfPage\":{\"@id\":\"https:\/\/livrariasolmar.pt\/produto\/como-funciona-realmente-a-migracao\/#primaryimage\"},\"datePublished\":\"2024-05-13T16:46:46+00:00\",\"dateModified\":\"2024-08-16T19:41:56+00:00\",\"breadcrumb\":{\"@id\":\"https:\/\/livrariasolmar.pt\/produto\/como-funciona-realmente-a-migracao\/#breadcrumb\"},\"inLanguage\":\"en-US\",\"potentialAction\":[{\"@type\":\"ReadAction\",\"target\":[\"https:\/\/livrariasolmar.pt\/produto\/como-funciona-realmente-a-migracao\/\"]}]},{\"@type\":\"BreadcrumbList\",\"@id\":\"https:\/\/livrariasolmar.pt\/produto\/como-funciona-realmente-a-migracao\/#breadcrumb\",\"itemListElement\":[{\"@type\":\"ListItem\",\"position\":1,\"name\":\"In\\u00edcio\",\"item\":\"https:\/\/livrariasolmar.pt\/en\/\"},{\"@type\":\"ListItem\",\"position\":2,\"name\":\"Shop\",\"item\":\"https:\/\/livrariasolmar.pt\/en\/shop\/\"},{\"@type\":\"ListItem\",\"position\":3,\"name\":\"Como Funciona Realmente a Migra\\u00e7\\u00e3o\"}]}]}<\/script>\n<!-- \/ Yoast SEO plugin. -->","_links":{"self":[{"href":"https:\/\/livrariasolmar.pt\/en\/wp-json\/wp\/v2\/product\/8843"}],"collection":[{"href":"https:\/\/livrariasolmar.pt\/en\/wp-json\/wp\/v2\/product"}],"about":[{"href":"https:\/\/livrariasolmar.pt\/en\/wp-json\/wp\/v2\/types\/product"}],"author":[{"embeddable":true,"href":"https:\/\/livrariasolmar.pt\/en\/wp-json\/wp\/v2\/users\/2"}],"wp:featuredmedia":[{"embeddable":true,"href":"https:\/\/livrariasolmar.pt\/en\/wp-json\/wp\/v2\/media\/8844"}],"wp:attachment":[{"href":"https:\/\/livrariasolmar.pt\/en\/wp-json\/wp\/v2\/media?parent=8843"}],"wp:term":[{"taxonomy":"product_cat","embeddable":true,"href":"https:\/\/livrariasolmar.pt\/en\/wp-json\/wp\/v2\/product_cat?post=8843"},{"taxonomy":"product_tag","embeddable":true,"href":"https:\/\/livrariasolmar.pt\/en\/wp-json\/wp\/v2\/product_tag?post=8843"},{"taxonomy":"cat_produtos","embeddable":true,"href":"https:\/\/livrariasolmar.pt\/en\/wp-json\/wp\/v2\/cat_produtos?post=8843"}],"curies":[{"name":"wp","href":"https:\/\/api.w.org\/{rel}","templated":true}]}}