{"id":8876,"date":"2024-05-20T17:24:22","date_gmt":"2024-05-20T17:24:22","guid":{"rendered":"https:\/\/livrariasolmar.pt\/?post_type=product&#038;p=8876"},"modified":"2024-08-16T19:41:39","modified_gmt":"2024-08-16T19:41:39","slug":"os-melhores-contos-zen","status":"publish","type":"product","link":"https:\/\/livrariasolmar.pt\/en\/produto\/os-melhores-contos-zen\/","title":{"rendered":"Os Melhores Contos Zen"},"content":{"rendered":"","protected":false},"excerpt":{"rendered":"<div id=\"_664b853383884\" class=\"show-more show-more-open\">201 HIST\u00d3RIAS DOS MESTRES BUDISTAS A SABEDORIA ESPIRITUAL DO ORIENTE OS MELHORES CONTOS ESPIRITUAIS E FILOS\u00d3FICOS DO ORIENTE Os Melhores Contos Zen s\u00e3o uma cole\u00e7\u00e3o de hist\u00f3rias inspiradoras que refletem o pensamento, os ensinamentos e as ideais do budismo zen. Os contos contidos no livro abordam temas como a ilumina\u00e7\u00e3o, a compaix\u00e3o, a simplicidade e a busca do sentido da exist\u00eancia. LI\u00c7\u00d5ES PR\u00c1TICAS SOBRE COMO LIDAR COM OS DESAFIOS DA VIDA As narrativas envolvem personagens comuns, mestres e disc\u00edpulos em situa\u00e7\u00f5es enigm\u00e1ticas, desafiadoras e reveladoras, que os conduzem a insights sobre a natureza da realidade e da consci\u00eancia, trazendo \u00e0 tona quest\u00f5es filos\u00f3ficas e espirituais que convidam o leitor a refletir sobre sua pr\u00f3pria vida e jornada pessoal em busca da realiza\u00e7\u00e3o interior. A SERENIDADE INTERIOR E A BUSCA DA REALIZA\u00c7\u00c3O ESPIRITUAL Os mestres Zen enfatizam a import\u00e2ncia da experi\u00eancia direta, da aceita\u00e7\u00e3o e compreens\u00e3o da imperman\u00eancia da vida. Destacam a import\u00e2ncia da vida vivida no momento presente e do abandono da dualidade de pensamento no caminho do encontro com a paz interior. Nesta obra, os leitores s\u00e3o convidados a contemplar a natureza da exist\u00eancia e a encontrar a verdadeira sabedoria nas suas pr\u00f3prias vidas. Os Melhores Contos Zen procura inspirar os leitores e lev\u00e1-los a explorar a sua pr\u00f3pria jornada espiritual, a aprofundar a compreens\u00e3o da mente e do cora\u00e7\u00e3o, e a encontrar um caminho de vida mais aut\u00eantico e significativo. \u00c9 um convite para penetrar na sabedoria intemporal do budismo zen, \u00e0 descoberta da ess\u00eancia da exist\u00eancia.<\/div>\n","protected":false},"author":2,"featured_media":8877,"template":"","meta":[],"product_cat":[173],"product_tag":[],"cat_produtos":[],"yoast_head":"<!-- This site is optimized with the Yoast SEO plugin v16.6 - https:\/\/yoast.com\/wordpress\/plugins\/seo\/ -->\n<title>Os Melhores Contos Zen - Livraria Solmar - Livraria online<\/title>\n<meta name=\"robots\" content=\"index, follow, max-snippet:-1, max-image-preview:large, max-video-preview:-1\" \/>\n<link rel=\"canonical\" href=\"https:\/\/livrariasolmar.pt\/en\/produto\/os-melhores-contos-zen\/\" \/>\n<meta property=\"og:locale\" content=\"en_US\" \/>\n<meta property=\"og:type\" content=\"article\" \/>\n<meta property=\"og:title\" content=\"Os Melhores Contos Zen - Livraria Solmar - Livraria online\" \/>\n<meta property=\"og:description\" content=\"201 HIST\u00d3RIAS DOS MESTRES BUDISTAS A SABEDORIA ESPIRITUAL DO ORIENTE OS MELHORES CONTOS ESPIRITUAIS E FILOS\u00d3FICOS DO ORIENTE Os Melhores Contos Zen s\u00e3o uma cole\u00e7\u00e3o de hist\u00f3rias inspiradoras que refletem o pensamento, os ensinamentos e as ideais do budismo zen. Os contos contidos no livro abordam temas como a ilumina\u00e7\u00e3o, a compaix\u00e3o, a simplicidade e a busca do sentido da exist\u00eancia. LI\u00c7\u00d5ES PR\u00c1TICAS SOBRE COMO LIDAR COM OS DESAFIOS DA VIDA As narrativas envolvem personagens comuns, mestres e disc\u00edpulos em situa\u00e7\u00f5es enigm\u00e1ticas, desafiadoras e reveladoras, que os conduzem a insights sobre a natureza da realidade e da consci\u00eancia, trazendo \u00e0 tona quest\u00f5es filos\u00f3ficas e espirituais que convidam o leitor a refletir sobre sua pr\u00f3pria vida e jornada pessoal em busca da realiza\u00e7\u00e3o interior. A SERENIDADE INTERIOR E A BUSCA DA REALIZA\u00c7\u00c3O ESPIRITUAL Os mestres Zen enfatizam a import\u00e2ncia da experi\u00eancia direta, da aceita\u00e7\u00e3o e compreens\u00e3o da imperman\u00eancia da vida. Destacam a import\u00e2ncia da vida vivida no momento presente e do abandono da dualidade de pensamento no caminho do encontro com a paz interior. Nesta obra, os leitores s\u00e3o convidados a contemplar a natureza da exist\u00eancia e a encontrar a verdadeira sabedoria nas suas pr\u00f3prias vidas. Os Melhores Contos Zen procura inspirar os leitores e lev\u00e1-los a explorar a sua pr\u00f3pria jornada espiritual, a aprofundar a compreens\u00e3o da mente e do cora\u00e7\u00e3o, e a encontrar um caminho de vida mais aut\u00eantico e significativo. \u00c9 um convite para penetrar na sabedoria intemporal do budismo zen, \u00e0 descoberta da ess\u00eancia da exist\u00eancia.\" \/>\n<meta property=\"og:url\" content=\"https:\/\/livrariasolmar.pt\/produto\/os-melhores-contos-zen\/\" \/>\n<meta property=\"og:site_name\" content=\"Livraria Solmar - Livraria online\" \/>\n<meta property=\"article:modified_time\" content=\"2024-08-16T19:41:39+00:00\" \/>\n<meta property=\"og:image\" content=\"https:\/\/livrariasolmar.pt\/wp-content\/uploads\/2024\/05\/500_9789895702558_capa.jpg\" \/>\n\t<meta property=\"og:image:width\" content=\"331\" \/>\n\t<meta property=\"og:image:height\" content=\"500\" \/>\n<meta name=\"twitter:card\" content=\"summary_large_image\" \/>\n<script type=\"application\/ld+json\" class=\"yoast-schema-graph\">{\"@context\":\"https:\/\/schema.org\",\"@graph\":[{\"@type\":\"WebSite\",\"@id\":\"https:\/\/livrariasolmar.pt\/#website\",\"url\":\"https:\/\/livrariasolmar.pt\/\",\"name\":\"Livraria Solmar - Livraria online\",\"description\":\"Com\\u00e9rcio Livros E Objetos De Arte, Lda - Ponta Delgada, A\\u00e7ores\",\"potentialAction\":[{\"@type\":\"SearchAction\",\"target\":{\"@type\":\"EntryPoint\",\"urlTemplate\":\"https:\/\/livrariasolmar.pt\/?s={search_term_string}\"},\"query-input\":\"required name=search_term_string\"}],\"inLanguage\":\"en-US\"},{\"@type\":\"ImageObject\",\"@id\":\"https:\/\/livrariasolmar.pt\/produto\/os-melhores-contos-zen\/#primaryimage\",\"inLanguage\":\"en-US\",\"url\":\"https:\/\/livrariasolmar.pt\/wp-content\/uploads\/2024\/05\/500_9789895702558_capa.jpg\",\"contentUrl\":\"https:\/\/livrariasolmar.pt\/wp-content\/uploads\/2024\/05\/500_9789895702558_capa.jpg\",\"width\":331,\"height\":500},{\"@type\":\"WebPage\",\"@id\":\"https:\/\/livrariasolmar.pt\/produto\/os-melhores-contos-zen\/#webpage\",\"url\":\"https:\/\/livrariasolmar.pt\/produto\/os-melhores-contos-zen\/\",\"name\":\"Os Melhores Contos Zen - Livraria Solmar - Livraria online\",\"isPartOf\":{\"@id\":\"https:\/\/livrariasolmar.pt\/#website\"},\"primaryImageOfPage\":{\"@id\":\"https:\/\/livrariasolmar.pt\/produto\/os-melhores-contos-zen\/#primaryimage\"},\"datePublished\":\"2024-05-20T17:24:22+00:00\",\"dateModified\":\"2024-08-16T19:41:39+00:00\",\"breadcrumb\":{\"@id\":\"https:\/\/livrariasolmar.pt\/produto\/os-melhores-contos-zen\/#breadcrumb\"},\"inLanguage\":\"en-US\",\"potentialAction\":[{\"@type\":\"ReadAction\",\"target\":[\"https:\/\/livrariasolmar.pt\/produto\/os-melhores-contos-zen\/\"]}]},{\"@type\":\"BreadcrumbList\",\"@id\":\"https:\/\/livrariasolmar.pt\/produto\/os-melhores-contos-zen\/#breadcrumb\",\"itemListElement\":[{\"@type\":\"ListItem\",\"position\":1,\"name\":\"In\\u00edcio\",\"item\":\"https:\/\/livrariasolmar.pt\/en\/\"},{\"@type\":\"ListItem\",\"position\":2,\"name\":\"Shop\",\"item\":\"https:\/\/livrariasolmar.pt\/en\/shop\/\"},{\"@type\":\"ListItem\",\"position\":3,\"name\":\"Os Melhores Contos Zen\"}]}]}<\/script>\n<!-- \/ Yoast SEO plugin. -->","_links":{"self":[{"href":"https:\/\/livrariasolmar.pt\/en\/wp-json\/wp\/v2\/product\/8876"}],"collection":[{"href":"https:\/\/livrariasolmar.pt\/en\/wp-json\/wp\/v2\/product"}],"about":[{"href":"https:\/\/livrariasolmar.pt\/en\/wp-json\/wp\/v2\/types\/product"}],"author":[{"embeddable":true,"href":"https:\/\/livrariasolmar.pt\/en\/wp-json\/wp\/v2\/users\/2"}],"wp:featuredmedia":[{"embeddable":true,"href":"https:\/\/livrariasolmar.pt\/en\/wp-json\/wp\/v2\/media\/8877"}],"wp:attachment":[{"href":"https:\/\/livrariasolmar.pt\/en\/wp-json\/wp\/v2\/media?parent=8876"}],"wp:term":[{"taxonomy":"product_cat","embeddable":true,"href":"https:\/\/livrariasolmar.pt\/en\/wp-json\/wp\/v2\/product_cat?post=8876"},{"taxonomy":"product_tag","embeddable":true,"href":"https:\/\/livrariasolmar.pt\/en\/wp-json\/wp\/v2\/product_tag?post=8876"},{"taxonomy":"cat_produtos","embeddable":true,"href":"https:\/\/livrariasolmar.pt\/en\/wp-json\/wp\/v2\/cat_produtos?post=8876"}],"curies":[{"name":"wp","href":"https:\/\/api.w.org\/{rel}","templated":true}]}}