{"id":8989,"date":"2024-06-04T17:16:12","date_gmt":"2024-06-04T17:16:12","guid":{"rendered":"https:\/\/livrariasolmar.pt\/?post_type=product&#038;p=8989"},"modified":"2025-01-13T18:26:46","modified_gmt":"2025-01-13T18:26:46","slug":"a-obsessao-da-portugalidade","status":"publish","type":"product","link":"https:\/\/livrariasolmar.pt\/en\/produto\/a-obsessao-da-portugalidade\/","title":{"rendered":"A Obsess\u00e3o da Portugalidade"},"content":{"rendered":"","protected":false},"excerpt":{"rendered":"<p>Enquanto meio mundo se consome na busca de uma identidade &#8211; deficit\u00e1ria, perdida, indefinida -, Portugal tem demasiada identidade, e cuida-a com excessivos desvelos sentimentais e saudosistas. Uma manifesta\u00e7\u00e3o superficial disso ser\u00e1, por exemplo, a parox\u00edstica paix\u00e3o recente pelo fado e seus novos int\u00e9rpretes, que brotam do ch\u00e3o a cada hora que passa. On\u00e9simo vai mais fundo e, no tom (certo) que lhe \u00e9 pr\u00f3prio, com a clareza que a dist\u00e2ncia lhe permite, e a sua mistura habitual de humor e erudi\u00e7\u00e3o, analisa e disseca os nossos meandros identit\u00e1rios.<\/p>\n","protected":false},"author":2,"featured_media":8990,"template":"","meta":[],"product_cat":[146],"product_tag":[],"cat_produtos":[1376],"yoast_head":"<!-- This site is optimized with the Yoast SEO plugin v16.6 - https:\/\/yoast.com\/wordpress\/plugins\/seo\/ -->\n<title>A Obsess\u00e3o da Portugalidade - Livraria Solmar - Livraria online<\/title>\n<meta name=\"robots\" content=\"index, follow, max-snippet:-1, max-image-preview:large, max-video-preview:-1\" \/>\n<link rel=\"canonical\" href=\"https:\/\/livrariasolmar.pt\/en\/produto\/a-obsessao-da-portugalidade\/\" \/>\n<meta property=\"og:locale\" content=\"en_US\" \/>\n<meta property=\"og:type\" content=\"article\" \/>\n<meta property=\"og:title\" content=\"A Obsess\u00e3o da Portugalidade - Livraria Solmar - Livraria online\" \/>\n<meta property=\"og:description\" content=\"Enquanto meio mundo se consome na busca de uma identidade - deficit\u00e1ria, perdida, indefinida -, Portugal tem demasiada identidade, e cuida-a com excessivos desvelos sentimentais e saudosistas. Uma manifesta\u00e7\u00e3o superficial disso ser\u00e1, por exemplo, a parox\u00edstica paix\u00e3o recente pelo fado e seus novos int\u00e9rpretes, que brotam do ch\u00e3o a cada hora que passa. On\u00e9simo vai mais fundo e, no tom (certo) que lhe \u00e9 pr\u00f3prio, com a clareza que a dist\u00e2ncia lhe permite, e a sua mistura habitual de humor e erudi\u00e7\u00e3o, analisa e disseca os nossos meandros identit\u00e1rios.\" \/>\n<meta property=\"og:url\" content=\"https:\/\/livrariasolmar.pt\/produto\/a-obsessao-da-portugalidade\/\" \/>\n<meta property=\"og:site_name\" content=\"Livraria Solmar - Livraria online\" \/>\n<meta property=\"article:modified_time\" content=\"2025-01-13T18:26:46+00:00\" \/>\n<meta property=\"og:image\" content=\"https:\/\/livrariasolmar.pt\/wp-content\/uploads\/2024\/06\/300x.jpg\" \/>\n\t<meta property=\"og:image:width\" content=\"300\" \/>\n\t<meta property=\"og:image:height\" content=\"470\" \/>\n<meta name=\"twitter:card\" content=\"summary_large_image\" \/>\n<script type=\"application\/ld+json\" class=\"yoast-schema-graph\">{\"@context\":\"https:\/\/schema.org\",\"@graph\":[{\"@type\":\"WebSite\",\"@id\":\"https:\/\/livrariasolmar.pt\/#website\",\"url\":\"https:\/\/livrariasolmar.pt\/\",\"name\":\"Livraria Solmar - Livraria online\",\"description\":\"Com\\u00e9rcio Livros E Objetos De Arte, Lda - Ponta Delgada, A\\u00e7ores\",\"potentialAction\":[{\"@type\":\"SearchAction\",\"target\":{\"@type\":\"EntryPoint\",\"urlTemplate\":\"https:\/\/livrariasolmar.pt\/?s={search_term_string}\"},\"query-input\":\"required name=search_term_string\"}],\"inLanguage\":\"en-US\"},{\"@type\":\"ImageObject\",\"@id\":\"https:\/\/livrariasolmar.pt\/produto\/a-obsessao-da-portugalidade\/#primaryimage\",\"inLanguage\":\"en-US\",\"url\":\"https:\/\/livrariasolmar.pt\/wp-content\/uploads\/2024\/06\/300x.jpg\",\"contentUrl\":\"https:\/\/livrariasolmar.pt\/wp-content\/uploads\/2024\/06\/300x.jpg\",\"width\":300,\"height\":470},{\"@type\":\"WebPage\",\"@id\":\"https:\/\/livrariasolmar.pt\/produto\/a-obsessao-da-portugalidade\/#webpage\",\"url\":\"https:\/\/livrariasolmar.pt\/produto\/a-obsessao-da-portugalidade\/\",\"name\":\"A Obsess\\u00e3o da Portugalidade - Livraria Solmar - Livraria online\",\"isPartOf\":{\"@id\":\"https:\/\/livrariasolmar.pt\/#website\"},\"primaryImageOfPage\":{\"@id\":\"https:\/\/livrariasolmar.pt\/produto\/a-obsessao-da-portugalidade\/#primaryimage\"},\"datePublished\":\"2024-06-04T17:16:12+00:00\",\"dateModified\":\"2025-01-13T18:26:46+00:00\",\"breadcrumb\":{\"@id\":\"https:\/\/livrariasolmar.pt\/produto\/a-obsessao-da-portugalidade\/#breadcrumb\"},\"inLanguage\":\"en-US\",\"potentialAction\":[{\"@type\":\"ReadAction\",\"target\":[\"https:\/\/livrariasolmar.pt\/produto\/a-obsessao-da-portugalidade\/\"]}]},{\"@type\":\"BreadcrumbList\",\"@id\":\"https:\/\/livrariasolmar.pt\/produto\/a-obsessao-da-portugalidade\/#breadcrumb\",\"itemListElement\":[{\"@type\":\"ListItem\",\"position\":1,\"name\":\"In\\u00edcio\",\"item\":\"https:\/\/livrariasolmar.pt\/en\/\"},{\"@type\":\"ListItem\",\"position\":2,\"name\":\"Shop\",\"item\":\"https:\/\/livrariasolmar.pt\/en\/shop\/\"},{\"@type\":\"ListItem\",\"position\":3,\"name\":\"A Obsess\\u00e3o da Portugalidade\"}]}]}<\/script>\n<!-- \/ Yoast SEO plugin. -->","_links":{"self":[{"href":"https:\/\/livrariasolmar.pt\/en\/wp-json\/wp\/v2\/product\/8989"}],"collection":[{"href":"https:\/\/livrariasolmar.pt\/en\/wp-json\/wp\/v2\/product"}],"about":[{"href":"https:\/\/livrariasolmar.pt\/en\/wp-json\/wp\/v2\/types\/product"}],"author":[{"embeddable":true,"href":"https:\/\/livrariasolmar.pt\/en\/wp-json\/wp\/v2\/users\/2"}],"wp:featuredmedia":[{"embeddable":true,"href":"https:\/\/livrariasolmar.pt\/en\/wp-json\/wp\/v2\/media\/8990"}],"wp:attachment":[{"href":"https:\/\/livrariasolmar.pt\/en\/wp-json\/wp\/v2\/media?parent=8989"}],"wp:term":[{"taxonomy":"product_cat","embeddable":true,"href":"https:\/\/livrariasolmar.pt\/en\/wp-json\/wp\/v2\/product_cat?post=8989"},{"taxonomy":"product_tag","embeddable":true,"href":"https:\/\/livrariasolmar.pt\/en\/wp-json\/wp\/v2\/product_tag?post=8989"},{"taxonomy":"cat_produtos","embeddable":true,"href":"https:\/\/livrariasolmar.pt\/en\/wp-json\/wp\/v2\/cat_produtos?post=8989"}],"curies":[{"name":"wp","href":"https:\/\/api.w.org\/{rel}","templated":true}]}}