{"id":9001,"date":"2024-06-06T18:39:00","date_gmt":"2024-06-06T18:39:00","guid":{"rendered":"https:\/\/livrariasolmar.pt\/?post_type=product&#038;p=9001"},"modified":"2025-04-03T16:51:22","modified_gmt":"2025-04-03T16:51:22","slug":"o-ano-zero-da-nova-europa","status":"publish","type":"product","link":"https:\/\/livrariasolmar.pt\/en\/produto\/o-ano-zero-da-nova-europa\/","title":{"rendered":"O Ano Zero da Nova Europa"},"content":{"rendered":"","protected":false},"excerpt":{"rendered":"<p>Ensaio final da trilogia dedicada ao momento existencial da Europa: Depois da invas\u00e3o da Ucr\u00e2nia, abre-se um novo ciclo Partindo da invas\u00e3o da Ucr\u00e2nia pela R\u00fassia,\u00a0<i>O Ano Zero da Nova Europa<\/i>\u00a0analisa um conjunto de din\u00e2micas vitais para o nosso futuro colectivo, mais claras desde esse momento fat\u00eddico e marcante da hist\u00f3ria europeia &#8211;\u00a0<i>tr\u00e1gica e magn\u00edfica<\/i>, nas palavras de Jacques Delors \u2014 que fecha o ciclo da seguran\u00e7a continental iniciado no fim da Guerra Fria.<\/p>\n<p>Esse ciclo foi definido por um certo esp\u00edrito de inoc\u00eancia geopol\u00edtica que marcou as \u00faltimas tr\u00eas d\u00e9cadas da Europa, abrindo portas a um outro que, de acordo com Bernardo Pires de Lima, percorrer\u00e1 quatro grandes \u00e1reas definidoras, por longos anos, das nossas vidas: defesa e longevidade das democracias; alargamento e indispens\u00e1vel coes\u00e3o; autonomia e m\u00fasculo geopol\u00edtico; ajustamentos ao exterior e capacidade para influenciar a globaliza\u00e7\u00e3o.<\/p>\n<p>Depois de\u00a0<i>Portugal na Era dos Homens Fortes<\/i>\u00a0(2020) e da reedi\u00e7\u00e3o de\u00a0<i>Putinl\u00e2ndia<\/i>\u00a0(2022),\u00a0<i>O Ano Zero da Nova Europa<\/i>\u00a0fecha assim uma trilogia ensa\u00edstica. Porque h\u00e1 um antes e um depois de 24 de Fevereiro de 2022.<\/p>\n","protected":false},"author":2,"featured_media":9002,"template":"","meta":[],"product_cat":[166],"product_tag":[],"cat_produtos":[],"yoast_head":"<!-- This site is optimized with the Yoast SEO plugin v16.6 - https:\/\/yoast.com\/wordpress\/plugins\/seo\/ -->\n<title>O Ano Zero da Nova Europa - Livraria Solmar - Livraria online<\/title>\n<meta name=\"robots\" content=\"index, follow, max-snippet:-1, max-image-preview:large, max-video-preview:-1\" \/>\n<link rel=\"canonical\" href=\"https:\/\/livrariasolmar.pt\/en\/produto\/o-ano-zero-da-nova-europa\/\" \/>\n<meta property=\"og:locale\" content=\"en_US\" \/>\n<meta property=\"og:type\" content=\"article\" \/>\n<meta property=\"og:title\" content=\"O Ano Zero da Nova Europa - Livraria Solmar - Livraria online\" \/>\n<meta property=\"og:description\" content=\"Ensaio final da trilogia dedicada ao momento existencial da Europa: Depois da invas\u00e3o da Ucr\u00e2nia, abre-se um novo ciclo Partindo da invas\u00e3o da Ucr\u00e2nia pela R\u00fassia,\u00a0O Ano Zero da Nova Europa\u00a0analisa um conjunto de din\u00e2micas vitais para o nosso futuro colectivo, mais claras desde esse momento fat\u00eddico e marcante da hist\u00f3ria europeia -\u00a0tr\u00e1gica e magn\u00edfica, nas palavras de Jacques Delors \u2014 que fecha o ciclo da seguran\u00e7a continental iniciado no fim da Guerra Fria.  Esse ciclo foi definido por um certo esp\u00edrito de inoc\u00eancia geopol\u00edtica que marcou as \u00faltimas tr\u00eas d\u00e9cadas da Europa, abrindo portas a um outro que, de acordo com Bernardo Pires de Lima, percorrer\u00e1 quatro grandes \u00e1reas definidoras, por longos anos, das nossas vidas: defesa e longevidade das democracias; alargamento e indispens\u00e1vel coes\u00e3o; autonomia e m\u00fasculo geopol\u00edtico; ajustamentos ao exterior e capacidade para influenciar a globaliza\u00e7\u00e3o.  Depois de\u00a0Portugal na Era dos Homens Fortes\u00a0(2020) e da reedi\u00e7\u00e3o de\u00a0Putinl\u00e2ndia\u00a0(2022),\u00a0O Ano Zero da Nova Europa\u00a0fecha assim uma trilogia ensa\u00edstica. Porque h\u00e1 um antes e um depois de 24 de Fevereiro de 2022.\" \/>\n<meta property=\"og:url\" content=\"https:\/\/livrariasolmar.pt\/produto\/o-ano-zero-da-nova-europa\/\" \/>\n<meta property=\"og:site_name\" content=\"Livraria Solmar - Livraria online\" \/>\n<meta property=\"article:modified_time\" content=\"2025-04-03T16:51:22+00:00\" \/>\n<meta property=\"og:image\" content=\"https:\/\/livrariasolmar.pt\/wp-content\/uploads\/2024\/06\/500_9789896718435_capa.jpg\" \/>\n\t<meta property=\"og:image:width\" content=\"347\" \/>\n\t<meta property=\"og:image:height\" content=\"500\" \/>\n<meta name=\"twitter:card\" content=\"summary_large_image\" \/>\n<script type=\"application\/ld+json\" class=\"yoast-schema-graph\">{\"@context\":\"https:\/\/schema.org\",\"@graph\":[{\"@type\":\"WebSite\",\"@id\":\"https:\/\/livrariasolmar.pt\/#website\",\"url\":\"https:\/\/livrariasolmar.pt\/\",\"name\":\"Livraria Solmar - Livraria online\",\"description\":\"Com\\u00e9rcio Livros E Objetos De Arte, Lda - Ponta Delgada, A\\u00e7ores\",\"potentialAction\":[{\"@type\":\"SearchAction\",\"target\":{\"@type\":\"EntryPoint\",\"urlTemplate\":\"https:\/\/livrariasolmar.pt\/?s={search_term_string}\"},\"query-input\":\"required name=search_term_string\"}],\"inLanguage\":\"en-US\"},{\"@type\":\"ImageObject\",\"@id\":\"https:\/\/livrariasolmar.pt\/produto\/o-ano-zero-da-nova-europa\/#primaryimage\",\"inLanguage\":\"en-US\",\"url\":\"https:\/\/livrariasolmar.pt\/wp-content\/uploads\/2024\/06\/500_9789896718435_capa.jpg\",\"contentUrl\":\"https:\/\/livrariasolmar.pt\/wp-content\/uploads\/2024\/06\/500_9789896718435_capa.jpg\",\"width\":347,\"height\":500},{\"@type\":\"WebPage\",\"@id\":\"https:\/\/livrariasolmar.pt\/produto\/o-ano-zero-da-nova-europa\/#webpage\",\"url\":\"https:\/\/livrariasolmar.pt\/produto\/o-ano-zero-da-nova-europa\/\",\"name\":\"O Ano Zero da Nova Europa - Livraria Solmar - Livraria online\",\"isPartOf\":{\"@id\":\"https:\/\/livrariasolmar.pt\/#website\"},\"primaryImageOfPage\":{\"@id\":\"https:\/\/livrariasolmar.pt\/produto\/o-ano-zero-da-nova-europa\/#primaryimage\"},\"datePublished\":\"2024-06-06T18:39:00+00:00\",\"dateModified\":\"2025-04-03T16:51:22+00:00\",\"breadcrumb\":{\"@id\":\"https:\/\/livrariasolmar.pt\/produto\/o-ano-zero-da-nova-europa\/#breadcrumb\"},\"inLanguage\":\"en-US\",\"potentialAction\":[{\"@type\":\"ReadAction\",\"target\":[\"https:\/\/livrariasolmar.pt\/produto\/o-ano-zero-da-nova-europa\/\"]}]},{\"@type\":\"BreadcrumbList\",\"@id\":\"https:\/\/livrariasolmar.pt\/produto\/o-ano-zero-da-nova-europa\/#breadcrumb\",\"itemListElement\":[{\"@type\":\"ListItem\",\"position\":1,\"name\":\"In\\u00edcio\",\"item\":\"https:\/\/livrariasolmar.pt\/en\/\"},{\"@type\":\"ListItem\",\"position\":2,\"name\":\"Shop\",\"item\":\"https:\/\/livrariasolmar.pt\/en\/shop\/\"},{\"@type\":\"ListItem\",\"position\":3,\"name\":\"O Ano Zero da Nova Europa\"}]}]}<\/script>\n<!-- \/ Yoast SEO plugin. -->","_links":{"self":[{"href":"https:\/\/livrariasolmar.pt\/en\/wp-json\/wp\/v2\/product\/9001"}],"collection":[{"href":"https:\/\/livrariasolmar.pt\/en\/wp-json\/wp\/v2\/product"}],"about":[{"href":"https:\/\/livrariasolmar.pt\/en\/wp-json\/wp\/v2\/types\/product"}],"author":[{"embeddable":true,"href":"https:\/\/livrariasolmar.pt\/en\/wp-json\/wp\/v2\/users\/2"}],"wp:featuredmedia":[{"embeddable":true,"href":"https:\/\/livrariasolmar.pt\/en\/wp-json\/wp\/v2\/media\/9002"}],"wp:attachment":[{"href":"https:\/\/livrariasolmar.pt\/en\/wp-json\/wp\/v2\/media?parent=9001"}],"wp:term":[{"taxonomy":"product_cat","embeddable":true,"href":"https:\/\/livrariasolmar.pt\/en\/wp-json\/wp\/v2\/product_cat?post=9001"},{"taxonomy":"product_tag","embeddable":true,"href":"https:\/\/livrariasolmar.pt\/en\/wp-json\/wp\/v2\/product_tag?post=9001"},{"taxonomy":"cat_produtos","embeddable":true,"href":"https:\/\/livrariasolmar.pt\/en\/wp-json\/wp\/v2\/cat_produtos?post=9001"}],"curies":[{"name":"wp","href":"https:\/\/api.w.org\/{rel}","templated":true}]}}