{"id":9004,"date":"2024-06-06T18:51:14","date_gmt":"2024-06-06T18:51:14","guid":{"rendered":"https:\/\/livrariasolmar.pt\/?post_type=product&#038;p=9004"},"modified":"2025-03-14T18:41:31","modified_gmt":"2025-03-14T18:41:31","slug":"sem-ti-nao-vais-a-lado-nenhum","status":"publish","type":"product","link":"https:\/\/livrariasolmar.pt\/en\/produto\/sem-ti-nao-vais-a-lado-nenhum\/","title":{"rendered":"Sem Ti N\u00e3o Vais a Lado Nenhum"},"content":{"rendered":"","protected":false},"excerpt":{"rendered":"<p>Sem que mudemos algo, como podemos esperar que algo mude?<\/p>\n<p>Vivemos em sentido contr\u00e1rio. N\u00e3o estamos nos lugares que nos fazem sentir bem. Desperdi\u00e7amos horas intermin\u00e1veis com atividades que n\u00e3o nos preenchem, rodeados de pessoas que nada nos acrescentam. Reprimimos o que sentimos, diariamente, para conseguir encaixar numa realidade que n\u00e3o coincide connosco.<\/p>\n<p>Durante quanto tempo \u00e9 poss\u00edvel vivermos desfasados de n\u00f3s pr\u00f3prios, encolhidos e sem entusiasmo? Quanta frustra\u00e7\u00e3o temos de suportar at\u00e9 decidir mudar? Quantos sustos precisamos de apanhar para perder o medo de viver?<\/p>\n<p>O sonho comanda a vida, mas quase ningu\u00e9m obedece.<\/p>\n<p>S\u00f3 podemos encontrar-nos quando nos permitirmos alinhar. Quando aquilo que somos estiver em sintonia com o que fazemos. Este reencontro est\u00e1 ao alcance de qualquer ser humano, mas s\u00f3 quem tenta poder\u00e1 almejar chegar l\u00e1.<\/p>\n<p>Cada um de n\u00f3s \u00e9 \u00fanico e irrepet\u00edvel. Todos possu\u00edmos algo que mais ningu\u00e9m tem. \u00c9 quando aceitamos essa singularidade que a nossa vida muda para sempre.<\/p>\n<p>Depois de\u00a0<i>Nunca Fiques Onde J\u00e1 N\u00e3o Est\u00e1s<\/i>\u00a0ter sido um dos livros mais lidos do ano, Manuel Clemente est\u00e1 de volta com reflex\u00f5es inquietantes, partilhas intimistas e o pragmatismo a que j\u00e1 nos habituou.<\/p>\n<p><i>Sem Ti N\u00e3o Vais a Lado Nenhum<\/i>\u00a0n\u00e3o nos d\u00e1 f\u00f3rmulas instant\u00e2neas nem receitas imediatas. Oferece, sim, uma nova perspetiva sobre as nossas vidas. Um mergulho leve, mas profundo, por entre as quest\u00f5es que a todos importam. Um testemunho honesto, despretensioso e genu\u00edno de quem, \u00e0 semelhan\u00e7a do leitor, tenta todos os dias ser fiel a si pr\u00f3prio.<\/p>\n","protected":false},"author":2,"featured_media":9005,"template":"","meta":[],"product_cat":[173],"product_tag":[],"cat_produtos":[],"yoast_head":"<!-- This site is optimized with the Yoast SEO plugin v16.6 - https:\/\/yoast.com\/wordpress\/plugins\/seo\/ -->\n<title>Sem Ti N\u00e3o Vais a Lado Nenhum - Livraria Solmar - Livraria online<\/title>\n<meta name=\"robots\" content=\"index, follow, max-snippet:-1, max-image-preview:large, max-video-preview:-1\" \/>\n<link rel=\"canonical\" href=\"https:\/\/livrariasolmar.pt\/en\/produto\/sem-ti-nao-vais-a-lado-nenhum\/\" \/>\n<meta property=\"og:locale\" content=\"en_US\" \/>\n<meta property=\"og:type\" content=\"article\" \/>\n<meta property=\"og:title\" content=\"Sem Ti N\u00e3o Vais a Lado Nenhum - Livraria Solmar - Livraria online\" \/>\n<meta property=\"og:description\" content=\"Sem que mudemos algo, como podemos esperar que algo mude?  Vivemos em sentido contr\u00e1rio. N\u00e3o estamos nos lugares que nos fazem sentir bem. Desperdi\u00e7amos horas intermin\u00e1veis com atividades que n\u00e3o nos preenchem, rodeados de pessoas que nada nos acrescentam. Reprimimos o que sentimos, diariamente, para conseguir encaixar numa realidade que n\u00e3o coincide connosco.  Durante quanto tempo \u00e9 poss\u00edvel vivermos desfasados de n\u00f3s pr\u00f3prios, encolhidos e sem entusiasmo? Quanta frustra\u00e7\u00e3o temos de suportar at\u00e9 decidir mudar? Quantos sustos precisamos de apanhar para perder o medo de viver?  O sonho comanda a vida, mas quase ningu\u00e9m obedece.  S\u00f3 podemos encontrar-nos quando nos permitirmos alinhar. Quando aquilo que somos estiver em sintonia com o que fazemos. Este reencontro est\u00e1 ao alcance de qualquer ser humano, mas s\u00f3 quem tenta poder\u00e1 almejar chegar l\u00e1.  Cada um de n\u00f3s \u00e9 \u00fanico e irrepet\u00edvel. Todos possu\u00edmos algo que mais ningu\u00e9m tem. \u00c9 quando aceitamos essa singularidade que a nossa vida muda para sempre.  Depois de\u00a0Nunca Fiques Onde J\u00e1 N\u00e3o Est\u00e1s\u00a0ter sido um dos livros mais lidos do ano, Manuel Clemente est\u00e1 de volta com reflex\u00f5es inquietantes, partilhas intimistas e o pragmatismo a que j\u00e1 nos habituou.  Sem Ti N\u00e3o Vais a Lado Nenhum\u00a0n\u00e3o nos d\u00e1 f\u00f3rmulas instant\u00e2neas nem receitas imediatas. Oferece, sim, uma nova perspetiva sobre as nossas vidas. Um mergulho leve, mas profundo, por entre as quest\u00f5es que a todos importam. Um testemunho honesto, despretensioso e genu\u00edno de quem, \u00e0 semelhan\u00e7a do leitor, tenta todos os dias ser fiel a si pr\u00f3prio.\" \/>\n<meta property=\"og:url\" content=\"https:\/\/livrariasolmar.pt\/produto\/sem-ti-nao-vais-a-lado-nenhum\/\" \/>\n<meta property=\"og:site_name\" content=\"Livraria Solmar - Livraria online\" \/>\n<meta property=\"article:modified_time\" content=\"2025-03-14T18:41:31+00:00\" \/>\n<meta property=\"og:image\" content=\"https:\/\/livrariasolmar.pt\/wp-content\/uploads\/2024\/06\/500_9789895702664_capa.jpg\" \/>\n\t<meta property=\"og:image:width\" content=\"330\" \/>\n\t<meta property=\"og:image:height\" content=\"500\" \/>\n<meta name=\"twitter:card\" content=\"summary_large_image\" \/>\n<script type=\"application\/ld+json\" class=\"yoast-schema-graph\">{\"@context\":\"https:\/\/schema.org\",\"@graph\":[{\"@type\":\"WebSite\",\"@id\":\"https:\/\/livrariasolmar.pt\/#website\",\"url\":\"https:\/\/livrariasolmar.pt\/\",\"name\":\"Livraria Solmar - Livraria online\",\"description\":\"Com\\u00e9rcio Livros E Objetos De Arte, Lda - Ponta Delgada, A\\u00e7ores\",\"potentialAction\":[{\"@type\":\"SearchAction\",\"target\":{\"@type\":\"EntryPoint\",\"urlTemplate\":\"https:\/\/livrariasolmar.pt\/?s={search_term_string}\"},\"query-input\":\"required name=search_term_string\"}],\"inLanguage\":\"en-US\"},{\"@type\":\"ImageObject\",\"@id\":\"https:\/\/livrariasolmar.pt\/produto\/sem-ti-nao-vais-a-lado-nenhum\/#primaryimage\",\"inLanguage\":\"en-US\",\"url\":\"https:\/\/livrariasolmar.pt\/wp-content\/uploads\/2024\/06\/500_9789895702664_capa.jpg\",\"contentUrl\":\"https:\/\/livrariasolmar.pt\/wp-content\/uploads\/2024\/06\/500_9789895702664_capa.jpg\",\"width\":330,\"height\":500},{\"@type\":\"WebPage\",\"@id\":\"https:\/\/livrariasolmar.pt\/produto\/sem-ti-nao-vais-a-lado-nenhum\/#webpage\",\"url\":\"https:\/\/livrariasolmar.pt\/produto\/sem-ti-nao-vais-a-lado-nenhum\/\",\"name\":\"Sem Ti N\\u00e3o Vais a Lado Nenhum - Livraria Solmar - Livraria online\",\"isPartOf\":{\"@id\":\"https:\/\/livrariasolmar.pt\/#website\"},\"primaryImageOfPage\":{\"@id\":\"https:\/\/livrariasolmar.pt\/produto\/sem-ti-nao-vais-a-lado-nenhum\/#primaryimage\"},\"datePublished\":\"2024-06-06T18:51:14+00:00\",\"dateModified\":\"2025-03-14T18:41:31+00:00\",\"breadcrumb\":{\"@id\":\"https:\/\/livrariasolmar.pt\/produto\/sem-ti-nao-vais-a-lado-nenhum\/#breadcrumb\"},\"inLanguage\":\"en-US\",\"potentialAction\":[{\"@type\":\"ReadAction\",\"target\":[\"https:\/\/livrariasolmar.pt\/produto\/sem-ti-nao-vais-a-lado-nenhum\/\"]}]},{\"@type\":\"BreadcrumbList\",\"@id\":\"https:\/\/livrariasolmar.pt\/produto\/sem-ti-nao-vais-a-lado-nenhum\/#breadcrumb\",\"itemListElement\":[{\"@type\":\"ListItem\",\"position\":1,\"name\":\"In\\u00edcio\",\"item\":\"https:\/\/livrariasolmar.pt\/en\/\"},{\"@type\":\"ListItem\",\"position\":2,\"name\":\"Shop\",\"item\":\"https:\/\/livrariasolmar.pt\/en\/shop\/\"},{\"@type\":\"ListItem\",\"position\":3,\"name\":\"Sem Ti N\\u00e3o Vais a Lado Nenhum\"}]}]}<\/script>\n<!-- \/ Yoast SEO plugin. -->","_links":{"self":[{"href":"https:\/\/livrariasolmar.pt\/en\/wp-json\/wp\/v2\/product\/9004"}],"collection":[{"href":"https:\/\/livrariasolmar.pt\/en\/wp-json\/wp\/v2\/product"}],"about":[{"href":"https:\/\/livrariasolmar.pt\/en\/wp-json\/wp\/v2\/types\/product"}],"author":[{"embeddable":true,"href":"https:\/\/livrariasolmar.pt\/en\/wp-json\/wp\/v2\/users\/2"}],"wp:featuredmedia":[{"embeddable":true,"href":"https:\/\/livrariasolmar.pt\/en\/wp-json\/wp\/v2\/media\/9005"}],"wp:attachment":[{"href":"https:\/\/livrariasolmar.pt\/en\/wp-json\/wp\/v2\/media?parent=9004"}],"wp:term":[{"taxonomy":"product_cat","embeddable":true,"href":"https:\/\/livrariasolmar.pt\/en\/wp-json\/wp\/v2\/product_cat?post=9004"},{"taxonomy":"product_tag","embeddable":true,"href":"https:\/\/livrariasolmar.pt\/en\/wp-json\/wp\/v2\/product_tag?post=9004"},{"taxonomy":"cat_produtos","embeddable":true,"href":"https:\/\/livrariasolmar.pt\/en\/wp-json\/wp\/v2\/cat_produtos?post=9004"}],"curies":[{"name":"wp","href":"https:\/\/api.w.org\/{rel}","templated":true}]}}