{"id":9007,"date":"2024-06-06T18:56:35","date_gmt":"2024-06-06T18:56:35","guid":{"rendered":"https:\/\/livrariasolmar.pt\/?post_type=product&#038;p=9007"},"modified":"2024-08-03T18:50:56","modified_gmt":"2024-08-03T18:50:56","slug":"a-baleia","status":"publish","type":"product","link":"https:\/\/livrariasolmar.pt\/en\/produto\/a-baleia\/","title":{"rendered":"A Baleia"},"content":{"rendered":"","protected":false},"excerpt":{"rendered":"<p>Geumbok \u00e9 uma jovem mulher com um perfume irresist\u00edvel que, ao viajar atrav\u00e9s da Coreia, atrai homens de todas as condi\u00e7\u00f5es sociais. e que, enquanto combate violadores e gangsters de todo o g\u00e9nero para conseguir erigir um impressionante imp\u00e9rio em Pyeongdae, uma pequena aldeia perdida nas montanhas, negligencia a filha, uma criatura gigante e muda.<\/p>\n<p>Narrada atrav\u00e9s de gera\u00e7\u00f5es,\u00a0<i>A Baleia<\/i>\u00a0explora as suas vidas e as de todas as personagens que lhes est\u00e3o ligadas.<\/p>\n<p>A gera\u00e7\u00e3o de Cheon Myeong-kwan vive numa sociedade em que a baleia, o s\u00edmbolo do\u00a0<i>Grande Esp\u00edrito<\/i>\u00a0desapareceu, e tudo, incluindo a imagina\u00e7\u00e3o, encolheu, por forma a caber em vidas em que tudo acontece a grande velocidade.<\/p>\n<p>Este livro evoca o tempo em que se via e apreciava a lentid\u00e3o majestosa desses animais de grande porte que, perdendo o seu espa\u00e7o vital, tamb\u00e9m desaparecem da nossa consci\u00eancia. Este livro \u00e9 um peda\u00e7o desse outro tempo m\u00edtico.<\/p>\n","protected":false},"author":2,"featured_media":9008,"template":"","meta":[],"product_cat":[153],"product_tag":[],"cat_produtos":[],"yoast_head":"<!-- This site is optimized with the Yoast SEO plugin v16.6 - https:\/\/yoast.com\/wordpress\/plugins\/seo\/ -->\n<title>A Baleia - Livraria Solmar - Livraria online<\/title>\n<meta name=\"robots\" content=\"index, follow, max-snippet:-1, max-image-preview:large, max-video-preview:-1\" \/>\n<link rel=\"canonical\" href=\"https:\/\/livrariasolmar.pt\/en\/produto\/a-baleia\/\" \/>\n<meta property=\"og:locale\" content=\"en_US\" \/>\n<meta property=\"og:type\" content=\"article\" \/>\n<meta property=\"og:title\" content=\"A Baleia - Livraria Solmar - Livraria online\" \/>\n<meta property=\"og:description\" content=\"Geumbok \u00e9 uma jovem mulher com um perfume irresist\u00edvel que, ao viajar atrav\u00e9s da Coreia, atrai homens de todas as condi\u00e7\u00f5es sociais. e que, enquanto combate violadores e gangsters de todo o g\u00e9nero para conseguir erigir um impressionante imp\u00e9rio em Pyeongdae, uma pequena aldeia perdida nas montanhas, negligencia a filha, uma criatura gigante e muda.  Narrada atrav\u00e9s de gera\u00e7\u00f5es,\u00a0A Baleia\u00a0explora as suas vidas e as de todas as personagens que lhes est\u00e3o ligadas.  A gera\u00e7\u00e3o de Cheon Myeong-kwan vive numa sociedade em que a baleia, o s\u00edmbolo do\u00a0Grande Esp\u00edrito\u00a0desapareceu, e tudo, incluindo a imagina\u00e7\u00e3o, encolheu, por forma a caber em vidas em que tudo acontece a grande velocidade.  Este livro evoca o tempo em que se via e apreciava a lentid\u00e3o majestosa desses animais de grande porte que, perdendo o seu espa\u00e7o vital, tamb\u00e9m desaparecem da nossa consci\u00eancia. Este livro \u00e9 um peda\u00e7o desse outro tempo m\u00edtico.\" \/>\n<meta property=\"og:url\" content=\"https:\/\/livrariasolmar.pt\/produto\/a-baleia\/\" \/>\n<meta property=\"og:site_name\" content=\"Livraria Solmar - Livraria online\" \/>\n<meta property=\"article:modified_time\" content=\"2024-08-03T18:50:56+00:00\" \/>\n<meta property=\"og:image\" content=\"https:\/\/livrariasolmar.pt\/wp-content\/uploads\/2024\/06\/500_9789897229794_capa.jpg\" \/>\n\t<meta property=\"og:image:width\" content=\"319\" \/>\n\t<meta property=\"og:image:height\" content=\"500\" \/>\n<meta name=\"twitter:card\" content=\"summary_large_image\" \/>\n<script type=\"application\/ld+json\" class=\"yoast-schema-graph\">{\"@context\":\"https:\/\/schema.org\",\"@graph\":[{\"@type\":\"WebSite\",\"@id\":\"https:\/\/livrariasolmar.pt\/#website\",\"url\":\"https:\/\/livrariasolmar.pt\/\",\"name\":\"Livraria Solmar - Livraria online\",\"description\":\"Com\\u00e9rcio Livros E Objetos De Arte, Lda - Ponta Delgada, A\\u00e7ores\",\"potentialAction\":[{\"@type\":\"SearchAction\",\"target\":{\"@type\":\"EntryPoint\",\"urlTemplate\":\"https:\/\/livrariasolmar.pt\/?s={search_term_string}\"},\"query-input\":\"required name=search_term_string\"}],\"inLanguage\":\"en-US\"},{\"@type\":\"ImageObject\",\"@id\":\"https:\/\/livrariasolmar.pt\/produto\/a-baleia\/#primaryimage\",\"inLanguage\":\"en-US\",\"url\":\"https:\/\/livrariasolmar.pt\/wp-content\/uploads\/2024\/06\/500_9789897229794_capa.jpg\",\"contentUrl\":\"https:\/\/livrariasolmar.pt\/wp-content\/uploads\/2024\/06\/500_9789897229794_capa.jpg\",\"width\":319,\"height\":500},{\"@type\":\"WebPage\",\"@id\":\"https:\/\/livrariasolmar.pt\/produto\/a-baleia\/#webpage\",\"url\":\"https:\/\/livrariasolmar.pt\/produto\/a-baleia\/\",\"name\":\"A Baleia - Livraria Solmar - Livraria online\",\"isPartOf\":{\"@id\":\"https:\/\/livrariasolmar.pt\/#website\"},\"primaryImageOfPage\":{\"@id\":\"https:\/\/livrariasolmar.pt\/produto\/a-baleia\/#primaryimage\"},\"datePublished\":\"2024-06-06T18:56:35+00:00\",\"dateModified\":\"2024-08-03T18:50:56+00:00\",\"breadcrumb\":{\"@id\":\"https:\/\/livrariasolmar.pt\/produto\/a-baleia\/#breadcrumb\"},\"inLanguage\":\"en-US\",\"potentialAction\":[{\"@type\":\"ReadAction\",\"target\":[\"https:\/\/livrariasolmar.pt\/produto\/a-baleia\/\"]}]},{\"@type\":\"BreadcrumbList\",\"@id\":\"https:\/\/livrariasolmar.pt\/produto\/a-baleia\/#breadcrumb\",\"itemListElement\":[{\"@type\":\"ListItem\",\"position\":1,\"name\":\"In\\u00edcio\",\"item\":\"https:\/\/livrariasolmar.pt\/en\/\"},{\"@type\":\"ListItem\",\"position\":2,\"name\":\"Shop\",\"item\":\"https:\/\/livrariasolmar.pt\/en\/shop\/\"},{\"@type\":\"ListItem\",\"position\":3,\"name\":\"A Baleia\"}]}]}<\/script>\n<!-- \/ Yoast SEO plugin. -->","_links":{"self":[{"href":"https:\/\/livrariasolmar.pt\/en\/wp-json\/wp\/v2\/product\/9007"}],"collection":[{"href":"https:\/\/livrariasolmar.pt\/en\/wp-json\/wp\/v2\/product"}],"about":[{"href":"https:\/\/livrariasolmar.pt\/en\/wp-json\/wp\/v2\/types\/product"}],"author":[{"embeddable":true,"href":"https:\/\/livrariasolmar.pt\/en\/wp-json\/wp\/v2\/users\/2"}],"wp:featuredmedia":[{"embeddable":true,"href":"https:\/\/livrariasolmar.pt\/en\/wp-json\/wp\/v2\/media\/9008"}],"wp:attachment":[{"href":"https:\/\/livrariasolmar.pt\/en\/wp-json\/wp\/v2\/media?parent=9007"}],"wp:term":[{"taxonomy":"product_cat","embeddable":true,"href":"https:\/\/livrariasolmar.pt\/en\/wp-json\/wp\/v2\/product_cat?post=9007"},{"taxonomy":"product_tag","embeddable":true,"href":"https:\/\/livrariasolmar.pt\/en\/wp-json\/wp\/v2\/product_tag?post=9007"},{"taxonomy":"cat_produtos","embeddable":true,"href":"https:\/\/livrariasolmar.pt\/en\/wp-json\/wp\/v2\/cat_produtos?post=9007"}],"curies":[{"name":"wp","href":"https:\/\/api.w.org\/{rel}","templated":true}]}}