{"id":9010,"date":"2024-06-07T15:18:40","date_gmt":"2024-06-07T15:18:40","guid":{"rendered":"https:\/\/livrariasolmar.pt\/?post_type=product&#038;p=9010"},"modified":"2025-03-24T16:59:49","modified_gmt":"2025-03-24T16:59:49","slug":"camoes-uma-antologia","status":"publish","type":"product","link":"https:\/\/livrariasolmar.pt\/en\/produto\/camoes-uma-antologia\/","title":{"rendered":"Cam\u00f5es &#8211; Uma Antologia"},"content":{"rendered":"","protected":false},"excerpt":{"rendered":"<p>Lu\u00eds de Cam\u00f5es (1524?-1580) \u00e9 um dos maiores nomes da literatura mundial e a sua obra ocupa, ainda hoje, o lugar cimeiro na hist\u00f3ria da cultura portuguesa. Na sua produ\u00e7\u00e3o \u00e9pica e l\u00edrica criou um universo \u00fanico, cujos encantos e mist\u00e9rios despertam h\u00e1 s\u00e9culos a paix\u00e3o de leitores e estudiosos. A presente antologia, pensada como homenagem ao poeta no seu quinto centen\u00e1rio, d\u00e1 a ler as passagens mais brilhantes de\u00a0<i>Os Lus\u00edadas<\/i>\u00a0e das\u00a0<i>Rimas<\/i>, com um coment\u00e1rio ao mesmo tempo acess\u00edvel, erudito e ousado.<\/p>\n<p>Conhecido pelo seu romance camoniano\u00a0<i>Pode um Desejo Imenso<\/i>\u00a0e por estudos acad\u00e9micos sobre Cam\u00f5es, Frederico Louren\u00e7o dedica-se aqui a explorar, com elementos novos, a velha quest\u00e3o da presen\u00e7a cl\u00e1ssica na obra camoniana, n\u00e3o deixando de enfrentar o problema de como l\u00ea-la \u00e0 luz das mentalidades contempor\u00e2neas.<\/p>\n","protected":false},"author":2,"featured_media":9011,"template":"","meta":[],"product_cat":[153,162],"product_tag":[],"cat_produtos":[],"yoast_head":"<!-- This site is optimized with the Yoast SEO plugin v16.6 - https:\/\/yoast.com\/wordpress\/plugins\/seo\/ -->\n<title>Cam\u00f5es - Uma Antologia - Livraria Solmar - Livraria online<\/title>\n<meta name=\"robots\" content=\"index, follow, max-snippet:-1, max-image-preview:large, max-video-preview:-1\" \/>\n<link rel=\"canonical\" href=\"https:\/\/livrariasolmar.pt\/en\/produto\/camoes-uma-antologia\/\" \/>\n<meta property=\"og:locale\" content=\"en_US\" \/>\n<meta property=\"og:type\" content=\"article\" \/>\n<meta property=\"og:title\" content=\"Cam\u00f5es - Uma Antologia - Livraria Solmar - Livraria online\" \/>\n<meta property=\"og:description\" content=\"Lu\u00eds de Cam\u00f5es (1524?-1580) \u00e9 um dos maiores nomes da literatura mundial e a sua obra ocupa, ainda hoje, o lugar cimeiro na hist\u00f3ria da cultura portuguesa. Na sua produ\u00e7\u00e3o \u00e9pica e l\u00edrica criou um universo \u00fanico, cujos encantos e mist\u00e9rios despertam h\u00e1 s\u00e9culos a paix\u00e3o de leitores e estudiosos. A presente antologia, pensada como homenagem ao poeta no seu quinto centen\u00e1rio, d\u00e1 a ler as passagens mais brilhantes de\u00a0Os Lus\u00edadas\u00a0e das\u00a0Rimas, com um coment\u00e1rio ao mesmo tempo acess\u00edvel, erudito e ousado.  Conhecido pelo seu romance camoniano\u00a0Pode um Desejo Imenso\u00a0e por estudos acad\u00e9micos sobre Cam\u00f5es, Frederico Louren\u00e7o dedica-se aqui a explorar, com elementos novos, a velha quest\u00e3o da presen\u00e7a cl\u00e1ssica na obra camoniana, n\u00e3o deixando de enfrentar o problema de como l\u00ea-la \u00e0 luz das mentalidades contempor\u00e2neas.\" \/>\n<meta property=\"og:url\" content=\"https:\/\/livrariasolmar.pt\/produto\/camoes-uma-antologia\/\" \/>\n<meta property=\"og:site_name\" content=\"Livraria Solmar - Livraria online\" \/>\n<meta property=\"article:modified_time\" content=\"2025-03-24T16:59:49+00:00\" \/>\n<meta property=\"og:image\" content=\"https:\/\/livrariasolmar.pt\/wp-content\/uploads\/2024\/06\/500_9789897229688_capa.jpg\" \/>\n\t<meta property=\"og:image:width\" content=\"333\" \/>\n\t<meta property=\"og:image:height\" content=\"500\" \/>\n<meta name=\"twitter:card\" content=\"summary_large_image\" \/>\n<script type=\"application\/ld+json\" class=\"yoast-schema-graph\">{\"@context\":\"https:\/\/schema.org\",\"@graph\":[{\"@type\":\"WebSite\",\"@id\":\"https:\/\/livrariasolmar.pt\/#website\",\"url\":\"https:\/\/livrariasolmar.pt\/\",\"name\":\"Livraria Solmar - Livraria online\",\"description\":\"Com\\u00e9rcio Livros E Objetos De Arte, Lda - Ponta Delgada, A\\u00e7ores\",\"potentialAction\":[{\"@type\":\"SearchAction\",\"target\":{\"@type\":\"EntryPoint\",\"urlTemplate\":\"https:\/\/livrariasolmar.pt\/?s={search_term_string}\"},\"query-input\":\"required name=search_term_string\"}],\"inLanguage\":\"en-US\"},{\"@type\":\"ImageObject\",\"@id\":\"https:\/\/livrariasolmar.pt\/produto\/camoes-uma-antologia\/#primaryimage\",\"inLanguage\":\"en-US\",\"url\":\"https:\/\/livrariasolmar.pt\/wp-content\/uploads\/2024\/06\/500_9789897229688_capa.jpg\",\"contentUrl\":\"https:\/\/livrariasolmar.pt\/wp-content\/uploads\/2024\/06\/500_9789897229688_capa.jpg\",\"width\":333,\"height\":500},{\"@type\":\"WebPage\",\"@id\":\"https:\/\/livrariasolmar.pt\/produto\/camoes-uma-antologia\/#webpage\",\"url\":\"https:\/\/livrariasolmar.pt\/produto\/camoes-uma-antologia\/\",\"name\":\"Cam\\u00f5es - Uma Antologia - Livraria Solmar - Livraria online\",\"isPartOf\":{\"@id\":\"https:\/\/livrariasolmar.pt\/#website\"},\"primaryImageOfPage\":{\"@id\":\"https:\/\/livrariasolmar.pt\/produto\/camoes-uma-antologia\/#primaryimage\"},\"datePublished\":\"2024-06-07T15:18:40+00:00\",\"dateModified\":\"2025-03-24T16:59:49+00:00\",\"breadcrumb\":{\"@id\":\"https:\/\/livrariasolmar.pt\/produto\/camoes-uma-antologia\/#breadcrumb\"},\"inLanguage\":\"en-US\",\"potentialAction\":[{\"@type\":\"ReadAction\",\"target\":[\"https:\/\/livrariasolmar.pt\/produto\/camoes-uma-antologia\/\"]}]},{\"@type\":\"BreadcrumbList\",\"@id\":\"https:\/\/livrariasolmar.pt\/produto\/camoes-uma-antologia\/#breadcrumb\",\"itemListElement\":[{\"@type\":\"ListItem\",\"position\":1,\"name\":\"In\\u00edcio\",\"item\":\"https:\/\/livrariasolmar.pt\/en\/\"},{\"@type\":\"ListItem\",\"position\":2,\"name\":\"Shop\",\"item\":\"https:\/\/livrariasolmar.pt\/en\/shop\/\"},{\"@type\":\"ListItem\",\"position\":3,\"name\":\"Cam\\u00f5es &#8211; Uma Antologia\"}]}]}<\/script>\n<!-- \/ Yoast SEO plugin. -->","_links":{"self":[{"href":"https:\/\/livrariasolmar.pt\/en\/wp-json\/wp\/v2\/product\/9010"}],"collection":[{"href":"https:\/\/livrariasolmar.pt\/en\/wp-json\/wp\/v2\/product"}],"about":[{"href":"https:\/\/livrariasolmar.pt\/en\/wp-json\/wp\/v2\/types\/product"}],"author":[{"embeddable":true,"href":"https:\/\/livrariasolmar.pt\/en\/wp-json\/wp\/v2\/users\/2"}],"wp:featuredmedia":[{"embeddable":true,"href":"https:\/\/livrariasolmar.pt\/en\/wp-json\/wp\/v2\/media\/9011"}],"wp:attachment":[{"href":"https:\/\/livrariasolmar.pt\/en\/wp-json\/wp\/v2\/media?parent=9010"}],"wp:term":[{"taxonomy":"product_cat","embeddable":true,"href":"https:\/\/livrariasolmar.pt\/en\/wp-json\/wp\/v2\/product_cat?post=9010"},{"taxonomy":"product_tag","embeddable":true,"href":"https:\/\/livrariasolmar.pt\/en\/wp-json\/wp\/v2\/product_tag?post=9010"},{"taxonomy":"cat_produtos","embeddable":true,"href":"https:\/\/livrariasolmar.pt\/en\/wp-json\/wp\/v2\/cat_produtos?post=9010"}],"curies":[{"name":"wp","href":"https:\/\/api.w.org\/{rel}","templated":true}]}}