{"id":9019,"date":"2024-06-07T17:02:10","date_gmt":"2024-06-07T17:02:10","guid":{"rendered":"https:\/\/livrariasolmar.pt\/?post_type=product&#038;p=9019"},"modified":"2025-11-16T16:42:54","modified_gmt":"2025-11-16T16:42:54","slug":"a-uva-amarga","status":"publish","type":"product","link":"https:\/\/livrariasolmar.pt\/en\/produto\/a-uva-amarga\/","title":{"rendered":"A Uva Amarga"},"content":{"rendered":"","protected":false},"excerpt":{"rendered":"<p>A Uva est\u00e1 sempre zangada e de mau-humor. Se algu\u00e9m a chateia, lembra-se sempre. Se algu\u00e9m a engana, nunca se esquece. Se algu\u00e9m a insulta, jamais o ignora. Ai n\u00e3o, n\u00e3o. A banana escorrega e choca contra ela? Fica irritada. A laranja n\u00e3o lhe telefona? Detesta-a. A lima n\u00e3o lhe devolve o cachecol emprestado? Odeia-a!<\/p>\n<p>Mas, quando um amigo da Uva tamb\u00e9m fica ressentido com ela sem sequer ouvir uma explica\u00e7\u00e3o, ela percebe como isso pode ser injusto.<\/p>\n<p>Muitas vezes guardamos rancor, mas \u00e9 melhor tentar resolver as coisas sempre que nos sentimos magoados. Podemos conversar, ouvir os outros e tentar resolver tudo em vez de virar costas. Se olharmos para as coisas da maneira certa &#8211; e se nos lembrarmos de perdoar, de ser gentis, bondosos e gratos &#8211; a vida pode ser uma verdadeira do\u00e7ura.<\/p>\n<p>A VIDA \u00c9 MAIS DOCE COM BONDADE E EMPATIA<\/p>\n<p>Com doses iguais de humor e aprendizagem, a dupla N.\u00ba1 do New York Times, Jory John e Pete Oswald, criou uma hist\u00f3ria maravilhosa, recordando-nos a import\u00e2ncia da empatia, da boa-disposi\u00e7\u00e3o e da amizade.<\/p>\n<p>Este livro desconstr\u00f3i emo\u00e7\u00f5es como a raiva, o ressentimento e o rancor, capacitando assim os mais novos com mais e melhores ferramentas para crescerem felizes e mentalmente saud\u00e1veis.<\/p>\n","protected":false},"author":2,"featured_media":9020,"template":"","meta":[],"product_cat":[172],"product_tag":[],"cat_produtos":[],"yoast_head":"<!-- This site is optimized with the Yoast SEO plugin v16.6 - https:\/\/yoast.com\/wordpress\/plugins\/seo\/ -->\n<title>A Uva Amarga - Livraria Solmar - Livraria online<\/title>\n<meta name=\"robots\" content=\"index, follow, max-snippet:-1, max-image-preview:large, max-video-preview:-1\" \/>\n<link rel=\"canonical\" href=\"https:\/\/livrariasolmar.pt\/en\/produto\/a-uva-amarga\/\" \/>\n<meta property=\"og:locale\" content=\"en_US\" \/>\n<meta property=\"og:type\" content=\"article\" \/>\n<meta property=\"og:title\" content=\"A Uva Amarga - Livraria Solmar - Livraria online\" \/>\n<meta property=\"og:description\" content=\"A Uva est\u00e1 sempre zangada e de mau-humor. Se algu\u00e9m a chateia, lembra-se sempre. Se algu\u00e9m a engana, nunca se esquece. Se algu\u00e9m a insulta, jamais o ignora. Ai n\u00e3o, n\u00e3o. A banana escorrega e choca contra ela? Fica irritada. A laranja n\u00e3o lhe telefona? Detesta-a. A lima n\u00e3o lhe devolve o cachecol emprestado? Odeia-a!  Mas, quando um amigo da Uva tamb\u00e9m fica ressentido com ela sem sequer ouvir uma explica\u00e7\u00e3o, ela percebe como isso pode ser injusto.  Muitas vezes guardamos rancor, mas \u00e9 melhor tentar resolver as coisas sempre que nos sentimos magoados. Podemos conversar, ouvir os outros e tentar resolver tudo em vez de virar costas. Se olharmos para as coisas da maneira certa - e se nos lembrarmos de perdoar, de ser gentis, bondosos e gratos - a vida pode ser uma verdadeira do\u00e7ura.  A VIDA \u00c9 MAIS DOCE COM BONDADE E EMPATIA  Com doses iguais de humor e aprendizagem, a dupla N.\u00ba1 do New York Times, Jory John e Pete Oswald, criou uma hist\u00f3ria maravilhosa, recordando-nos a import\u00e2ncia da empatia, da boa-disposi\u00e7\u00e3o e da amizade.  Este livro desconstr\u00f3i emo\u00e7\u00f5es como a raiva, o ressentimento e o rancor, capacitando assim os mais novos com mais e melhores ferramentas para crescerem felizes e mentalmente saud\u00e1veis.\" \/>\n<meta property=\"og:url\" content=\"https:\/\/livrariasolmar.pt\/produto\/a-uva-amarga\/\" \/>\n<meta property=\"og:site_name\" content=\"Livraria Solmar - Livraria online\" \/>\n<meta property=\"article:modified_time\" content=\"2025-11-16T16:42:54+00:00\" \/>\n<meta property=\"og:image\" content=\"https:\/\/livrariasolmar.pt\/wp-content\/uploads\/2024\/06\/500_9789892361468_adolescentes_manual_de_unstrucoes-1.jpg\" \/>\n\t<meta property=\"og:image:width\" content=\"383\" \/>\n\t<meta property=\"og:image:height\" content=\"500\" \/>\n<meta name=\"twitter:card\" content=\"summary_large_image\" \/>\n<script type=\"application\/ld+json\" class=\"yoast-schema-graph\">{\"@context\":\"https:\/\/schema.org\",\"@graph\":[{\"@type\":\"WebSite\",\"@id\":\"https:\/\/livrariasolmar.pt\/#website\",\"url\":\"https:\/\/livrariasolmar.pt\/\",\"name\":\"Livraria Solmar - Livraria online\",\"description\":\"Com\\u00e9rcio Livros E Objetos De Arte, Lda - Ponta Delgada, A\\u00e7ores\",\"potentialAction\":[{\"@type\":\"SearchAction\",\"target\":{\"@type\":\"EntryPoint\",\"urlTemplate\":\"https:\/\/livrariasolmar.pt\/?s={search_term_string}\"},\"query-input\":\"required name=search_term_string\"}],\"inLanguage\":\"en-US\"},{\"@type\":\"ImageObject\",\"@id\":\"https:\/\/livrariasolmar.pt\/produto\/a-uva-amarga\/#primaryimage\",\"inLanguage\":\"en-US\",\"url\":\"https:\/\/livrariasolmar.pt\/wp-content\/uploads\/2024\/06\/500_9789892361468_adolescentes_manual_de_unstrucoes-1.jpg\",\"contentUrl\":\"https:\/\/livrariasolmar.pt\/wp-content\/uploads\/2024\/06\/500_9789892361468_adolescentes_manual_de_unstrucoes-1.jpg\",\"width\":383,\"height\":500},{\"@type\":\"WebPage\",\"@id\":\"https:\/\/livrariasolmar.pt\/produto\/a-uva-amarga\/#webpage\",\"url\":\"https:\/\/livrariasolmar.pt\/produto\/a-uva-amarga\/\",\"name\":\"A Uva Amarga - Livraria Solmar - Livraria online\",\"isPartOf\":{\"@id\":\"https:\/\/livrariasolmar.pt\/#website\"},\"primaryImageOfPage\":{\"@id\":\"https:\/\/livrariasolmar.pt\/produto\/a-uva-amarga\/#primaryimage\"},\"datePublished\":\"2024-06-07T17:02:10+00:00\",\"dateModified\":\"2025-11-16T16:42:54+00:00\",\"breadcrumb\":{\"@id\":\"https:\/\/livrariasolmar.pt\/produto\/a-uva-amarga\/#breadcrumb\"},\"inLanguage\":\"en-US\",\"potentialAction\":[{\"@type\":\"ReadAction\",\"target\":[\"https:\/\/livrariasolmar.pt\/produto\/a-uva-amarga\/\"]}]},{\"@type\":\"BreadcrumbList\",\"@id\":\"https:\/\/livrariasolmar.pt\/produto\/a-uva-amarga\/#breadcrumb\",\"itemListElement\":[{\"@type\":\"ListItem\",\"position\":1,\"name\":\"In\\u00edcio\",\"item\":\"https:\/\/livrariasolmar.pt\/en\/\"},{\"@type\":\"ListItem\",\"position\":2,\"name\":\"Shop\",\"item\":\"https:\/\/livrariasolmar.pt\/en\/shop\/\"},{\"@type\":\"ListItem\",\"position\":3,\"name\":\"A Uva Amarga\"}]}]}<\/script>\n<!-- \/ Yoast SEO plugin. -->","_links":{"self":[{"href":"https:\/\/livrariasolmar.pt\/en\/wp-json\/wp\/v2\/product\/9019"}],"collection":[{"href":"https:\/\/livrariasolmar.pt\/en\/wp-json\/wp\/v2\/product"}],"about":[{"href":"https:\/\/livrariasolmar.pt\/en\/wp-json\/wp\/v2\/types\/product"}],"author":[{"embeddable":true,"href":"https:\/\/livrariasolmar.pt\/en\/wp-json\/wp\/v2\/users\/2"}],"wp:featuredmedia":[{"embeddable":true,"href":"https:\/\/livrariasolmar.pt\/en\/wp-json\/wp\/v2\/media\/9020"}],"wp:attachment":[{"href":"https:\/\/livrariasolmar.pt\/en\/wp-json\/wp\/v2\/media?parent=9019"}],"wp:term":[{"taxonomy":"product_cat","embeddable":true,"href":"https:\/\/livrariasolmar.pt\/en\/wp-json\/wp\/v2\/product_cat?post=9019"},{"taxonomy":"product_tag","embeddable":true,"href":"https:\/\/livrariasolmar.pt\/en\/wp-json\/wp\/v2\/product_tag?post=9019"},{"taxonomy":"cat_produtos","embeddable":true,"href":"https:\/\/livrariasolmar.pt\/en\/wp-json\/wp\/v2\/cat_produtos?post=9019"}],"curies":[{"name":"wp","href":"https:\/\/api.w.org\/{rel}","templated":true}]}}