{"id":9022,"date":"2024-06-07T17:23:14","date_gmt":"2024-06-07T17:23:14","guid":{"rendered":"https:\/\/livrariasolmar.pt\/?post_type=product&#038;p=9022"},"modified":"2024-08-12T15:56:16","modified_gmt":"2024-08-12T15:56:16","slug":"a-batata-no-sofa","status":"publish","type":"product","link":"https:\/\/livrariasolmar.pt\/en\/produto\/a-batata-no-sofa\/","title":{"rendered":"A Batata no Sof\u00e1"},"content":{"rendered":"","protected":false},"excerpt":{"rendered":"<p>A Batata est\u00e1 sempre no sof\u00e1 e tem tudo aquilo de que precisa \u00e0 dist\u00e2ncia de um simples clique num bot\u00e3o. V\u00ea televis\u00e3o, joga, fala online com os amigos e, quando precisa de algo, uma s\u00e9rie de engenhocas muito \u00fateis ajudam-na a conseguir o que deseja sem precisar sequer de se levantar.<\/p>\n<p>Um dia, por\u00e9m, comodamente sentada no fofo e confort\u00e1vel sof\u00e1, \u00e9 surpreendida por uma falha de energia e todos os seus aparelhos deixam de funcionar. Com o passar do tempo, sem aparelhos e aborrecida, decide aventurar-se e sair \u00e0 rua, apercebendo-se de que um pouco de sol e ar puro pode ser exatamente aquilo de que ela mais precisa. Afinal, poder\u00e1 a vista da rua ser ainda mais bonita do que a dos ecr\u00e3s?<\/p>\n<p>Uma leitura que far\u00e1 as del\u00edcias de leitores de todas as idades, ao mesmo tempo que nos revela a import\u00e2ncia de manter o equil\u00edbrio entre o tempo passado de forma solit\u00e1ria em frente ao ecr\u00e3 e as atividades ao ar livre e com os amigos.<\/p>\n","protected":false},"author":2,"featured_media":9023,"template":"","meta":[],"product_cat":[172],"product_tag":[],"cat_produtos":[],"yoast_head":"<!-- This site is optimized with the Yoast SEO plugin v16.6 - https:\/\/yoast.com\/wordpress\/plugins\/seo\/ -->\n<title>A Batata no Sof\u00e1 - Livraria Solmar - Livraria online<\/title>\n<meta name=\"robots\" content=\"index, follow, max-snippet:-1, max-image-preview:large, max-video-preview:-1\" \/>\n<link rel=\"canonical\" href=\"https:\/\/livrariasolmar.pt\/en\/produto\/a-batata-no-sofa\/\" \/>\n<meta property=\"og:locale\" content=\"en_US\" \/>\n<meta property=\"og:type\" content=\"article\" \/>\n<meta property=\"og:title\" content=\"A Batata no Sof\u00e1 - Livraria Solmar - Livraria online\" \/>\n<meta property=\"og:description\" content=\"A Batata est\u00e1 sempre no sof\u00e1 e tem tudo aquilo de que precisa \u00e0 dist\u00e2ncia de um simples clique num bot\u00e3o. V\u00ea televis\u00e3o, joga, fala online com os amigos e, quando precisa de algo, uma s\u00e9rie de engenhocas muito \u00fateis ajudam-na a conseguir o que deseja sem precisar sequer de se levantar.  Um dia, por\u00e9m, comodamente sentada no fofo e confort\u00e1vel sof\u00e1, \u00e9 surpreendida por uma falha de energia e todos os seus aparelhos deixam de funcionar. Com o passar do tempo, sem aparelhos e aborrecida, decide aventurar-se e sair \u00e0 rua, apercebendo-se de que um pouco de sol e ar puro pode ser exatamente aquilo de que ela mais precisa. Afinal, poder\u00e1 a vista da rua ser ainda mais bonita do que a dos ecr\u00e3s?  Uma leitura que far\u00e1 as del\u00edcias de leitores de todas as idades, ao mesmo tempo que nos revela a import\u00e2ncia de manter o equil\u00edbrio entre o tempo passado de forma solit\u00e1ria em frente ao ecr\u00e3 e as atividades ao ar livre e com os amigos.\" \/>\n<meta property=\"og:url\" content=\"https:\/\/livrariasolmar.pt\/produto\/a-batata-no-sofa\/\" \/>\n<meta property=\"og:site_name\" content=\"Livraria Solmar - Livraria online\" \/>\n<meta property=\"article:modified_time\" content=\"2024-08-12T15:56:16+00:00\" \/>\n<meta property=\"og:image\" content=\"https:\/\/livrariasolmar.pt\/wp-content\/uploads\/2024\/06\/500_9789895701162_capa.jpg\" \/>\n\t<meta property=\"og:image:width\" content=\"411\" \/>\n\t<meta property=\"og:image:height\" content=\"500\" \/>\n<meta name=\"twitter:card\" content=\"summary_large_image\" \/>\n<script type=\"application\/ld+json\" class=\"yoast-schema-graph\">{\"@context\":\"https:\/\/schema.org\",\"@graph\":[{\"@type\":\"WebSite\",\"@id\":\"https:\/\/livrariasolmar.pt\/#website\",\"url\":\"https:\/\/livrariasolmar.pt\/\",\"name\":\"Livraria Solmar - Livraria online\",\"description\":\"Com\\u00e9rcio Livros E Objetos De Arte, Lda - Ponta Delgada, A\\u00e7ores\",\"potentialAction\":[{\"@type\":\"SearchAction\",\"target\":{\"@type\":\"EntryPoint\",\"urlTemplate\":\"https:\/\/livrariasolmar.pt\/?s={search_term_string}\"},\"query-input\":\"required name=search_term_string\"}],\"inLanguage\":\"en-US\"},{\"@type\":\"ImageObject\",\"@id\":\"https:\/\/livrariasolmar.pt\/produto\/a-batata-no-sofa\/#primaryimage\",\"inLanguage\":\"en-US\",\"url\":\"https:\/\/livrariasolmar.pt\/wp-content\/uploads\/2024\/06\/500_9789895701162_capa.jpg\",\"contentUrl\":\"https:\/\/livrariasolmar.pt\/wp-content\/uploads\/2024\/06\/500_9789895701162_capa.jpg\",\"width\":411,\"height\":500},{\"@type\":\"WebPage\",\"@id\":\"https:\/\/livrariasolmar.pt\/produto\/a-batata-no-sofa\/#webpage\",\"url\":\"https:\/\/livrariasolmar.pt\/produto\/a-batata-no-sofa\/\",\"name\":\"A Batata no Sof\\u00e1 - Livraria Solmar - Livraria online\",\"isPartOf\":{\"@id\":\"https:\/\/livrariasolmar.pt\/#website\"},\"primaryImageOfPage\":{\"@id\":\"https:\/\/livrariasolmar.pt\/produto\/a-batata-no-sofa\/#primaryimage\"},\"datePublished\":\"2024-06-07T17:23:14+00:00\",\"dateModified\":\"2024-08-12T15:56:16+00:00\",\"breadcrumb\":{\"@id\":\"https:\/\/livrariasolmar.pt\/produto\/a-batata-no-sofa\/#breadcrumb\"},\"inLanguage\":\"en-US\",\"potentialAction\":[{\"@type\":\"ReadAction\",\"target\":[\"https:\/\/livrariasolmar.pt\/produto\/a-batata-no-sofa\/\"]}]},{\"@type\":\"BreadcrumbList\",\"@id\":\"https:\/\/livrariasolmar.pt\/produto\/a-batata-no-sofa\/#breadcrumb\",\"itemListElement\":[{\"@type\":\"ListItem\",\"position\":1,\"name\":\"In\\u00edcio\",\"item\":\"https:\/\/livrariasolmar.pt\/en\/\"},{\"@type\":\"ListItem\",\"position\":2,\"name\":\"Shop\",\"item\":\"https:\/\/livrariasolmar.pt\/en\/shop\/\"},{\"@type\":\"ListItem\",\"position\":3,\"name\":\"A Batata no Sof\\u00e1\"}]}]}<\/script>\n<!-- \/ Yoast SEO plugin. -->","_links":{"self":[{"href":"https:\/\/livrariasolmar.pt\/en\/wp-json\/wp\/v2\/product\/9022"}],"collection":[{"href":"https:\/\/livrariasolmar.pt\/en\/wp-json\/wp\/v2\/product"}],"about":[{"href":"https:\/\/livrariasolmar.pt\/en\/wp-json\/wp\/v2\/types\/product"}],"author":[{"embeddable":true,"href":"https:\/\/livrariasolmar.pt\/en\/wp-json\/wp\/v2\/users\/2"}],"wp:featuredmedia":[{"embeddable":true,"href":"https:\/\/livrariasolmar.pt\/en\/wp-json\/wp\/v2\/media\/9023"}],"wp:attachment":[{"href":"https:\/\/livrariasolmar.pt\/en\/wp-json\/wp\/v2\/media?parent=9022"}],"wp:term":[{"taxonomy":"product_cat","embeddable":true,"href":"https:\/\/livrariasolmar.pt\/en\/wp-json\/wp\/v2\/product_cat?post=9022"},{"taxonomy":"product_tag","embeddable":true,"href":"https:\/\/livrariasolmar.pt\/en\/wp-json\/wp\/v2\/product_tag?post=9022"},{"taxonomy":"cat_produtos","embeddable":true,"href":"https:\/\/livrariasolmar.pt\/en\/wp-json\/wp\/v2\/cat_produtos?post=9022"}],"curies":[{"name":"wp","href":"https:\/\/api.w.org\/{rel}","templated":true}]}}