{"id":9040,"date":"2024-06-10T16:44:39","date_gmt":"2024-06-10T16:44:39","guid":{"rendered":"https:\/\/livrariasolmar.pt\/?post_type=product&#038;p=9040"},"modified":"2024-09-06T18:32:29","modified_gmt":"2024-09-06T18:32:29","slug":"a-lua-de-joana","status":"publish","type":"product","link":"https:\/\/livrariasolmar.pt\/en\/produto\/a-lua-de-joana\/","title":{"rendered":"A Lua de Joana"},"content":{"rendered":"","protected":false},"excerpt":{"rendered":"<p>Lisboa, 28 de agosto<br \/>\nFaz hoje um m\u00eas que tu\u2026 N\u00e3o sou ainda capaz de dizer a palavra.<\/p>\n<p>Joana, treze anos, acaba de perder Marta, a sua melhor amiga, v\u00edtima de uma overdose\u2026 e agora? Joana n\u00e3o sabe como lidar com o acontecimento. Resolve ent\u00e3o escrever-lhe, como se fosse um di\u00e1rio. Nele, Joana encontra um ref\u00fagio para as suas preocupa\u00e7\u00f5es e ansiedade. Ser\u00e1 suficiente? em casa reina o conforto material e uma fam\u00edlia ausente. o que fazer? N\u00e3o est\u00e1 ningu\u00e9m em casa.<\/p>\n<p>Um cl\u00e1ssico da literatura juvenil, de Maria Teresa Maia Gonzalez, que aborda um tema que se mant\u00e9m atual. Uma obra intemporal da autora, que interpreta magistralmente o universo dos adolescentes neste e nos seus in\u00fameros t\u00edtulos publicados.<\/p>\n<p><i>A Lua de Joana<\/i>\u00a0soma centenas de milhares de exemplares vendidos e est\u00e1 traduzido em v\u00e1rias l\u00ednguas.<\/p>\n","protected":false},"author":2,"featured_media":9041,"template":"","meta":[],"product_cat":[172],"product_tag":[],"cat_produtos":[],"yoast_head":"<!-- This site is optimized with the Yoast SEO plugin v16.6 - https:\/\/yoast.com\/wordpress\/plugins\/seo\/ -->\n<title>A Lua de Joana - Livraria Solmar - Livraria online<\/title>\n<meta name=\"robots\" content=\"index, follow, max-snippet:-1, max-image-preview:large, max-video-preview:-1\" \/>\n<link rel=\"canonical\" href=\"https:\/\/livrariasolmar.pt\/en\/produto\/a-lua-de-joana\/\" \/>\n<meta property=\"og:locale\" content=\"en_US\" \/>\n<meta property=\"og:type\" content=\"article\" \/>\n<meta property=\"og:title\" content=\"A Lua de Joana - Livraria Solmar - Livraria online\" \/>\n<meta property=\"og:description\" content=\"Lisboa, 28 de agosto Faz hoje um m\u00eas que tu\u2026 N\u00e3o sou ainda capaz de dizer a palavra.  Joana, treze anos, acaba de perder Marta, a sua melhor amiga, v\u00edtima de uma overdose\u2026 e agora? Joana n\u00e3o sabe como lidar com o acontecimento. Resolve ent\u00e3o escrever-lhe, como se fosse um di\u00e1rio. Nele, Joana encontra um ref\u00fagio para as suas preocupa\u00e7\u00f5es e ansiedade. Ser\u00e1 suficiente? em casa reina o conforto material e uma fam\u00edlia ausente. o que fazer? N\u00e3o est\u00e1 ningu\u00e9m em casa.  Um cl\u00e1ssico da literatura juvenil, de Maria Teresa Maia Gonzalez, que aborda um tema que se mant\u00e9m atual. Uma obra intemporal da autora, que interpreta magistralmente o universo dos adolescentes neste e nos seus in\u00fameros t\u00edtulos publicados.  A Lua de Joana\u00a0soma centenas de milhares de exemplares vendidos e est\u00e1 traduzido em v\u00e1rias l\u00ednguas.\" \/>\n<meta property=\"og:url\" content=\"https:\/\/livrariasolmar.pt\/produto\/a-lua-de-joana\/\" \/>\n<meta property=\"og:site_name\" content=\"Livraria Solmar - Livraria online\" \/>\n<meta property=\"article:modified_time\" content=\"2024-09-06T18:32:29+00:00\" \/>\n<meta property=\"og:image\" content=\"https:\/\/livrariasolmar.pt\/wp-content\/uploads\/2024\/06\/1507-1-1.jpg\" \/>\n\t<meta property=\"og:image:width\" content=\"400\" \/>\n\t<meta property=\"og:image:height\" content=\"640\" \/>\n<meta name=\"twitter:card\" content=\"summary_large_image\" \/>\n<script type=\"application\/ld+json\" class=\"yoast-schema-graph\">{\"@context\":\"https:\/\/schema.org\",\"@graph\":[{\"@type\":\"WebSite\",\"@id\":\"https:\/\/livrariasolmar.pt\/#website\",\"url\":\"https:\/\/livrariasolmar.pt\/\",\"name\":\"Livraria Solmar - Livraria online\",\"description\":\"Com\\u00e9rcio Livros E Objetos De Arte, Lda - Ponta Delgada, A\\u00e7ores\",\"potentialAction\":[{\"@type\":\"SearchAction\",\"target\":{\"@type\":\"EntryPoint\",\"urlTemplate\":\"https:\/\/livrariasolmar.pt\/?s={search_term_string}\"},\"query-input\":\"required name=search_term_string\"}],\"inLanguage\":\"en-US\"},{\"@type\":\"ImageObject\",\"@id\":\"https:\/\/livrariasolmar.pt\/produto\/a-lua-de-joana\/#primaryimage\",\"inLanguage\":\"en-US\",\"url\":\"https:\/\/livrariasolmar.pt\/wp-content\/uploads\/2024\/06\/1507-1-1.jpg\",\"contentUrl\":\"https:\/\/livrariasolmar.pt\/wp-content\/uploads\/2024\/06\/1507-1-1.jpg\",\"width\":400,\"height\":640},{\"@type\":\"WebPage\",\"@id\":\"https:\/\/livrariasolmar.pt\/produto\/a-lua-de-joana\/#webpage\",\"url\":\"https:\/\/livrariasolmar.pt\/produto\/a-lua-de-joana\/\",\"name\":\"A Lua de Joana - Livraria Solmar - Livraria online\",\"isPartOf\":{\"@id\":\"https:\/\/livrariasolmar.pt\/#website\"},\"primaryImageOfPage\":{\"@id\":\"https:\/\/livrariasolmar.pt\/produto\/a-lua-de-joana\/#primaryimage\"},\"datePublished\":\"2024-06-10T16:44:39+00:00\",\"dateModified\":\"2024-09-06T18:32:29+00:00\",\"breadcrumb\":{\"@id\":\"https:\/\/livrariasolmar.pt\/produto\/a-lua-de-joana\/#breadcrumb\"},\"inLanguage\":\"en-US\",\"potentialAction\":[{\"@type\":\"ReadAction\",\"target\":[\"https:\/\/livrariasolmar.pt\/produto\/a-lua-de-joana\/\"]}]},{\"@type\":\"BreadcrumbList\",\"@id\":\"https:\/\/livrariasolmar.pt\/produto\/a-lua-de-joana\/#breadcrumb\",\"itemListElement\":[{\"@type\":\"ListItem\",\"position\":1,\"name\":\"In\\u00edcio\",\"item\":\"https:\/\/livrariasolmar.pt\/en\/\"},{\"@type\":\"ListItem\",\"position\":2,\"name\":\"Shop\",\"item\":\"https:\/\/livrariasolmar.pt\/en\/shop\/\"},{\"@type\":\"ListItem\",\"position\":3,\"name\":\"A Lua de Joana\"}]}]}<\/script>\n<!-- \/ Yoast SEO plugin. -->","_links":{"self":[{"href":"https:\/\/livrariasolmar.pt\/en\/wp-json\/wp\/v2\/product\/9040"}],"collection":[{"href":"https:\/\/livrariasolmar.pt\/en\/wp-json\/wp\/v2\/product"}],"about":[{"href":"https:\/\/livrariasolmar.pt\/en\/wp-json\/wp\/v2\/types\/product"}],"author":[{"embeddable":true,"href":"https:\/\/livrariasolmar.pt\/en\/wp-json\/wp\/v2\/users\/2"}],"wp:featuredmedia":[{"embeddable":true,"href":"https:\/\/livrariasolmar.pt\/en\/wp-json\/wp\/v2\/media\/9041"}],"wp:attachment":[{"href":"https:\/\/livrariasolmar.pt\/en\/wp-json\/wp\/v2\/media?parent=9040"}],"wp:term":[{"taxonomy":"product_cat","embeddable":true,"href":"https:\/\/livrariasolmar.pt\/en\/wp-json\/wp\/v2\/product_cat?post=9040"},{"taxonomy":"product_tag","embeddable":true,"href":"https:\/\/livrariasolmar.pt\/en\/wp-json\/wp\/v2\/product_tag?post=9040"},{"taxonomy":"cat_produtos","embeddable":true,"href":"https:\/\/livrariasolmar.pt\/en\/wp-json\/wp\/v2\/cat_produtos?post=9040"}],"curies":[{"name":"wp","href":"https:\/\/api.w.org\/{rel}","templated":true}]}}