{"id":9091,"date":"2024-06-15T17:11:11","date_gmt":"2024-06-15T17:11:11","guid":{"rendered":"https:\/\/livrariasolmar.pt\/?post_type=product&#038;p=9091"},"modified":"2024-06-15T17:11:11","modified_gmt":"2024-06-15T17:11:11","slug":"o-segredo-dos-acores","status":"publish","type":"product","link":"https:\/\/livrariasolmar.pt\/en\/produto\/o-segredo-dos-acores\/","title":{"rendered":"O Segredo dos A\u00e7ores"},"content":{"rendered":"","protected":false},"excerpt":{"rendered":"<p>Uma aventura inesperada de dois amigos trope\u00e7a num perigoso segredo escondido durante s\u00e9culos por uma sociedade secreta ancestral do Atl\u00e2ntico Norte.<\/p>\n<p>Tiago Rodrigues, um ge\u00f3logo dos A\u00e7ores encontra-se a realizar uma investiga\u00e7\u00e3o sobre as estruturas piramidais de degraus da ilha do Pico, conhecidas como\u00a0<i>maroi\u00e7os<\/i>. A sua semelhan\u00e7a com constru\u00e7\u00f5es de pedra vulc\u00e2nica existentes por todas as ilhas Can\u00e1rias colocava a d\u00favida se teriam realmente sido constru\u00eddas pelos povoadores do in\u00edcio do s\u00e9culo XV.<\/p>\n<p>Tendo chegado a um impasse na sua busca cient\u00edfica resolve convidar Truman Thorn, um amigo arque\u00f3logo, investigador e explorador especializado em civiliza\u00e7\u00f5es antigas para o ajudar a decifrar este enigma. Inesperadamente acabam por se envolver numa espiral de acontecimentos que os obriga a confrontarem-se com uma poderosa sociedade secreta atl\u00e2ntica secular, cuja principal miss\u00e3o \u00e9 evitar que o maior segredo dos A\u00e7ores, do Mediterr\u00e2neo e de toda a Macaron\u00e9sia seja revelado fora do seu c\u00edrculo restrito.<\/p>\n","protected":false},"author":2,"featured_media":9092,"template":"","meta":[],"product_cat":[153],"product_tag":[],"cat_produtos":[],"yoast_head":"<!-- This site is optimized with the Yoast SEO plugin v16.6 - https:\/\/yoast.com\/wordpress\/plugins\/seo\/ -->\n<title>O Segredo dos A\u00e7ores - Livraria Solmar - Livraria online<\/title>\n<meta name=\"robots\" content=\"index, follow, max-snippet:-1, max-image-preview:large, max-video-preview:-1\" \/>\n<link rel=\"canonical\" href=\"https:\/\/livrariasolmar.pt\/en\/produto\/o-segredo-dos-acores\/\" \/>\n<meta property=\"og:locale\" content=\"en_US\" \/>\n<meta property=\"og:type\" content=\"article\" \/>\n<meta property=\"og:title\" content=\"O Segredo dos A\u00e7ores - Livraria Solmar - Livraria online\" \/>\n<meta property=\"og:description\" content=\"Uma aventura inesperada de dois amigos trope\u00e7a num perigoso segredo escondido durante s\u00e9culos por uma sociedade secreta ancestral do Atl\u00e2ntico Norte.  Tiago Rodrigues, um ge\u00f3logo dos A\u00e7ores encontra-se a realizar uma investiga\u00e7\u00e3o sobre as estruturas piramidais de degraus da ilha do Pico, conhecidas como\u00a0maroi\u00e7os. A sua semelhan\u00e7a com constru\u00e7\u00f5es de pedra vulc\u00e2nica existentes por todas as ilhas Can\u00e1rias colocava a d\u00favida se teriam realmente sido constru\u00eddas pelos povoadores do in\u00edcio do s\u00e9culo XV.  Tendo chegado a um impasse na sua busca cient\u00edfica resolve convidar Truman Thorn, um amigo arque\u00f3logo, investigador e explorador especializado em civiliza\u00e7\u00f5es antigas para o ajudar a decifrar este enigma. Inesperadamente acabam por se envolver numa espiral de acontecimentos que os obriga a confrontarem-se com uma poderosa sociedade secreta atl\u00e2ntica secular, cuja principal miss\u00e3o \u00e9 evitar que o maior segredo dos A\u00e7ores, do Mediterr\u00e2neo e de toda a Macaron\u00e9sia seja revelado fora do seu c\u00edrculo restrito.\" \/>\n<meta property=\"og:url\" content=\"https:\/\/livrariasolmar.pt\/produto\/o-segredo-dos-acores\/\" \/>\n<meta property=\"og:site_name\" content=\"Livraria Solmar - Livraria online\" \/>\n<meta property=\"og:image\" content=\"https:\/\/livrariasolmar.pt\/wp-content\/uploads\/2024\/06\/1507-1-2.jpg\" \/>\n\t<meta property=\"og:image:width\" content=\"400\" \/>\n\t<meta property=\"og:image:height\" content=\"593\" \/>\n<meta name=\"twitter:card\" content=\"summary_large_image\" \/>\n<script type=\"application\/ld+json\" class=\"yoast-schema-graph\">{\"@context\":\"https:\/\/schema.org\",\"@graph\":[{\"@type\":\"WebSite\",\"@id\":\"https:\/\/livrariasolmar.pt\/#website\",\"url\":\"https:\/\/livrariasolmar.pt\/\",\"name\":\"Livraria Solmar - Livraria online\",\"description\":\"Com\\u00e9rcio Livros E Objetos De Arte, Lda - Ponta Delgada, A\\u00e7ores\",\"potentialAction\":[{\"@type\":\"SearchAction\",\"target\":{\"@type\":\"EntryPoint\",\"urlTemplate\":\"https:\/\/livrariasolmar.pt\/?s={search_term_string}\"},\"query-input\":\"required name=search_term_string\"}],\"inLanguage\":\"en-US\"},{\"@type\":\"ImageObject\",\"@id\":\"https:\/\/livrariasolmar.pt\/produto\/o-segredo-dos-acores\/#primaryimage\",\"inLanguage\":\"en-US\",\"url\":\"https:\/\/livrariasolmar.pt\/wp-content\/uploads\/2024\/06\/1507-1-2.jpg\",\"contentUrl\":\"https:\/\/livrariasolmar.pt\/wp-content\/uploads\/2024\/06\/1507-1-2.jpg\",\"width\":400,\"height\":593},{\"@type\":\"WebPage\",\"@id\":\"https:\/\/livrariasolmar.pt\/produto\/o-segredo-dos-acores\/#webpage\",\"url\":\"https:\/\/livrariasolmar.pt\/produto\/o-segredo-dos-acores\/\",\"name\":\"O Segredo dos A\\u00e7ores - Livraria Solmar - Livraria online\",\"isPartOf\":{\"@id\":\"https:\/\/livrariasolmar.pt\/#website\"},\"primaryImageOfPage\":{\"@id\":\"https:\/\/livrariasolmar.pt\/produto\/o-segredo-dos-acores\/#primaryimage\"},\"datePublished\":\"2024-06-15T17:11:11+00:00\",\"dateModified\":\"2024-06-15T17:11:11+00:00\",\"breadcrumb\":{\"@id\":\"https:\/\/livrariasolmar.pt\/produto\/o-segredo-dos-acores\/#breadcrumb\"},\"inLanguage\":\"en-US\",\"potentialAction\":[{\"@type\":\"ReadAction\",\"target\":[\"https:\/\/livrariasolmar.pt\/produto\/o-segredo-dos-acores\/\"]}]},{\"@type\":\"BreadcrumbList\",\"@id\":\"https:\/\/livrariasolmar.pt\/produto\/o-segredo-dos-acores\/#breadcrumb\",\"itemListElement\":[{\"@type\":\"ListItem\",\"position\":1,\"name\":\"In\\u00edcio\",\"item\":\"https:\/\/livrariasolmar.pt\/en\/\"},{\"@type\":\"ListItem\",\"position\":2,\"name\":\"Shop\",\"item\":\"https:\/\/livrariasolmar.pt\/en\/shop\/\"},{\"@type\":\"ListItem\",\"position\":3,\"name\":\"O Segredo dos A\\u00e7ores\"}]}]}<\/script>\n<!-- \/ Yoast SEO plugin. -->","_links":{"self":[{"href":"https:\/\/livrariasolmar.pt\/en\/wp-json\/wp\/v2\/product\/9091"}],"collection":[{"href":"https:\/\/livrariasolmar.pt\/en\/wp-json\/wp\/v2\/product"}],"about":[{"href":"https:\/\/livrariasolmar.pt\/en\/wp-json\/wp\/v2\/types\/product"}],"author":[{"embeddable":true,"href":"https:\/\/livrariasolmar.pt\/en\/wp-json\/wp\/v2\/users\/2"}],"wp:featuredmedia":[{"embeddable":true,"href":"https:\/\/livrariasolmar.pt\/en\/wp-json\/wp\/v2\/media\/9092"}],"wp:attachment":[{"href":"https:\/\/livrariasolmar.pt\/en\/wp-json\/wp\/v2\/media?parent=9091"}],"wp:term":[{"taxonomy":"product_cat","embeddable":true,"href":"https:\/\/livrariasolmar.pt\/en\/wp-json\/wp\/v2\/product_cat?post=9091"},{"taxonomy":"product_tag","embeddable":true,"href":"https:\/\/livrariasolmar.pt\/en\/wp-json\/wp\/v2\/product_tag?post=9091"},{"taxonomy":"cat_produtos","embeddable":true,"href":"https:\/\/livrariasolmar.pt\/en\/wp-json\/wp\/v2\/cat_produtos?post=9091"}],"curies":[{"name":"wp","href":"https:\/\/api.w.org\/{rel}","templated":true}]}}