{"id":9113,"date":"2024-06-17T17:51:09","date_gmt":"2024-06-17T17:51:09","guid":{"rendered":"https:\/\/livrariasolmar.pt\/?post_type=product&#038;p=9113"},"modified":"2025-12-13T19:09:42","modified_gmt":"2025-12-13T19:09:42","slug":"a-criada-esta-a-ver","status":"publish","type":"product","link":"https:\/\/livrariasolmar.pt\/en\/produto\/a-criada-esta-a-ver\/","title":{"rendered":"A Criada Est\u00e1 a Ver"},"content":{"rendered":"","protected":false},"excerpt":{"rendered":"<p>A Sra. Lowell transborda simpatia ao acenar-me atrav\u00e9s da cerca que separa as nossas casas. \u00abDevem ser os nossos novos vizinhos!\u00bb Agarro na m\u00e3o da minha filha e sorrio de volta. No entanto, assim que v\u00ea o meu marido, uma express\u00e3o estranha atravessa-lhe o rosto.<\/p>\n<p>Eu costumava limpar a casa de outras pessoas. Nem posso acreditar que esta casa \u00e9 realmente minha&#8230; Apesar de ter ficado de p\u00e9 atr\u00e1s com a Suzette Lowell, quando ela nos convida para jantar em sua casa, decido que \u00e9 uma boa oportunidade para fazer amizade. Mas o olhar frio da empregada, quando nos abre a porta\u2026 d\u00e1-me calafrios.<\/p>\n<p>E a empregada dos Lowell n\u00e3o \u00e9 a coisa mais estranha desta rua. Sinto uma figura sombria a observar-nos frequentemente, e o meu marido come\u00e7a a sair de casa tarde, a meio da noite. Al\u00e9m disso, a mulher que vive do outro lado da rua cruza-se comigo, e as suas palavras arrepiam-me at\u00e9 aos ossos:<br \/>\n\u00abTenham cuidado com os vossos vizinhos.\u00bb<\/p>\n<p>Eu e o meu marido poup\u00e1mos durante anos para dar aos nossos filhos a vida que merecem. Pensei que o passado tinha ficado para tr\u00e1s\u2026 ser\u00e1 que cometemos um erro ao mudarmo-nos para aqui?<\/p>\n","protected":false},"author":2,"featured_media":9114,"template":"","meta":[],"product_cat":[588],"product_tag":[],"cat_produtos":[],"yoast_head":"<!-- This site is optimized with the Yoast SEO plugin v16.6 - https:\/\/yoast.com\/wordpress\/plugins\/seo\/ -->\n<title>A Criada Est\u00e1 a Ver - Livraria Solmar - Livraria online<\/title>\n<meta name=\"robots\" content=\"index, follow, max-snippet:-1, max-image-preview:large, max-video-preview:-1\" \/>\n<link rel=\"canonical\" href=\"https:\/\/livrariasolmar.pt\/en\/produto\/a-criada-esta-a-ver\/\" \/>\n<meta property=\"og:locale\" content=\"en_US\" \/>\n<meta property=\"og:type\" content=\"article\" \/>\n<meta property=\"og:title\" content=\"A Criada Est\u00e1 a Ver - Livraria Solmar - Livraria online\" \/>\n<meta property=\"og:description\" content=\"A Sra. Lowell transborda simpatia ao acenar-me atrav\u00e9s da cerca que separa as nossas casas. \u00abDevem ser os nossos novos vizinhos!\u00bb Agarro na m\u00e3o da minha filha e sorrio de volta. No entanto, assim que v\u00ea o meu marido, uma express\u00e3o estranha atravessa-lhe o rosto.  Eu costumava limpar a casa de outras pessoas. Nem posso acreditar que esta casa \u00e9 realmente minha... Apesar de ter ficado de p\u00e9 atr\u00e1s com a Suzette Lowell, quando ela nos convida para jantar em sua casa, decido que \u00e9 uma boa oportunidade para fazer amizade. Mas o olhar frio da empregada, quando nos abre a porta\u2026 d\u00e1-me calafrios.  E a empregada dos Lowell n\u00e3o \u00e9 a coisa mais estranha desta rua. Sinto uma figura sombria a observar-nos frequentemente, e o meu marido come\u00e7a a sair de casa tarde, a meio da noite. Al\u00e9m disso, a mulher que vive do outro lado da rua cruza-se comigo, e as suas palavras arrepiam-me at\u00e9 aos ossos: \u00abTenham cuidado com os vossos vizinhos.\u00bb  Eu e o meu marido poup\u00e1mos durante anos para dar aos nossos filhos a vida que merecem. Pensei que o passado tinha ficado para tr\u00e1s\u2026 ser\u00e1 que cometemos um erro ao mudarmo-nos para aqui?\" \/>\n<meta property=\"og:url\" content=\"https:\/\/livrariasolmar.pt\/produto\/a-criada-esta-a-ver\/\" \/>\n<meta property=\"og:site_name\" content=\"Livraria Solmar - Livraria online\" \/>\n<meta property=\"article:modified_time\" content=\"2025-12-13T19:09:42+00:00\" \/>\n<meta property=\"og:image\" content=\"https:\/\/livrariasolmar.pt\/wp-content\/uploads\/2024\/06\/500_9789895702756_capa.jpg\" \/>\n\t<meta property=\"og:image:width\" content=\"330\" \/>\n\t<meta property=\"og:image:height\" content=\"500\" \/>\n<meta name=\"twitter:card\" content=\"summary_large_image\" \/>\n<script type=\"application\/ld+json\" class=\"yoast-schema-graph\">{\"@context\":\"https:\/\/schema.org\",\"@graph\":[{\"@type\":\"WebSite\",\"@id\":\"https:\/\/livrariasolmar.pt\/#website\",\"url\":\"https:\/\/livrariasolmar.pt\/\",\"name\":\"Livraria Solmar - Livraria online\",\"description\":\"Com\\u00e9rcio Livros E Objetos De Arte, Lda - Ponta Delgada, A\\u00e7ores\",\"potentialAction\":[{\"@type\":\"SearchAction\",\"target\":{\"@type\":\"EntryPoint\",\"urlTemplate\":\"https:\/\/livrariasolmar.pt\/?s={search_term_string}\"},\"query-input\":\"required name=search_term_string\"}],\"inLanguage\":\"en-US\"},{\"@type\":\"ImageObject\",\"@id\":\"https:\/\/livrariasolmar.pt\/produto\/a-criada-esta-a-ver\/#primaryimage\",\"inLanguage\":\"en-US\",\"url\":\"https:\/\/livrariasolmar.pt\/wp-content\/uploads\/2024\/06\/500_9789895702756_capa.jpg\",\"contentUrl\":\"https:\/\/livrariasolmar.pt\/wp-content\/uploads\/2024\/06\/500_9789895702756_capa.jpg\",\"width\":330,\"height\":500},{\"@type\":\"WebPage\",\"@id\":\"https:\/\/livrariasolmar.pt\/produto\/a-criada-esta-a-ver\/#webpage\",\"url\":\"https:\/\/livrariasolmar.pt\/produto\/a-criada-esta-a-ver\/\",\"name\":\"A Criada Est\\u00e1 a Ver - Livraria Solmar - Livraria online\",\"isPartOf\":{\"@id\":\"https:\/\/livrariasolmar.pt\/#website\"},\"primaryImageOfPage\":{\"@id\":\"https:\/\/livrariasolmar.pt\/produto\/a-criada-esta-a-ver\/#primaryimage\"},\"datePublished\":\"2024-06-17T17:51:09+00:00\",\"dateModified\":\"2025-12-13T19:09:42+00:00\",\"breadcrumb\":{\"@id\":\"https:\/\/livrariasolmar.pt\/produto\/a-criada-esta-a-ver\/#breadcrumb\"},\"inLanguage\":\"en-US\",\"potentialAction\":[{\"@type\":\"ReadAction\",\"target\":[\"https:\/\/livrariasolmar.pt\/produto\/a-criada-esta-a-ver\/\"]}]},{\"@type\":\"BreadcrumbList\",\"@id\":\"https:\/\/livrariasolmar.pt\/produto\/a-criada-esta-a-ver\/#breadcrumb\",\"itemListElement\":[{\"@type\":\"ListItem\",\"position\":1,\"name\":\"In\\u00edcio\",\"item\":\"https:\/\/livrariasolmar.pt\/en\/\"},{\"@type\":\"ListItem\",\"position\":2,\"name\":\"Shop\",\"item\":\"https:\/\/livrariasolmar.pt\/en\/shop\/\"},{\"@type\":\"ListItem\",\"position\":3,\"name\":\"A Criada Est\\u00e1 a Ver\"}]}]}<\/script>\n<!-- \/ Yoast SEO plugin. -->","_links":{"self":[{"href":"https:\/\/livrariasolmar.pt\/en\/wp-json\/wp\/v2\/product\/9113"}],"collection":[{"href":"https:\/\/livrariasolmar.pt\/en\/wp-json\/wp\/v2\/product"}],"about":[{"href":"https:\/\/livrariasolmar.pt\/en\/wp-json\/wp\/v2\/types\/product"}],"author":[{"embeddable":true,"href":"https:\/\/livrariasolmar.pt\/en\/wp-json\/wp\/v2\/users\/2"}],"wp:featuredmedia":[{"embeddable":true,"href":"https:\/\/livrariasolmar.pt\/en\/wp-json\/wp\/v2\/media\/9114"}],"wp:attachment":[{"href":"https:\/\/livrariasolmar.pt\/en\/wp-json\/wp\/v2\/media?parent=9113"}],"wp:term":[{"taxonomy":"product_cat","embeddable":true,"href":"https:\/\/livrariasolmar.pt\/en\/wp-json\/wp\/v2\/product_cat?post=9113"},{"taxonomy":"product_tag","embeddable":true,"href":"https:\/\/livrariasolmar.pt\/en\/wp-json\/wp\/v2\/product_tag?post=9113"},{"taxonomy":"cat_produtos","embeddable":true,"href":"https:\/\/livrariasolmar.pt\/en\/wp-json\/wp\/v2\/cat_produtos?post=9113"}],"curies":[{"name":"wp","href":"https:\/\/api.w.org\/{rel}","templated":true}]}}