{"id":9116,"date":"2024-06-17T18:03:51","date_gmt":"2024-06-17T18:03:51","guid":{"rendered":"https:\/\/livrariasolmar.pt\/?post_type=product&#038;p=9116"},"modified":"2024-09-20T17:56:28","modified_gmt":"2024-09-20T17:56:28","slug":"elefante-na-sala","status":"publish","type":"product","link":"https:\/\/livrariasolmar.pt\/en\/produto\/elefante-na-sala\/","title":{"rendered":"Elefante na Sala"},"content":{"rendered":"","protected":false},"excerpt":{"rendered":"<p>Em que s\u00edtio do mundo seria poss\u00edvel juntar Cristiano Ronaldo e Marie Kondo, Shakira e a M\u00e3e Kikas? Provavelmente, em nenhum, a n\u00e3o ser nas p\u00e1ginas deste livro. Futebolistas, ativistas, negacionistas, coaches, ministros, celebridades&#8230; Todos podem ser, a dado momento, o elefante na sala, que queremos mas n\u00e3o conseguimos ignorar.<\/p>\n<p>Joana Marques, humorista conhecida por ser \u00abextremamente desagrad\u00e1vel\u00bb, n\u00e3o deixa os seus cr\u00e9ditos por m\u00e3os alheias e brinda os principais protagonistas da atualidade com a sua habitual simpatia. Elefante na Sala \u00e9 uma esp\u00e9cie de resumo dos \u00faltimos dois anos, em Portugal e no mundo, sobretudo no que toca \u00e0s ocorr\u00eancias irrelevantes. Mais do que uma an\u00e1lise dos grandes temas das manchetes dos jornais, interessam as notas de rodap\u00e9 e aquilo que se passa em segundo plano.<\/p>\n<p>Este \u00e9 mais um livro de Joana Marques com o qual n\u00e3o se aprende nada. Um comp\u00eandio de acontecimentos que n\u00e3o seriam memor\u00e1veis, se n\u00e3o ficassem aqui eternizados.<\/p>\n","protected":false},"author":2,"featured_media":9117,"template":"","meta":[],"product_cat":[153],"product_tag":[],"cat_produtos":[],"yoast_head":"<!-- This site is optimized with the Yoast SEO plugin v16.6 - https:\/\/yoast.com\/wordpress\/plugins\/seo\/ -->\n<title>Elefante na Sala - Livraria Solmar - Livraria online<\/title>\n<meta name=\"robots\" content=\"index, follow, max-snippet:-1, max-image-preview:large, max-video-preview:-1\" \/>\n<link rel=\"canonical\" href=\"https:\/\/livrariasolmar.pt\/en\/produto\/elefante-na-sala\/\" \/>\n<meta property=\"og:locale\" content=\"en_US\" \/>\n<meta property=\"og:type\" content=\"article\" \/>\n<meta property=\"og:title\" content=\"Elefante na Sala - Livraria Solmar - Livraria online\" \/>\n<meta property=\"og:description\" content=\"Em que s\u00edtio do mundo seria poss\u00edvel juntar Cristiano Ronaldo e Marie Kondo, Shakira e a M\u00e3e Kikas? Provavelmente, em nenhum, a n\u00e3o ser nas p\u00e1ginas deste livro. Futebolistas, ativistas, negacionistas, coaches, ministros, celebridades... Todos podem ser, a dado momento, o elefante na sala, que queremos mas n\u00e3o conseguimos ignorar.  Joana Marques, humorista conhecida por ser \u00abextremamente desagrad\u00e1vel\u00bb, n\u00e3o deixa os seus cr\u00e9ditos por m\u00e3os alheias e brinda os principais protagonistas da atualidade com a sua habitual simpatia. Elefante na Sala \u00e9 uma esp\u00e9cie de resumo dos \u00faltimos dois anos, em Portugal e no mundo, sobretudo no que toca \u00e0s ocorr\u00eancias irrelevantes. Mais do que uma an\u00e1lise dos grandes temas das manchetes dos jornais, interessam as notas de rodap\u00e9 e aquilo que se passa em segundo plano.  Este \u00e9 mais um livro de Joana Marques com o qual n\u00e3o se aprende nada. Um comp\u00eandio de acontecimentos que n\u00e3o seriam memor\u00e1veis, se n\u00e3o ficassem aqui eternizados.\" \/>\n<meta property=\"og:url\" content=\"https:\/\/livrariasolmar.pt\/produto\/elefante-na-sala\/\" \/>\n<meta property=\"og:site_name\" content=\"Livraria Solmar - Livraria online\" \/>\n<meta property=\"article:modified_time\" content=\"2024-09-20T17:56:28+00:00\" \/>\n<meta property=\"og:image\" content=\"https:\/\/livrariasolmar.pt\/wp-content\/uploads\/2024\/06\/500_9789896664534_capa.jpg\" \/>\n\t<meta property=\"og:image:width\" content=\"322\" \/>\n\t<meta property=\"og:image:height\" content=\"500\" \/>\n<meta name=\"twitter:card\" content=\"summary_large_image\" \/>\n<script type=\"application\/ld+json\" class=\"yoast-schema-graph\">{\"@context\":\"https:\/\/schema.org\",\"@graph\":[{\"@type\":\"WebSite\",\"@id\":\"https:\/\/livrariasolmar.pt\/#website\",\"url\":\"https:\/\/livrariasolmar.pt\/\",\"name\":\"Livraria Solmar - Livraria online\",\"description\":\"Com\\u00e9rcio Livros E Objetos De Arte, Lda - Ponta Delgada, A\\u00e7ores\",\"potentialAction\":[{\"@type\":\"SearchAction\",\"target\":{\"@type\":\"EntryPoint\",\"urlTemplate\":\"https:\/\/livrariasolmar.pt\/?s={search_term_string}\"},\"query-input\":\"required name=search_term_string\"}],\"inLanguage\":\"en-US\"},{\"@type\":\"ImageObject\",\"@id\":\"https:\/\/livrariasolmar.pt\/produto\/elefante-na-sala\/#primaryimage\",\"inLanguage\":\"en-US\",\"url\":\"https:\/\/livrariasolmar.pt\/wp-content\/uploads\/2024\/06\/500_9789896664534_capa.jpg\",\"contentUrl\":\"https:\/\/livrariasolmar.pt\/wp-content\/uploads\/2024\/06\/500_9789896664534_capa.jpg\",\"width\":322,\"height\":500},{\"@type\":\"WebPage\",\"@id\":\"https:\/\/livrariasolmar.pt\/produto\/elefante-na-sala\/#webpage\",\"url\":\"https:\/\/livrariasolmar.pt\/produto\/elefante-na-sala\/\",\"name\":\"Elefante na Sala - Livraria Solmar - Livraria online\",\"isPartOf\":{\"@id\":\"https:\/\/livrariasolmar.pt\/#website\"},\"primaryImageOfPage\":{\"@id\":\"https:\/\/livrariasolmar.pt\/produto\/elefante-na-sala\/#primaryimage\"},\"datePublished\":\"2024-06-17T18:03:51+00:00\",\"dateModified\":\"2024-09-20T17:56:28+00:00\",\"breadcrumb\":{\"@id\":\"https:\/\/livrariasolmar.pt\/produto\/elefante-na-sala\/#breadcrumb\"},\"inLanguage\":\"en-US\",\"potentialAction\":[{\"@type\":\"ReadAction\",\"target\":[\"https:\/\/livrariasolmar.pt\/produto\/elefante-na-sala\/\"]}]},{\"@type\":\"BreadcrumbList\",\"@id\":\"https:\/\/livrariasolmar.pt\/produto\/elefante-na-sala\/#breadcrumb\",\"itemListElement\":[{\"@type\":\"ListItem\",\"position\":1,\"name\":\"In\\u00edcio\",\"item\":\"https:\/\/livrariasolmar.pt\/en\/\"},{\"@type\":\"ListItem\",\"position\":2,\"name\":\"Shop\",\"item\":\"https:\/\/livrariasolmar.pt\/en\/shop\/\"},{\"@type\":\"ListItem\",\"position\":3,\"name\":\"Elefante na Sala\"}]}]}<\/script>\n<!-- \/ Yoast SEO plugin. -->","_links":{"self":[{"href":"https:\/\/livrariasolmar.pt\/en\/wp-json\/wp\/v2\/product\/9116"}],"collection":[{"href":"https:\/\/livrariasolmar.pt\/en\/wp-json\/wp\/v2\/product"}],"about":[{"href":"https:\/\/livrariasolmar.pt\/en\/wp-json\/wp\/v2\/types\/product"}],"author":[{"embeddable":true,"href":"https:\/\/livrariasolmar.pt\/en\/wp-json\/wp\/v2\/users\/2"}],"wp:featuredmedia":[{"embeddable":true,"href":"https:\/\/livrariasolmar.pt\/en\/wp-json\/wp\/v2\/media\/9117"}],"wp:attachment":[{"href":"https:\/\/livrariasolmar.pt\/en\/wp-json\/wp\/v2\/media?parent=9116"}],"wp:term":[{"taxonomy":"product_cat","embeddable":true,"href":"https:\/\/livrariasolmar.pt\/en\/wp-json\/wp\/v2\/product_cat?post=9116"},{"taxonomy":"product_tag","embeddable":true,"href":"https:\/\/livrariasolmar.pt\/en\/wp-json\/wp\/v2\/product_tag?post=9116"},{"taxonomy":"cat_produtos","embeddable":true,"href":"https:\/\/livrariasolmar.pt\/en\/wp-json\/wp\/v2\/cat_produtos?post=9116"}],"curies":[{"name":"wp","href":"https:\/\/api.w.org\/{rel}","templated":true}]}}